{"id":8043,"date":"2025-10-16T01:58:56","date_gmt":"2025-10-16T01:58:56","guid":{"rendered":"https:\/\/www.ceramicbasin.com\/?post_type=product&#038;p=8043"},"modified":"2025-10-17T08:24:20","modified_gmt":"2025-10-17T08:24:20","slug":"ceramic-countertop-basin-wholesale","status":"publish","type":"product","link":"https:\/\/www.ceramicbasin.com\/es\/producto\/ceramic-countertop-basin-wholesale\/","title":{"rendered":"Lavabo de Cer\u00e1mica al por mayor, Lavabo de Ba\u00f1o sin Agujero para Grifo"},"content":{"rendered":"<div class=\"wp-block-columns is-layout-flex wp-container-core-columns-is-layout-9d6595d7 wp-block-columns-is-layout-flex\">\n<div class=\"wp-block-column is-layout-flow wp-block-column-is-layout-flow\">\n<h2 class=\"wp-block-heading\">Lavabo de Encimera de Cer\u00e1mica Premium al por mayor Caracter\u00edsticas:<\/h2>\n\n\n\n<ul class=\"wp-block-list\">\n<li><strong>Dise\u00f1o llamativo: <\/strong>Nuestro lavabo sobre encimera de cer\u00e1mica al por mayor presenta un dise\u00f1o moderno y llamativo en cada producto, un ep\u00edtome de la belleza, con la intenci\u00f3n de a\u00f1adir clase y sofisticaci\u00f3n al espacio del cuarto de ba\u00f1o.<\/li>\n\n\n\n<li><strong>Material cer\u00e1mico de alta calidad:<\/strong> Este recipiente de cer\u00e1mica al por mayor para encimeras est\u00e1 fabricado con cer\u00e1mica de alta calidad cocida a fuego alto que forma una superficie densa y lisa resistente a los ara\u00f1azos, al desgaste y que no amarillea, lo que garantiza que mantenga su aspecto inmaculado durante a\u00f1os de uso.<\/li>\n\n\n\n<li><strong>Montaje en grifo sin orificio: <\/strong>Este lavabo de cer\u00e1mica al por mayor para encimera ofrece un aspecto limpio y moderno, perfecto para grifer\u00eda de pared o de encimera, con la posibilidad de varias opciones de instalaci\u00f3n para hoteles o proyectos comerciales.<\/li>\n\n\n\n<li><strong>Rectangular Dise\u00f1o s\u00f3lido:<\/strong> Estos lavabos de ba\u00f1o de cer\u00e1mica al por mayor tienen un dise\u00f1o s\u00f3lido y l\u00edneas limpias, destacando un dise\u00f1o moderno y minimalista, perfecto para hoteles de gama alta y uso comercial.<\/li>\n\n\n\n<li><strong>Personalizaci\u00f3n ilimitada:<\/strong> Como fabricante profesional de lavabos de recipiente personalizados, HanYu ofrece una gama completa de opciones de lavabos de ba\u00f1o personalizados en cuanto a forma, tama\u00f1o, color y mucho m\u00e1s para fines comerciales.<\/li>\n<\/ul>\n<\/div>\n\n\n\n<div class=\"wp-block-column is-layout-flow wp-block-column-is-layout-flow\">\n<figure class=\"wp-block-image size-full\"><img fetchpriority=\"high\" decoding=\"async\" width=\"602\" height=\"820\" src=\"https:\/\/www.ceramicbasin.com\/wp-content\/uploads\/2025\/10\/ceramic-countertop-basin-wholesale-no-hole-bathroom-sinks-6.webp\" alt=\"fregaderos de cer\u00e1mica al por mayor sin orificios para cuartos de ba\u00f1o-6\" class=\"wp-image-8110\" srcset=\"https:\/\/www.ceramicbasin.com\/wp-content\/uploads\/2025\/10\/ceramic-countertop-basin-wholesale-no-hole-bathroom-sinks-6.webp 602w, https:\/\/www.ceramicbasin.com\/wp-content\/uploads\/2025\/10\/ceramic-countertop-basin-wholesale-no-hole-bathroom-sinks-6-220x300.webp 220w, https:\/\/www.ceramicbasin.com\/wp-content\/uploads\/2025\/10\/ceramic-countertop-basin-wholesale-no-hole-bathroom-sinks-6-9x12.webp 9w, https:\/\/www.ceramicbasin.com\/wp-content\/uploads\/2025\/10\/ceramic-countertop-basin-wholesale-no-hole-bathroom-sinks-6-285x388.webp 285w, https:\/\/www.ceramicbasin.com\/wp-content\/uploads\/2025\/10\/ceramic-countertop-basin-wholesale-no-hole-bathroom-sinks-6-485x660.webp 485w, https:\/\/www.ceramicbasin.com\/wp-content\/uploads\/2025\/10\/ceramic-countertop-basin-wholesale-no-hole-bathroom-sinks-6-110x150.webp 110w\" sizes=\"(max-width: 602px) 100vw, 602px\" \/><\/figure>\n<\/div>\n<\/div>","protected":false},"excerpt":{"rendered":"<p>Bienvenido a comprar nuestro lavabo de encimera de cer\u00e1mica al por mayor. Como fabricante profesional de fregaderos de recipiente personalizados, HanYu proporciona fregaderos de cer\u00e1mica al por mayor con un montaje de grifo sin orificio y un dise\u00f1o s\u00f3lido rectangular, ideal para proyectos de ba\u00f1o hoteleros y comerciales. Duradero, f\u00e1cil de limpiar y admite personalizaci\u00f3n OEM\/ODM para pedidos al por mayor.<\/p>\n<table style=\"border-collapse: collapse; width: 311.02pt;\" border=\"0\" width=\"311\" cellspacing=\"0\" cellpadding=\"0\">\n<tbody>\n<tr style=\"height: 17.60pt;\">\n<td class=\"et3\" style=\"height: 17.60pt; width: 108.35pt;\" width=\"108\" height=\"17\">Fabricante<\/td>\n<td class=\"et3\" style=\"width: 202.95pt;\" width=\"202\">HanYu<\/td>\n<\/tr>\n<tr style=\"height: 17.60pt;\">\n<td class=\"et3\" style=\"height: 17.60pt;\" height=\"17\">N\u00ba de modelo<\/td>\n<td class=\"et4\">HY-8092<\/td>\n<\/tr>\n<tr style=\"height: 17.60pt;\">\n<td class=\"et3\" style=\"height: 17.60pt;\" height=\"17\">Tipo<\/td>\n<td class=\"et3\">Lavabo de Encimera<\/td>\n<\/tr>\n<tr style=\"height: 17.60pt;\">\n<td class=\"et3\" style=\"height: 17.60pt;\" height=\"17\">Forma<\/td>\n<td class=\"et3\">Forma rectangular<\/td>\n<\/tr>\n<tr style=\"height: 17.60pt;\">\n<td class=\"et4\" style=\"height: 17.60pt;\" height=\"17\">Color<\/td>\n<td class=\"et3\">Blanco<\/td>\n<\/tr>\n<tr style=\"height: 18.00pt;\">\n<td class=\"et3\" style=\"height: 18.00pt;\" height=\"18\">Dimensi\u00f3n<\/td>\n<td class=\"et5\" style=\"width: 202.95pt;\" width=\"202\">50.2*36*11<\/td>\n<\/tr>\n<tr style=\"height: 17.60pt;\">\n<td class=\"et3\" style=\"height: 17.60pt;\" height=\"17\">N.W \/SET<\/td>\n<td class=\"et3\">11KGS\/PCS<\/td>\n<\/tr>\n<tr style=\"height: 17.60pt;\">\n<td class=\"et3\" style=\"height: 17.60pt;\" height=\"17\">MOQ<\/td>\n<td class=\"et3\">20 piezas<\/td>\n<\/tr>\n<tr style=\"height: 17.60pt;\">\n<td class=\"et3\" style=\"height: 17.60pt;\" height=\"17\">Opci\u00f3n personalizada<\/td>\n<td class=\"et3\">Color\/Patr\u00f3n\/Tama\u00f1o\/Logotipo\/Embalaje<\/td>\n<\/tr>\n<\/tbody>\n<\/table>","protected":false},"featured_media":8105,"comment_status":"closed","ping_status":"closed","template":"","meta":{"_acf_changed":false},"product_brand":[],"product_cat":[50],"product_tag":[],"class_list":{"0":"post-8043","1":"product","2":"type-product","3":"status-publish","4":"has-post-thumbnail","6":"product_cat-wholesale-countertop-sinks","8":"first","9":"instock","10":"shipping-taxable","11":"product-type-simple"},"acf":[],"_links":{"self":[{"href":"https:\/\/www.ceramicbasin.com\/es\/wp-json\/wp\/v2\/product\/8043","targetHints":{"allow":["GET"]}}],"collection":[{"href":"https:\/\/www.ceramicbasin.com\/es\/wp-json\/wp\/v2\/product"}],"about":[{"href":"https:\/\/www.ceramicbasin.com\/es\/wp-json\/wp\/v2\/types\/product"}],"replies":[{"embeddable":true,"href":"https:\/\/www.ceramicbasin.com\/es\/wp-json\/wp\/v2\/comments?post=8043"}],"wp:featuredmedia":[{"embeddable":true,"href":"https:\/\/www.ceramicbasin.com\/es\/wp-json\/wp\/v2\/media\/8105"}],"wp:attachment":[{"href":"https:\/\/www.ceramicbasin.com\/es\/wp-json\/wp\/v2\/media?parent=8043"}],"wp:term":[{"taxonomy":"product_brand","embeddable":true,"href":"https:\/\/www.ceramicbasin.com\/es\/wp-json\/wp\/v2\/product_brand?post=8043"},{"taxonomy":"product_cat","embeddable":true,"href":"https:\/\/www.ceramicbasin.com\/es\/wp-json\/wp\/v2\/product_cat?post=8043"},{"taxonomy":"product_tag","embeddable":true,"href":"https:\/\/www.ceramicbasin.com\/es\/wp-json\/wp\/v2\/product_tag?post=8043"}],"curies":[{"name":"wp","href":"https:\/\/api.w.org\/{rel}","templated":true}]}}