{"id":8069,"date":"2025-10-16T06:36:21","date_gmt":"2025-10-16T06:36:21","guid":{"rendered":"https:\/\/www.ceramicbasin.com\/?post_type=product&#038;p=8069"},"modified":"2025-10-17T06:42:50","modified_gmt":"2025-10-17T06:42:50","slug":"wholesale-above-counter-lavatory","status":"publish","type":"product","link":"https:\/\/www.ceramicbasin.com\/es\/producto\/wholesale-above-counter-lavatory\/","title":{"rendered":"Mayorista Moderno Lavabo Sobre Encimera, Fregadero Cer\u00e1mico Cuadrado a Granel"},"content":{"rendered":"<div class=\"wp-block-columns is-layout-flex wp-container-core-columns-is-layout-9d6595d7 wp-block-columns-is-layout-flex\">\n<div class=\"wp-block-column is-layout-flow wp-block-column-is-layout-flow\">\n<h2 class=\"wp-block-heading\">Premium al por mayor sobre el lavabo del contador Caracter\u00edsticas:<\/h2>\n\n\n\n<ul class=\"wp-block-list\">\n<li><strong>Material de alta calidad:<\/strong> Fabricado con materiales cer\u00e1micos de primera calidad, cocido a alta temperatura, para hacer que nuestro lavabo sobre encimera moderno al por mayor sea robusto, resistente, a prueba de manchas y ara\u00f1azos. La superficie clara no s\u00f3lo es conveniente para limpiar, pero tambi\u00e9n se convierte en durable y brillante durante mucho tiempo, haciendo que el cuarto de ba\u00f1o tiene un temperamento de alto grado.<\/li>\n\n\n\n<li><strong>Dise\u00f1o moderno y minimalista: <\/strong>Este lavabo de sobreencimera de bonito dise\u00f1o tiene bordes rectos, limpios y cuadrados que crean una imagen clara y n\u00edtida, adecuada para ba\u00f1os modernos, n\u00f3rdicos, minimalistas y de otros estilos.<\/li>\n\n\n\n<li><strong>F\u00e1cil limpieza y mantenimiento:<\/strong> El esmalte es m\u00e1s resistente a las manchas, repele la suciedad y se adhiere, y es f\u00e1cil y r\u00e1pido de limpiar, por lo que es perfecto para aplicaciones de uso intensivo. La unidad sobre encimera, f\u00e1cil de instalar, encaja bien con diversos materiales de encimera y dise\u00f1os de ba\u00f1o, y su sustituci\u00f3n y mantenimiento son sencillos.<\/li>\n\n\n\n<li><strong>Adecuado para una gran variedad de escenarios:<\/strong> El lavabo sobre encimera al por mayor se utiliza ampliamente en aseos de hoteles, apartamentos comerciales, oficinas y edificios residenciales de alta gama; satisface tanto las necesidades de compra al por mayor como las de proyectos.<\/li>\n\n\n\n<li><strong>Personalizaci\u00f3n profesional: <\/strong>Hanyu ofrece diversas opciones de personalizaci\u00f3n para los lavabos de encimera al por mayor. Ya sea color, forma o textura, puede satisfacer sus necesidades y proporcionarle productos de lavabo de cer\u00e1mica al por mayor m\u00e1s competitivos.<\/li>\n<\/ul>\n<\/div>\n\n\n\n<div class=\"wp-block-column is-layout-flow wp-block-column-is-layout-flow\">\n<figure class=\"wp-block-image size-full\"><img fetchpriority=\"high\" decoding=\"async\" width=\"636\" height=\"832\" src=\"https:\/\/www.ceramicbasin.com\/wp-content\/uploads\/2025\/10\/modern-wholesale-above-counter-lavatory-ceramic-sins-bulk-6.webp\" alt=\"moderno-mayorista-sobre-encimera-lavabo-de-ceramica-granel-6\" class=\"wp-image-8095\" srcset=\"https:\/\/www.ceramicbasin.com\/wp-content\/uploads\/2025\/10\/modern-wholesale-above-counter-lavatory-ceramic-sins-bulk-6.webp 636w, https:\/\/www.ceramicbasin.com\/wp-content\/uploads\/2025\/10\/modern-wholesale-above-counter-lavatory-ceramic-sins-bulk-6-229x300.webp 229w, https:\/\/www.ceramicbasin.com\/wp-content\/uploads\/2025\/10\/modern-wholesale-above-counter-lavatory-ceramic-sins-bulk-6-9x12.webp 9w, https:\/\/www.ceramicbasin.com\/wp-content\/uploads\/2025\/10\/modern-wholesale-above-counter-lavatory-ceramic-sins-bulk-6-285x373.webp 285w, https:\/\/www.ceramicbasin.com\/wp-content\/uploads\/2025\/10\/modern-wholesale-above-counter-lavatory-ceramic-sins-bulk-6-505x660.webp 505w, https:\/\/www.ceramicbasin.com\/wp-content\/uploads\/2025\/10\/modern-wholesale-above-counter-lavatory-ceramic-sins-bulk-6-115x150.webp 115w\" sizes=\"(max-width: 636px) 100vw, 636px\" \/><\/figure>\n<\/div>\n<\/div>","protected":false},"excerpt":{"rendered":"<div class=\"highlights-border-container\" data-v-944c06bb=\"\">Bienvenido a comprar al por mayor el lavabo sobre encimera de HanYu. Este lavabo de cer\u00e1mica blanca cuadrada se hace usando la tecnolog\u00eda de cocci\u00f3n a alta temperatura, con una superficie de esmalte suave y delicada que ofrece una excelente resistencia a las manchas y ara\u00f1azos, por lo que es f\u00e1cil de limpiar y mantenerlo como nuevo durante mucho tiempo. Ofrecemos precios muy competitivos para satisfacer sus necesidades de compra de lavabos de ba\u00f1o.<\/div>\n<div class=\"text-stats\" data-v-944c06bb=\"\">\n<div class=\"stats\" data-v-944c06bb=\"\"><span class=\"highlights-note\" data-v-944c06bb=\"\">\u00a0<\/span><\/div>\n<\/div>\n<table style=\"border-collapse: collapse; width: 311.02pt;\" border=\"0\" width=\"311\" cellspacing=\"0\" cellpadding=\"0\">\n<tbody>\n<tr style=\"height: 17.60pt;\">\n<td class=\"et3\" style=\"height: 17.60pt; width: 108.35pt;\" width=\"108\" height=\"17\">Fabricante<\/td>\n<td class=\"et3\" style=\"width: 202.95pt;\" width=\"202\">HanYu<\/td>\n<\/tr>\n<tr style=\"height: 17.60pt;\">\n<td class=\"et3\" style=\"height: 17.60pt;\" height=\"17\">N\u00ba de modelo<\/td>\n<td class=\"et4\">HY-8024A<\/td>\n<\/tr>\n<tr style=\"height: 17.60pt;\">\n<td class=\"et3\" style=\"height: 17.60pt;\" height=\"17\">Tipo<\/td>\n<td class=\"et3\">Lavabo de Encimera<\/td>\n<\/tr>\n<tr style=\"height: 17.60pt;\">\n<td class=\"et3\" style=\"height: 17.60pt;\" height=\"17\">Forma<\/td>\n<td class=\"et3\">Forma rectangular<\/td>\n<\/tr>\n<tr style=\"height: 17.60pt;\">\n<td class=\"et4\" style=\"height: 17.60pt;\" height=\"17\">Color<\/td>\n<td class=\"et3\">Blanco<\/td>\n<\/tr>\n<tr style=\"height: 18.00pt;\">\n<td class=\"et3\" style=\"height: 18.00pt;\" height=\"18\">Dimensi\u00f3n<\/td>\n<td class=\"et5\" style=\"width: 202.95pt;\" width=\"202\">60.5*42*14<\/td>\n<\/tr>\n<tr style=\"height: 17.60pt;\">\n<td class=\"et3\" style=\"height: 17.60pt;\" height=\"17\">N.W \/SET<\/td>\n<td class=\"et3\">13KGS\/PCS<\/td>\n<\/tr>\n<tr style=\"height: 17.60pt;\">\n<td class=\"et3\" style=\"height: 17.60pt;\" height=\"17\">MOQ<\/td>\n<td class=\"et3\">20 piezas<\/td>\n<\/tr>\n<tr style=\"height: 17.60pt;\">\n<td class=\"et3\" style=\"height: 17.60pt;\" height=\"17\">Opci\u00f3n personalizada<\/td>\n<td class=\"et3\">Color\/Patr\u00f3n\/Tama\u00f1o\/Logotipo\/Embalaje<\/td>\n<\/tr>\n<\/tbody>\n<\/table>","protected":false},"featured_media":8090,"comment_status":"closed","ping_status":"closed","template":"","meta":{"_acf_changed":false},"product_brand":[],"product_cat":[50],"product_tag":[],"class_list":{"0":"post-8069","1":"product","2":"type-product","3":"status-publish","4":"has-post-thumbnail","6":"product_cat-wholesale-countertop-sinks","8":"first","9":"instock","10":"shipping-taxable","11":"product-type-simple"},"acf":[],"_links":{"self":[{"href":"https:\/\/www.ceramicbasin.com\/es\/wp-json\/wp\/v2\/product\/8069","targetHints":{"allow":["GET"]}}],"collection":[{"href":"https:\/\/www.ceramicbasin.com\/es\/wp-json\/wp\/v2\/product"}],"about":[{"href":"https:\/\/www.ceramicbasin.com\/es\/wp-json\/wp\/v2\/types\/product"}],"replies":[{"embeddable":true,"href":"https:\/\/www.ceramicbasin.com\/es\/wp-json\/wp\/v2\/comments?post=8069"}],"wp:featuredmedia":[{"embeddable":true,"href":"https:\/\/www.ceramicbasin.com\/es\/wp-json\/wp\/v2\/media\/8090"}],"wp:attachment":[{"href":"https:\/\/www.ceramicbasin.com\/es\/wp-json\/wp\/v2\/media?parent=8069"}],"wp:term":[{"taxonomy":"product_brand","embeddable":true,"href":"https:\/\/www.ceramicbasin.com\/es\/wp-json\/wp\/v2\/product_brand?post=8069"},{"taxonomy":"product_cat","embeddable":true,"href":"https:\/\/www.ceramicbasin.com\/es\/wp-json\/wp\/v2\/product_cat?post=8069"},{"taxonomy":"product_tag","embeddable":true,"href":"https:\/\/www.ceramicbasin.com\/es\/wp-json\/wp\/v2\/product_tag?post=8069"}],"curies":[{"name":"wp","href":"https:\/\/api.w.org\/{rel}","templated":true}]}}