{"id":8156,"date":"2025-10-24T08:18:12","date_gmt":"2025-10-24T08:18:12","guid":{"rendered":"https:\/\/www.ceramicbasin.com\/?post_type=product&#038;p=8156"},"modified":"2025-11-07T03:14:27","modified_gmt":"2025-11-07T03:14:27","slug":"wholesale-drop-in-lavatory-sink","status":"publish","type":"product","link":"https:\/\/www.ceramicbasin.com\/es\/producto\/wholesale-drop-in-lavatory-sink\/","title":{"rendered":"Nuevo fregadero de cer\u00e1mica oval al por mayor, lavabo de cer\u00e1mica ovalado"},"content":{"rendered":"<div class=\"wp-block-columns is-layout-flex wp-container-core-columns-is-layout-9d6595d7 wp-block-columns-is-layout-flex\">\n<div class=\"wp-block-column is-layout-flow wp-block-column-is-layout-flow\">\n<h2 class=\"wp-block-heading\">Fregadero de lavabo Drop In al por mayor de primera calidad Caracter\u00edsticas<\/h2>\n\n\n\n<ul class=\"wp-block-list\">\n<li><strong>Ampliamente adaptable:&nbsp;<\/strong>El lavabo de ca\u00edda al por mayor est\u00e1 disponible en varios colores y tama\u00f1os, y puede modificarse seg\u00fan los requisitos de decoraci\u00f3n de ba\u00f1os de distintos tipos. Desde un ba\u00f1o de tipo minimalista moderno hasta uno de tipo art\u00edstico, este lavabo puede incorporarse f\u00e1cilmente.<\/li>\n\n\n\n<li><strong>Forma ovalada de moda:<\/strong> El lavabo de ca\u00edda al por mayor presenta una llamativa forma ovalada que resulta contempor\u00e1nea y elegante como parte de la decoraci\u00f3n de su cuarto de ba\u00f1o.<\/li>\n\n\n\n<li><strong>Resistente al agua y a las manchas:<\/strong> El lavabo ovalado de cer\u00e1mica al por mayor tiene una superficie con capas antimanchas para prevenir y bloquear las manchas de agua dif\u00edciles.<\/li>\n\n\n\n<li><strong>F\u00e1cil de instalar: <\/strong>el lavabo ovalado de cer\u00e1mica al por mayor puede colocarse como encastre o montarse sobre encimera, siguiendo diferentes configuraciones.<\/li>\n\n\n\n<li><strong>Precio asequible: <\/strong>HanYu tiene un precio de compra al por mayor muy competitivo, lo que significa que podr\u00e1 adquirir un lavabo de cer\u00e1mica de calidad a un precio asequible.<\/li>\n<\/ul>\n<\/div>\n\n\n\n<div class=\"wp-block-column is-layout-flow wp-block-column-is-layout-flow\">\n<figure class=\"wp-block-image size-full\"><img fetchpriority=\"high\" decoding=\"async\" width=\"800\" height=\"800\" src=\"https:\/\/www.ceramicbasin.com\/wp-content\/uploads\/2025\/10\/new-wholesale-drop-in-lavatory-sink-oval-ceramic-washbasin-1.webp\" alt=\"nuevo-mayorista-fregadero-oval-ceramica lavabo-1\" class=\"wp-image-8455\" srcset=\"https:\/\/www.ceramicbasin.com\/wp-content\/uploads\/2025\/10\/new-wholesale-drop-in-lavatory-sink-oval-ceramic-washbasin-1.webp 800w, https:\/\/www.ceramicbasin.com\/wp-content\/uploads\/2025\/10\/new-wholesale-drop-in-lavatory-sink-oval-ceramic-washbasin-1-300x300.webp 300w, https:\/\/www.ceramicbasin.com\/wp-content\/uploads\/2025\/10\/new-wholesale-drop-in-lavatory-sink-oval-ceramic-washbasin-1-150x150.webp 150w, https:\/\/www.ceramicbasin.com\/wp-content\/uploads\/2025\/10\/new-wholesale-drop-in-lavatory-sink-oval-ceramic-washbasin-1-768x768.webp 768w, https:\/\/www.ceramicbasin.com\/wp-content\/uploads\/2025\/10\/new-wholesale-drop-in-lavatory-sink-oval-ceramic-washbasin-1-12x12.webp 12w, https:\/\/www.ceramicbasin.com\/wp-content\/uploads\/2025\/10\/new-wholesale-drop-in-lavatory-sink-oval-ceramic-washbasin-1-285x285.webp 285w, https:\/\/www.ceramicbasin.com\/wp-content\/uploads\/2025\/10\/new-wholesale-drop-in-lavatory-sink-oval-ceramic-washbasin-1-270x270.webp 270w, https:\/\/www.ceramicbasin.com\/wp-content\/uploads\/2025\/10\/new-wholesale-drop-in-lavatory-sink-oval-ceramic-washbasin-1-540x540.webp 540w, https:\/\/www.ceramicbasin.com\/wp-content\/uploads\/2025\/10\/new-wholesale-drop-in-lavatory-sink-oval-ceramic-washbasin-1-660x660.webp 660w\" sizes=\"(max-width: 800px) 100vw, 800px\" \/><\/figure>\n<\/div>\n<\/div>","protected":false},"excerpt":{"rendered":"<p>Bienvenido a comprar este nuevo dise\u00f1o al por mayor ca\u00edda en lavabo est\u00e1 hecho de material cer\u00e1mico de alta calidad con una superficie lisa, resistente a las manchas, y a prueba de fugas que es f\u00e1cil de limpiar y mantener. Su dise\u00f1o oval minimalista no s\u00f3lo realza la sensaci\u00f3n moderna del cuarto de ba\u00f1o, sino que tambi\u00e9n proporciona una amplia zona de lavado. Se adapta f\u00e1cilmente a varias encimeras de ba\u00f1o, combinando a la perfecci\u00f3n practicidad y est\u00e9tica.<\/p>\n<table style=\"border-collapse: collapse; width: 358.52pt;\" border=\"0\" width=\"478\" cellspacing=\"0\" cellpadding=\"0\">\n<tbody>\n<tr style=\"height: 17.25pt;\">\n<td class=\"et3\" style=\"height: 17.25pt; width: 125.00pt;\" width=\"166\" height=\"23\">Fabricante<\/td>\n<td class=\"et3\" style=\"width: 234.15pt;\" width=\"312\">HanYu<\/td>\n<\/tr>\n<tr style=\"height: 17.25pt;\">\n<td class=\"et3\" style=\"height: 17.25pt;\" height=\"23\">N\u00ba de modelo<\/td>\n<td class=\"et4\">HY-5064<\/td>\n<\/tr>\n<tr style=\"height: 17.25pt;\">\n<td class=\"et3\" style=\"height: 17.25pt;\" height=\"23\">Tipo<\/td>\n<td class=\"et5\" style=\"width: 234.15pt;\" width=\"312\">Fregaderos<\/td>\n<\/tr>\n<tr style=\"height: 18.00pt;\">\n<td class=\"et3\" style=\"height: 18.00pt;\" height=\"24\">Forma<\/td>\n<td class=\"et3\">Forma ovalada<\/td>\n<\/tr>\n<tr style=\"height: 34.50pt;\">\n<td class=\"et4\" style=\"height: 34.50pt;\" height=\"46\">Color<\/td>\n<td class=\"et5\" style=\"width: 234.15pt;\" width=\"312\">negro\/blanco\/azul\/gris\/rosa\/verde\/marr\u00f3n\/caqui<\/td>\n<\/tr>\n<tr style=\"height: 18.00pt;\">\n<td class=\"et3\" style=\"height: 18.00pt;\" height=\"24\">Dimensi\u00f3n<\/td>\n<td class=\"et5\" style=\"width: 234.15pt;\" width=\"312\">60*46*20<\/td>\n<\/tr>\n<tr style=\"height: 17.25pt;\">\n<td class=\"et3\" style=\"height: 17.25pt;\" height=\"23\">N.W \/SET<\/td>\n<td class=\"et3\">16KGS\/PCS<\/td>\n<\/tr>\n<tr style=\"height: 17.25pt;\">\n<td class=\"et3\" style=\"height: 17.25pt;\" height=\"23\">MOQ<\/td>\n<td class=\"et3\">20 piezas<\/td>\n<\/tr>\n<tr style=\"height: 17.25pt;\">\n<td class=\"et3\" style=\"height: 17.25pt;\" height=\"23\">Opci\u00f3n personalizada<\/td>\n<td class=\"et3\">Color\/Patr\u00f3n\/Tama\u00f1o\/Logotipo\/Embalaje<\/td>\n<\/tr>\n<\/tbody>\n<\/table>","protected":false},"featured_media":8456,"comment_status":"closed","ping_status":"closed","template":"","meta":{"_acf_changed":false},"product_brand":[],"product_cat":[51],"product_tag":[],"class_list":{"0":"post-8156","1":"product","2":"type-product","3":"status-publish","4":"has-post-thumbnail","6":"product_cat-wholesale-drop-in-sinks","8":"first","9":"instock","10":"shipping-taxable","11":"product-type-simple"},"acf":[],"_links":{"self":[{"href":"https:\/\/www.ceramicbasin.com\/es\/wp-json\/wp\/v2\/product\/8156","targetHints":{"allow":["GET"]}}],"collection":[{"href":"https:\/\/www.ceramicbasin.com\/es\/wp-json\/wp\/v2\/product"}],"about":[{"href":"https:\/\/www.ceramicbasin.com\/es\/wp-json\/wp\/v2\/types\/product"}],"replies":[{"embeddable":true,"href":"https:\/\/www.ceramicbasin.com\/es\/wp-json\/wp\/v2\/comments?post=8156"}],"wp:featuredmedia":[{"embeddable":true,"href":"https:\/\/www.ceramicbasin.com\/es\/wp-json\/wp\/v2\/media\/8456"}],"wp:attachment":[{"href":"https:\/\/www.ceramicbasin.com\/es\/wp-json\/wp\/v2\/media?parent=8156"}],"wp:term":[{"taxonomy":"product_brand","embeddable":true,"href":"https:\/\/www.ceramicbasin.com\/es\/wp-json\/wp\/v2\/product_brand?post=8156"},{"taxonomy":"product_cat","embeddable":true,"href":"https:\/\/www.ceramicbasin.com\/es\/wp-json\/wp\/v2\/product_cat?post=8156"},{"taxonomy":"product_tag","embeddable":true,"href":"https:\/\/www.ceramicbasin.com\/es\/wp-json\/wp\/v2\/product_tag?post=8156"}],"curies":[{"name":"wp","href":"https:\/\/api.w.org\/{rel}","templated":true}]}}