{"id":8163,"date":"2025-10-24T08:28:16","date_gmt":"2025-10-24T08:28:16","guid":{"rendered":"https:\/\/www.ceramicbasin.com\/?post_type=product&#038;p=8163"},"modified":"2025-11-07T03:09:44","modified_gmt":"2025-11-07T03:09:44","slug":"drop-in-bathroom-sink-wholesale","status":"publish","type":"product","link":"https:\/\/www.ceramicbasin.com\/es\/producto\/drop-in-bathroom-sink-wholesale\/","title":{"rendered":"Lavabos de Ceramica Estilo Europeo, Lavabos de Ceramica Estilo Europeo al por mayor"},"content":{"rendered":"<div class=\"wp-block-columns is-layout-flex wp-container-core-columns-is-layout-9d6595d7 wp-block-columns-is-layout-flex\">\n<div class=\"wp-block-column is-layout-flow wp-block-column-is-layout-flow\">\n<h2 class=\"wp-block-heading\">Premium Art Drop In Fregadero de Ba\u00f1o Caracter\u00edsticas al por mayor<\/h2>\n\n\n\n<ul class=\"wp-block-list\">\n<li><strong>Material cer\u00e1mico de alta calidad:<\/strong>&nbsp;HanYu's art drop in bathroom sink wholesale est\u00e1n hechos de materias primas cer\u00e1micas de alta calidad, que se cuecen a altas temperaturas, con una textura s\u00f3lida y una superficie lisa, evitando eficazmente que la suciedad se adhiera.<\/li>\n\n\n\n<li><strong>Ventas calientes:<\/strong> Esta gota de arte en el lavabo del ba\u00f1o al por mayor es bien recibido por el mercado debido a su durabilidad, color uniforme, f\u00e1cil limpieza y mantenimiento, y el rendimiento de alto costo.<\/li>\n\n\n\n<li><strong>Opciones personalizadas:<\/strong> Disponibles en una gran variedad de colores, acabados superficiales y opciones de envasado personalizadas, puede adaptar el pedido a su marca blanca y a su mercado espec\u00edfico.<\/li>\n\n\n\n<li><strong>Fregadero grande: <\/strong>El fregadero de cer\u00e1mica a medida tiene un dise\u00f1o excepcional que ofrece mucho espacio para el lavado diario. La superficie se ha tratado especialmente para que sea muy resistente a las manchas con poca adherencia de las manchas de agua.<\/li>\n<\/ul>\n<\/div>\n\n\n\n<div class=\"wp-block-column is-layout-flow wp-block-column-is-layout-flow\">\n<figure class=\"wp-block-image size-full\"><img fetchpriority=\"high\" decoding=\"async\" width=\"800\" height=\"800\" src=\"https:\/\/www.ceramicbasin.com\/wp-content\/uploads\/2025\/10\/drop-in-bathroom-sink-wholesale-ceramic-basins-custom-2.webp\" alt=\"lavabos-ceramica-mayoristas-lavabos-ceramicos-personalizados-2\" class=\"wp-image-8463\" srcset=\"https:\/\/www.ceramicbasin.com\/wp-content\/uploads\/2025\/10\/drop-in-bathroom-sink-wholesale-ceramic-basins-custom-2.webp 800w, https:\/\/www.ceramicbasin.com\/wp-content\/uploads\/2025\/10\/drop-in-bathroom-sink-wholesale-ceramic-basins-custom-2-300x300.webp 300w, https:\/\/www.ceramicbasin.com\/wp-content\/uploads\/2025\/10\/drop-in-bathroom-sink-wholesale-ceramic-basins-custom-2-150x150.webp 150w, https:\/\/www.ceramicbasin.com\/wp-content\/uploads\/2025\/10\/drop-in-bathroom-sink-wholesale-ceramic-basins-custom-2-768x768.webp 768w, https:\/\/www.ceramicbasin.com\/wp-content\/uploads\/2025\/10\/drop-in-bathroom-sink-wholesale-ceramic-basins-custom-2-12x12.webp 12w, https:\/\/www.ceramicbasin.com\/wp-content\/uploads\/2025\/10\/drop-in-bathroom-sink-wholesale-ceramic-basins-custom-2-285x285.webp 285w, https:\/\/www.ceramicbasin.com\/wp-content\/uploads\/2025\/10\/drop-in-bathroom-sink-wholesale-ceramic-basins-custom-2-270x270.webp 270w, https:\/\/www.ceramicbasin.com\/wp-content\/uploads\/2025\/10\/drop-in-bathroom-sink-wholesale-ceramic-basins-custom-2-540x540.webp 540w, https:\/\/www.ceramicbasin.com\/wp-content\/uploads\/2025\/10\/drop-in-bathroom-sink-wholesale-ceramic-basins-custom-2-660x660.webp 660w\" sizes=\"(max-width: 800px) 100vw, 800px\" \/><\/figure>\n<\/div>\n<\/div>","protected":false},"excerpt":{"rendered":"<p>Bienvenido a comprar este lavabo de cer\u00e1mica de estilo europeo muestra el gusto de gama alta con su exquisito dise\u00f1o y elegante acristalamiento. Esta gota de arte en el fregadero del cuarto de ba\u00f1o al por mayor se hace de la cer\u00e1mica de alta calidad; su superficie lisa y delicada es mancha-resistente, desgaste-resistente, y f\u00e1cil limpiar y mantener. Adecuado para hoteles, residencias de alta gama y proyectos de ba\u00f1o personalizados, \u00a1y HanYu ofrece un competitivo precio de compra al por mayor!<\/p>\n<table style=\"border-collapse: collapse; width: 358.52pt;\" border=\"0\" width=\"478\" cellspacing=\"0\" cellpadding=\"0\">\n<tbody>\n<tr style=\"height: 17.25pt;\">\n<td class=\"et3\" style=\"height: 17.25pt; width: 125.00pt;\" width=\"166\" height=\"23\">Fabricante<\/td>\n<td class=\"et3\" style=\"width: 234.15pt;\" width=\"312\">HanYu<\/td>\n<\/tr>\n<tr style=\"height: 17.25pt;\">\n<td class=\"et3\" style=\"height: 17.25pt;\" height=\"23\">N\u00ba de modelo<\/td>\n<td class=\"et4\">HY-5073<\/td>\n<\/tr>\n<tr style=\"height: 17.25pt;\">\n<td class=\"et3\" style=\"height: 17.25pt;\" height=\"23\">Tipo<\/td>\n<td class=\"et5\" style=\"width: 234.15pt;\" width=\"312\">Fregaderos<\/td>\n<\/tr>\n<tr style=\"height: 18.00pt;\">\n<td class=\"et3\" style=\"height: 18.00pt;\" height=\"24\">Forma<\/td>\n<td class=\"et3\">Forma ovalada<\/td>\n<\/tr>\n<tr style=\"height: 34.50pt;\">\n<td class=\"et4\" style=\"height: 34.50pt;\" height=\"46\">Color<\/td>\n<td class=\"et5\" style=\"width: 234.15pt;\" width=\"312\">negro\/blanco\/azul\/gris\/rosa\/verde\/marr\u00f3n\/caqui<\/td>\n<\/tr>\n<tr style=\"height: 18.00pt;\">\n<td class=\"et3\" style=\"height: 18.00pt;\" height=\"24\">Dimensi\u00f3n<\/td>\n<td class=\"et5\" style=\"width: 234.15pt;\" width=\"312\">60*38*21<\/td>\n<\/tr>\n<tr style=\"height: 17.25pt;\">\n<td class=\"et3\" style=\"height: 17.25pt;\" height=\"23\">N.W \/SET<\/td>\n<td class=\"et3\">16KGS\/PCS<\/td>\n<\/tr>\n<tr style=\"height: 17.25pt;\">\n<td class=\"et3\" style=\"height: 17.25pt;\" height=\"23\">MOQ<\/td>\n<td class=\"et3\">20 piezas<\/td>\n<\/tr>\n<tr style=\"height: 17.25pt;\">\n<td class=\"et3\" style=\"height: 17.25pt;\" height=\"23\">Opci\u00f3n personalizada<\/td>\n<td class=\"et3\">Color\/Patr\u00f3n\/Tama\u00f1o\/Logotipo\/Embalaje<\/td>\n<\/tr>\n<\/tbody>\n<\/table>","protected":false},"featured_media":8464,"comment_status":"closed","ping_status":"closed","template":"","meta":{"_acf_changed":false},"product_brand":[],"product_cat":[51],"product_tag":[],"class_list":{"0":"post-8163","1":"product","2":"type-product","3":"status-publish","4":"has-post-thumbnail","6":"product_cat-wholesale-drop-in-sinks","8":"first","9":"instock","10":"shipping-taxable","11":"product-type-simple"},"acf":[],"_links":{"self":[{"href":"https:\/\/www.ceramicbasin.com\/es\/wp-json\/wp\/v2\/product\/8163","targetHints":{"allow":["GET"]}}],"collection":[{"href":"https:\/\/www.ceramicbasin.com\/es\/wp-json\/wp\/v2\/product"}],"about":[{"href":"https:\/\/www.ceramicbasin.com\/es\/wp-json\/wp\/v2\/types\/product"}],"replies":[{"embeddable":true,"href":"https:\/\/www.ceramicbasin.com\/es\/wp-json\/wp\/v2\/comments?post=8163"}],"wp:featuredmedia":[{"embeddable":true,"href":"https:\/\/www.ceramicbasin.com\/es\/wp-json\/wp\/v2\/media\/8464"}],"wp:attachment":[{"href":"https:\/\/www.ceramicbasin.com\/es\/wp-json\/wp\/v2\/media?parent=8163"}],"wp:term":[{"taxonomy":"product_brand","embeddable":true,"href":"https:\/\/www.ceramicbasin.com\/es\/wp-json\/wp\/v2\/product_brand?post=8163"},{"taxonomy":"product_cat","embeddable":true,"href":"https:\/\/www.ceramicbasin.com\/es\/wp-json\/wp\/v2\/product_cat?post=8163"},{"taxonomy":"product_tag","embeddable":true,"href":"https:\/\/www.ceramicbasin.com\/es\/wp-json\/wp\/v2\/product_tag?post=8163"}],"curies":[{"name":"wp","href":"https:\/\/api.w.org\/{rel}","templated":true}]}}