{"id":8170,"date":"2025-10-24T08:33:06","date_gmt":"2025-10-24T08:33:06","guid":{"rendered":"https:\/\/www.ceramicbasin.com\/?post_type=product&#038;p=8170"},"modified":"2025-11-07T03:06:12","modified_gmt":"2025-11-07T03:06:12","slug":"round-drop-in-sink-wholesale","status":"publish","type":"product","link":"https:\/\/www.ceramicbasin.com\/es\/producto\/round-drop-in-sink-wholesale\/","title":{"rendered":"Fregadero Redondo al por mayor, Lavabo de Cer\u00e1mica Blanca Pura Suministro"},"content":{"rendered":"<div class=\"wp-block-columns is-layout-flex wp-container-core-columns-is-layout-9d6595d7 wp-block-columns-is-layout-flex\">\n<div class=\"wp-block-column is-layout-flow wp-block-column-is-layout-flow\">\n<h2 class=\"wp-block-heading\">Fregadero Redondo Premium al por mayor Caracter\u00edsticas:<\/h2>\n\n\n\n<ul class=\"wp-block-list\">\n<li><strong>Dise\u00f1o exquisito:&nbsp;<\/strong>Nuestro lavabo redondo al por mayor adopta un exquisito dise\u00f1o moderno. Cada pieza es un homenaje a la est\u00e9tica y tiene como objetivo a\u00f1adir elegancia y gusto al espacio de ba\u00f1o.<\/li>\n\n\n\n<li><strong>Ventaja del precio al por mayor: <\/strong>Como fabricantes de lavabos de encimera personalizados, HanYu tiene precios al por mayor muy competitivos, y las compras al por mayor tambi\u00e9n le proporcionar\u00e1n mayores descuentos, lo que nos convierte en accesorios de ba\u00f1o de alta calidad en su mejor opci\u00f3n bajo control de costes.<\/li>\n\n\n\n<li><strong>Dise\u00f1o empotrado redondeado: <\/strong>Nuestro lavabo de cer\u00e1mica a medida tiene una forma redonda cl\u00e1sica, y su suave esmalte blanco brillante en hogares de alta gama combinar\u00e1 f\u00e1cilmente con la decoraci\u00f3n de casi todos los estilos de encimeras. La instalaci\u00f3n empotrada ahorra espacio y es estable a la vez que irradia belleza y elegancia. Tanto si est\u00e1 pensando en un lavabo para su cuarto de ba\u00f1o residencial, el cuarto de ba\u00f1o de un hotel, un trabajo comercial u otros entornos, estos lavabos encajar\u00e1n a la perfecci\u00f3n.<\/li>\n\n\n\n<li><strong>Dise\u00f1o personalizado:&nbsp;<\/strong>Nuestro fregadero redondo al por mayor est\u00e1 dise\u00f1ado en varios tipos de estilos y tama\u00f1os para su personalizaci\u00f3n, lo que nos permite satisfacer las necesidades de los distintos clientes. Esto permite ajustes de color, forma y textura de acuerdo a sus necesidades espec\u00edficas y la integraci\u00f3n en una variedad de dise\u00f1os de ba\u00f1o.<\/li>\n<\/ul>\n<\/div>\n\n\n\n<div class=\"wp-block-column is-layout-flow wp-block-column-is-layout-flow\">\n<figure class=\"wp-block-image size-full\"><img fetchpriority=\"high\" decoding=\"async\" width=\"800\" height=\"800\" src=\"https:\/\/www.ceramicbasin.com\/wp-content\/uploads\/2025\/10\/round-drop-in-sink\u200b-wholesale-white-ceramic-basin-supply-1.webp\" alt=\"lavabo-ceramico-redondo-gota-en-fregadero-blanco-suministro-1\" class=\"wp-image-8449\" srcset=\"https:\/\/www.ceramicbasin.com\/wp-content\/uploads\/2025\/10\/round-drop-in-sink\u200b-wholesale-white-ceramic-basin-supply-1.webp 800w, https:\/\/www.ceramicbasin.com\/wp-content\/uploads\/2025\/10\/round-drop-in-sink\u200b-wholesale-white-ceramic-basin-supply-1-300x300.webp 300w, https:\/\/www.ceramicbasin.com\/wp-content\/uploads\/2025\/10\/round-drop-in-sink\u200b-wholesale-white-ceramic-basin-supply-1-150x150.webp 150w, https:\/\/www.ceramicbasin.com\/wp-content\/uploads\/2025\/10\/round-drop-in-sink\u200b-wholesale-white-ceramic-basin-supply-1-768x768.webp 768w, https:\/\/www.ceramicbasin.com\/wp-content\/uploads\/2025\/10\/round-drop-in-sink\u200b-wholesale-white-ceramic-basin-supply-1-12x12.webp 12w, https:\/\/www.ceramicbasin.com\/wp-content\/uploads\/2025\/10\/round-drop-in-sink\u200b-wholesale-white-ceramic-basin-supply-1-285x285.webp 285w, https:\/\/www.ceramicbasin.com\/wp-content\/uploads\/2025\/10\/round-drop-in-sink\u200b-wholesale-white-ceramic-basin-supply-1-270x270.webp 270w, https:\/\/www.ceramicbasin.com\/wp-content\/uploads\/2025\/10\/round-drop-in-sink\u200b-wholesale-white-ceramic-basin-supply-1-540x540.webp 540w, https:\/\/www.ceramicbasin.com\/wp-content\/uploads\/2025\/10\/round-drop-in-sink\u200b-wholesale-white-ceramic-basin-supply-1-660x660.webp 660w\" sizes=\"(max-width: 800px) 100vw, 800px\" \/><\/figure>\n<\/div>\n<\/div>\n\n\n\n<p><\/p>","protected":false},"excerpt":{"rendered":"<p>Bienvenido a comprar nuestro fregadero redondo al por mayor. Utilizando un proceso de esmaltado blanco puro a alta temperatura, la superficie es lisa y f\u00e1cil de limpiar, adecuada tanto para espacios de ba\u00f1o residenciales como comerciales. Hanyu ofrece servicios mayoristas de lavabos de cer\u00e1mica personalizados de alta calidad para satisfacer las necesidades de diferentes marcas y proyectos.<\/p>\n<table style=\"border-collapse: collapse; width: 311.02pt;\" border=\"0\" width=\"311\" cellspacing=\"0\" cellpadding=\"0\">\n<tbody>\n<tr style=\"height: 17.60pt;\">\n<td class=\"et3\" style=\"height: 17.60pt; width: 108.35pt;\" width=\"108\" height=\"17\">Fabricante<\/td>\n<td class=\"et3\" style=\"width: 202.95pt;\" width=\"202\">HanYu<\/td>\n<\/tr>\n<tr style=\"height: 17.60pt;\">\n<td class=\"et3\" style=\"height: 17.60pt;\" height=\"17\">N\u00ba de modelo<\/td>\n<td class=\"et4\">HY-5074<\/td>\n<\/tr>\n<tr style=\"height: 18.00pt;\">\n<td class=\"et3\" style=\"height: 18.00pt;\" height=\"18\">Tipo<\/td>\n<td class=\"et5\" style=\"width: 202.95pt;\" width=\"202\">Cubeta de ca\u00edda<\/td>\n<\/tr>\n<tr style=\"height: 17.60pt;\">\n<td class=\"et3\" style=\"height: 17.60pt;\" height=\"17\">Forma<\/td>\n<td class=\"et3\">Forma redonda<\/td>\n<\/tr>\n<tr style=\"height: 18.00pt;\">\n<td class=\"et4\" style=\"height: 18.00pt;\" height=\"18\">Color<\/td>\n<td class=\"et5\" style=\"width: 202.95pt;\" width=\"202\">Blanco<\/td>\n<\/tr>\n<tr style=\"height: 18.00pt;\">\n<td class=\"et3\" style=\"height: 18.00pt;\" height=\"18\">Dimensi\u00f3n<\/td>\n<td class=\"et5\" style=\"width: 202.95pt;\" width=\"202\">43*43*22<\/td>\n<\/tr>\n<tr style=\"height: 17.60pt;\">\n<td class=\"et3\" style=\"height: 17.60pt;\" height=\"17\">N.W \/SET<\/td>\n<td class=\"et3\">\u00a012KGS\/PCS<\/td>\n<\/tr>\n<tr style=\"height: 17.60pt;\">\n<td class=\"et3\" style=\"height: 17.60pt;\" height=\"17\">MOQ<\/td>\n<td class=\"et3\">20 piezas<\/td>\n<\/tr>\n<tr style=\"height: 17.60pt;\">\n<td class=\"et3\" style=\"height: 17.60pt;\" height=\"17\">Opci\u00f3n personalizada<\/td>\n<td class=\"et3\">Color\/Patr\u00f3n\/Tama\u00f1o\/Logotipo\/Embalaje<\/td>\n<\/tr>\n<\/tbody>\n<\/table>","protected":false},"featured_media":8452,"comment_status":"closed","ping_status":"closed","template":"","meta":{"_acf_changed":false},"product_brand":[],"product_cat":[51],"product_tag":[],"class_list":{"0":"post-8170","1":"product","2":"type-product","3":"status-publish","4":"has-post-thumbnail","6":"product_cat-wholesale-drop-in-sinks","8":"first","9":"instock","10":"shipping-taxable","11":"product-type-simple"},"acf":[],"_links":{"self":[{"href":"https:\/\/www.ceramicbasin.com\/es\/wp-json\/wp\/v2\/product\/8170","targetHints":{"allow":["GET"]}}],"collection":[{"href":"https:\/\/www.ceramicbasin.com\/es\/wp-json\/wp\/v2\/product"}],"about":[{"href":"https:\/\/www.ceramicbasin.com\/es\/wp-json\/wp\/v2\/types\/product"}],"replies":[{"embeddable":true,"href":"https:\/\/www.ceramicbasin.com\/es\/wp-json\/wp\/v2\/comments?post=8170"}],"wp:featuredmedia":[{"embeddable":true,"href":"https:\/\/www.ceramicbasin.com\/es\/wp-json\/wp\/v2\/media\/8452"}],"wp:attachment":[{"href":"https:\/\/www.ceramicbasin.com\/es\/wp-json\/wp\/v2\/media?parent=8170"}],"wp:term":[{"taxonomy":"product_brand","embeddable":true,"href":"https:\/\/www.ceramicbasin.com\/es\/wp-json\/wp\/v2\/product_brand?post=8170"},{"taxonomy":"product_cat","embeddable":true,"href":"https:\/\/www.ceramicbasin.com\/es\/wp-json\/wp\/v2\/product_cat?post=8170"},{"taxonomy":"product_tag","embeddable":true,"href":"https:\/\/www.ceramicbasin.com\/es\/wp-json\/wp\/v2\/product_tag?post=8170"}],"curies":[{"name":"wp","href":"https:\/\/api.w.org\/{rel}","templated":true}]}}