{"id":8177,"date":"2025-10-24T08:39:35","date_gmt":"2025-10-24T08:39:35","guid":{"rendered":"https:\/\/www.ceramicbasin.com\/?post_type=product&#038;p=8177"},"modified":"2025-11-07T03:01:28","modified_gmt":"2025-11-07T03:01:28","slug":"custom-drop-in-bathroom-sink","status":"publish","type":"product","link":"https:\/\/www.ceramicbasin.com\/es\/producto\/custom-drop-in-bathroom-sink\/","title":{"rendered":"Lavabo de ba\u00f1o europeo a medida, lavabo de cer\u00e1mica a granel"},"content":{"rendered":"<div class=\"wp-block-columns is-layout-flex wp-container-core-columns-is-layout-9d6595d7 wp-block-columns-is-layout-flex\">\n<div class=\"wp-block-column is-layout-flow wp-block-column-is-layout-flow\">\n<h2 class=\"wp-block-heading\">Premium Custom Drop In Fregaderos Caracter\u00edsticas:<\/h2>\n\n\n\n<ul class=\"wp-block-list\">\n<li><strong>Opciones personalizadas:<\/strong> El lavabo rectangular de ca\u00edda al por mayor est\u00e1 disponible en varios colores, tratamientos de superficie y embalajes personalizados para que pueda elegir y personalizar el lavabo de ba\u00f1o seg\u00fan su marca espec\u00edfica y los requisitos del mercado.<\/li>\n\n\n\n<li><strong>Duradero y de bajo mantenimiento:<\/strong> Estos lavabos a medida para cuartos de ba\u00f1o se fabrican con materias primas cer\u00e1micas de alta calidad y cocci\u00f3n a alta temperatura. La superficie es lisa y dura, resistente a ara\u00f1azos y grietas. El esmalte posee un excelente efecto antiincrustante; la cal y las manchas apenas se adhieren.<\/li>\n\n\n\n<li><strong>Estilo rectangular minimalista europeo:<\/strong> Esta gota rectangular en dise\u00f1o elegido con l\u00edneas agradables y limpias. Estos lavabos empotrables a medida son perfectos para cuartos de ba\u00f1o de estilo moderno, n\u00f3rdico o europeo. Su instalaci\u00f3n empotrada ahorra espacio, es estable y se ve bien al mismo tiempo.<\/li>\n\n\n\n<li><strong>Acabado esmaltado blanco brillante:<\/strong> El esmalte blanco brillante de los lavabos de cer\u00e1mica al por mayor es resistente a las manchas y al agrietamiento, y se limpia f\u00e1cilmente para mantener el blanco brillante durante mucho tiempo. Perfectos para distribuidores mayoristas para proyectos de hosteler\u00eda, proyectos de construcci\u00f3n u otras compras al por mayor a precios competitivos.<\/li>\n<\/ul>\n<\/div>\n\n\n\n<div class=\"wp-block-column is-layout-flow wp-block-column-is-layout-flow\">\n<figure class=\"wp-block-image size-full\"><img fetchpriority=\"high\" decoding=\"async\" width=\"800\" height=\"800\" src=\"https:\/\/www.ceramicbasin.com\/wp-content\/uploads\/2025\/10\/european-custom-drop-in-bathroom-sinks-ceramic-basin-bulk-5.webp\" alt=\"lavabos de cer\u00e1mica a medida europeos - lavabo cer\u00e1mico a granel 5\" class=\"wp-image-8445\" srcset=\"https:\/\/www.ceramicbasin.com\/wp-content\/uploads\/2025\/10\/european-custom-drop-in-bathroom-sinks-ceramic-basin-bulk-5.webp 800w, https:\/\/www.ceramicbasin.com\/wp-content\/uploads\/2025\/10\/european-custom-drop-in-bathroom-sinks-ceramic-basin-bulk-5-300x300.webp 300w, https:\/\/www.ceramicbasin.com\/wp-content\/uploads\/2025\/10\/european-custom-drop-in-bathroom-sinks-ceramic-basin-bulk-5-150x150.webp 150w, https:\/\/www.ceramicbasin.com\/wp-content\/uploads\/2025\/10\/european-custom-drop-in-bathroom-sinks-ceramic-basin-bulk-5-768x768.webp 768w, https:\/\/www.ceramicbasin.com\/wp-content\/uploads\/2025\/10\/european-custom-drop-in-bathroom-sinks-ceramic-basin-bulk-5-12x12.webp 12w, https:\/\/www.ceramicbasin.com\/wp-content\/uploads\/2025\/10\/european-custom-drop-in-bathroom-sinks-ceramic-basin-bulk-5-285x285.webp 285w, https:\/\/www.ceramicbasin.com\/wp-content\/uploads\/2025\/10\/european-custom-drop-in-bathroom-sinks-ceramic-basin-bulk-5-270x270.webp 270w, https:\/\/www.ceramicbasin.com\/wp-content\/uploads\/2025\/10\/european-custom-drop-in-bathroom-sinks-ceramic-basin-bulk-5-540x540.webp 540w, https:\/\/www.ceramicbasin.com\/wp-content\/uploads\/2025\/10\/european-custom-drop-in-bathroom-sinks-ceramic-basin-bulk-5-660x660.webp 660w\" sizes=\"(max-width: 800px) 100vw, 800px\" \/><\/figure>\n<\/div>\n<\/div>","protected":false},"excerpt":{"rendered":"<p>Bienvenido a comprar esta gota de encargo en lavabos de ba\u00f1o en el dise\u00f1o europeo rectangular, hecho a mano de cer\u00e1mica de alta calidad para una mayor durabilidad y elegancia. Es f\u00e1cil de instalar, libre de manchas, y es adecuado para hoteles, hogares, y todos los ba\u00f1os comerciales. Comprar a granel y OEM, el vendedor puede obtener el producto en su propia marca para su mercado.<\/p>\n<table style=\"border-collapse: collapse; width: 311.02pt;\" border=\"0\" width=\"311\" cellspacing=\"0\" cellpadding=\"0\">\n<tbody>\n<tr style=\"height: 17.60pt;\">\n<td class=\"et3\" style=\"height: 17.60pt; width: 108.35pt;\" width=\"108\" height=\"17\">Fabricante<\/td>\n<td class=\"et3\" style=\"width: 202.95pt;\" width=\"202\">HanYu<\/td>\n<\/tr>\n<tr style=\"height: 17.60pt;\">\n<td class=\"et3\" style=\"height: 17.60pt;\" height=\"17\">N\u00ba de modelo<\/td>\n<td class=\"et4\">HY-5075<\/td>\n<\/tr>\n<tr style=\"height: 18.00pt;\">\n<td class=\"et3\" style=\"height: 18.00pt;\" height=\"18\">Tipo<\/td>\n<td class=\"et5\" style=\"width: 202.95pt;\" width=\"202\">Cubeta de ca\u00edda<\/td>\n<\/tr>\n<tr style=\"height: 17.60pt;\">\n<td class=\"et3\" style=\"height: 17.60pt;\" height=\"17\">Forma<\/td>\n<td class=\"et3\">Forma rectangular<\/td>\n<\/tr>\n<tr style=\"height: 18.00pt;\">\n<td class=\"et4\" style=\"height: 18.00pt;\" height=\"18\">Color<\/td>\n<td class=\"et5\" style=\"width: 202.95pt;\" width=\"202\">Blanco<\/td>\n<\/tr>\n<tr style=\"height: 18.00pt;\">\n<td class=\"et3\" style=\"height: 18.00pt;\" height=\"18\">Dimensi\u00f3n<\/td>\n<td class=\"et5\" style=\"width: 202.95pt;\" width=\"202\">60*40.5*15<\/td>\n<\/tr>\n<tr style=\"height: 17.60pt;\">\n<td class=\"et3\" style=\"height: 17.60pt;\" height=\"17\">N.W \/SET<\/td>\n<td class=\"et3\">\u00a018KGS\/PCS<\/td>\n<\/tr>\n<tr style=\"height: 17.60pt;\">\n<td class=\"et3\" style=\"height: 17.60pt;\" height=\"17\">MOQ<\/td>\n<td class=\"et3\">20 piezas<\/td>\n<\/tr>\n<tr style=\"height: 17.60pt;\">\n<td class=\"et3\" style=\"height: 17.60pt;\" height=\"17\">Opci\u00f3n personalizada<\/td>\n<td class=\"et3\">Color\/Patr\u00f3n\/Tama\u00f1o\/Logotipo\/Embalaje<\/td>\n<\/tr>\n<\/tbody>\n<\/table>","protected":false},"featured_media":8446,"comment_status":"closed","ping_status":"closed","template":"","meta":{"_acf_changed":false},"product_brand":[],"product_cat":[51],"product_tag":[],"class_list":{"0":"post-8177","1":"product","2":"type-product","3":"status-publish","4":"has-post-thumbnail","6":"product_cat-wholesale-drop-in-sinks","8":"first","9":"instock","10":"shipping-taxable","11":"product-type-simple"},"acf":[],"_links":{"self":[{"href":"https:\/\/www.ceramicbasin.com\/es\/wp-json\/wp\/v2\/product\/8177","targetHints":{"allow":["GET"]}}],"collection":[{"href":"https:\/\/www.ceramicbasin.com\/es\/wp-json\/wp\/v2\/product"}],"about":[{"href":"https:\/\/www.ceramicbasin.com\/es\/wp-json\/wp\/v2\/types\/product"}],"replies":[{"embeddable":true,"href":"https:\/\/www.ceramicbasin.com\/es\/wp-json\/wp\/v2\/comments?post=8177"}],"wp:featuredmedia":[{"embeddable":true,"href":"https:\/\/www.ceramicbasin.com\/es\/wp-json\/wp\/v2\/media\/8446"}],"wp:attachment":[{"href":"https:\/\/www.ceramicbasin.com\/es\/wp-json\/wp\/v2\/media?parent=8177"}],"wp:term":[{"taxonomy":"product_brand","embeddable":true,"href":"https:\/\/www.ceramicbasin.com\/es\/wp-json\/wp\/v2\/product_brand?post=8177"},{"taxonomy":"product_cat","embeddable":true,"href":"https:\/\/www.ceramicbasin.com\/es\/wp-json\/wp\/v2\/product_cat?post=8177"},{"taxonomy":"product_tag","embeddable":true,"href":"https:\/\/www.ceramicbasin.com\/es\/wp-json\/wp\/v2\/product_tag?post=8177"}],"curies":[{"name":"wp","href":"https:\/\/api.w.org\/{rel}","templated":true}]}}