{"id":8217,"date":"2025-11-01T03:30:13","date_gmt":"2025-11-01T03:30:13","guid":{"rendered":"https:\/\/www.ceramicbasin.com\/?post_type=product&#038;p=8217"},"modified":"2025-11-07T02:55:31","modified_gmt":"2025-11-07T02:55:31","slug":"wholesale-ceramic-art-basin","status":"publish","type":"product","link":"https:\/\/www.ceramicbasin.com\/es\/producto\/wholesale-ceramic-art-basin\/","title":{"rendered":"Mayorista Ceramica Arte Lavabo, Lujo Galaxy Purple Sink Bowls"},"content":{"rendered":"<div class=\"wp-block-columns is-layout-flex wp-container-core-columns-is-layout-9d6595d7 wp-block-columns-is-layout-flex\">\n<div class=\"wp-block-column is-layout-flow wp-block-column-is-layout-flow\">\n<h2 class=\"wp-block-heading\">Premium al por mayor de cer\u00e1mica Arte Lavabo Caracter\u00edsticas:<\/h2>\n\n\n\n<ul class=\"wp-block-list\">\n<li><strong>Lujosa est\u00e9tica de cielo estrellado:<\/strong> El exclusivo esmalte \u201cGalaxy Purple\u201d de este lavabo de cer\u00e1mica al por mayor tiene un delicado brillo nacarado y ligeras variaciones de color que imitan el aspecto de una deslumbrante galaxia sellada en el interior de la cer\u00e1mica. Esto realza enormemente el estilo art\u00edstico y el lujo del cuarto de ba\u00f1o.<\/li>\n\n\n\n<li><strong>Material cer\u00e1mico de alta calidad: <\/strong>Nuestros lavabos de ba\u00f1o al por mayor se fabrican con materias primas cer\u00e1micas de calidad y se cuecen a altas temperaturas. El resultado es una textura densa, un esmalte duro resistente al desgaste y una resistencia a las manchas f\u00e1cil de limpiar.<\/li>\n\n\n\n<li><strong>Servicio de personalizaci\u00f3n flexible: <\/strong>Nuestro cuenco de cer\u00e1mica art\u00edstica al por mayor no s\u00f3lo ofrece tama\u00f1os est\u00e1ndar, sino que tambi\u00e9n admite la personalizaci\u00f3n basada en sus planos de dise\u00f1o, incluyendo la forma, el tama\u00f1o o el efecto de esmalte, realizando a la perfecci\u00f3n sus ideas creativas \u00fanicas.<\/li>\n\n\n\n<li><strong>Entrega estable y r\u00e1pida:<\/strong> Con una cadena de suministro eficiente y amplios suministros a mano, podemos ofrecer un servicio de entrega s\u00f3lido, estable y r\u00e1pido para nuestras cubetas de fregadero de ba\u00f1o al por mayor sin interrupciones en los trabajos de grandes proyectos.<\/li>\n<\/ul>\n<\/div>\n\n\n\n<div class=\"wp-block-column is-layout-flow wp-block-column-is-layout-flow\">\n<figure class=\"wp-block-image size-full\"><img fetchpriority=\"high\" decoding=\"async\" width=\"1024\" height=\"1024\" src=\"https:\/\/www.ceramicbasin.com\/wp-content\/uploads\/2025\/11\/wholesale-ceramic-art-basin-luxury-galaxy-purple-sink-bowls-2.webp\" alt=\"mayorista-ceramica-arte-lavabo-lujo-galaxia-morado-fregadero-bowls-2\" class=\"wp-image-8433\" srcset=\"https:\/\/www.ceramicbasin.com\/wp-content\/uploads\/2025\/11\/wholesale-ceramic-art-basin-luxury-galaxy-purple-sink-bowls-2.webp 1024w, https:\/\/www.ceramicbasin.com\/wp-content\/uploads\/2025\/11\/wholesale-ceramic-art-basin-luxury-galaxy-purple-sink-bowls-2-300x300.webp 300w, https:\/\/www.ceramicbasin.com\/wp-content\/uploads\/2025\/11\/wholesale-ceramic-art-basin-luxury-galaxy-purple-sink-bowls-2-150x150.webp 150w, https:\/\/www.ceramicbasin.com\/wp-content\/uploads\/2025\/11\/wholesale-ceramic-art-basin-luxury-galaxy-purple-sink-bowls-2-768x768.webp 768w, https:\/\/www.ceramicbasin.com\/wp-content\/uploads\/2025\/11\/wholesale-ceramic-art-basin-luxury-galaxy-purple-sink-bowls-2-12x12.webp 12w, https:\/\/www.ceramicbasin.com\/wp-content\/uploads\/2025\/11\/wholesale-ceramic-art-basin-luxury-galaxy-purple-sink-bowls-2-285x285.webp 285w, https:\/\/www.ceramicbasin.com\/wp-content\/uploads\/2025\/11\/wholesale-ceramic-art-basin-luxury-galaxy-purple-sink-bowls-2-270x270.webp 270w, https:\/\/www.ceramicbasin.com\/wp-content\/uploads\/2025\/11\/wholesale-ceramic-art-basin-luxury-galaxy-purple-sink-bowls-2-540x540.webp 540w, https:\/\/www.ceramicbasin.com\/wp-content\/uploads\/2025\/11\/wholesale-ceramic-art-basin-luxury-galaxy-purple-sink-bowls-2-660x660.webp 660w\" sizes=\"(max-width: 1024px) 100vw, 1024px\" \/><\/figure>\n<\/div>\n<\/div>","protected":false},"excerpt":{"rendered":"<p>Bienvenido a comprar lavabos de ba\u00f1o. Nuestro lavabo de arte de cer\u00e1mica al por mayor est\u00e1 dise\u00f1ado con un esmalte \u00fanico \u201cGalaxy Purple\u201d, a\u00f1adiendo el romance y el misterio del inmenso cielo estrellado al contexto del cuarto de ba\u00f1o.<\/p>\n<table style=\"border-collapse: collapse; width: 311.02pt;\" border=\"0\" width=\"311\" cellspacing=\"0\" cellpadding=\"0\">\n<tbody>\n<tr style=\"height: 17.60pt;\">\n<td class=\"et3\" style=\"height: 17.60pt; width: 108.35pt;\" width=\"108\" height=\"17\">Fabricante<\/td>\n<td class=\"et3\" style=\"width: 202.95pt;\" width=\"202\">HanYu<\/td>\n<\/tr>\n<tr style=\"height: 17.60pt;\">\n<td class=\"et3\" style=\"height: 17.60pt;\" height=\"17\">N\u00ba de modelo<\/td>\n<td class=\"et4\">HY-8069D36<\/td>\n<\/tr>\n<tr style=\"height: 36.00pt;\">\n<td class=\"et3\" style=\"height: 36.00pt;\" height=\"36\">Tipo<\/td>\n<td class=\"et5\" style=\"width: 202.95pt;\" width=\"202\">Lavabo Color M\u00e1rmol, Lavabo Encimera<\/td>\n<\/tr>\n<tr style=\"height: 17.60pt;\">\n<td class=\"et3\" style=\"height: 17.60pt;\" height=\"17\">Forma<\/td>\n<td class=\"et3\">Forma redonda<\/td>\n<\/tr>\n<tr style=\"height: 18.00pt;\">\n<td class=\"et4\" style=\"height: 18.00pt;\" height=\"18\">Color<\/td>\n<td class=\"et5\" style=\"width: 202.95pt;\" width=\"202\">m\u00e1rmol<\/td>\n<\/tr>\n<tr style=\"height: 18.00pt;\">\n<td class=\"et3\" style=\"height: 18.00pt;\" height=\"18\">Dimensi\u00f3n<\/td>\n<td class=\"et5\" style=\"width: 202.95pt;\" width=\"202\">41.5*41.5*13.5<\/td>\n<\/tr>\n<tr style=\"height: 17.60pt;\">\n<td class=\"et3\" style=\"height: 17.60pt;\" height=\"17\">N.W \/SET<\/td>\n<td class=\"et3\">8 KGS\/PCS<\/td>\n<\/tr>\n<tr style=\"height: 17.60pt;\">\n<td class=\"et3\" style=\"height: 17.60pt;\" height=\"17\">MOQ<\/td>\n<td class=\"et3\">20 piezas<\/td>\n<\/tr>\n<tr style=\"height: 17.60pt;\">\n<td class=\"et3\" style=\"height: 17.60pt;\" height=\"17\">Opci\u00f3n personalizada<\/td>\n<td class=\"et3\">Color\/Patr\u00f3n\/Tama\u00f1o\/Logotipo\/Embalaje<\/td>\n<\/tr>\n<\/tbody>\n<\/table>","protected":false},"featured_media":8435,"comment_status":"closed","ping_status":"closed","template":"","meta":{"_acf_changed":false},"product_brand":[],"product_cat":[50],"product_tag":[],"class_list":{"0":"post-8217","1":"product","2":"type-product","3":"status-publish","4":"has-post-thumbnail","6":"product_cat-wholesale-countertop-sinks","8":"first","9":"instock","10":"shipping-taxable","11":"product-type-simple"},"acf":[],"_links":{"self":[{"href":"https:\/\/www.ceramicbasin.com\/es\/wp-json\/wp\/v2\/product\/8217","targetHints":{"allow":["GET"]}}],"collection":[{"href":"https:\/\/www.ceramicbasin.com\/es\/wp-json\/wp\/v2\/product"}],"about":[{"href":"https:\/\/www.ceramicbasin.com\/es\/wp-json\/wp\/v2\/types\/product"}],"replies":[{"embeddable":true,"href":"https:\/\/www.ceramicbasin.com\/es\/wp-json\/wp\/v2\/comments?post=8217"}],"wp:featuredmedia":[{"embeddable":true,"href":"https:\/\/www.ceramicbasin.com\/es\/wp-json\/wp\/v2\/media\/8435"}],"wp:attachment":[{"href":"https:\/\/www.ceramicbasin.com\/es\/wp-json\/wp\/v2\/media?parent=8217"}],"wp:term":[{"taxonomy":"product_brand","embeddable":true,"href":"https:\/\/www.ceramicbasin.com\/es\/wp-json\/wp\/v2\/product_brand?post=8217"},{"taxonomy":"product_cat","embeddable":true,"href":"https:\/\/www.ceramicbasin.com\/es\/wp-json\/wp\/v2\/product_cat?post=8217"},{"taxonomy":"product_tag","embeddable":true,"href":"https:\/\/www.ceramicbasin.com\/es\/wp-json\/wp\/v2\/product_tag?post=8217"}],"curies":[{"name":"wp","href":"https:\/\/api.w.org\/{rel}","templated":true}]}}