{"id":8227,"date":"2025-11-01T02:57:06","date_gmt":"2025-11-01T02:57:06","guid":{"rendered":"https:\/\/www.ceramicbasin.com\/?post_type=product&#038;p=8227"},"modified":"2025-11-01T02:57:12","modified_gmt":"2025-11-01T02:57:12","slug":"wholesale-bathroom-lavatory-sink","status":"publish","type":"product","link":"https:\/\/www.ceramicbasin.com\/es\/producto\/wholesale-bathroom-lavatory-sink\/","title":{"rendered":"Mayorista Lavabo de Ba\u00f1o, Lavabos Azul Tiffany"},"content":{"rendered":"<div class=\"wp-block-columns is-layout-flex wp-container-core-columns-is-layout-9d6595d7 wp-block-columns-is-layout-flex\">\n<div class=\"wp-block-column is-layout-flow wp-block-column-is-layout-flow\">\n<h2 class=\"wp-block-heading\">Premium al por mayor lavabo de ba\u00f1o Caracter\u00edsticas:<\/h2>\n\n\n\n<ul class=\"wp-block-list\">\n<li><strong>Llamativo dise\u00f1o bicolor: <\/strong>Este lavabo de ba\u00f1o al por mayor tiene un vibrante interior azul Tiffany y un exterior con aspecto de m\u00e1rmol que se complementan a la perfecci\u00f3n para dar toques art\u00edsticos y una sensaci\u00f3n de alta gama, actualizando el estilo de los cuartos de ba\u00f1o.<\/li>\n\n\n\n<li><strong>Materiales de alta calidad:<\/strong> El esmalte interior de estos lavabos de suministro a granel es liso, f\u00e1cil de limpiar y soportar\u00e1 repetidos lavados conservando el color decorativo, el exterior es de m\u00e1rmol, duradero, f\u00e1cil de limpiar, resistente a las manchas y al desgaste, combinando la belleza con sus aspectos funcionales.<\/li>\n\n\n\n<li><strong>Servicio de personalizaci\u00f3n flexible:<\/strong> Nuestros lavabos de ba\u00f1o al por mayor se pueden personalizar seg\u00fan las necesidades de su proyecto, como dimensiones, formas de instalaci\u00f3n y detalles de color a juzgar por diferentes escenarios comerciales y residenciales.<\/li>\n\n\n\n<li><strong>Log\u00edstica y entrega eficientes:<\/strong> Al comprar nuestros lavabos al por mayor, podr\u00e1 optimizar mejor su cadena de suministro y la gesti\u00f3n de existencias, ya que sus pedidos se procesan r\u00e1pidamente para una entrega r\u00e1pida, acortando el ciclo de adquisici\u00f3n y permitiendo la finalizaci\u00f3n puntual del proyecto.<\/li>\n<\/ul>\n<\/div>\n\n\n\n<div class=\"wp-block-column is-layout-flow wp-block-column-is-layout-flow\">\n<figure class=\"wp-block-image size-full\"><img fetchpriority=\"high\" decoding=\"async\" width=\"1024\" height=\"1024\" src=\"https:\/\/www.ceramicbasin.com\/wp-content\/uploads\/2025\/10\/Custom-Ceramic-Lavabo-Sink-Washbasin-Marble-Porcelain-Art-Sink-4.webp\" alt=\"Lavabo de Cer\u00e1mica a Medida, Lavabo de M\u00e1rmol Porcelana Art Sink\" class=\"wp-image-8231\" srcset=\"https:\/\/www.ceramicbasin.com\/wp-content\/uploads\/2025\/10\/Custom-Ceramic-Lavabo-Sink-Washbasin-Marble-Porcelain-Art-Sink-4.webp 1024w, https:\/\/www.ceramicbasin.com\/wp-content\/uploads\/2025\/10\/Custom-Ceramic-Lavabo-Sink-Washbasin-Marble-Porcelain-Art-Sink-4-300x300.webp 300w, https:\/\/www.ceramicbasin.com\/wp-content\/uploads\/2025\/10\/Custom-Ceramic-Lavabo-Sink-Washbasin-Marble-Porcelain-Art-Sink-4-150x150.webp 150w, https:\/\/www.ceramicbasin.com\/wp-content\/uploads\/2025\/10\/Custom-Ceramic-Lavabo-Sink-Washbasin-Marble-Porcelain-Art-Sink-4-768x768.webp 768w, https:\/\/www.ceramicbasin.com\/wp-content\/uploads\/2025\/10\/Custom-Ceramic-Lavabo-Sink-Washbasin-Marble-Porcelain-Art-Sink-4-12x12.webp 12w, https:\/\/www.ceramicbasin.com\/wp-content\/uploads\/2025\/10\/Custom-Ceramic-Lavabo-Sink-Washbasin-Marble-Porcelain-Art-Sink-4-285x285.webp 285w, https:\/\/www.ceramicbasin.com\/wp-content\/uploads\/2025\/10\/Custom-Ceramic-Lavabo-Sink-Washbasin-Marble-Porcelain-Art-Sink-4-270x270.webp 270w, https:\/\/www.ceramicbasin.com\/wp-content\/uploads\/2025\/10\/Custom-Ceramic-Lavabo-Sink-Washbasin-Marble-Porcelain-Art-Sink-4-540x540.webp 540w, https:\/\/www.ceramicbasin.com\/wp-content\/uploads\/2025\/10\/Custom-Ceramic-Lavabo-Sink-Washbasin-Marble-Porcelain-Art-Sink-4-660x660.webp 660w\" sizes=\"(max-width: 1024px) 100vw, 1024px\" \/><\/figure>\n<\/div>\n<\/div>","protected":false},"excerpt":{"rendered":"<p>Bienvenido a comprar al por mayor lavabos de ba\u00f1o. Nuestro lavabo al por mayor suppl cuenta con un atractivo estilo de dos tonos, con un esmalte azul Tiffany brillante de moda en el interior, y un exterior dise\u00f1ado para emular el aspecto natural de m\u00e1rmol, para darle una sensaci\u00f3n deportiva de lujo.<\/p>\n<table style=\"border-collapse: collapse; width: 311.02pt;\" border=\"0\" width=\"311\" cellspacing=\"0\" cellpadding=\"0\">\n<tbody>\n<tr style=\"height: 17.60pt;\">\n<td class=\"et3\" style=\"height: 17.60pt; width: 108.35pt;\" width=\"108\" height=\"17\">Fabricante<\/td>\n<td class=\"et3\" style=\"width: 202.95pt;\" width=\"202\">HanYu<\/td>\n<\/tr>\n<tr style=\"height: 17.60pt;\">\n<td class=\"et3\" style=\"height: 17.60pt;\" height=\"17\">N\u00ba de modelo<\/td>\n<td class=\"et4\">HY-8069D40<\/td>\n<\/tr>\n<tr style=\"height: 36.00pt;\">\n<td class=\"et3\" style=\"height: 36.00pt;\" height=\"36\">Tipo<\/td>\n<td class=\"et5\" style=\"width: 202.95pt;\" width=\"202\">Lavabo Color M\u00e1rmol, Lavabo Encimera<\/td>\n<\/tr>\n<tr style=\"height: 17.60pt;\">\n<td class=\"et3\" style=\"height: 17.60pt;\" height=\"17\">Forma<\/td>\n<td class=\"et3\">Forma redonda<\/td>\n<\/tr>\n<tr style=\"height: 18.00pt;\">\n<td class=\"et4\" style=\"height: 18.00pt;\" height=\"18\">Color<\/td>\n<td class=\"et5\" style=\"width: 202.95pt;\" width=\"202\">m\u00e1rmol<\/td>\n<\/tr>\n<tr style=\"height: 18.00pt;\">\n<td class=\"et3\" style=\"height: 18.00pt;\" height=\"18\">Dimensi\u00f3n<\/td>\n<td class=\"et5\" style=\"width: 202.95pt;\" width=\"202\">41.5*41.5*13.5<\/td>\n<\/tr>\n<tr style=\"height: 17.60pt;\">\n<td class=\"et3\" style=\"height: 17.60pt;\" height=\"17\">N.W \/SET<\/td>\n<td class=\"et3\">8 KGS\/PCS<\/td>\n<\/tr>\n<tr style=\"height: 17.60pt;\">\n<td class=\"et3\" style=\"height: 17.60pt;\" height=\"17\">MOQ<\/td>\n<td class=\"et3\">20 piezas<\/td>\n<\/tr>\n<tr style=\"height: 17.60pt;\">\n<td class=\"et3\" style=\"height: 17.60pt;\" height=\"17\">Opci\u00f3n personalizada<\/td>\n<td class=\"et3\">Color\/Patr\u00f3n\/Tama\u00f1o\/Logotipo\/Embalaje<\/td>\n<\/tr>\n<\/tbody>\n<\/table>","protected":false},"featured_media":8230,"comment_status":"closed","ping_status":"closed","template":"","meta":{"_acf_changed":false},"product_brand":[],"product_cat":[50],"product_tag":[],"class_list":{"0":"post-8227","1":"product","2":"type-product","3":"status-publish","4":"has-post-thumbnail","6":"product_cat-wholesale-countertop-sinks","8":"first","9":"instock","10":"shipping-taxable","11":"product-type-simple"},"acf":[],"_links":{"self":[{"href":"https:\/\/www.ceramicbasin.com\/es\/wp-json\/wp\/v2\/product\/8227","targetHints":{"allow":["GET"]}}],"collection":[{"href":"https:\/\/www.ceramicbasin.com\/es\/wp-json\/wp\/v2\/product"}],"about":[{"href":"https:\/\/www.ceramicbasin.com\/es\/wp-json\/wp\/v2\/types\/product"}],"replies":[{"embeddable":true,"href":"https:\/\/www.ceramicbasin.com\/es\/wp-json\/wp\/v2\/comments?post=8227"}],"wp:featuredmedia":[{"embeddable":true,"href":"https:\/\/www.ceramicbasin.com\/es\/wp-json\/wp\/v2\/media\/8230"}],"wp:attachment":[{"href":"https:\/\/www.ceramicbasin.com\/es\/wp-json\/wp\/v2\/media?parent=8227"}],"wp:term":[{"taxonomy":"product_brand","embeddable":true,"href":"https:\/\/www.ceramicbasin.com\/es\/wp-json\/wp\/v2\/product_brand?post=8227"},{"taxonomy":"product_cat","embeddable":true,"href":"https:\/\/www.ceramicbasin.com\/es\/wp-json\/wp\/v2\/product_cat?post=8227"},{"taxonomy":"product_tag","embeddable":true,"href":"https:\/\/www.ceramicbasin.com\/es\/wp-json\/wp\/v2\/product_tag?post=8227"}],"curies":[{"name":"wp","href":"https:\/\/api.w.org\/{rel}","templated":true}]}}