{"id":8362,"date":"2025-11-06T01:26:15","date_gmt":"2025-11-06T01:26:15","guid":{"rendered":"https:\/\/www.ceramicbasin.com\/?post_type=product&#038;p=8362"},"modified":"2025-11-07T02:46:50","modified_gmt":"2025-11-07T02:46:50","slug":"oval-bathroom-basin-wholesale","status":"publish","type":"product","link":"https:\/\/www.ceramicbasin.com\/es\/producto\/oval-bathroom-basin-wholesale\/","title":{"rendered":"Lavabo de Ba\u00f1o Ovalado al por mayor, Lavabo de Encimera de Cer\u00e1mica al por mayor"},"content":{"rendered":"<div class=\"wp-block-columns is-layout-flex wp-container-core-columns-is-layout-9d6595d7 wp-block-columns-is-layout-flex\">\n<div class=\"wp-block-column is-layout-flow wp-block-column-is-layout-flow\">\n<h2 class=\"wp-block-heading\">Premium Oval Lavabo de Ba\u00f1o al por mayor Caracter\u00edsticas:<\/h2>\n\n\n\n<ul class=\"wp-block-list\">\n<li><strong>Alta calidad y durabilidad:<\/strong> Este lavabo de ba\u00f1o ovalado al por mayor est\u00e1 fabricado con material cer\u00e1mico de alta calidad y ha sido sometido a un riguroso proceso de fabricaci\u00f3n para garantizar que el producto sea duradero, resistente a las manchas y a los ara\u00f1azos.<\/li>\n\n\n\n<li><strong>Forma ovalada:<\/strong> La forma de nuestros fregaderos de cer\u00e1mica al por mayor para encimeras es una forma ovalada sin esfuerzo. Esta forma ovalada simple es cl\u00e1sico y elegante, a\u00f1adiendo al estilo general del ambiente de ba\u00f1o y se puede combinar perfectamente con cualquier estilo de decoraci\u00f3n de ba\u00f1o.<\/li>\n\n\n\n<li><strong>Suministro directo de f\u00e1brica: <\/strong>Nuestros lavabos a medida para encimeras de ba\u00f1o proceden directamente de f\u00e1brica y le proporcionar\u00e1n productos de buena calidad al precio m\u00e1s competitivo. Adem\u00e1s, para pedidos al por mayor, se obtiene precios al por mayor; que le ayuda a ahorrar en los costos de los productos y aumenta su margen de beneficio.<\/li>\n\n\n\n<li><strong>Se admite la venta al por mayor y la personalizaci\u00f3n: <\/strong>El lavabo ovalado para ba\u00f1o al por mayor est\u00e1 dise\u00f1ado para su instalaci\u00f3n sobre encimera, y ofrece m\u00faltiples tama\u00f1os y colores entre los que elegir. Se admite la personalizaci\u00f3n OEM\/ODM para satisfacer las necesidades de proyectos hoteleros y proyectos comerciales.<\/li>\n<\/ul>\n<\/div>\n\n\n\n<div class=\"wp-block-column is-layout-flow wp-block-column-is-layout-flow\">\n<figure class=\"wp-block-image size-full\"><img fetchpriority=\"high\" decoding=\"async\" width=\"656\" height=\"928\" src=\"https:\/\/www.ceramicbasin.com\/wp-content\/uploads\/2025\/11\/oval-bathroom-basin-wholesale-ceramic-countertop-sink-bulk-6.webp\" alt=\"lavabo de ba\u00f1o ovalado-mayorista-ceramica-encimera-fregadero-bulk-6\" class=\"wp-image-8426\" srcset=\"https:\/\/www.ceramicbasin.com\/wp-content\/uploads\/2025\/11\/oval-bathroom-basin-wholesale-ceramic-countertop-sink-bulk-6.webp 656w, https:\/\/www.ceramicbasin.com\/wp-content\/uploads\/2025\/11\/oval-bathroom-basin-wholesale-ceramic-countertop-sink-bulk-6-212x300.webp 212w, https:\/\/www.ceramicbasin.com\/wp-content\/uploads\/2025\/11\/oval-bathroom-basin-wholesale-ceramic-countertop-sink-bulk-6-8x12.webp 8w, https:\/\/www.ceramicbasin.com\/wp-content\/uploads\/2025\/11\/oval-bathroom-basin-wholesale-ceramic-countertop-sink-bulk-6-285x403.webp 285w, https:\/\/www.ceramicbasin.com\/wp-content\/uploads\/2025\/11\/oval-bathroom-basin-wholesale-ceramic-countertop-sink-bulk-6-467x660.webp 467w, https:\/\/www.ceramicbasin.com\/wp-content\/uploads\/2025\/11\/oval-bathroom-basin-wholesale-ceramic-countertop-sink-bulk-6-106x150.webp 106w\" sizes=\"(max-width: 656px) 100vw, 656px\" \/><\/figure>\n<\/div>\n<\/div>\n\n\n\n<p><\/p>","protected":false},"excerpt":{"rendered":"<p>Bienvenido a comprar este lavabo de ba\u00f1o oval al por mayor. HanYu proporciona lavabos personalizados de alta calidad para encimeras de ba\u00f1o al por mayor directamente desde nuestra f\u00e1brica, y admite el servicio personalizado al precio m\u00e1s competitivo. El dise\u00f1o elegante y aerodin\u00e1mico de nuestros lavabos al por mayor se integra en varios estilos de ba\u00f1o, ideal para ba\u00f1os de hoteles, proyectos comerciales y personalizaci\u00f3n al por mayor.<\/p>\n<table width=\"311\">\n<tbody>\n<tr>\n<td width=\"108\">Fabricante<\/td>\n<td width=\"202\">HanYu<\/td>\n<\/tr>\n<tr>\n<td>N\u00ba de modelo<\/td>\n<td>HY-8171A<\/td>\n<\/tr>\n<tr>\n<td>Tipo<\/td>\n<td>Lavabo de Encimera<\/td>\n<\/tr>\n<tr>\n<td>Forma<\/td>\n<td>Oval\u00a0<\/td>\n<\/tr>\n<tr>\n<td>Color<\/td>\n<td>Blanco<\/td>\n<\/tr>\n<tr>\n<td>Dimensi\u00f3n<\/td>\n<td width=\"202\">42*30*12<\/td>\n<\/tr>\n<tr>\n<td>N.W \/SET<\/td>\n<td>11KG\/PCS<\/td>\n<\/tr>\n<tr>\n<td>MOQ<\/td>\n<td>20 piezas<\/td>\n<\/tr>\n<tr>\n<td>Opci\u00f3n personalizada<\/td>\n<td>Color\/Patr\u00f3n\/Tama\u00f1o\/Logotipo\/Embalaje<\/td>\n<\/tr>\n<\/tbody>\n<\/table>","protected":false},"featured_media":8421,"comment_status":"closed","ping_status":"closed","template":"","meta":{"_acf_changed":false},"product_brand":[],"product_cat":[50],"product_tag":[],"class_list":{"0":"post-8362","1":"product","2":"type-product","3":"status-publish","4":"has-post-thumbnail","6":"product_cat-wholesale-countertop-sinks","8":"first","9":"instock","10":"shipping-taxable","11":"product-type-simple"},"acf":[],"_links":{"self":[{"href":"https:\/\/www.ceramicbasin.com\/es\/wp-json\/wp\/v2\/product\/8362","targetHints":{"allow":["GET"]}}],"collection":[{"href":"https:\/\/www.ceramicbasin.com\/es\/wp-json\/wp\/v2\/product"}],"about":[{"href":"https:\/\/www.ceramicbasin.com\/es\/wp-json\/wp\/v2\/types\/product"}],"replies":[{"embeddable":true,"href":"https:\/\/www.ceramicbasin.com\/es\/wp-json\/wp\/v2\/comments?post=8362"}],"wp:featuredmedia":[{"embeddable":true,"href":"https:\/\/www.ceramicbasin.com\/es\/wp-json\/wp\/v2\/media\/8421"}],"wp:attachment":[{"href":"https:\/\/www.ceramicbasin.com\/es\/wp-json\/wp\/v2\/media?parent=8362"}],"wp:term":[{"taxonomy":"product_brand","embeddable":true,"href":"https:\/\/www.ceramicbasin.com\/es\/wp-json\/wp\/v2\/product_brand?post=8362"},{"taxonomy":"product_cat","embeddable":true,"href":"https:\/\/www.ceramicbasin.com\/es\/wp-json\/wp\/v2\/product_cat?post=8362"},{"taxonomy":"product_tag","embeddable":true,"href":"https:\/\/www.ceramicbasin.com\/es\/wp-json\/wp\/v2\/product_tag?post=8362"}],"curies":[{"name":"wp","href":"https:\/\/api.w.org\/{rel}","templated":true}]}}