{"id":8371,"date":"2025-11-06T02:22:14","date_gmt":"2025-11-06T02:22:14","guid":{"rendered":"https:\/\/www.ceramicbasin.com\/?post_type=product&#038;p=8371"},"modified":"2025-11-07T02:12:10","modified_gmt":"2025-11-07T02:12:10","slug":"custom-round-countertop-bathroom-sink","status":"publish","type":"product","link":"https:\/\/www.ceramicbasin.com\/es\/producto\/custom-round-countertop-bathroom-sink\/","title":{"rendered":"Fregadero redondo a medida para encimera de ba\u00f1o, lavabo de cer\u00e1mica blanca a granel"},"content":{"rendered":"<div class=\"wp-block-columns is-layout-flex wp-container-core-columns-is-layout-9d6595d7 wp-block-columns-is-layout-flex\">\n<div class=\"wp-block-column is-layout-flow wp-block-column-is-layout-flow\">\n<h2 class=\"wp-block-heading\">Premium Custom Redondo Encimera Lavabo Caracter\u00edsticas:<\/h2>\n\n\n\n<ul class=\"wp-block-list\">\n<li><strong>Dise\u00f1o redondo cl\u00e1sico:<\/strong> La forma de estos lavabos redondos a medida para encimera de ba\u00f1o est\u00e1 dise\u00f1ada con un estilo sencillo y elegante. Las l\u00edneas redondeadas confieren al espacio de ba\u00f1o un ambiente armonioso, al tiempo que se adapta perfectamente a cualquier estilo de decoraci\u00f3n de ba\u00f1o, desde la sencillez moderna hasta el estilo tradicional.<\/li>\n\n\n\n<li><strong>Material de porcelana de alta calidad:<\/strong> La calidad del material porcel\u00e1nico que compone nuestros lavabos redondos de encimera al por mayor es soberbia. Cocido a altas temperaturas, con una excelente resistencia contra el desgaste y las manchas. El esmalte de alto brillo es impermeable y resistente a las manchas; basta con pasar un pa\u00f1o para mantenerlo brillante.<\/li>\n\n\n\n<li><strong>Dise\u00f1o que ahorra espacio: <\/strong>Estos lavabos de porcelana al por mayor no s\u00f3lo son visualmente bellos, sino que tambi\u00e9n aprovechan al m\u00e1ximo el espacio de la encimera. Se pueden instalar en cuartos de ba\u00f1o de cualquier tama\u00f1o, especialmente en espacios reducidos. Mejora la utilizaci\u00f3n del espacio sin comprometer ninguna funci\u00f3n pr\u00e1ctica.<\/li>\n\n\n\n<li><strong>Servicios mayoristas y personalizados:<\/strong> Ofrecemos precios de compra al por mayor y servicio OEM\/ODM para lavabos redondos de encimera a medida, que pueden configurarse seg\u00fan los requisitos concretos de los clientes para adaptarse al estilo y las necesidades funcionales de los distintos proyectos.<\/li>\n<\/ul>\n<\/div>\n\n\n\n<div class=\"wp-block-column is-layout-flow wp-block-column-is-layout-flow\">\n<figure class=\"wp-block-image size-full\"><img fetchpriority=\"high\" decoding=\"async\" width=\"604\" height=\"913\" src=\"https:\/\/www.ceramicbasin.com\/wp-content\/uploads\/2025\/11\/custom-round-countertop-bathroom-sink-ceramic-basin-bulk-6.webp\" alt=\"fregadero-cer\u00e1mica-sobre-encimera-redondo-a-la-medida-6\" class=\"wp-image-8419\" srcset=\"https:\/\/www.ceramicbasin.com\/wp-content\/uploads\/2025\/11\/custom-round-countertop-bathroom-sink-ceramic-basin-bulk-6.webp 604w, https:\/\/www.ceramicbasin.com\/wp-content\/uploads\/2025\/11\/custom-round-countertop-bathroom-sink-ceramic-basin-bulk-6-198x300.webp 198w, https:\/\/www.ceramicbasin.com\/wp-content\/uploads\/2025\/11\/custom-round-countertop-bathroom-sink-ceramic-basin-bulk-6-8x12.webp 8w, https:\/\/www.ceramicbasin.com\/wp-content\/uploads\/2025\/11\/custom-round-countertop-bathroom-sink-ceramic-basin-bulk-6-285x431.webp 285w, https:\/\/www.ceramicbasin.com\/wp-content\/uploads\/2025\/11\/custom-round-countertop-bathroom-sink-ceramic-basin-bulk-6-437x660.webp 437w, https:\/\/www.ceramicbasin.com\/wp-content\/uploads\/2025\/11\/custom-round-countertop-bathroom-sink-ceramic-basin-bulk-6-99x150.webp 99w\" sizes=\"(max-width: 604px) 100vw, 604px\" \/><\/figure>\n<\/div>\n<\/div>","protected":false},"excerpt":{"rendered":"<p>Bienvenido a comprar nuestro fregadero de ba\u00f1o de encimera redonda personalizada cuenta con un elegante acabado de cer\u00e1mica blanca con un esmalte suave y duradero. Nuestros lavabos de ba\u00f1o de porcelana al por mayor se adaptan a muchos tipos de estilos de ba\u00f1o con su dise\u00f1o simple y atmosf\u00e9rica, con una superficie lisa, resistente al desgaste, y f\u00e1cil de limpiar. Es ideal para hoteles, hogares y ba\u00f1os comerciales.<\/p>\n<table style=\"border-collapse: collapse; width: 358.52pt;\" border=\"0\" width=\"478\" cellspacing=\"0\" cellpadding=\"0\">\n<tbody>\n<tr style=\"height: 17.25pt;\">\n<td class=\"et3\" style=\"height: 17.25pt; width: 125.00pt;\" width=\"166\" height=\"23\">Fabricante<\/td>\n<td class=\"et3\" style=\"width: 234.15pt;\" width=\"312\">HanYu<\/td>\n<\/tr>\n<tr style=\"height: 17.25pt;\">\n<td class=\"et3\" style=\"height: 17.25pt;\" height=\"23\">N\u00ba de modelo<\/td>\n<td class=\"et4\">HY-8155A<\/td>\n<\/tr>\n<tr style=\"height: 17.25pt;\">\n<td class=\"et3\" style=\"height: 17.25pt;\" height=\"23\">Tipo<\/td>\n<td class=\"et5\" style=\"width: 234.15pt;\" width=\"312\">Lavabos sobre encimera<\/td>\n<\/tr>\n<tr style=\"height: 18.00pt;\">\n<td class=\"et3\" style=\"height: 18.00pt;\" height=\"24\">Forma<\/td>\n<td class=\"et3\">Forma redonda<\/td>\n<\/tr>\n<tr style=\"height: 34.50pt;\">\n<td class=\"et4\" style=\"height: 34.50pt;\" height=\"46\">Color<\/td>\n<td class=\"et5\" style=\"width: 234.15pt;\" width=\"312\">negro\/blanco\/azul\/gris\/rosa\/verde\/marr\u00f3n\/caqui<\/td>\n<\/tr>\n<tr style=\"height: 18.00pt;\">\n<td class=\"et3\" style=\"height: 18.00pt;\" height=\"24\">Dimensi\u00f3n<\/td>\n<td class=\"et5\" style=\"width: 234.15pt;\" width=\"312\">30.5*30.5*11<\/td>\n<\/tr>\n<tr style=\"height: 17.25pt;\">\n<td class=\"et3\" style=\"height: 17.25pt;\" height=\"23\">N.W \/SET<\/td>\n<td class=\"et3\">9 KGS\/PCS<\/td>\n<\/tr>\n<tr style=\"height: 17.25pt;\">\n<td class=\"et3\" style=\"height: 17.25pt;\" height=\"23\">MOQ<\/td>\n<td class=\"et3\">20 piezas<\/td>\n<\/tr>\n<tr style=\"height: 17.25pt;\">\n<td class=\"et3\" style=\"height: 17.25pt;\" height=\"23\">Opci\u00f3n personalizada<\/td>\n<td class=\"et3\">Color\/Patr\u00f3n\/Tama\u00f1o\/Logotipo\/Embalaje<\/td>\n<\/tr>\n<\/tbody>\n<\/table>","protected":false},"featured_media":8414,"comment_status":"closed","ping_status":"closed","template":"","meta":{"_acf_changed":false},"product_brand":[],"product_cat":[50],"product_tag":[],"class_list":{"0":"post-8371","1":"product","2":"type-product","3":"status-publish","4":"has-post-thumbnail","6":"product_cat-wholesale-countertop-sinks","8":"first","9":"instock","10":"shipping-taxable","11":"product-type-simple"},"acf":[],"_links":{"self":[{"href":"https:\/\/www.ceramicbasin.com\/es\/wp-json\/wp\/v2\/product\/8371","targetHints":{"allow":["GET"]}}],"collection":[{"href":"https:\/\/www.ceramicbasin.com\/es\/wp-json\/wp\/v2\/product"}],"about":[{"href":"https:\/\/www.ceramicbasin.com\/es\/wp-json\/wp\/v2\/types\/product"}],"replies":[{"embeddable":true,"href":"https:\/\/www.ceramicbasin.com\/es\/wp-json\/wp\/v2\/comments?post=8371"}],"wp:featuredmedia":[{"embeddable":true,"href":"https:\/\/www.ceramicbasin.com\/es\/wp-json\/wp\/v2\/media\/8414"}],"wp:attachment":[{"href":"https:\/\/www.ceramicbasin.com\/es\/wp-json\/wp\/v2\/media?parent=8371"}],"wp:term":[{"taxonomy":"product_brand","embeddable":true,"href":"https:\/\/www.ceramicbasin.com\/es\/wp-json\/wp\/v2\/product_brand?post=8371"},{"taxonomy":"product_cat","embeddable":true,"href":"https:\/\/www.ceramicbasin.com\/es\/wp-json\/wp\/v2\/product_cat?post=8371"},{"taxonomy":"product_tag","embeddable":true,"href":"https:\/\/www.ceramicbasin.com\/es\/wp-json\/wp\/v2\/product_tag?post=8371"}],"curies":[{"name":"wp","href":"https:\/\/api.w.org\/{rel}","templated":true}]}}