{"id":8380,"date":"2025-11-06T02:30:40","date_gmt":"2025-11-06T02:30:40","guid":{"rendered":"https:\/\/www.ceramicbasin.com\/?post_type=product&#038;p=8380"},"modified":"2025-11-07T01:49:02","modified_gmt":"2025-11-07T01:49:02","slug":"wholesale-round-bathroom-sink","status":"publish","type":"product","link":"https:\/\/www.ceramicbasin.com\/es\/producto\/wholesale-round-bathroom-sink\/","title":{"rendered":"Fregadero de ba\u00f1o redondo al por mayor de la f\u00e1brica para el gabinete"},"content":{"rendered":"<div class=\"wp-block-columns is-layout-flex wp-container-core-columns-is-layout-9d6595d7 wp-block-columns-is-layout-flex\">\n<div class=\"wp-block-column is-layout-flow wp-block-column-is-layout-flow\">\n<h2 class=\"wp-block-heading\">Premium Factory Venta al por mayor Lavabo de ba\u00f1o redondo Caracter\u00edsticas:<\/h2>\n\n\n\n<ul class=\"wp-block-list\">\n<li><strong>Venta directa de f\u00e1brica:\u00a0<\/strong>El lavabo de ba\u00f1o redondo al por mayor de HanYu es vendido directamente por la f\u00e1brica, eliminando la diferencia de precio de los intermediarios, y la compra al por mayor de lavabos de ba\u00f1o le garantiza la compra al por mayor de lavabos de ba\u00f1o de alta calidad al menor coste.<\/li>\n\n\n\n<li><strong>Dise\u00f1o circular, sencillo y elegante: <\/strong>El lavabo de cer\u00e1mica al por mayor en forma redonda con l\u00edneas suaves se adaptar\u00e1 a otros estilos de tocadores de ba\u00f1o y har\u00e1 que su cuarto de ba\u00f1o se sienta completo. Disponible en diferentes tama\u00f1os, colores, acabados de superficie, y la personalizaci\u00f3n a granel OEM \/ ODM.<\/li>\n\n\n\n<li><strong>F\u00e1cil instalaci\u00f3n:<\/strong> Nuestros lavabos y fregaderos de ba\u00f1o redondos al por mayor presentan un dise\u00f1o de instalaci\u00f3n sobre encimera, adecuado para la instalaci\u00f3n en armario. La estructura es robusta y la instalaci\u00f3n es sencilla.<\/li>\n\n\n\n<li><strong>Material cer\u00e1mico de alta calidad: <\/strong>Nuestros lavabos de encimera al por mayor est\u00e1n hechos de cer\u00e1mica cocida a alta temperatura, el esmalte de la superficie es suave y denso, resistente a los ara\u00f1azos, a las manchas, f\u00e1cil de limpiar e impermeable, manteniendo su brillo incluso despu\u00e9s de un uso prolongado.<\/li>\n<\/ul>\n<\/div>\n\n\n\n<div class=\"wp-block-column is-layout-flow wp-block-column-is-layout-flow\">\n<figure class=\"wp-block-image size-full\"><img fetchpriority=\"high\" decoding=\"async\" width=\"660\" height=\"936\" src=\"https:\/\/www.ceramicbasin.com\/wp-content\/uploads\/2025\/11\/Factory-Price-Wholesales-Round-Sinks-6.webp\" alt=\"f\u00e1brica-mayorista-fregadero-redondo-para-el-armario-6\" class=\"wp-image-8381\" srcset=\"https:\/\/www.ceramicbasin.com\/wp-content\/uploads\/2025\/11\/Factory-Price-Wholesales-Round-Sinks-6.webp 660w, https:\/\/www.ceramicbasin.com\/wp-content\/uploads\/2025\/11\/Factory-Price-Wholesales-Round-Sinks-6-212x300.webp 212w, https:\/\/www.ceramicbasin.com\/wp-content\/uploads\/2025\/11\/Factory-Price-Wholesales-Round-Sinks-6-8x12.webp 8w, https:\/\/www.ceramicbasin.com\/wp-content\/uploads\/2025\/11\/Factory-Price-Wholesales-Round-Sinks-6-285x404.webp 285w, https:\/\/www.ceramicbasin.com\/wp-content\/uploads\/2025\/11\/Factory-Price-Wholesales-Round-Sinks-6-465x660.webp 465w, https:\/\/www.ceramicbasin.com\/wp-content\/uploads\/2025\/11\/Factory-Price-Wholesales-Round-Sinks-6-106x150.webp 106w\" sizes=\"(max-width: 660px) 100vw, 660px\" \/><\/figure>\n<\/div>\n<\/div>","protected":false},"excerpt":{"rendered":"<p>Bienvenido a comprar nuestro lavabo de ba\u00f1o redondo al por mayor. Estos lavabos de encimera personalizados est\u00e1n dise\u00f1ados para la instalaci\u00f3n en armarios, combinando un suave acabado esmaltado con cer\u00e1mica duradera de alta temperatura. Se vende directo de f\u00e1brica para los fregaderos m\u00e1s superior al menor costo. Nuestra diversa selecci\u00f3n incluye una variedad de estilos, tama\u00f1os y colores que se adaptan a cualquier dise\u00f1o en el cuarto de ba\u00f1o para proyectos de f\u00e1brica al por mayor y OEM ba\u00f1o.<\/p>\n<table style=\"border-collapse: collapse; width: 358.52pt;\" border=\"0\" width=\"478\" cellspacing=\"0\" cellpadding=\"0\">\n<tbody>\n<tr style=\"height: 17.25pt;\">\n<td class=\"et3\" style=\"height: 17.25pt; width: 125.00pt;\" width=\"166\" height=\"23\">Fabricante<\/td>\n<td class=\"et3\" style=\"width: 234.15pt;\" width=\"312\">HanYu<\/td>\n<\/tr>\n<tr style=\"height: 17.25pt;\">\n<td class=\"et3\" style=\"height: 17.25pt;\" height=\"23\">N\u00ba de modelo<\/td>\n<td class=\"et4\">HY-8070B<\/td>\n<\/tr>\n<tr style=\"height: 17.25pt;\">\n<td class=\"et3\" style=\"height: 17.25pt;\" height=\"23\">Tipo<\/td>\n<td class=\"et5\" style=\"width: 234.15pt;\" width=\"312\">Lavabos sobre encimera<\/td>\n<\/tr>\n<tr style=\"height: 18.00pt;\">\n<td class=\"et3\" style=\"height: 18.00pt;\" height=\"24\">Forma<\/td>\n<td class=\"et3\">Forma redonda<\/td>\n<\/tr>\n<tr style=\"height: 34.50pt;\">\n<td class=\"et4\" style=\"height: 34.50pt;\" height=\"46\">Color<\/td>\n<td class=\"et5\" style=\"width: 234.15pt;\" width=\"312\">negro\/blanco\/azul\/gris\/rosa\/verde\/marr\u00f3n\/caqui<\/td>\n<\/tr>\n<tr style=\"height: 18.00pt;\">\n<td class=\"et3\" style=\"height: 18.00pt;\" height=\"24\">Dimensi\u00f3n<\/td>\n<td class=\"et5\" style=\"width: 234.15pt;\" width=\"312\">31*31*11<\/td>\n<\/tr>\n<tr style=\"height: 17.25pt;\">\n<td class=\"et3\" style=\"height: 17.25pt;\" height=\"23\">N.W \/SET<\/td>\n<td class=\"et3\">9 KGS\/PCS<\/td>\n<\/tr>\n<tr style=\"height: 17.25pt;\">\n<td class=\"et3\" style=\"height: 17.25pt;\" height=\"23\">MOQ<\/td>\n<td class=\"et3\">20 piezas<\/td>\n<\/tr>\n<tr style=\"height: 17.25pt;\">\n<td class=\"et3\" style=\"height: 17.25pt;\" height=\"23\">Opci\u00f3n personalizada<\/td>\n<td class=\"et3\">Color\/Patr\u00f3n\/Tama\u00f1o\/Logotipo\/Embalaje<\/td>\n<\/tr>\n<\/tbody>\n<\/table>","protected":false},"featured_media":8382,"comment_status":"closed","ping_status":"closed","template":"","meta":{"_acf_changed":false},"product_brand":[],"product_cat":[50],"product_tag":[],"class_list":{"0":"post-8380","1":"product","2":"type-product","3":"status-publish","4":"has-post-thumbnail","6":"product_cat-wholesale-countertop-sinks","8":"first","9":"instock","10":"shipping-taxable","11":"product-type-simple"},"acf":[],"_links":{"self":[{"href":"https:\/\/www.ceramicbasin.com\/es\/wp-json\/wp\/v2\/product\/8380","targetHints":{"allow":["GET"]}}],"collection":[{"href":"https:\/\/www.ceramicbasin.com\/es\/wp-json\/wp\/v2\/product"}],"about":[{"href":"https:\/\/www.ceramicbasin.com\/es\/wp-json\/wp\/v2\/types\/product"}],"replies":[{"embeddable":true,"href":"https:\/\/www.ceramicbasin.com\/es\/wp-json\/wp\/v2\/comments?post=8380"}],"wp:featuredmedia":[{"embeddable":true,"href":"https:\/\/www.ceramicbasin.com\/es\/wp-json\/wp\/v2\/media\/8382"}],"wp:attachment":[{"href":"https:\/\/www.ceramicbasin.com\/es\/wp-json\/wp\/v2\/media?parent=8380"}],"wp:term":[{"taxonomy":"product_brand","embeddable":true,"href":"https:\/\/www.ceramicbasin.com\/es\/wp-json\/wp\/v2\/product_brand?post=8380"},{"taxonomy":"product_cat","embeddable":true,"href":"https:\/\/www.ceramicbasin.com\/es\/wp-json\/wp\/v2\/product_cat?post=8380"},{"taxonomy":"product_tag","embeddable":true,"href":"https:\/\/www.ceramicbasin.com\/es\/wp-json\/wp\/v2\/product_tag?post=8380"}],"curies":[{"name":"wp","href":"https:\/\/api.w.org\/{rel}","templated":true}]}}