{"id":8395,"date":"2025-11-06T02:37:26","date_gmt":"2025-11-06T02:37:26","guid":{"rendered":"https:\/\/www.ceramicbasin.com\/?post_type=product&#038;p=8395"},"modified":"2025-11-07T01:22:21","modified_gmt":"2025-11-07T01:22:21","slug":"wholesale-round-lavatory-sink","status":"publish","type":"product","link":"https:\/\/www.ceramicbasin.com\/es\/producto\/wholesale-round-lavatory-sink\/","title":{"rendered":"Fregadero redondo moderno al por mayor para cuarto de ba\u00f1o y hotel"},"content":{"rendered":"<div class=\"wp-block-columns is-layout-flex wp-container-core-columns-is-layout-9d6595d7 wp-block-columns-is-layout-flex\">\n<div class=\"wp-block-column is-layout-flow wp-block-column-is-layout-flow\">\n<h2 class=\"wp-block-heading\">Premium Europe Venta al por mayor Lavabo Redondo Caracter\u00edsticas:<\/h2>\n\n\n\n<ul class=\"wp-block-list\">\n<li><strong>Dise\u00f1o noble: <\/strong>Los lavabos de encimera al por mayor presentan una forma redonda. Para el dise\u00f1o interior, se trata de una exquisita textura de corte de ladrillo, rompiendo la tradicional pared interior lisa y a\u00f1adiendo una jerarqu\u00eda visual \u00fanica para hacerlo mucho m\u00e1s elegante y lujoso.<\/li>\n\n\n\n<li><strong>Esmalte:<\/strong> En la superficie de este lavabo redondo al por mayor se aplica un tratamiento de acristalamiento a alta temperatura para garantizar un tacto suave, una limpieza f\u00e1cil y un excelente rendimiento antiincrustante y antimanchas. El suave acristalamiento reduce la acumulaci\u00f3n de manchas de agua y suciedad; puede mantener su brillo durante mucho tiempo, incluso con un uso frecuente.<\/li>\n\n\n\n<li><strong>Colores: <\/strong>Estos lavabos redondos al por mayor ofrecen varios tipos de opciones de color, que pueden combinarse f\u00e1cilmente con diversos temas de dise\u00f1o de cuartos de ba\u00f1o. Tanto si se trata de un estilo sencillo y moderno como retro y cl\u00e1sico, puede integrarse perfectamente mediante colores personalizados.<\/li>\n\n\n\n<li><strong>Duradera: <\/strong>Nuestros fregaderos de cer\u00e1mica al por mayor para encimeras est\u00e1n fabricados con cer\u00e1mica de alta calidad. Tienen una estructura s\u00f3lida con una excepcional resistencia a ara\u00f1azos y grietas. Nuestros fregaderos de cer\u00e1mica son cocidos a alta temperatura, proporcionando una mayor durabilidad y resistencia a la deformaci\u00f3n en el uso diario. Soportan varios tipos de desaf\u00edos en el uso diario, y servir\u00e1n para una amplia variedad de prop\u00f3sitos en la decoraci\u00f3n comercial y del hogar.<\/li>\n<\/ul>\n<\/div>\n\n\n\n<div class=\"wp-block-column is-layout-flow wp-block-column-is-layout-flow\">\n<figure class=\"wp-block-image size-full\"><img fetchpriority=\"high\" decoding=\"async\" width=\"550\" height=\"900\" src=\"https:\/\/www.ceramicbasin.com\/wp-content\/uploads\/2025\/11\/modern-wholesale-round-lavatory-sink-for-bathroom-and-hotel-6.webp\" alt=\"fregadero-lavabo-redondo-moderno-mayorista-para-ba\u00f1o-y-hotel-6\" class=\"wp-image-8410\" srcset=\"https:\/\/www.ceramicbasin.com\/wp-content\/uploads\/2025\/11\/modern-wholesale-round-lavatory-sink-for-bathroom-and-hotel-6.webp 550w, https:\/\/www.ceramicbasin.com\/wp-content\/uploads\/2025\/11\/modern-wholesale-round-lavatory-sink-for-bathroom-and-hotel-6-183x300.webp 183w, https:\/\/www.ceramicbasin.com\/wp-content\/uploads\/2025\/11\/modern-wholesale-round-lavatory-sink-for-bathroom-and-hotel-6-7x12.webp 7w, https:\/\/www.ceramicbasin.com\/wp-content\/uploads\/2025\/11\/modern-wholesale-round-lavatory-sink-for-bathroom-and-hotel-6-285x466.webp 285w, https:\/\/www.ceramicbasin.com\/wp-content\/uploads\/2025\/11\/modern-wholesale-round-lavatory-sink-for-bathroom-and-hotel-6-403x660.webp 403w, https:\/\/www.ceramicbasin.com\/wp-content\/uploads\/2025\/11\/modern-wholesale-round-lavatory-sink-for-bathroom-and-hotel-6-92x150.webp 92w\" sizes=\"(max-width: 550px) 100vw, 550px\" \/><\/figure>\n<\/div>\n<\/div>\n\n\n\n<p><\/p>","protected":false},"excerpt":{"rendered":"<p>Bienvenido a informarse sobre nuestros lavabos redondos al por mayor. Esta cuenca de cer\u00e1mica de estilo europeo cuenta con un dise\u00f1o elegante y minimalista que es perfecto para ba\u00f1os modernos y hoteles. Est\u00e1 hecho de durable, de alto brillo de cer\u00e1mica, con un acabado liso que proporciona una f\u00e1cil limpieza. Son lavabos ideales para proyectos de ba\u00f1o al por mayor y personalizados.<\/p>\n<table style=\"border-collapse: collapse; width: 311.02pt;\" border=\"0\" width=\"311\" cellspacing=\"0\" cellpadding=\"0\">\n<tbody>\n<tr style=\"height: 17.60pt;\">\n<td class=\"et3\" style=\"height: 17.60pt; width: 108.35pt;\" width=\"108\" height=\"17\">Fabricante<\/td>\n<td class=\"et3\" style=\"width: 202.95pt;\" width=\"202\">HanYu<\/td>\n<\/tr>\n<tr style=\"height: 17.60pt;\">\n<td class=\"et3\" style=\"height: 17.60pt;\" height=\"17\">N\u00ba de modelo<\/td>\n<td class=\"et4\">HY-8257<\/td>\n<\/tr>\n<tr style=\"height: 18.00pt;\">\n<td class=\"et3\" style=\"height: 18.00pt;\" height=\"18\">Tipo<\/td>\n<td class=\"et5\" style=\"width: 202.95pt;\" width=\"202\">Lavabo sobre encimera<\/td>\n<\/tr>\n<tr style=\"height: 17.60pt;\">\n<td class=\"et3\" style=\"height: 17.60pt;\" height=\"17\">Forma<\/td>\n<td class=\"et3\">Forma redonda<\/td>\n<\/tr>\n<tr style=\"height: 18.00pt;\">\n<td class=\"et4\" style=\"height: 18.00pt;\" height=\"18\">Color<\/td>\n<td class=\"et5\" style=\"width: 202.95pt;\" width=\"202\">Blanco<\/td>\n<\/tr>\n<tr style=\"height: 18.00pt;\">\n<td class=\"et3\" style=\"height: 18.00pt;\" height=\"18\">Dimensi\u00f3n<\/td>\n<td class=\"et5\" style=\"width: 202.95pt;\" width=\"202\">38*38*15.5<\/td>\n<\/tr>\n<tr style=\"height: 17.60pt;\">\n<td class=\"et3\" style=\"height: 17.60pt;\" height=\"17\">N.W \/SET<\/td>\n<td class=\"et3\">10 KGS\/PCS<\/td>\n<\/tr>\n<tr style=\"height: 17.60pt;\">\n<td class=\"et3\" style=\"height: 17.60pt;\" height=\"17\">MOQ<\/td>\n<td class=\"et3\">20 piezas<\/td>\n<\/tr>\n<tr style=\"height: 17.60pt;\">\n<td class=\"et3\" style=\"height: 17.60pt;\" height=\"17\">Opci\u00f3n personalizada<\/td>\n<td class=\"et3\">Color\/Patr\u00f3n\/Tama\u00f1o\/Logotipo\/Embalaje<\/td>\n<\/tr>\n<\/tbody>\n<\/table>","protected":false},"featured_media":8405,"comment_status":"closed","ping_status":"closed","template":"","meta":{"_acf_changed":false},"product_brand":[],"product_cat":[50],"product_tag":[],"class_list":{"0":"post-8395","1":"product","2":"type-product","3":"status-publish","4":"has-post-thumbnail","6":"product_cat-wholesale-countertop-sinks","8":"first","9":"instock","10":"shipping-taxable","11":"product-type-simple"},"acf":[],"_links":{"self":[{"href":"https:\/\/www.ceramicbasin.com\/es\/wp-json\/wp\/v2\/product\/8395","targetHints":{"allow":["GET"]}}],"collection":[{"href":"https:\/\/www.ceramicbasin.com\/es\/wp-json\/wp\/v2\/product"}],"about":[{"href":"https:\/\/www.ceramicbasin.com\/es\/wp-json\/wp\/v2\/types\/product"}],"replies":[{"embeddable":true,"href":"https:\/\/www.ceramicbasin.com\/es\/wp-json\/wp\/v2\/comments?post=8395"}],"wp:featuredmedia":[{"embeddable":true,"href":"https:\/\/www.ceramicbasin.com\/es\/wp-json\/wp\/v2\/media\/8405"}],"wp:attachment":[{"href":"https:\/\/www.ceramicbasin.com\/es\/wp-json\/wp\/v2\/media?parent=8395"}],"wp:term":[{"taxonomy":"product_brand","embeddable":true,"href":"https:\/\/www.ceramicbasin.com\/es\/wp-json\/wp\/v2\/product_brand?post=8395"},{"taxonomy":"product_cat","embeddable":true,"href":"https:\/\/www.ceramicbasin.com\/es\/wp-json\/wp\/v2\/product_cat?post=8395"},{"taxonomy":"product_tag","embeddable":true,"href":"https:\/\/www.ceramicbasin.com\/es\/wp-json\/wp\/v2\/product_tag?post=8395"}],"curies":[{"name":"wp","href":"https:\/\/api.w.org\/{rel}","templated":true}]}}