{"id":8517,"date":"2025-11-15T09:34:49","date_gmt":"2025-11-15T09:34:49","guid":{"rendered":"https:\/\/www.ceramicbasin.com\/?post_type=product&#038;p=8517"},"modified":"2025-11-15T09:34:51","modified_gmt":"2025-11-15T09:34:51","slug":"wholesale-bathroom-countertop-basins","status":"publish","type":"product","link":"https:\/\/www.ceramicbasin.com\/es\/producto\/wholesale-bathroom-countertop-basins\/","title":{"rendered":"Venta al por mayor al por mayor lavabos de ba\u00f1o con agujero para grifo"},"content":{"rendered":"<div class=\"wp-block-columns is-layout-flex wp-container-core-columns-is-layout-9d6595d7 wp-block-columns-is-layout-flex\">\n<div class=\"wp-block-column is-layout-flow wp-block-column-is-layout-flow\">\n<h2 class=\"wp-block-heading\">Lavabos de Encimera de Ba\u00f1o al por mayor de primera calidad Caracter\u00edsticas:<\/h2>\n\n\n\n<ul class=\"wp-block-list\">\n<li><strong>F\u00e1cil instalaci\u00f3n:<\/strong>\u00a0Nuestros lavabos sobre encimera para cuartos de ba\u00f1o al por mayor presentan un dise\u00f1o de instalaci\u00f3n sobre encimera, adecuado para la instalaci\u00f3n de montaje en armario. La estructura es robusta y la instalaci\u00f3n es sencilla.<\/li>\n\n\n\n<li><strong>Material cer\u00e1mico de alta calidad:\u00a0<\/strong>Nuestros fregaderos de cer\u00e1mica a granel est\u00e1n hechos de cer\u00e1mica cocida a alta temperatura, el esmalte de la superficie es suave y denso, resistente a los ara\u00f1azos, resistente a las manchas, f\u00e1cil de limpiar e impermeable, manteniendo su brillo incluso despu\u00e9s de un uso prolongado.<\/li>\n\n\n\n<li><strong>Venta directa de f\u00e1brica:\u00a0<\/strong>Los lavabos de encimera de ba\u00f1o al por mayor de HanYu son vendidos directamente por la f\u00e1brica, lo que elimina la diferencia de precio de los intermediarios, y la compra al por mayor de lavabos de ba\u00f1o le garantiza la compra de lavabos de ba\u00f1o de alta calidad al por mayor al menor coste.<\/li>\n\n\n\n<li><strong>Dise\u00f1o s\u00f3lido rectangular:\u00a0<\/strong>Estos fregaderos de cer\u00e1mica de suministro a granel tienen un dise\u00f1o s\u00f3lido y l\u00edneas limpias, destacando un dise\u00f1o moderno y minimalista, perfecto para hoteles de gama alta y uso comercial.<\/li>\n<\/ul>\n<\/div>\n\n\n\n<div class=\"wp-block-column is-layout-flow wp-block-column-is-layout-flow\">\n<figure class=\"wp-block-image size-full\"><img fetchpriority=\"high\" decoding=\"async\" width=\"645\" height=\"936\" src=\"https:\/\/www.ceramicbasin.com\/wp-content\/uploads\/2025\/11\/Ceramic-washbasin-supplier-rectangle-design-above-counter-basin-with-faucet-hole-5.webp\" alt=\"\" class=\"wp-image-8514\" srcset=\"https:\/\/www.ceramicbasin.com\/wp-content\/uploads\/2025\/11\/Ceramic-washbasin-supplier-rectangle-design-above-counter-basin-with-faucet-hole-5.webp 645w, https:\/\/www.ceramicbasin.com\/wp-content\/uploads\/2025\/11\/Ceramic-washbasin-supplier-rectangle-design-above-counter-basin-with-faucet-hole-5-207x300.webp 207w, https:\/\/www.ceramicbasin.com\/wp-content\/uploads\/2025\/11\/Ceramic-washbasin-supplier-rectangle-design-above-counter-basin-with-faucet-hole-5-8x12.webp 8w, https:\/\/www.ceramicbasin.com\/wp-content\/uploads\/2025\/11\/Ceramic-washbasin-supplier-rectangle-design-above-counter-basin-with-faucet-hole-5-285x414.webp 285w, https:\/\/www.ceramicbasin.com\/wp-content\/uploads\/2025\/11\/Ceramic-washbasin-supplier-rectangle-design-above-counter-basin-with-faucet-hole-5-455x660.webp 455w, https:\/\/www.ceramicbasin.com\/wp-content\/uploads\/2025\/11\/Ceramic-washbasin-supplier-rectangle-design-above-counter-basin-with-faucet-hole-5-103x150.webp 103w\" sizes=\"(max-width: 645px) 100vw, 645px\" \/><\/figure>\n<\/div>\n<\/div>","protected":false},"excerpt":{"rendered":"<p>Bienvenido a pedir al por mayor lavabos para encimeras de ba\u00f1o. Nuestro suministro a granel lavabos de cer\u00e1mica son s\u00f3lidos en el dise\u00f1o y tienen l\u00edneas limpias, haciendo hincapi\u00e9 en un dise\u00f1o moderno y minimalista, perfecto para hoteles de alta gama y uso comercial.<\/p>\n<table style=\"border-collapse: collapse; width: 358.52pt;\" border=\"0\" width=\"478\" cellspacing=\"0\" cellpadding=\"0\">\n<tbody>\n<tr style=\"height: 17.25pt;\">\n<td class=\"et3\" style=\"height: 17.25pt; width: 125.00pt;\" width=\"166\" height=\"23\">Fabricante<\/td>\n<td class=\"et3\" style=\"width: 234.15pt;\" width=\"312\">HanYu<\/td>\n<\/tr>\n<tr style=\"height: 17.25pt;\">\n<td class=\"et3\" style=\"height: 17.25pt;\" height=\"23\">N\u00ba de modelo<\/td>\n<td class=\"et4\">HY-8262<\/td>\n<\/tr>\n<tr style=\"height: 17.25pt;\">\n<td class=\"et3\" style=\"height: 17.25pt;\" height=\"23\">Tipo<\/td>\n<td class=\"et5\" style=\"width: 234.15pt;\" width=\"312\">Fregaderos de encimera<\/td>\n<\/tr>\n<tr style=\"height: 18.00pt;\">\n<td class=\"et3\" style=\"height: 18.00pt;\" height=\"24\">Forma<\/td>\n<td class=\"et3\">Forma rectangular<\/td>\n<\/tr>\n<tr style=\"height: 34.50pt;\">\n<td class=\"et4\" style=\"height: 34.50pt;\" height=\"46\">Color<\/td>\n<td class=\"et5\" style=\"width: 234.15pt;\" width=\"312\">negro\/blanco\/azul\/gris\/rosa\/verde\/marr\u00f3n\/caqui<\/td>\n<\/tr>\n<tr style=\"height: 18.00pt;\">\n<td class=\"et3\" style=\"height: 18.00pt;\" height=\"24\">Dimensi\u00f3n<\/td>\n<td class=\"et5\" style=\"width: 234.15pt;\" width=\"312\">55*38*14<\/td>\n<\/tr>\n<tr style=\"height: 17.25pt;\">\n<td class=\"et3\" style=\"height: 17.25pt;\" height=\"23\">N.W \/SET<\/td>\n<td class=\"et3\">12KGS\/PCS<\/td>\n<\/tr>\n<tr style=\"height: 17.25pt;\">\n<td class=\"et3\" style=\"height: 17.25pt;\" height=\"23\">MOQ<\/td>\n<td class=\"et3\">20 piezas<\/td>\n<\/tr>\n<tr style=\"height: 17.25pt;\">\n<td class=\"et3\" style=\"height: 17.25pt;\" height=\"23\">Opci\u00f3n personalizada<\/td>\n<td class=\"et3\">Color\/Patr\u00f3n\/Tama\u00f1o\/Logotipo\/Embalaje<\/td>\n<\/tr>\n<\/tbody>\n<\/table>","protected":false},"featured_media":8513,"comment_status":"closed","ping_status":"closed","template":"","meta":{"_acf_changed":false},"product_brand":[],"product_cat":[50],"product_tag":[],"class_list":{"0":"post-8517","1":"product","2":"type-product","3":"status-publish","4":"has-post-thumbnail","6":"product_cat-wholesale-countertop-sinks","8":"first","9":"instock","10":"shipping-taxable","11":"product-type-simple"},"acf":[],"_links":{"self":[{"href":"https:\/\/www.ceramicbasin.com\/es\/wp-json\/wp\/v2\/product\/8517","targetHints":{"allow":["GET"]}}],"collection":[{"href":"https:\/\/www.ceramicbasin.com\/es\/wp-json\/wp\/v2\/product"}],"about":[{"href":"https:\/\/www.ceramicbasin.com\/es\/wp-json\/wp\/v2\/types\/product"}],"replies":[{"embeddable":true,"href":"https:\/\/www.ceramicbasin.com\/es\/wp-json\/wp\/v2\/comments?post=8517"}],"wp:featuredmedia":[{"embeddable":true,"href":"https:\/\/www.ceramicbasin.com\/es\/wp-json\/wp\/v2\/media\/8513"}],"wp:attachment":[{"href":"https:\/\/www.ceramicbasin.com\/es\/wp-json\/wp\/v2\/media?parent=8517"}],"wp:term":[{"taxonomy":"product_brand","embeddable":true,"href":"https:\/\/www.ceramicbasin.com\/es\/wp-json\/wp\/v2\/product_brand?post=8517"},{"taxonomy":"product_cat","embeddable":true,"href":"https:\/\/www.ceramicbasin.com\/es\/wp-json\/wp\/v2\/product_cat?post=8517"},{"taxonomy":"product_tag","embeddable":true,"href":"https:\/\/www.ceramicbasin.com\/es\/wp-json\/wp\/v2\/product_tag?post=8517"}],"curies":[{"name":"wp","href":"https:\/\/api.w.org\/{rel}","templated":true}]}}