{"id":8520,"date":"2025-11-15T09:27:14","date_gmt":"2025-11-15T09:27:14","guid":{"rendered":"https:\/\/www.ceramicbasin.com\/?post_type=product&#038;p=8520"},"modified":"2025-11-17T01:21:00","modified_gmt":"2025-11-17T01:21:00","slug":"wholesale-rectangular-bathroom-sink","status":"publish","type":"product","link":"https:\/\/www.ceramicbasin.com\/es\/producto\/wholesale-rectangular-bathroom-sink\/","title":{"rendered":"Mayorista Lavabos Rectangulares, Lavabos de Encimera"},"content":{"rendered":"<div class=\"wp-block-columns is-layout-flex wp-container-core-columns-is-layout-9d6595d7 wp-block-columns-is-layout-flex\">\n<div class=\"wp-block-column is-layout-flow wp-block-column-is-layout-flow\">\n<h2 class=\"wp-block-heading\">Premium al por mayor lavabo de ba\u00f1o rectangular Caracter\u00edsticas:<\/h2>\n\n\n\n<ul class=\"wp-block-list\">\n<li><strong>Material de alta calidad:<\/strong>\u00a0Fabricado con materiales cer\u00e1micos de primera calidad, cocido a alta temperatura, para hacer que nuestro lavabo rectangular al por mayor sea robusto, resistente, a prueba de manchas y ara\u00f1azos. La superficie clara no s\u00f3lo es conveniente para limpiar, pero tambi\u00e9n se convierte en durable y brillante durante mucho tiempo, haciendo que el cuarto de ba\u00f1o tiene un temperamento de alto grado.<\/li>\n\n\n\n<li><strong>Dise\u00f1o moderno y minimalista:<\/strong>\u00a0Este lavabo de sobreencimera al por mayor tiene bordes rectos, limpios y cuadrados que crean una declaraci\u00f3n visual clara y n\u00edtida, adecuada para ba\u00f1os modernos, n\u00f3rdicos, minimalistas y de otros estilos.<\/li>\n\n\n\n<li><strong>Opciones personalizadas:\u00a0<\/strong>HanYu ofrece lavabos rectangulares al por mayor con servicios personalizados, proporcionando una variedad de tama\u00f1os, colores y texturas seg\u00fan las necesidades del cliente, satisfaciendo diferentes dise\u00f1os de ba\u00f1o y preferencias personales, y creando un espacio de ba\u00f1o \u00fanico para usted.<\/li>\n\n\n\n<li><strong>Precio al por mayor:<\/strong>\u00a0Nuestros lavabos sobre encimera al por mayor se venden al precio al por mayor directo de f\u00e1brica para ganar m\u00e1s espacio de beneficio para los clientes. Bienvenido compradores B2B a la compra a granel.<\/li>\n<\/ul>\n<\/div>\n\n\n\n<div class=\"wp-block-column is-layout-flow wp-block-column-is-layout-flow\">\n<figure class=\"wp-block-image size-full\"><img fetchpriority=\"high\" decoding=\"async\" width=\"660\" height=\"928\" src=\"https:\/\/www.ceramicbasin.com\/wp-content\/uploads\/2025\/11\/Bathroom-coiunter-top-ceramic-hand-wahsing-basin-for-wholesale-5.webp\" alt=\"\" class=\"wp-image-8509\" srcset=\"https:\/\/www.ceramicbasin.com\/wp-content\/uploads\/2025\/11\/Bathroom-coiunter-top-ceramic-hand-wahsing-basin-for-wholesale-5.webp 660w, https:\/\/www.ceramicbasin.com\/wp-content\/uploads\/2025\/11\/Bathroom-coiunter-top-ceramic-hand-wahsing-basin-for-wholesale-5-213x300.webp 213w, https:\/\/www.ceramicbasin.com\/wp-content\/uploads\/2025\/11\/Bathroom-coiunter-top-ceramic-hand-wahsing-basin-for-wholesale-5-9x12.webp 9w, https:\/\/www.ceramicbasin.com\/wp-content\/uploads\/2025\/11\/Bathroom-coiunter-top-ceramic-hand-wahsing-basin-for-wholesale-5-285x401.webp 285w, https:\/\/www.ceramicbasin.com\/wp-content\/uploads\/2025\/11\/Bathroom-coiunter-top-ceramic-hand-wahsing-basin-for-wholesale-5-469x660.webp 469w, https:\/\/www.ceramicbasin.com\/wp-content\/uploads\/2025\/11\/Bathroom-coiunter-top-ceramic-hand-wahsing-basin-for-wholesale-5-107x150.webp 107w\" sizes=\"(max-width: 660px) 100vw, 660px\" \/><\/figure>\n<\/div>\n<\/div>","protected":false},"excerpt":{"rendered":"<p>Bienvenido a la venta al por mayor de lavabos rectangulares. Nuestra cuenca lavabo encima del mostrador tiene bordes rectos, limpios, cuadrados que crean una declaraci\u00f3n visual clara y n\u00edtida, adecuado para moderno, n\u00f3rdico, minimalista, y otros estilos de ba\u00f1o.<\/p>\n<table style=\"border-collapse: collapse; width: 358.52pt;\" border=\"0\" width=\"478\" cellspacing=\"0\" cellpadding=\"0\">\n<tbody>\n<tr style=\"height: 17.25pt;\">\n<td class=\"et3\" style=\"height: 17.25pt; width: 125.00pt;\" width=\"166\" height=\"23\">Fabricante<\/td>\n<td class=\"et3\" style=\"width: 234.15pt;\" width=\"312\">HanYu<\/td>\n<\/tr>\n<tr style=\"height: 17.25pt;\">\n<td class=\"et3\" style=\"height: 17.25pt;\" height=\"23\">N\u00ba de modelo<\/td>\n<td class=\"et4\">HY-8255<\/td>\n<\/tr>\n<tr style=\"height: 17.25pt;\">\n<td class=\"et3\" style=\"height: 17.25pt;\" height=\"23\">Tipo<\/td>\n<td class=\"et5\" style=\"width: 234.15pt;\" width=\"312\">Fregaderos de encimera<\/td>\n<\/tr>\n<tr style=\"height: 18.00pt;\">\n<td class=\"et3\" style=\"height: 18.00pt;\" height=\"24\">Forma<\/td>\n<td class=\"et3\">Forma rectangular<\/td>\n<\/tr>\n<tr style=\"height: 34.50pt;\">\n<td class=\"et4\" style=\"height: 34.50pt;\" height=\"46\">Color<\/td>\n<td class=\"et5\" style=\"width: 234.15pt;\" width=\"312\">negro\/blanco\/azul\/gris\/rosa\/verde\/marr\u00f3n\/caqui<\/td>\n<\/tr>\n<tr style=\"height: 18.00pt;\">\n<td class=\"et3\" style=\"height: 18.00pt;\" height=\"24\">Dimensi\u00f3n<\/td>\n<td class=\"et5\" style=\"width: 234.15pt;\" width=\"312\">55*45*14<\/td>\n<\/tr>\n<tr style=\"height: 17.25pt;\">\n<td class=\"et3\" style=\"height: 17.25pt;\" height=\"23\">N.W \/SET<\/td>\n<td class=\"et3\">8KGS\/PCS<\/td>\n<\/tr>\n<tr style=\"height: 17.25pt;\">\n<td class=\"et3\" style=\"height: 17.25pt;\" height=\"23\">MOQ<\/td>\n<td class=\"et3\">20 piezas<\/td>\n<\/tr>\n<tr style=\"height: 17.25pt;\">\n<td class=\"et3\" style=\"height: 17.25pt;\" height=\"23\">Opci\u00f3n personalizada<\/td>\n<td class=\"et3\">Color\/Patr\u00f3n\/Tama\u00f1o\/Logotipo\/Embalaje<\/td>\n<\/tr>\n<\/tbody>\n<\/table>","protected":false},"featured_media":8505,"comment_status":"closed","ping_status":"closed","template":"","meta":{"_acf_changed":false},"product_brand":[],"product_cat":[50],"product_tag":[],"class_list":{"0":"post-8520","1":"product","2":"type-product","3":"status-publish","4":"has-post-thumbnail","6":"product_cat-wholesale-countertop-sinks","8":"first","9":"instock","10":"shipping-taxable","11":"product-type-simple"},"acf":[],"_links":{"self":[{"href":"https:\/\/www.ceramicbasin.com\/es\/wp-json\/wp\/v2\/product\/8520","targetHints":{"allow":["GET"]}}],"collection":[{"href":"https:\/\/www.ceramicbasin.com\/es\/wp-json\/wp\/v2\/product"}],"about":[{"href":"https:\/\/www.ceramicbasin.com\/es\/wp-json\/wp\/v2\/types\/product"}],"replies":[{"embeddable":true,"href":"https:\/\/www.ceramicbasin.com\/es\/wp-json\/wp\/v2\/comments?post=8520"}],"wp:featuredmedia":[{"embeddable":true,"href":"https:\/\/www.ceramicbasin.com\/es\/wp-json\/wp\/v2\/media\/8505"}],"wp:attachment":[{"href":"https:\/\/www.ceramicbasin.com\/es\/wp-json\/wp\/v2\/media?parent=8520"}],"wp:term":[{"taxonomy":"product_brand","embeddable":true,"href":"https:\/\/www.ceramicbasin.com\/es\/wp-json\/wp\/v2\/product_brand?post=8520"},{"taxonomy":"product_cat","embeddable":true,"href":"https:\/\/www.ceramicbasin.com\/es\/wp-json\/wp\/v2\/product_cat?post=8520"},{"taxonomy":"product_tag","embeddable":true,"href":"https:\/\/www.ceramicbasin.com\/es\/wp-json\/wp\/v2\/product_tag?post=8520"}],"curies":[{"name":"wp","href":"https:\/\/api.w.org\/{rel}","templated":true}]}}