{"id":8521,"date":"2025-11-15T09:19:53","date_gmt":"2025-11-15T09:19:53","guid":{"rendered":"https:\/\/www.ceramicbasin.com\/?post_type=product&#038;p=8521"},"modified":"2025-11-15T09:19:56","modified_gmt":"2025-11-15T09:19:56","slug":"wholesale-rectangle-basins","status":"publish","type":"product","link":"https:\/\/www.ceramicbasin.com\/es\/producto\/wholesale-rectangle-basins\/","title":{"rendered":"Lavabos rectangulares, lavabos de porcelana al por mayor de f\u00e1brica"},"content":{"rendered":"<div class=\"wp-block-columns is-layout-flex wp-container-core-columns-is-layout-9d6595d7 wp-block-columns-is-layout-flex\">\n<div class=\"wp-block-column is-layout-flow wp-block-column-is-layout-flow\">\n<h2 class=\"wp-block-heading\">Lavabos rectangulares al por mayor de primera calidad Caracter\u00edsticas:<\/h2>\n\n\n\n<ul class=\"wp-block-list\">\n<li><strong>Dise\u00f1o rectangular contempor\u00e1neo:\u00a0<\/strong>Nuestros lavabos rectangulares al por mayor tienen un dise\u00f1o rectangular sencillo y elegante, l\u00edneas suaves y estilo moderno. Se puede mezclar muy bien en cualquier estilo de decoraci\u00f3n de ba\u00f1o, a\u00f1adiendo elegancia y modernidad a la zona de ba\u00f1o.<\/li>\n\n\n\n<li><strong>Dise\u00f1o de tama\u00f1o generoso:\u00a0<\/strong>El lavabo sobre encimera de f\u00e1brica con cubeta de generosas dimensiones responde a la necesidad de espacio de un lavabo. No s\u00f3lo es pr\u00e1ctico, sino que tambi\u00e9n puede mejorar el grado general y la comodidad del cuarto de ba\u00f1o. Es adecuado para viviendas y hoteles de lujo.<\/li>\n\n\n\n<li><strong>Existencias a granel:\u00a0<\/strong>Estos lavabos rectangulares al por mayor se pueden adquirir tanto al por mayor como para proyectos, y satisfacen las necesidades de entrega r\u00e1pida de minoristas, distribuidores y clientes de proyectos.<\/li>\n\n\n\n<li><strong>Vers\u00e1til:<\/strong>\u00a0Estos lavabos sobre encimera directos de f\u00e1brica son id\u00f3neos para tocadores de ba\u00f1o, hoteles, ba\u00f1os comerciales y reformas residenciales, ya que ofrecen est\u00e9tica y funcionalidad.<\/li>\n<\/ul>\n<\/div>\n\n\n\n<div class=\"wp-block-column is-layout-flow wp-block-column-is-layout-flow\">\n<figure class=\"wp-block-image size-full\"><img fetchpriority=\"high\" decoding=\"async\" width=\"645\" height=\"912\" src=\"https:\/\/www.ceramicbasin.com\/wp-content\/uploads\/2025\/11\/Rectangle-shape-ceramic-white-basin-sink-bowl-for-bathroom-5.webp\" alt=\"\" class=\"wp-image-8504\" srcset=\"https:\/\/www.ceramicbasin.com\/wp-content\/uploads\/2025\/11\/Rectangle-shape-ceramic-white-basin-sink-bowl-for-bathroom-5.webp 645w, https:\/\/www.ceramicbasin.com\/wp-content\/uploads\/2025\/11\/Rectangle-shape-ceramic-white-basin-sink-bowl-for-bathroom-5-212x300.webp 212w, https:\/\/www.ceramicbasin.com\/wp-content\/uploads\/2025\/11\/Rectangle-shape-ceramic-white-basin-sink-bowl-for-bathroom-5-8x12.webp 8w, https:\/\/www.ceramicbasin.com\/wp-content\/uploads\/2025\/11\/Rectangle-shape-ceramic-white-basin-sink-bowl-for-bathroom-5-285x403.webp 285w, https:\/\/www.ceramicbasin.com\/wp-content\/uploads\/2025\/11\/Rectangle-shape-ceramic-white-basin-sink-bowl-for-bathroom-5-467x660.webp 467w, https:\/\/www.ceramicbasin.com\/wp-content\/uploads\/2025\/11\/Rectangle-shape-ceramic-white-basin-sink-bowl-for-bathroom-5-106x150.webp 106w\" sizes=\"(max-width: 645px) 100vw, 645px\" \/><\/figure>\n<\/div>\n<\/div>","protected":false},"excerpt":{"rendered":"<p>Bienvenido a pedir lavabos rectangulares al por mayor. Nuestro lavabo de ba\u00f1o sobre encimera directo de f\u00e1brica presenta un dise\u00f1o rectangular sencillo y elegante con l\u00edneas suaves y car\u00e1cter moderno. Se puede integrar perfectamente estil\u00edsticamente en cualquier estilo de decoraci\u00f3n de ba\u00f1o al tiempo que a\u00f1ade elegancia y estilo contempor\u00e1neo a la zona de lavado.<\/p>\n<table style=\"border-collapse: collapse; width: 358.52pt;\" border=\"0\" width=\"478\" cellspacing=\"0\" cellpadding=\"0\">\n<tbody>\n<tr style=\"height: 17.25pt;\">\n<td class=\"et3\" style=\"height: 17.25pt; width: 125.00pt;\" width=\"166\" height=\"23\">Fabricante<\/td>\n<td class=\"et3\" style=\"width: 234.15pt;\" width=\"312\">HanYu<\/td>\n<\/tr>\n<tr style=\"height: 17.25pt;\">\n<td class=\"et3\" style=\"height: 17.25pt;\" height=\"23\">N\u00ba de modelo<\/td>\n<td class=\"et4\">HY-8255B<\/td>\n<\/tr>\n<tr style=\"height: 17.25pt;\">\n<td class=\"et3\" style=\"height: 17.25pt;\" height=\"23\">Tipo<\/td>\n<td class=\"et5\" style=\"width: 234.15pt;\" width=\"312\">Fregaderos de encimera<\/td>\n<\/tr>\n<tr style=\"height: 18.00pt;\">\n<td class=\"et3\" style=\"height: 18.00pt;\" height=\"24\">Forma<\/td>\n<td class=\"et3\">Forma rectangular<\/td>\n<\/tr>\n<tr style=\"height: 34.50pt;\">\n<td class=\"et4\" style=\"height: 34.50pt;\" height=\"46\">Color<\/td>\n<td class=\"et5\" style=\"width: 234.15pt;\" width=\"312\">negro\/blanco\/azul\/gris\/rosa\/verde\/marr\u00f3n\/caqui<\/td>\n<\/tr>\n<tr style=\"height: 18.00pt;\">\n<td class=\"et3\" style=\"height: 18.00pt;\" height=\"24\">Dimensi\u00f3n<\/td>\n<td class=\"et5\" style=\"width: 234.15pt;\" width=\"312\">75*45*14<\/td>\n<\/tr>\n<tr style=\"height: 17.25pt;\">\n<td class=\"et3\" style=\"height: 17.25pt;\" height=\"23\">N.W \/SET<\/td>\n<td class=\"et3\">18KGS\/PCS<\/td>\n<\/tr>\n<tr style=\"height: 17.25pt;\">\n<td class=\"et3\" style=\"height: 17.25pt;\" height=\"23\">MOQ<\/td>\n<td class=\"et3\">20 piezas<\/td>\n<\/tr>\n<tr style=\"height: 17.25pt;\">\n<td class=\"et3\" style=\"height: 17.25pt;\" height=\"23\">Opci\u00f3n personalizada<\/td>\n<td class=\"et3\">Color\/Patr\u00f3n\/Tama\u00f1o\/Logotipo\/Embalaje<\/td>\n<\/tr>\n<\/tbody>\n<\/table>","protected":false},"featured_media":8500,"comment_status":"closed","ping_status":"closed","template":"","meta":{"_acf_changed":false},"product_brand":[],"product_cat":[50],"product_tag":[],"class_list":{"0":"post-8521","1":"product","2":"type-product","3":"status-publish","4":"has-post-thumbnail","6":"product_cat-wholesale-countertop-sinks","8":"first","9":"instock","10":"shipping-taxable","11":"product-type-simple"},"acf":[],"_links":{"self":[{"href":"https:\/\/www.ceramicbasin.com\/es\/wp-json\/wp\/v2\/product\/8521","targetHints":{"allow":["GET"]}}],"collection":[{"href":"https:\/\/www.ceramicbasin.com\/es\/wp-json\/wp\/v2\/product"}],"about":[{"href":"https:\/\/www.ceramicbasin.com\/es\/wp-json\/wp\/v2\/types\/product"}],"replies":[{"embeddable":true,"href":"https:\/\/www.ceramicbasin.com\/es\/wp-json\/wp\/v2\/comments?post=8521"}],"wp:featuredmedia":[{"embeddable":true,"href":"https:\/\/www.ceramicbasin.com\/es\/wp-json\/wp\/v2\/media\/8500"}],"wp:attachment":[{"href":"https:\/\/www.ceramicbasin.com\/es\/wp-json\/wp\/v2\/media?parent=8521"}],"wp:term":[{"taxonomy":"product_brand","embeddable":true,"href":"https:\/\/www.ceramicbasin.com\/es\/wp-json\/wp\/v2\/product_brand?post=8521"},{"taxonomy":"product_cat","embeddable":true,"href":"https:\/\/www.ceramicbasin.com\/es\/wp-json\/wp\/v2\/product_cat?post=8521"},{"taxonomy":"product_tag","embeddable":true,"href":"https:\/\/www.ceramicbasin.com\/es\/wp-json\/wp\/v2\/product_tag?post=8521"}],"curies":[{"name":"wp","href":"https:\/\/api.w.org\/{rel}","templated":true}]}}