{"id":8522,"date":"2025-11-15T09:10:43","date_gmt":"2025-11-15T09:10:43","guid":{"rendered":"https:\/\/www.ceramicbasin.com\/?post_type=product&#038;p=8522"},"modified":"2025-11-15T09:10:45","modified_gmt":"2025-11-15T09:10:45","slug":"wholesale-restroom-lavatory","status":"publish","type":"product","link":"https:\/\/www.ceramicbasin.com\/es\/producto\/wholesale-restroom-lavatory\/","title":{"rendered":"Mayorista Lavabos de Encimera para Lavabos de Ba\u00f1o Proveedor"},"content":{"rendered":"<div class=\"wp-block-columns is-layout-flex wp-container-core-columns-is-layout-9d6595d7 wp-block-columns-is-layout-flex\">\n<div class=\"wp-block-column is-layout-flow wp-block-column-is-layout-flow\">\n<h2 class=\"wp-block-heading\">Lavabo de ba\u00f1o de primera calidad al por mayor Caracter\u00edsticas:<\/h2>\n\n\n\n<ul class=\"wp-block-list\">\n<li><strong>Dise\u00f1o cuadrado moderno:\u00a0<\/strong>Estos lavabos al por mayor para cuartos de ba\u00f1o tienen un dise\u00f1o cuadrado sencillo con l\u00edneas minimalistas, que se integran sin esfuerzo en los cuartos de ba\u00f1o modernos y crean un estilo unificado.<\/li>\n\n\n\n<li><strong>Cer\u00e1mica cocida a alta temperatura:\u00a0<\/strong>Estos lavabos directos de f\u00e1brica est\u00e1n fabricados con cer\u00e1mica de alta calidad, cocida a altas temperaturas, que produce un tacto s\u00f3lido y sedoso a prueba de ara\u00f1azos, agua y decoloraci\u00f3n, creando un acabado duradero e higi\u00e9nico.<\/li>\n\n\n\n<li><strong>Instalaci\u00f3n de encimeras:\u00a0<\/strong>Nuestros lavabos de ba\u00f1o al por mayor est\u00e1n dise\u00f1ados para su instalaci\u00f3n sobre encimera, por lo que se instalan y reparan f\u00e1cilmente sin comprometer su dise\u00f1o y estratificaci\u00f3n, por lo que son \u00f3ptimos para ba\u00f1os de lujo y uso comercial.<\/li>\n\n\n\n<li><strong>Personalizaci\u00f3n ilimitada:<\/strong>\u00a0Como fabricante profesional de lavabos de recipiente, HanYu ofrece una gama completa de opciones de lavabos de ba\u00f1o personalizados en cuanto a forma, tama\u00f1o, color y mucho m\u00e1s para fines comerciales.<\/li>\n<\/ul>\n<\/div>\n\n\n\n<div class=\"wp-block-column is-layout-flow wp-block-column-is-layout-flow\">\n<figure class=\"wp-block-image size-full\"><img fetchpriority=\"high\" decoding=\"async\" width=\"663\" height=\"912\" src=\"https:\/\/www.ceramicbasin.com\/wp-content\/uploads\/2025\/11\/Custom-porcelain-counter-top-hand-washbasin-factory-5.webp\" alt=\"\" class=\"wp-image-8499\" srcset=\"https:\/\/www.ceramicbasin.com\/wp-content\/uploads\/2025\/11\/Custom-porcelain-counter-top-hand-washbasin-factory-5.webp 663w, https:\/\/www.ceramicbasin.com\/wp-content\/uploads\/2025\/11\/Custom-porcelain-counter-top-hand-washbasin-factory-5-218x300.webp 218w, https:\/\/www.ceramicbasin.com\/wp-content\/uploads\/2025\/11\/Custom-porcelain-counter-top-hand-washbasin-factory-5-9x12.webp 9w, https:\/\/www.ceramicbasin.com\/wp-content\/uploads\/2025\/11\/Custom-porcelain-counter-top-hand-washbasin-factory-5-285x392.webp 285w, https:\/\/www.ceramicbasin.com\/wp-content\/uploads\/2025\/11\/Custom-porcelain-counter-top-hand-washbasin-factory-5-480x660.webp 480w, https:\/\/www.ceramicbasin.com\/wp-content\/uploads\/2025\/11\/Custom-porcelain-counter-top-hand-washbasin-factory-5-109x150.webp 109w\" sizes=\"(max-width: 663px) 100vw, 663px\" \/><\/figure>\n<\/div>\n<\/div>","protected":false},"excerpt":{"rendered":"<p>Bienvenido al pedido al por mayor de lavabos para cuartos de ba\u00f1o. Nuestros lavabos directos de f\u00e1brica est\u00e1n dise\u00f1ados para su instalaci\u00f3n sobre encimera, por lo que simplemente se instalan y reparan sin comprometer su dise\u00f1o y estratificaci\u00f3n, y por lo tanto son \u00f3ptimos para ba\u00f1os de lujo y uso comercial.<\/p>\n<table style=\"border-collapse: collapse; width: 358.52pt;\" border=\"0\" width=\"478\" cellspacing=\"0\" cellpadding=\"0\">\n<tbody>\n<tr style=\"height: 17.25pt;\">\n<td class=\"et3\" style=\"height: 17.25pt; width: 125.00pt;\" width=\"166\" height=\"23\">Fabricante<\/td>\n<td class=\"et3\" style=\"width: 234.15pt;\" width=\"312\">HanYu<\/td>\n<\/tr>\n<tr style=\"height: 17.25pt;\">\n<td class=\"et3\" style=\"height: 17.25pt;\" height=\"23\">N\u00ba de modelo<\/td>\n<td class=\"et4\">HY-8255A<\/td>\n<\/tr>\n<tr style=\"height: 17.25pt;\">\n<td class=\"et3\" style=\"height: 17.25pt;\" height=\"23\">Tipo<\/td>\n<td class=\"et5\" style=\"width: 234.15pt;\" width=\"312\">Fregaderos de encimera<\/td>\n<\/tr>\n<tr style=\"height: 18.00pt;\">\n<td class=\"et3\" style=\"height: 18.00pt;\" height=\"24\">Forma<\/td>\n<td class=\"et3\">Forma rectangular<\/td>\n<\/tr>\n<tr style=\"height: 34.50pt;\">\n<td class=\"et4\" style=\"height: 34.50pt;\" height=\"46\">Color<\/td>\n<td class=\"et5\" style=\"width: 234.15pt;\" width=\"312\">negro\/blanco\/azul\/gris\/rosa\/verde\/marr\u00f3n\/caqui<\/td>\n<\/tr>\n<tr style=\"height: 18.00pt;\">\n<td class=\"et3\" style=\"height: 18.00pt;\" height=\"24\">Dimensi\u00f3n<\/td>\n<td class=\"et5\" style=\"width: 234.15pt;\" width=\"312\">65*45*14<\/td>\n<\/tr>\n<tr style=\"height: 17.25pt;\">\n<td class=\"et3\" style=\"height: 17.25pt;\" height=\"23\">N.W \/SET<\/td>\n<td class=\"et3\">10KGS\/PCS<\/td>\n<\/tr>\n<tr style=\"height: 17.25pt;\">\n<td class=\"et3\" style=\"height: 17.25pt;\" height=\"23\">MOQ<\/td>\n<td class=\"et3\">20 piezas<\/td>\n<\/tr>\n<tr style=\"height: 17.25pt;\">\n<td class=\"et3\" style=\"height: 17.25pt;\" height=\"23\">Opci\u00f3n personalizada<\/td>\n<td class=\"et3\">Color\/Patr\u00f3n\/Tama\u00f1o\/Logotipo\/Embalaje<\/td>\n<\/tr>\n<\/tbody>\n<\/table>","protected":false},"featured_media":8498,"comment_status":"closed","ping_status":"closed","template":"","meta":{"_acf_changed":false},"product_brand":[],"product_cat":[50],"product_tag":[],"class_list":{"0":"post-8522","1":"product","2":"type-product","3":"status-publish","4":"has-post-thumbnail","6":"product_cat-wholesale-countertop-sinks","8":"first","9":"instock","10":"shipping-taxable","11":"product-type-simple"},"acf":[],"_links":{"self":[{"href":"https:\/\/www.ceramicbasin.com\/es\/wp-json\/wp\/v2\/product\/8522","targetHints":{"allow":["GET"]}}],"collection":[{"href":"https:\/\/www.ceramicbasin.com\/es\/wp-json\/wp\/v2\/product"}],"about":[{"href":"https:\/\/www.ceramicbasin.com\/es\/wp-json\/wp\/v2\/types\/product"}],"replies":[{"embeddable":true,"href":"https:\/\/www.ceramicbasin.com\/es\/wp-json\/wp\/v2\/comments?post=8522"}],"wp:featuredmedia":[{"embeddable":true,"href":"https:\/\/www.ceramicbasin.com\/es\/wp-json\/wp\/v2\/media\/8498"}],"wp:attachment":[{"href":"https:\/\/www.ceramicbasin.com\/es\/wp-json\/wp\/v2\/media?parent=8522"}],"wp:term":[{"taxonomy":"product_brand","embeddable":true,"href":"https:\/\/www.ceramicbasin.com\/es\/wp-json\/wp\/v2\/product_brand?post=8522"},{"taxonomy":"product_cat","embeddable":true,"href":"https:\/\/www.ceramicbasin.com\/es\/wp-json\/wp\/v2\/product_cat?post=8522"},{"taxonomy":"product_tag","embeddable":true,"href":"https:\/\/www.ceramicbasin.com\/es\/wp-json\/wp\/v2\/product_tag?post=8522"}],"curies":[{"name":"wp","href":"https:\/\/api.w.org\/{rel}","templated":true}]}}