{"id":8527,"date":"2025-11-18T06:59:35","date_gmt":"2025-11-18T06:59:35","guid":{"rendered":"https:\/\/www.ceramicbasin.com\/?post_type=product&#038;p=8527"},"modified":"2025-11-20T07:47:49","modified_gmt":"2025-11-20T07:47:49","slug":"wholesale-wall-mounted-wash-basin","status":"publish","type":"product","link":"https:\/\/www.ceramicbasin.com\/es\/producto\/wholesale-wall-mounted-wash-basin\/","title":{"rendered":"Mayorista Lavabo de Pared, Fregaderos de Cer\u00e1mica a Medida"},"content":{"rendered":"<div class=\"wp-block-columns is-layout-flex wp-container-core-columns-is-layout-9d6595d7 wp-block-columns-is-layout-flex\">\n<div class=\"wp-block-column is-layout-flow wp-block-column-is-layout-flow\">\n<h2 class=\"wp-block-heading\">Premium al por mayor montado en la pared lavabo Caracter\u00edsticas:<\/h2>\n\n\n\n<ul class=\"wp-block-list\">\n<li><strong>Dise\u00f1o mural que ahorra espacio: <\/strong>Estos lavabos de cer\u00e1mica a medida tienen un dise\u00f1o de montaje en pared, por lo que pueden utilizarse en ba\u00f1os peque\u00f1os, aseos comerciales, hoteles y apartamentos. El dise\u00f1o de montaje en pared es f\u00e1cil de instalar y no consume espacio en el suelo.<\/li>\n\n\n\n<li><strong>Lavabo de cer\u00e1mica duradera:<\/strong> Este lavabo de pared al por mayor est\u00e1 fabricado en cer\u00e1mica cocida a alta temperatura; el suave esmalte es firmemente resistente a las manchas, los ara\u00f1azos y el desgaste, es f\u00e1cil de limpiar regularmente y se mantendr\u00e1 limpio y de un blanco brillante durante mucho tiempo.<\/li>\n\n\n\n<li><strong>Dise\u00f1o de f\u00e1cil instalaci\u00f3n:<\/strong> Estas interfaces normalizadas para lavabos montados en pared al por mayor facilitan una r\u00e1pida instalaci\u00f3n por parte de los equipos de construcci\u00f3n, mejorando la eficiencia del proyecto y reduciendo los costes de mantenimiento. Adecuado para entornos de uso frecuente, como ba\u00f1os residenciales, habitaciones de hotel, edificios de oficinas comerciales, zonas p\u00fablicas de lavado de manos y escuelas.<\/li>\n\n\n\n<li><strong>Ventaja del precio al por mayor:<\/strong> Como fabricante de lavabos personalizados, HanYu ofrece precios al por mayor muy competitivos, y las compras al por mayor disfrutan de m\u00e1s descuentos, lo que convierte a los accesorios de ba\u00f1o de alta calidad en su opci\u00f3n ideal bajo control de costes.<\/li>\n<\/ul>\n<\/div>\n\n\n\n<div class=\"wp-block-column is-layout-flow wp-block-column-is-layout-flow\">\n<figure class=\"wp-block-image size-full\"><img fetchpriority=\"high\" decoding=\"async\" width=\"800\" height=\"800\" src=\"https:\/\/www.ceramicbasin.com\/wp-content\/uploads\/2025\/11\/wholesale-wall-mounted-wash-basin-custom-ceramic-sinks-6.webp\" alt=\"mayorista-montado-en-la-pared-fregadero-personalizado-fregaderos-ceramicos-6\" class=\"wp-image-8561\" srcset=\"https:\/\/www.ceramicbasin.com\/wp-content\/uploads\/2025\/11\/wholesale-wall-mounted-wash-basin-custom-ceramic-sinks-6.webp 800w, https:\/\/www.ceramicbasin.com\/wp-content\/uploads\/2025\/11\/wholesale-wall-mounted-wash-basin-custom-ceramic-sinks-6-300x300.webp 300w, https:\/\/www.ceramicbasin.com\/wp-content\/uploads\/2025\/11\/wholesale-wall-mounted-wash-basin-custom-ceramic-sinks-6-150x150.webp 150w, https:\/\/www.ceramicbasin.com\/wp-content\/uploads\/2025\/11\/wholesale-wall-mounted-wash-basin-custom-ceramic-sinks-6-768x768.webp 768w, https:\/\/www.ceramicbasin.com\/wp-content\/uploads\/2025\/11\/wholesale-wall-mounted-wash-basin-custom-ceramic-sinks-6-12x12.webp 12w, https:\/\/www.ceramicbasin.com\/wp-content\/uploads\/2025\/11\/wholesale-wall-mounted-wash-basin-custom-ceramic-sinks-6-285x285.webp 285w, https:\/\/www.ceramicbasin.com\/wp-content\/uploads\/2025\/11\/wholesale-wall-mounted-wash-basin-custom-ceramic-sinks-6-270x270.webp 270w, https:\/\/www.ceramicbasin.com\/wp-content\/uploads\/2025\/11\/wholesale-wall-mounted-wash-basin-custom-ceramic-sinks-6-540x540.webp 540w, https:\/\/www.ceramicbasin.com\/wp-content\/uploads\/2025\/11\/wholesale-wall-mounted-wash-basin-custom-ceramic-sinks-6-660x660.webp 660w\" sizes=\"(max-width: 800px) 100vw, 800px\" \/><\/figure>\n<\/div>\n<\/div>","protected":false},"excerpt":{"rendered":"<p>Bienvenido a comprar nuestro lavabo al por mayor montado en la pared con un soporte de aluminio duradero, para un rendimiento estable y un uso duradero a la vez que ahorra espacio. La cer\u00e1mica esmaltada de alta calidad, el soporte de aluminio resistente a la corrosi\u00f3n y un aspecto limpio y moderno hacen que este lavabo sea ideal para ba\u00f1os residenciales, hoteles, lavabos comerciales y renovaciones. Disponible para pedidos al por mayor, OEM y ODM.<\/p>\n<table border=\"0\" width=\"478\" cellspacing=\"0\" cellpadding=\"0\">\n<tbody>\n<tr>\n<td width=\"166\" height=\"23\">Fabricante<\/td>\n<td width=\"312\">HanYu<\/td>\n<\/tr>\n<tr>\n<td height=\"23\">N\u00ba de modelo<\/td>\n<td>HY-3115<\/td>\n<\/tr>\n<tr>\n<td height=\"23\">Tipo<\/td>\n<td width=\"312\">Fregaderos murales<\/td>\n<\/tr>\n<tr>\n<td height=\"24\">Forma<\/td>\n<td>Forma rectangular<\/td>\n<\/tr>\n<tr>\n<td height=\"46\">Color<\/td>\n<td width=\"312\">negro\/blanco\/azul\/gris\/rosa\/verde\/marr\u00f3n\/caqui<\/td>\n<\/tr>\n<tr>\n<td height=\"24\">Dimensi\u00f3n<\/td>\n<td width=\"312\">50.5*41*20.5<\/td>\n<\/tr>\n<tr>\n<td height=\"23\">N.W \/SET<\/td>\n<td>15KGS\/PCS<\/td>\n<\/tr>\n<tr>\n<td height=\"23\">MOQ<\/td>\n<td>20 piezas<\/td>\n<\/tr>\n<tr>\n<td height=\"23\">Opci\u00f3n personalizada<\/td>\n<td>Color\/Patr\u00f3n\/Tama\u00f1o\/Logotipo\/Embalaje<\/td>\n<\/tr>\n<\/tbody>\n<\/table>","protected":false},"featured_media":8559,"comment_status":"closed","ping_status":"closed","template":"","meta":{"_acf_changed":false},"product_brand":[],"product_cat":[57],"product_tag":[],"class_list":{"0":"post-8527","1":"product","2":"type-product","3":"status-publish","4":"has-post-thumbnail","6":"product_cat-wholesale-wall-mounted-sinks","8":"first","9":"instock","10":"shipping-taxable","11":"product-type-simple"},"acf":[],"_links":{"self":[{"href":"https:\/\/www.ceramicbasin.com\/es\/wp-json\/wp\/v2\/product\/8527","targetHints":{"allow":["GET"]}}],"collection":[{"href":"https:\/\/www.ceramicbasin.com\/es\/wp-json\/wp\/v2\/product"}],"about":[{"href":"https:\/\/www.ceramicbasin.com\/es\/wp-json\/wp\/v2\/types\/product"}],"replies":[{"embeddable":true,"href":"https:\/\/www.ceramicbasin.com\/es\/wp-json\/wp\/v2\/comments?post=8527"}],"wp:featuredmedia":[{"embeddable":true,"href":"https:\/\/www.ceramicbasin.com\/es\/wp-json\/wp\/v2\/media\/8559"}],"wp:attachment":[{"href":"https:\/\/www.ceramicbasin.com\/es\/wp-json\/wp\/v2\/media?parent=8527"}],"wp:term":[{"taxonomy":"product_brand","embeddable":true,"href":"https:\/\/www.ceramicbasin.com\/es\/wp-json\/wp\/v2\/product_brand?post=8527"},{"taxonomy":"product_cat","embeddable":true,"href":"https:\/\/www.ceramicbasin.com\/es\/wp-json\/wp\/v2\/product_cat?post=8527"},{"taxonomy":"product_tag","embeddable":true,"href":"https:\/\/www.ceramicbasin.com\/es\/wp-json\/wp\/v2\/product_tag?post=8527"}],"curies":[{"name":"wp","href":"https:\/\/api.w.org\/{rel}","templated":true}]}}