{"id":8534,"date":"2025-11-18T07:08:44","date_gmt":"2025-11-18T07:08:44","guid":{"rendered":"https:\/\/www.ceramicbasin.com\/?post_type=product&#038;p=8534"},"modified":"2025-11-20T08:51:44","modified_gmt":"2025-11-20T08:51:44","slug":"modern-wall-hung-sink-wholesale","status":"publish","type":"product","link":"https:\/\/www.ceramicbasin.com\/es\/producto\/modern-wall-hung-sink-wholesale\/","title":{"rendered":"Lavabos de Ceramica al por mayor, Lavabos de Ceramica al por mayor, Lavabos de Ceramica al por mayor"},"content":{"rendered":"<div class=\"wp-block-columns is-layout-flex wp-container-core-columns-is-layout-9d6595d7 wp-block-columns-is-layout-flex\">\n<div class=\"wp-block-column is-layout-flow wp-block-column-is-layout-flow\">\n<h2 class=\"wp-block-heading\">Premium Modern Wall Hung Fregadero al por mayor Caracter\u00edsticas:<\/h2>\n\n\n\n<ul class=\"wp-block-list\">\n<li><strong>Nuevo dise\u00f1o:<\/strong> Nuestro moderno lavabo mural al por mayor presenta un dise\u00f1o minimalista ultrafino, con una altura total de s\u00f3lo 100 mm. Las l\u00edneas limpias son perfectas para espacios de ba\u00f1o modernos y minimalistas. Una plataforma en el lado izquierdo puede contener jab\u00f3n, desinfectante de manos, u otros peque\u00f1os art\u00edculos de uso diario, mejorando la facilidad de uso.<\/li>\n\n\n\n<li><strong>Ahorra espacio: <\/strong>El lavabo de cer\u00e1mica a medida con estructura mural aprovecha el espacio de forma eficiente. Resulta especialmente adecuado para cuartos de ba\u00f1o peque\u00f1os, as\u00ed como para lavabos comerciales, donde se trata de colocar productos en espacios compactos.<\/li>\n\n\n\n<li><strong>Material cer\u00e1mico de alta calidad:<\/strong> Este fregadero moderno colgado de la pared al por mayor est\u00e1 hecho con cocci\u00f3n de cer\u00e1mica de alta temperatura, la superficie es densa, resistente a los ara\u00f1azos, resistente a las manchas, y tiene una larga vida \u00fatil.<\/li>\n\n\n\n<li><strong>Esmalte f\u00e1cil de limpiar:<\/strong> El lavabo de ba\u00f1o de cer\u00e1mica a medida tiene una superficie lisa y brillante o un esmalte mate opcional, una excelente resistencia a las manchas y una instalaci\u00f3n flexible de f\u00e1cil mantenimiento diario, compatible con diversas configuraciones de grifer\u00eda y desag\u00fce.<\/li>\n<\/ul>\n<\/div>\n\n\n\n<div class=\"wp-block-column is-layout-flow wp-block-column-is-layout-flow\">\n<figure class=\"wp-block-image size-full\"><img fetchpriority=\"high\" decoding=\"async\" width=\"800\" height=\"800\" src=\"https:\/\/www.ceramicbasin.com\/wp-content\/uploads\/2025\/11\/modern-wall-hung-sink-wholesale-custom-ceramic-bath-basins-5.webp\" alt=\"lavabos-ceramicos-modernos-colgantes-de-pared-mayorista-5\" class=\"wp-image-8567\" srcset=\"https:\/\/www.ceramicbasin.com\/wp-content\/uploads\/2025\/11\/modern-wall-hung-sink-wholesale-custom-ceramic-bath-basins-5.webp 800w, https:\/\/www.ceramicbasin.com\/wp-content\/uploads\/2025\/11\/modern-wall-hung-sink-wholesale-custom-ceramic-bath-basins-5-300x300.webp 300w, https:\/\/www.ceramicbasin.com\/wp-content\/uploads\/2025\/11\/modern-wall-hung-sink-wholesale-custom-ceramic-bath-basins-5-150x150.webp 150w, https:\/\/www.ceramicbasin.com\/wp-content\/uploads\/2025\/11\/modern-wall-hung-sink-wholesale-custom-ceramic-bath-basins-5-768x768.webp 768w, https:\/\/www.ceramicbasin.com\/wp-content\/uploads\/2025\/11\/modern-wall-hung-sink-wholesale-custom-ceramic-bath-basins-5-12x12.webp 12w, https:\/\/www.ceramicbasin.com\/wp-content\/uploads\/2025\/11\/modern-wall-hung-sink-wholesale-custom-ceramic-bath-basins-5-285x285.webp 285w, https:\/\/www.ceramicbasin.com\/wp-content\/uploads\/2025\/11\/modern-wall-hung-sink-wholesale-custom-ceramic-bath-basins-5-270x270.webp 270w, https:\/\/www.ceramicbasin.com\/wp-content\/uploads\/2025\/11\/modern-wall-hung-sink-wholesale-custom-ceramic-bath-basins-5-540x540.webp 540w, https:\/\/www.ceramicbasin.com\/wp-content\/uploads\/2025\/11\/modern-wall-hung-sink-wholesale-custom-ceramic-bath-basins-5-660x660.webp 660w\" sizes=\"(max-width: 800px) 100vw, 800px\" \/><\/figure>\n<\/div>\n<\/div>","protected":false},"excerpt":{"rendered":"<p>Bienvenido a comprar nuestro moderno lavabo de pared al por mayor est\u00e1n especialmente dise\u00f1ados para peque\u00f1os lavabos o cuartos de ba\u00f1o. El lavabo de cer\u00e1mica de encargo del cuarto de ba\u00f1o hecho de cer\u00e1mica de alta temperatura durable con un final f\u00e1cil de limpiar, este fregadero montado en la pared de encargo es ideal para los hoteles, los apartamentos, y los lavabos comerciales. OEM\/ODM al por mayor disponible.<\/p>\n<table border=\"0\" width=\"478\" cellspacing=\"0\" cellpadding=\"0\">\n<tbody>\n<tr>\n<td width=\"166\" height=\"23\">Fabricante<\/td>\n<td width=\"312\">HanYu<\/td>\n<\/tr>\n<tr>\n<td height=\"23\">N\u00ba de modelo<\/td>\n<td>HY-3131<\/td>\n<\/tr>\n<tr>\n<td height=\"23\">Tipo<\/td>\n<td width=\"312\">Fregaderos murales<\/td>\n<\/tr>\n<tr>\n<td height=\"24\">Forma<\/td>\n<td>Forma rectangular<\/td>\n<\/tr>\n<tr>\n<td height=\"46\">Color<\/td>\n<td width=\"312\">negro\/blanco\/azul\/gris\/rosa\/verde\/marr\u00f3n\/caqui<\/td>\n<\/tr>\n<tr>\n<td height=\"24\">Dimensi\u00f3n<\/td>\n<td width=\"312\">60*22*10<\/td>\n<\/tr>\n<tr>\n<td height=\"23\">N.W \/SET<\/td>\n<td>10KGS\/PCS<\/td>\n<\/tr>\n<tr>\n<td height=\"23\">MOQ<\/td>\n<td>20 piezas<\/td>\n<\/tr>\n<tr>\n<td height=\"23\">Opci\u00f3n personalizada<\/td>\n<td>Color\/Patr\u00f3n\/Tama\u00f1o\/Logotipo\/Embalaje<\/td>\n<\/tr>\n<\/tbody>\n<\/table>","protected":false},"featured_media":8566,"comment_status":"closed","ping_status":"closed","template":"","meta":{"_acf_changed":false},"product_brand":[],"product_cat":[57],"product_tag":[],"class_list":{"0":"post-8534","1":"product","2":"type-product","3":"status-publish","4":"has-post-thumbnail","6":"product_cat-wholesale-wall-mounted-sinks","8":"first","9":"instock","10":"shipping-taxable","11":"product-type-simple"},"acf":[],"_links":{"self":[{"href":"https:\/\/www.ceramicbasin.com\/es\/wp-json\/wp\/v2\/product\/8534","targetHints":{"allow":["GET"]}}],"collection":[{"href":"https:\/\/www.ceramicbasin.com\/es\/wp-json\/wp\/v2\/product"}],"about":[{"href":"https:\/\/www.ceramicbasin.com\/es\/wp-json\/wp\/v2\/types\/product"}],"replies":[{"embeddable":true,"href":"https:\/\/www.ceramicbasin.com\/es\/wp-json\/wp\/v2\/comments?post=8534"}],"wp:featuredmedia":[{"embeddable":true,"href":"https:\/\/www.ceramicbasin.com\/es\/wp-json\/wp\/v2\/media\/8566"}],"wp:attachment":[{"href":"https:\/\/www.ceramicbasin.com\/es\/wp-json\/wp\/v2\/media?parent=8534"}],"wp:term":[{"taxonomy":"product_brand","embeddable":true,"href":"https:\/\/www.ceramicbasin.com\/es\/wp-json\/wp\/v2\/product_brand?post=8534"},{"taxonomy":"product_cat","embeddable":true,"href":"https:\/\/www.ceramicbasin.com\/es\/wp-json\/wp\/v2\/product_cat?post=8534"},{"taxonomy":"product_tag","embeddable":true,"href":"https:\/\/www.ceramicbasin.com\/es\/wp-json\/wp\/v2\/product_tag?post=8534"}],"curies":[{"name":"wp","href":"https:\/\/api.w.org\/{rel}","templated":true}]}}