{"id":8548,"date":"2025-11-18T08:37:50","date_gmt":"2025-11-18T08:37:50","guid":{"rendered":"https:\/\/www.ceramicbasin.com\/?post_type=product&#038;p=8548"},"modified":"2025-11-20T10:16:41","modified_gmt":"2025-11-20T10:16:41","slug":"bulk-small-wall-mounted-sink","status":"publish","type":"product","link":"https:\/\/www.ceramicbasin.com\/es\/producto\/bulk-small-wall-mounted-sink\/","title":{"rendered":"Fregadero de pared peque\u00f1o a granel de la f\u00e1brica, fuente regular del lavabo del cuarto de ba\u00f1o"},"content":{"rendered":"<div class=\"wp-block-columns is-layout-flex wp-container-core-columns-is-layout-9d6595d7 wp-block-columns-is-layout-flex\">\n<div class=\"wp-block-column is-layout-flow wp-block-column-is-layout-flow\">\n<h2 class=\"wp-block-heading\">Premium Bulk Fregadero Peque\u00f1o Montado en la Pared Caracter\u00edsticas:<\/h2>\n\n\n\n<ul class=\"wp-block-list\">\n<li><strong>Ventas calientes:<\/strong> Este fregadero de cer\u00e1mica a granel peque\u00f1o montado en la pared es bien recibido por el mercado debido a su durabilidad, color uniforme, f\u00e1cil limpieza y mantenimiento, y alto rendimiento de costes.<\/li>\n\n\n\n<li><strong>Cer\u00e1mica de primera calidad: <\/strong>Este fregadero de pared peque\u00f1o a granel est\u00e1 fabricado con cer\u00e1mica cocida a altas temperaturas, lo que crea una superficie lisa, resistente a los ara\u00f1azos y a las manchas, f\u00e1cil de limpiar y duradera.<\/li>\n\n\n\n<li><strong>Dise\u00f1o montado en la pared:<\/strong> Estos lavabos de cer\u00e1mica a medida ahorran espacio, mantienen limpios y ordenados los cuartos de ba\u00f1o peque\u00f1os y facilitan la limpieza del suelo. Est\u00e1n dise\u00f1ados espec\u00edficamente para su uso en peque\u00f1os apartamentos, habitaciones de hotel, ba\u00f1os p\u00fablicos y otros espacios reducidos, utilizando el espacio de la pared con eficacia.<\/li>\n\n\n\n<li><strong>M\u00faltiples tama\u00f1os est\u00e1ndar disponibles:<\/strong> Estos lavabos de ba\u00f1o de cer\u00e1mica personalizados tienen una capacidad de producci\u00f3n estable que permite la venta al por mayor, apoyando el suministro de gran volumen con plazos de entrega estables, adecuados para la cooperaci\u00f3n a largo plazo con proyectos de ingenier\u00eda, distribuidores y propietarios de marcas.<\/li>\n<\/ul>\n<\/div>\n\n\n\n<div class=\"wp-block-column is-layout-flow wp-block-column-is-layout-flow\">\n<figure class=\"wp-block-image size-full\"><img fetchpriority=\"high\" decoding=\"async\" width=\"800\" height=\"800\" src=\"https:\/\/www.ceramicbasin.com\/wp-content\/uploads\/2025\/11\/white-ceramic-sinkporcelain-vanity-sinksbasin-wall-mount5.webp\" alt=\"lavabo-regular-montado-en-pared-peque\u00f1o-a-bultos-de-f\u00e1brica-suministro-5\" class=\"wp-image-8553\" srcset=\"https:\/\/www.ceramicbasin.com\/wp-content\/uploads\/2025\/11\/white-ceramic-sinkporcelain-vanity-sinksbasin-wall-mount5.webp 800w, https:\/\/www.ceramicbasin.com\/wp-content\/uploads\/2025\/11\/white-ceramic-sinkporcelain-vanity-sinksbasin-wall-mount5-300x300.webp 300w, https:\/\/www.ceramicbasin.com\/wp-content\/uploads\/2025\/11\/white-ceramic-sinkporcelain-vanity-sinksbasin-wall-mount5-150x150.webp 150w, https:\/\/www.ceramicbasin.com\/wp-content\/uploads\/2025\/11\/white-ceramic-sinkporcelain-vanity-sinksbasin-wall-mount5-768x768.webp 768w, https:\/\/www.ceramicbasin.com\/wp-content\/uploads\/2025\/11\/white-ceramic-sinkporcelain-vanity-sinksbasin-wall-mount5-12x12.webp 12w, https:\/\/www.ceramicbasin.com\/wp-content\/uploads\/2025\/11\/white-ceramic-sinkporcelain-vanity-sinksbasin-wall-mount5-285x285.webp 285w, https:\/\/www.ceramicbasin.com\/wp-content\/uploads\/2025\/11\/white-ceramic-sinkporcelain-vanity-sinksbasin-wall-mount5-270x270.webp 270w, https:\/\/www.ceramicbasin.com\/wp-content\/uploads\/2025\/11\/white-ceramic-sinkporcelain-vanity-sinksbasin-wall-mount5-540x540.webp 540w, https:\/\/www.ceramicbasin.com\/wp-content\/uploads\/2025\/11\/white-ceramic-sinkporcelain-vanity-sinksbasin-wall-mount5-660x660.webp 660w\" sizes=\"(max-width: 800px) 100vw, 800px\" \/><\/figure>\n<\/div>\n<\/div>\n\n\n\n<p><\/p>","protected":false},"excerpt":{"rendered":"<p>Bienvenido a comprar nuestro peque\u00f1o lavabo montado en la pared a granel est\u00e1 dise\u00f1ado para ba\u00f1os compactos y proyectos comerciales, ofreciendo una estructura de ahorro de espacio, construcci\u00f3n de cer\u00e1mica duradera y esmalte de f\u00e1cil limpieza. Disponible en tama\u00f1os regulares con un suministro estable a granel de f\u00e1brica, admite personalizaci\u00f3n OEM\/ODM para hoteles, apartamentos y contratistas de renovaci\u00f3n.<\/p>\n<table border=\"0\" width=\"478\" cellspacing=\"0\" cellpadding=\"0\">\n<tbody>\n<tr>\n<td width=\"166\" height=\"23\">Fabricante<\/td>\n<td width=\"312\">HanYu<\/td>\n<\/tr>\n<tr>\n<td height=\"23\">N\u00ba de modelo<\/td>\n<td>HY-3132L<\/td>\n<\/tr>\n<tr>\n<td height=\"23\">Tipo<\/td>\n<td width=\"312\">Fregaderos murales<\/td>\n<\/tr>\n<tr>\n<td height=\"24\">Forma<\/td>\n<td>Forma rectangular<\/td>\n<\/tr>\n<tr>\n<td height=\"46\">Color<\/td>\n<td width=\"312\">negro\/blanco\/azul\/gris\/rosa\/verde\/marr\u00f3n\/caqui<\/td>\n<\/tr>\n<tr>\n<td height=\"24\">Dimensi\u00f3n<\/td>\n<td width=\"312\">40*22*14<\/td>\n<\/tr>\n<tr>\n<td height=\"23\">N.W \/SET<\/td>\n<td>8KGS\/PCS<\/td>\n<\/tr>\n<tr>\n<td height=\"23\">MOQ<\/td>\n<td>20 piezas<\/td>\n<\/tr>\n<tr>\n<td height=\"23\">Opci\u00f3n personalizada<\/td>\n<td>Color\/Patr\u00f3n\/Tama\u00f1o\/Logotipo\/Embalaje<\/td>\n<\/tr>\n<\/tbody>\n<\/table>","protected":false},"featured_media":8549,"comment_status":"closed","ping_status":"closed","template":"","meta":{"_acf_changed":false},"product_brand":[],"product_cat":[57,56],"product_tag":[],"class_list":{"0":"post-8548","1":"product","2":"type-product","3":"status-publish","4":"has-post-thumbnail","6":"product_cat-wholesale-wall-mounted-sinks","7":"product_cat-wholesale-small-bathroom-sinks","9":"first","10":"instock","11":"shipping-taxable","12":"product-type-simple"},"acf":[],"_links":{"self":[{"href":"https:\/\/www.ceramicbasin.com\/es\/wp-json\/wp\/v2\/product\/8548","targetHints":{"allow":["GET"]}}],"collection":[{"href":"https:\/\/www.ceramicbasin.com\/es\/wp-json\/wp\/v2\/product"}],"about":[{"href":"https:\/\/www.ceramicbasin.com\/es\/wp-json\/wp\/v2\/types\/product"}],"replies":[{"embeddable":true,"href":"https:\/\/www.ceramicbasin.com\/es\/wp-json\/wp\/v2\/comments?post=8548"}],"wp:featuredmedia":[{"embeddable":true,"href":"https:\/\/www.ceramicbasin.com\/es\/wp-json\/wp\/v2\/media\/8549"}],"wp:attachment":[{"href":"https:\/\/www.ceramicbasin.com\/es\/wp-json\/wp\/v2\/media?parent=8548"}],"wp:term":[{"taxonomy":"product_brand","embeddable":true,"href":"https:\/\/www.ceramicbasin.com\/es\/wp-json\/wp\/v2\/product_brand?post=8548"},{"taxonomy":"product_cat","embeddable":true,"href":"https:\/\/www.ceramicbasin.com\/es\/wp-json\/wp\/v2\/product_cat?post=8548"},{"taxonomy":"product_tag","embeddable":true,"href":"https:\/\/www.ceramicbasin.com\/es\/wp-json\/wp\/v2\/product_tag?post=8548"}],"curies":[{"name":"wp","href":"https:\/\/api.w.org\/{rel}","templated":true}]}}