{"id":8578,"date":"2025-11-27T08:39:44","date_gmt":"2025-11-27T08:39:44","guid":{"rendered":"https:\/\/www.ceramicbasin.com\/?post_type=product&#038;p=8578"},"modified":"2025-11-27T08:39:48","modified_gmt":"2025-11-27T08:39:48","slug":"bulk-above-counter-bathroom-sink","status":"publish","type":"product","link":"https:\/\/www.ceramicbasin.com\/es\/producto\/bulk-above-counter-bathroom-sink\/","title":{"rendered":"Lavabo de ba\u00f1o sobre encimera a granel, lavabo de cer\u00e1mica sobre encimera alto Suministro"},"content":{"rendered":"<div class=\"wp-block-columns is-layout-flex wp-container-core-columns-is-layout-9d6595d7 wp-block-columns-is-layout-flex\">\n<div class=\"wp-block-column is-layout-flow wp-block-column-is-layout-flow\">\n<h2 class=\"wp-block-heading\">Premium moderno a granel por encima del fregadero del cuarto de ba\u00f1o Caracter\u00edsticas:<\/h2>\n\n\n\n<ul class=\"wp-block-list\">\n<li><strong>Aspecto moderno y minimalista: <\/strong>Este lavabo de ba\u00f1o sobre encimera a granel presenta un dise\u00f1o alto tridimensional de estilo n\u00f3rdico con l\u00edneas suaves y una silueta elegante, que realza la sensaci\u00f3n de modernidad y el dise\u00f1o del espacio de ba\u00f1o. Los bordes redondeados proporcionan un tacto suave y mejoran la seguridad.<\/li>\n\n\n\n<li><strong>Porcelana de primera calidad Material:<\/strong> Este lavabo sobre encimera a granel utiliza cer\u00e1mica\/porcelana de primera calidad cocida a alta temperatura, la superficie es dura y densa, no absorbente, resistente a los ara\u00f1azos y mantiene su brillo incluso despu\u00e9s de un uso prolongado.<\/li>\n\n\n\n<li><strong>Encima de la encimera:<\/strong> La instalaci\u00f3n de encimeras de lavabo de cer\u00e1mica a medida crea un aspecto m\u00e1s tridimensional a la vez que ahorra espacio en la encimera, lo que resulta adecuado para diversos escenarios, como hoteles de alta gama, viviendas y aseos comerciales.<\/li>\n\n\n\n<li><strong>Dise\u00f1o de lavabo alto:<\/strong> Este lavabo de cer\u00e1mica alto sobre encimera de dise\u00f1o whplesale tiene una cubeta relativamente profunda, lo que evita que el agua salpique al lavarse las manos y mantiene la encimera limpia e higi\u00e9nica.<\/li>\n\n\n\n<li><strong>Venta directa de f\u00e1brica:\u00a0<\/strong>Los lavabos de cer\u00e1mica al por mayor de HanYu son vendidos directamente por la f\u00e1brica, eliminando la diferencia de precio de los intermediarios, y la compra al por mayor de lavabos de ba\u00f1o le garantiza la compra al por mayor de lavabos de ba\u00f1o de alta calidad al menor coste.<\/li>\n<\/ul>\n<\/div>\n\n\n\n<div class=\"wp-block-column is-layout-flow wp-block-column-is-layout-flow\">\n<figure class=\"wp-block-image size-full\"><img fetchpriority=\"high\" decoding=\"async\" width=\"1024\" height=\"1024\" src=\"https:\/\/www.ceramicbasin.com\/wp-content\/uploads\/2025\/11\/Modern-Porcelain-Luxury-Counter-Top-Wash-Basin-Nordic-Ceramic-Vanity-Designer-Bathroom-Sink-Tall-Basin-5.webp\" alt=\"lavabo-cer\u00e1mico-sobre-encimera-fregadero-alto-sobre-encimera-suministro-5\" class=\"wp-image-8584\" srcset=\"https:\/\/www.ceramicbasin.com\/wp-content\/uploads\/2025\/11\/Modern-Porcelain-Luxury-Counter-Top-Wash-Basin-Nordic-Ceramic-Vanity-Designer-Bathroom-Sink-Tall-Basin-5.webp 1024w, https:\/\/www.ceramicbasin.com\/wp-content\/uploads\/2025\/11\/Modern-Porcelain-Luxury-Counter-Top-Wash-Basin-Nordic-Ceramic-Vanity-Designer-Bathroom-Sink-Tall-Basin-5-300x300.webp 300w, https:\/\/www.ceramicbasin.com\/wp-content\/uploads\/2025\/11\/Modern-Porcelain-Luxury-Counter-Top-Wash-Basin-Nordic-Ceramic-Vanity-Designer-Bathroom-Sink-Tall-Basin-5-150x150.webp 150w, https:\/\/www.ceramicbasin.com\/wp-content\/uploads\/2025\/11\/Modern-Porcelain-Luxury-Counter-Top-Wash-Basin-Nordic-Ceramic-Vanity-Designer-Bathroom-Sink-Tall-Basin-5-768x768.webp 768w, https:\/\/www.ceramicbasin.com\/wp-content\/uploads\/2025\/11\/Modern-Porcelain-Luxury-Counter-Top-Wash-Basin-Nordic-Ceramic-Vanity-Designer-Bathroom-Sink-Tall-Basin-5-12x12.webp 12w, https:\/\/www.ceramicbasin.com\/wp-content\/uploads\/2025\/11\/Modern-Porcelain-Luxury-Counter-Top-Wash-Basin-Nordic-Ceramic-Vanity-Designer-Bathroom-Sink-Tall-Basin-5-285x285.webp 285w, https:\/\/www.ceramicbasin.com\/wp-content\/uploads\/2025\/11\/Modern-Porcelain-Luxury-Counter-Top-Wash-Basin-Nordic-Ceramic-Vanity-Designer-Bathroom-Sink-Tall-Basin-5-270x270.webp 270w, https:\/\/www.ceramicbasin.com\/wp-content\/uploads\/2025\/11\/Modern-Porcelain-Luxury-Counter-Top-Wash-Basin-Nordic-Ceramic-Vanity-Designer-Bathroom-Sink-Tall-Basin-5-540x540.webp 540w, https:\/\/www.ceramicbasin.com\/wp-content\/uploads\/2025\/11\/Modern-Porcelain-Luxury-Counter-Top-Wash-Basin-Nordic-Ceramic-Vanity-Designer-Bathroom-Sink-Tall-Basin-5-660x660.webp 660w\" sizes=\"(max-width: 1024px) 100vw, 1024px\" \/><\/figure>\n<\/div>\n<\/div>\n\n\n\n<p><\/p>","protected":false},"excerpt":{"rendered":"<p>Bienvenido a comprar este lavabo de ba\u00f1o sobre encimera a granel con una elegante forma rectangular blanca y dise\u00f1o alto, ideal para cuartos de ba\u00f1o de hogares u hoteles. Fabricado en cer\u00e1mica de primera calidad con un esmalte suave y f\u00e1cil de limpiar, ofrece una excelente durabilidad, resistencia a las manchas y un brillo duradero. Disponible para pedidos al por mayor y admite diversas opciones de personalizaci\u00f3n para satisfacer las necesidades personalizadas de marcas y proyectos. Perfecto para compradores B2B que buscan fregaderos de cer\u00e1mica de primera calidad.<\/p>\n<table style=\"border-collapse: collapse; width: 311.02pt;\" border=\"0\" width=\"311\" cellspacing=\"0\" cellpadding=\"0\">\n<tbody>\n<tr style=\"height: 17.60pt;\">\n<td class=\"et3\" style=\"height: 17.60pt; width: 108.35pt;\" width=\"108\" height=\"17\">Fabricante<\/td>\n<td class=\"et3\" style=\"width: 202.95pt;\" width=\"202\">HanYu<\/td>\n<\/tr>\n<tr style=\"height: 17.60pt;\">\n<td class=\"et3\" style=\"height: 17.60pt;\" height=\"17\">N\u00ba de modelo<\/td>\n<td class=\"et4\">HY-8187<\/td>\n<\/tr>\n<tr style=\"height: 17.60pt;\">\n<td class=\"et3\" style=\"height: 17.60pt;\" height=\"17\">Tipo<\/td>\n<td class=\"et3\">Lavabo de Encimera<\/td>\n<\/tr>\n<tr style=\"height: 17.60pt;\">\n<td class=\"et3\" style=\"height: 17.60pt;\" height=\"17\">Forma<\/td>\n<td class=\"et3\">Forma rectangular<\/td>\n<\/tr>\n<tr style=\"height: 17.60pt;\">\n<td class=\"et4\" style=\"height: 17.60pt;\" height=\"17\">Color<\/td>\n<td class=\"et3\">Blanco<\/td>\n<\/tr>\n<tr style=\"height: 18.00pt;\">\n<td class=\"et3\" style=\"height: 18.00pt;\" height=\"18\">Dimensi\u00f3n<\/td>\n<td class=\"et5\" style=\"width: 202.95pt;\" width=\"202\">50*38.5*25<\/td>\n<\/tr>\n<tr style=\"height: 17.60pt;\">\n<td class=\"et3\" style=\"height: 17.60pt;\" height=\"17\">N.W \/SET<\/td>\n<td class=\"et3\">17KGS\/PCS<\/td>\n<\/tr>\n<tr style=\"height: 17.60pt;\">\n<td class=\"et3\" style=\"height: 17.60pt;\" height=\"17\">MOQ<\/td>\n<td class=\"et3\">20 piezas<\/td>\n<\/tr>\n<tr style=\"height: 17.60pt;\">\n<td class=\"et3\" style=\"height: 17.60pt;\" height=\"17\">Opci\u00f3n personalizada<\/td>\n<td class=\"et3\">Color\/Patr\u00f3n\/Tama\u00f1o\/Logotipo\/Embalaje<\/td>\n<\/tr>\n<\/tbody>\n<\/table>","protected":false},"featured_media":8581,"comment_status":"closed","ping_status":"closed","template":"","meta":{"_acf_changed":false},"product_brand":[],"product_cat":[50],"product_tag":[],"class_list":{"0":"post-8578","1":"product","2":"type-product","3":"status-publish","4":"has-post-thumbnail","6":"product_cat-wholesale-countertop-sinks","8":"first","9":"instock","10":"shipping-taxable","11":"product-type-simple"},"acf":[],"_links":{"self":[{"href":"https:\/\/www.ceramicbasin.com\/es\/wp-json\/wp\/v2\/product\/8578","targetHints":{"allow":["GET"]}}],"collection":[{"href":"https:\/\/www.ceramicbasin.com\/es\/wp-json\/wp\/v2\/product"}],"about":[{"href":"https:\/\/www.ceramicbasin.com\/es\/wp-json\/wp\/v2\/types\/product"}],"replies":[{"embeddable":true,"href":"https:\/\/www.ceramicbasin.com\/es\/wp-json\/wp\/v2\/comments?post=8578"}],"wp:featuredmedia":[{"embeddable":true,"href":"https:\/\/www.ceramicbasin.com\/es\/wp-json\/wp\/v2\/media\/8581"}],"wp:attachment":[{"href":"https:\/\/www.ceramicbasin.com\/es\/wp-json\/wp\/v2\/media?parent=8578"}],"wp:term":[{"taxonomy":"product_brand","embeddable":true,"href":"https:\/\/www.ceramicbasin.com\/es\/wp-json\/wp\/v2\/product_brand?post=8578"},{"taxonomy":"product_cat","embeddable":true,"href":"https:\/\/www.ceramicbasin.com\/es\/wp-json\/wp\/v2\/product_cat?post=8578"},{"taxonomy":"product_tag","embeddable":true,"href":"https:\/\/www.ceramicbasin.com\/es\/wp-json\/wp\/v2\/product_tag?post=8578"}],"curies":[{"name":"wp","href":"https:\/\/api.w.org\/{rel}","templated":true}]}}