{"id":8591,"date":"2025-11-27T10:09:05","date_gmt":"2025-11-27T10:09:05","guid":{"rendered":"https:\/\/www.ceramicbasin.com\/?post_type=product&#038;p=8591"},"modified":"2025-11-27T10:09:11","modified_gmt":"2025-11-27T10:09:11","slug":"wholesale-ceramic-above-counter-basin","status":"publish","type":"product","link":"https:\/\/www.ceramicbasin.com\/es\/producto\/wholesale-ceramic-above-counter-basin\/","title":{"rendered":"Mayorista Lavabo de Cer\u00e1mica sobre Encimera, Lavabo de Cer\u00e1mica a Medida"},"content":{"rendered":"<div class=\"wp-block-columns is-layout-flex wp-container-core-columns-is-layout-9d6595d7 wp-block-columns-is-layout-flex\">\n<div class=\"wp-block-column is-layout-flow wp-block-column-is-layout-flow\">\n<h2 class=\"wp-block-heading\">Premium al por mayor de cer\u00e1mica por encima de la cuenca del contador Caracter\u00edsticas:<\/h2>\n\n\n\n<ul class=\"wp-block-list\">\n<li><strong>Cocci\u00f3n cer\u00e1mica a alta temperatura:<\/strong> Nuestros lavabos sobre encimera de cer\u00e1mica al por mayor se fabrican con materias primas cer\u00e1micas de primera calidad y se cuecen a altas temperaturas para crear una superficie suave y delicada que resiste las manchas y facilita la limpieza diaria.<\/li>\n\n\n\n<li><strong>Dise\u00f1o pr\u00e1ctico en altura:<\/strong> La altura del lavabo de cer\u00e1mica sobre encimera de 220 mm proporciona una amplia profundidad interna para amortiguar mejor el flujo de agua, reduciendo significativamente la probabilidad de salpicaduras durante el uso, mejorando la experiencia del usuario y manteniendo la encimera seca y limpia.<\/li>\n\n\n\n<li><strong>Forma ovalada:<\/strong> Este fregadero de cer\u00e1mica a medida presenta una silueta ovalada completa y redondeada. Sus l\u00edneas sencillas y suaves, sin bordes afilados, evocan el espacio moderno con c\u00e1lido arte. Debido a que la pared interior del lavabo es redonda, anula las esquinas afiladas, evitando las zonas dif\u00edciles de limpiar y simplificando incre\u00edblemente el mantenimiento diario.<\/li>\n\n\n\n<li><strong>Combinaci\u00f3n de colores vers\u00e1til: <\/strong>Un lavabo de cer\u00e1mica a medida cl\u00e1sico de color blanco puro encajar\u00e1 perfectamente con encimeras y paredes comunes, como el gris claro, la madera y el negro, ofreciendo una gran libertad de dise\u00f1o a los dise\u00f1adores de interiores.<\/li>\n\n\n\n<li><strong>Suministro eficaz y entrega r\u00e1pida:<\/strong> Nuestro mayorista de lavabo de cer\u00e1mica sobre encimera ofrece una entrega r\u00e1pida, acomod\u00e1ndose de forma flexible a pedidos de gran volumen y proporcionando un fuerte apoyo al progreso de los proyectos de nuestros clientes y a las ventas en el mercado.<\/li>\n<\/ul>\n<\/div>\n\n\n\n<div class=\"wp-block-column is-layout-flow wp-block-column-is-layout-flow\">\n<figure class=\"wp-block-image size-full\"><img fetchpriority=\"high\" decoding=\"async\" width=\"1024\" height=\"1024\" src=\"https:\/\/www.ceramicbasin.com\/wp-content\/uploads\/2025\/11\/Bathroom-Vanity-Sanitary-Wash-Sink-Basin-Luxury-Counter-Top-Wash-Tall-Basin-5.webp\" alt=\"mayorista-fregadero-ceramica-sobre-encimera-fregadero-ceramica-personalizado-5\" class=\"wp-image-8596\" srcset=\"https:\/\/www.ceramicbasin.com\/wp-content\/uploads\/2025\/11\/Bathroom-Vanity-Sanitary-Wash-Sink-Basin-Luxury-Counter-Top-Wash-Tall-Basin-5.webp 1024w, https:\/\/www.ceramicbasin.com\/wp-content\/uploads\/2025\/11\/Bathroom-Vanity-Sanitary-Wash-Sink-Basin-Luxury-Counter-Top-Wash-Tall-Basin-5-300x300.webp 300w, https:\/\/www.ceramicbasin.com\/wp-content\/uploads\/2025\/11\/Bathroom-Vanity-Sanitary-Wash-Sink-Basin-Luxury-Counter-Top-Wash-Tall-Basin-5-150x150.webp 150w, https:\/\/www.ceramicbasin.com\/wp-content\/uploads\/2025\/11\/Bathroom-Vanity-Sanitary-Wash-Sink-Basin-Luxury-Counter-Top-Wash-Tall-Basin-5-768x768.webp 768w, https:\/\/www.ceramicbasin.com\/wp-content\/uploads\/2025\/11\/Bathroom-Vanity-Sanitary-Wash-Sink-Basin-Luxury-Counter-Top-Wash-Tall-Basin-5-12x12.webp 12w, https:\/\/www.ceramicbasin.com\/wp-content\/uploads\/2025\/11\/Bathroom-Vanity-Sanitary-Wash-Sink-Basin-Luxury-Counter-Top-Wash-Tall-Basin-5-285x285.webp 285w, https:\/\/www.ceramicbasin.com\/wp-content\/uploads\/2025\/11\/Bathroom-Vanity-Sanitary-Wash-Sink-Basin-Luxury-Counter-Top-Wash-Tall-Basin-5-270x270.webp 270w, https:\/\/www.ceramicbasin.com\/wp-content\/uploads\/2025\/11\/Bathroom-Vanity-Sanitary-Wash-Sink-Basin-Luxury-Counter-Top-Wash-Tall-Basin-5-540x540.webp 540w, https:\/\/www.ceramicbasin.com\/wp-content\/uploads\/2025\/11\/Bathroom-Vanity-Sanitary-Wash-Sink-Basin-Luxury-Counter-Top-Wash-Tall-Basin-5-660x660.webp 660w\" sizes=\"(max-width: 1024px) 100vw, 1024px\" \/><\/figure>\n<\/div>\n<\/div>","protected":false},"excerpt":{"rendered":"<p>Bienvenido a comprar este lavabo de cer\u00e1mica al por mayor sobre encimera fabricado con cocci\u00f3n a alta temperatura para obtener una superficie brillante, duradera y f\u00e1cil de limpiar. La apariencia aerodin\u00e1mica, el dise\u00f1o y el tratamiento de bordes redondeados muestran una extraordinaria belleza art\u00edstica, por lo que es una soluci\u00f3n perfecta al por mayor para marcas, hoteles y contratistas de proyectos. Las compras al por mayor pueden disfrutar de una mejor relaci\u00f3n coste-eficacia.<\/p>\n<table style=\"border-collapse: collapse; width: 311.02pt;\" border=\"0\" width=\"311\" cellspacing=\"0\" cellpadding=\"0\">\n<tbody>\n<tr style=\"height: 17.60pt;\">\n<td class=\"et3\" style=\"height: 17.60pt; width: 108.35pt;\" width=\"108\" height=\"17\">Fabricante<\/td>\n<td class=\"et3\" style=\"width: 202.95pt;\" width=\"202\">HanYu<\/td>\n<\/tr>\n<tr style=\"height: 17.60pt;\">\n<td class=\"et3\" style=\"height: 17.60pt;\" height=\"17\">N\u00ba de modelo<\/td>\n<td class=\"et4\">HY-8189<\/td>\n<\/tr>\n<tr style=\"height: 17.60pt;\">\n<td class=\"et3\" style=\"height: 17.60pt;\" height=\"17\">Tipo<\/td>\n<td class=\"et3\">Lavabo de Encimera<\/td>\n<\/tr>\n<tr style=\"height: 17.60pt;\">\n<td class=\"et3\" style=\"height: 17.60pt;\" height=\"17\">Forma<\/td>\n<td class=\"et3\">Forma rectangular<\/td>\n<\/tr>\n<tr style=\"height: 17.60pt;\">\n<td class=\"et4\" style=\"height: 17.60pt;\" height=\"17\">Color<\/td>\n<td class=\"et3\">Blanco<\/td>\n<\/tr>\n<tr style=\"height: 18.00pt;\">\n<td class=\"et3\" style=\"height: 18.00pt;\" height=\"18\">Dimensi\u00f3n<\/td>\n<td class=\"et5\" style=\"width: 202.95pt;\" width=\"202\">45.5*32.5*22<\/td>\n<\/tr>\n<tr style=\"height: 17.60pt;\">\n<td class=\"et3\" style=\"height: 17.60pt;\" height=\"17\">N.W \/SET<\/td>\n<td class=\"et3\">16KGS\/PCS<\/td>\n<\/tr>\n<tr style=\"height: 17.60pt;\">\n<td class=\"et3\" style=\"height: 17.60pt;\" height=\"17\">MOQ<\/td>\n<td class=\"et3\">20 piezas<\/td>\n<\/tr>\n<tr style=\"height: 17.60pt;\">\n<td class=\"et3\" style=\"height: 17.60pt;\" height=\"17\">Opci\u00f3n personalizada<\/td>\n<td class=\"et3\">Color\/Patr\u00f3n\/Tama\u00f1o\/Logotipo\/Embalaje<\/td>\n<\/tr>\n<\/tbody>\n<\/table>","protected":false},"featured_media":8593,"comment_status":"closed","ping_status":"closed","template":"","meta":{"_acf_changed":false},"product_brand":[],"product_cat":[50],"product_tag":[],"class_list":{"0":"post-8591","1":"product","2":"type-product","3":"status-publish","4":"has-post-thumbnail","6":"product_cat-wholesale-countertop-sinks","8":"first","9":"instock","10":"shipping-taxable","11":"product-type-simple"},"acf":[],"_links":{"self":[{"href":"https:\/\/www.ceramicbasin.com\/es\/wp-json\/wp\/v2\/product\/8591","targetHints":{"allow":["GET"]}}],"collection":[{"href":"https:\/\/www.ceramicbasin.com\/es\/wp-json\/wp\/v2\/product"}],"about":[{"href":"https:\/\/www.ceramicbasin.com\/es\/wp-json\/wp\/v2\/types\/product"}],"replies":[{"embeddable":true,"href":"https:\/\/www.ceramicbasin.com\/es\/wp-json\/wp\/v2\/comments?post=8591"}],"wp:featuredmedia":[{"embeddable":true,"href":"https:\/\/www.ceramicbasin.com\/es\/wp-json\/wp\/v2\/media\/8593"}],"wp:attachment":[{"href":"https:\/\/www.ceramicbasin.com\/es\/wp-json\/wp\/v2\/media?parent=8591"}],"wp:term":[{"taxonomy":"product_brand","embeddable":true,"href":"https:\/\/www.ceramicbasin.com\/es\/wp-json\/wp\/v2\/product_brand?post=8591"},{"taxonomy":"product_cat","embeddable":true,"href":"https:\/\/www.ceramicbasin.com\/es\/wp-json\/wp\/v2\/product_cat?post=8591"},{"taxonomy":"product_tag","embeddable":true,"href":"https:\/\/www.ceramicbasin.com\/es\/wp-json\/wp\/v2\/product_tag?post=8591"}],"curies":[{"name":"wp","href":"https:\/\/api.w.org\/{rel}","templated":true}]}}