{"id":8597,"date":"2025-11-29T09:05:13","date_gmt":"2025-11-29T09:05:13","guid":{"rendered":"https:\/\/www.ceramicbasin.com\/?post_type=product&#038;p=8597"},"modified":"2025-11-29T09:05:16","modified_gmt":"2025-11-29T09:05:16","slug":"wholesale-round-countertop-sink","status":"publish","type":"product","link":"https:\/\/www.ceramicbasin.com\/es\/producto\/wholesale-round-countertop-sink\/","title":{"rendered":"Mayorista Fregadero Redondo de Encimera, Fregadero Alto de Cer\u00e1mica a Medida"},"content":{"rendered":"<div class=\"wp-block-columns is-layout-flex wp-container-core-columns-is-layout-9d6595d7 wp-block-columns-is-layout-flex\">\n<div class=\"wp-block-column is-layout-flow wp-block-column-is-layout-flow\">\n<h2 class=\"wp-block-heading\">Fregadero de Encimera Redondo al por mayor de primera calidad Caracter\u00edsticas:<\/h2>\n\n\n\n<ul class=\"wp-block-list\">\n<li><strong>Construcci\u00f3n de cer\u00e1mica de alta calidad:<\/strong> El fregadero de encimera redondo al por mayor est\u00e1 fabricado con cer\u00e1mica de alta calidad creada mediante cocci\u00f3n a alta temperatura. La cer\u00e1mica se ha hecho muy resistente y estable para que pueda durar muchos a\u00f1os. La cer\u00e1mica utilizada para este fregadero tiene una superficie de grano fino y una composici\u00f3n muy densa que conserva su brillo durante muchos a\u00f1os y proporcionar\u00e1 una excelente protecci\u00f3n contra ara\u00f1azos, desgaste e impactos.<\/li>\n\n\n\n<li><strong>Encimera redonda de dise\u00f1o moderno:<\/strong> El estilo \u00fanico de este lavabo redondo al por mayor para encimera presenta un dise\u00f1o moderno y elegante con un aspecto tridimensional que crea altura visual y realza el estilo de su cuarto de ba\u00f1o. Este lavabo tiene una elegancia discreta que encaja perfectamente con los estilos de dise\u00f1o moderno y minimalista.<\/li>\n\n\n\n<li><strong>Superficie acristalada lisa:<\/strong> El esmalte de la superficie del lavabo de cer\u00e1mica alto sobre encimera a medida ha sido tratado con un tratamiento de impermeabilizaci\u00f3n y resistencia que crea una superficie muy lisa y f\u00e1cil de limpiar. Este lavabo es f\u00e1cil de mantener y permanece limpio y duradero en hoteles o locales comerciales de mucho tr\u00e1nsito, con un coste de mantenimiento muy bajo.<\/li>\n\n\n\n<li><strong>F\u00e1cil instalaci\u00f3n:<\/strong>\u00a0Dise\u00f1ados para montaje sobre encimera, estos lavabos de ba\u00f1o al por mayor son f\u00e1ciles de instalar y ofrecen una soluci\u00f3n sin complicaciones tanto para nuevas construcciones como para renovaciones de ba\u00f1os.<\/li>\n\n\n\n<li><strong>Venta directa de f\u00e1brica:\u00a0<\/strong>Los lavabos de cer\u00e1mica al por mayor de HanYu son vendidos directamente por la f\u00e1brica, eliminando la diferencia de precio de los intermediarios, y la compra al por mayor de lavabos de ba\u00f1o le garantiza la compra al por mayor de lavabos de ba\u00f1o de alta calidad al menor coste.<\/li>\n<\/ul>\n<\/div>\n\n\n\n<div class=\"wp-block-column is-layout-flow wp-block-column-is-layout-flow\">\n<figure class=\"wp-block-image size-full\"><img fetchpriority=\"high\" decoding=\"async\" width=\"1024\" height=\"1024\" src=\"https:\/\/www.ceramicbasin.com\/wp-content\/uploads\/2025\/11\/Round-White-Table-Top-Ceramic-Wash-High-End-Art-Bathroom-Sinks-Wholesale-Modern-Design-Vessel-Basin-5.webp\" alt=\"mayorista-fregadero-sobre-encimera-redondo-fregadero-ceramica-sobre-encimera-alto-5\" class=\"wp-image-8602\" srcset=\"https:\/\/www.ceramicbasin.com\/wp-content\/uploads\/2025\/11\/Round-White-Table-Top-Ceramic-Wash-High-End-Art-Bathroom-Sinks-Wholesale-Modern-Design-Vessel-Basin-5.webp 1024w, https:\/\/www.ceramicbasin.com\/wp-content\/uploads\/2025\/11\/Round-White-Table-Top-Ceramic-Wash-High-End-Art-Bathroom-Sinks-Wholesale-Modern-Design-Vessel-Basin-5-300x300.webp 300w, https:\/\/www.ceramicbasin.com\/wp-content\/uploads\/2025\/11\/Round-White-Table-Top-Ceramic-Wash-High-End-Art-Bathroom-Sinks-Wholesale-Modern-Design-Vessel-Basin-5-150x150.webp 150w, https:\/\/www.ceramicbasin.com\/wp-content\/uploads\/2025\/11\/Round-White-Table-Top-Ceramic-Wash-High-End-Art-Bathroom-Sinks-Wholesale-Modern-Design-Vessel-Basin-5-768x768.webp 768w, https:\/\/www.ceramicbasin.com\/wp-content\/uploads\/2025\/11\/Round-White-Table-Top-Ceramic-Wash-High-End-Art-Bathroom-Sinks-Wholesale-Modern-Design-Vessel-Basin-5-12x12.webp 12w, https:\/\/www.ceramicbasin.com\/wp-content\/uploads\/2025\/11\/Round-White-Table-Top-Ceramic-Wash-High-End-Art-Bathroom-Sinks-Wholesale-Modern-Design-Vessel-Basin-5-285x285.webp 285w, https:\/\/www.ceramicbasin.com\/wp-content\/uploads\/2025\/11\/Round-White-Table-Top-Ceramic-Wash-High-End-Art-Bathroom-Sinks-Wholesale-Modern-Design-Vessel-Basin-5-270x270.webp 270w, https:\/\/www.ceramicbasin.com\/wp-content\/uploads\/2025\/11\/Round-White-Table-Top-Ceramic-Wash-High-End-Art-Bathroom-Sinks-Wholesale-Modern-Design-Vessel-Basin-5-540x540.webp 540w, https:\/\/www.ceramicbasin.com\/wp-content\/uploads\/2025\/11\/Round-White-Table-Top-Ceramic-Wash-High-End-Art-Bathroom-Sinks-Wholesale-Modern-Design-Vessel-Basin-5-660x660.webp 660w\" sizes=\"(max-width: 1024px) 100vw, 1024px\" \/><\/figure>\n<\/div>\n<\/div>","protected":false},"excerpt":{"rendered":"<p>Bienvenido a comprar al por mayor este lavabo redondo para encimera, que ofrece elegancia y durabilidad para ba\u00f1os modernos. Con un esmalte suave y f\u00e1cil de limpiar y opciones personalizables, es ideal para hoteles, proyectos residenciales y espacios comerciales de primera calidad. HanYu ofrece el precio m\u00e1s competitivo.<\/p>\n<table style=\"border-collapse: collapse; width: 311.02pt;\" border=\"0\" width=\"311\" cellspacing=\"0\" cellpadding=\"0\">\n<tbody>\n<tr style=\"height: 17.60pt;\">\n<td class=\"et3\" style=\"height: 17.60pt; width: 108.35pt;\" width=\"108\" height=\"17\">Fabricante<\/td>\n<td class=\"et3\" style=\"width: 202.95pt;\" width=\"202\">HanYu<\/td>\n<\/tr>\n<tr style=\"height: 17.60pt;\">\n<td class=\"et3\" style=\"height: 17.60pt;\" height=\"17\">N\u00ba de modelo<\/td>\n<td class=\"et4\">HY-8190<\/td>\n<\/tr>\n<tr style=\"height: 17.60pt;\">\n<td class=\"et3\" style=\"height: 17.60pt;\" height=\"17\">Tipo<\/td>\n<td class=\"et3\">Lavabo de Encimera<\/td>\n<\/tr>\n<tr style=\"height: 17.60pt;\">\n<td class=\"et3\" style=\"height: 17.60pt;\" height=\"17\">Forma<\/td>\n<td class=\"et3\">Forma redonda<\/td>\n<\/tr>\n<tr style=\"height: 17.60pt;\">\n<td class=\"et4\" style=\"height: 17.60pt;\" height=\"17\">Color<\/td>\n<td class=\"et3\">Blanco<\/td>\n<\/tr>\n<tr style=\"height: 18.00pt;\">\n<td class=\"et3\" style=\"height: 18.00pt;\" height=\"18\">Dimensi\u00f3n<\/td>\n<td class=\"et5\" style=\"width: 202.95pt;\" width=\"202\">36*36*28<\/td>\n<\/tr>\n<tr style=\"height: 17.60pt;\">\n<td class=\"et3\" style=\"height: 17.60pt;\" height=\"17\">N.W \/SET<\/td>\n<td class=\"et3\">16KGS\/PCS<\/td>\n<\/tr>\n<tr style=\"height: 17.60pt;\">\n<td class=\"et3\" style=\"height: 17.60pt;\" height=\"17\">MOQ<\/td>\n<td class=\"et3\">20 piezas<\/td>\n<\/tr>\n<tr style=\"height: 17.60pt;\">\n<td class=\"et3\" style=\"height: 17.60pt;\" height=\"17\">Opci\u00f3n personalizada<\/td>\n<td class=\"et3\">Color\/Patr\u00f3n\/Tama\u00f1o\/Logotipo\/Embalaje<\/td>\n<\/tr>\n<\/tbody>\n<\/table>","protected":false},"featured_media":8601,"comment_status":"closed","ping_status":"closed","template":"","meta":{"_acf_changed":false},"product_brand":[],"product_cat":[50],"product_tag":[],"class_list":{"0":"post-8597","1":"product","2":"type-product","3":"status-publish","4":"has-post-thumbnail","6":"product_cat-wholesale-countertop-sinks","8":"first","9":"instock","10":"shipping-taxable","11":"product-type-simple"},"acf":[],"_links":{"self":[{"href":"https:\/\/www.ceramicbasin.com\/es\/wp-json\/wp\/v2\/product\/8597","targetHints":{"allow":["GET"]}}],"collection":[{"href":"https:\/\/www.ceramicbasin.com\/es\/wp-json\/wp\/v2\/product"}],"about":[{"href":"https:\/\/www.ceramicbasin.com\/es\/wp-json\/wp\/v2\/types\/product"}],"replies":[{"embeddable":true,"href":"https:\/\/www.ceramicbasin.com\/es\/wp-json\/wp\/v2\/comments?post=8597"}],"wp:featuredmedia":[{"embeddable":true,"href":"https:\/\/www.ceramicbasin.com\/es\/wp-json\/wp\/v2\/media\/8601"}],"wp:attachment":[{"href":"https:\/\/www.ceramicbasin.com\/es\/wp-json\/wp\/v2\/media?parent=8597"}],"wp:term":[{"taxonomy":"product_brand","embeddable":true,"href":"https:\/\/www.ceramicbasin.com\/es\/wp-json\/wp\/v2\/product_brand?post=8597"},{"taxonomy":"product_cat","embeddable":true,"href":"https:\/\/www.ceramicbasin.com\/es\/wp-json\/wp\/v2\/product_cat?post=8597"},{"taxonomy":"product_tag","embeddable":true,"href":"https:\/\/www.ceramicbasin.com\/es\/wp-json\/wp\/v2\/product_tag?post=8597"}],"curies":[{"name":"wp","href":"https:\/\/api.w.org\/{rel}","templated":true}]}}