{"id":8634,"date":"2025-12-04T02:05:22","date_gmt":"2025-12-04T02:05:22","guid":{"rendered":"https:\/\/www.ceramicbasin.com\/?post_type=product&#038;p=8634"},"modified":"2025-12-05T02:16:21","modified_gmt":"2025-12-05T02:16:21","slug":"wholesale-small-wall-hung-sink","status":"publish","type":"product","link":"https:\/\/www.ceramicbasin.com\/es\/producto\/wholesale-small-wall-hung-sink\/","title":{"rendered":"Mayorista Fregadero Peque\u00f1o Colgado de la Pared, Lavabo de Ba\u00f1o de Cer\u00e1mica Personalizado"},"content":{"rendered":"<div class=\"wp-block-columns is-layout-flex wp-container-core-columns-is-layout-9d6595d7 wp-block-columns-is-layout-flex\">\n<div class=\"wp-block-column is-layout-flow wp-block-column-is-layout-flow\">\n<h2 class=\"wp-block-heading\">Premium al por mayor peque\u00f1o fregadero de pared Caracter\u00edsticas:<\/h2>\n\n\n\n<ul class=\"wp-block-list\">\n<li><strong>Lavabo de cer\u00e1mica duradera:<\/strong> Este fregadero de pared peque\u00f1o al por mayor est\u00e1 fabricado en cer\u00e1mica cocida a alta temperatura; el esmalte liso es firmemente resistente a las manchas, ara\u00f1azos y desgaste, es f\u00e1cil de limpiar regularmente, y se mantendr\u00e1 limpio y blanco brillante durante mucho tiempo.<\/li>\n\n\n\n<li><strong>Dise\u00f1o compacto para montaje en pared:<\/strong> Este lavabo mural peque\u00f1o al por mayor est\u00e1 optimizado para ahorrar espacio; la instalaci\u00f3n mural libera espacio bajo encimera, lo que flexibiliza la distribuci\u00f3n en ba\u00f1os peque\u00f1os, semicuartos de ba\u00f1o o espacios comerciales, y es f\u00e1cil de limpiar.<\/li>\n\n\n\n<li><strong>L\u00edneas limpias, dise\u00f1o \u00fanico:<\/strong> El cuerpo del lavabo cuadrado de color blanco puro est\u00e1 fabricado en cer\u00e1mica de alta calidad con l\u00edneas limpias. Este lavabo de cer\u00e1mica a medida presenta un dise\u00f1o moderno y minimalista que puede combinarse f\u00e1cilmente con varios estilos de decoraci\u00f3n de ba\u00f1os, lo que resulta en una est\u00e9tica visual limpia y n\u00edtida.<\/li>\n\n\n\n<li><strong>Dise\u00f1o de f\u00e1cil instalaci\u00f3n: <\/strong>Estas interfaces est\u00e1ndar para lavabos de cer\u00e1mica a medida permiten a los equipos de construcci\u00f3n una instalaci\u00f3n r\u00e1pida, aumentando la eficacia del proyecto y reduciendo los costes de mantenimiento. Ideal para entornos de uso frecuente, como cuartos de ba\u00f1o dom\u00e9sticos, habitaciones de hotel o edificios de oficinas comerciales, zonas p\u00fablicas de lavado de manos y escuelas.<\/li>\n\n\n\n<li><strong>Ventaja del precio al por mayor:<\/strong> Como fabricante de lavabos personalizados, HanYu ofrece precios al por mayor muy competitivos, y las compras al por mayor disfrutan de m\u00e1s descuentos, lo que convierte a los accesorios de ba\u00f1o de alta calidad en su opci\u00f3n ideal bajo control de costes.<\/li>\n<\/ul>\n<\/div>\n\n\n\n<div class=\"wp-block-column is-layout-flow wp-block-column-is-layout-flow\">\n<figure class=\"wp-block-image size-full\"><img fetchpriority=\"high\" decoding=\"async\" width=\"600\" height=\"800\" src=\"https:\/\/www.ceramicbasin.com\/wp-content\/uploads\/2025\/12\/wholesale-small-wall-hung-sink-custom-ceramic-bathroom-basin-6.webp\" alt=\"mayorista-peque\u00f1o-fregadero-colgante-de-pared-fregadero-cer\u00e1mico-personalizado-6\" class=\"wp-image-8673\" srcset=\"https:\/\/www.ceramicbasin.com\/wp-content\/uploads\/2025\/12\/wholesale-small-wall-hung-sink-custom-ceramic-bathroom-basin-6.webp 600w, https:\/\/www.ceramicbasin.com\/wp-content\/uploads\/2025\/12\/wholesale-small-wall-hung-sink-custom-ceramic-bathroom-basin-6-225x300.webp 225w, https:\/\/www.ceramicbasin.com\/wp-content\/uploads\/2025\/12\/wholesale-small-wall-hung-sink-custom-ceramic-bathroom-basin-6-9x12.webp 9w, https:\/\/www.ceramicbasin.com\/wp-content\/uploads\/2025\/12\/wholesale-small-wall-hung-sink-custom-ceramic-bathroom-basin-6-285x380.webp 285w, https:\/\/www.ceramicbasin.com\/wp-content\/uploads\/2025\/12\/wholesale-small-wall-hung-sink-custom-ceramic-bathroom-basin-6-495x660.webp 495w, https:\/\/www.ceramicbasin.com\/wp-content\/uploads\/2025\/12\/wholesale-small-wall-hung-sink-custom-ceramic-bathroom-basin-6-113x150.webp 113w\" sizes=\"(max-width: 600px) 100vw, 600px\" \/><\/figure>\n<\/div>\n<\/div>\n\n\n\n<p><\/p>","protected":false},"excerpt":{"rendered":"<p>Bienvenido a comprar al por mayor nuestro peque\u00f1o lavabo mural de tama\u00f1o compacto para ahorrar espacio. Fabricado en cer\u00e1mica de alta calidad y f\u00e1cil de limpiar, es ideal para ba\u00f1os peque\u00f1os y proyectos comerciales. Ofrecemos opciones de personalizaci\u00f3n y venta al por mayor. Perfecto para cuartos de ba\u00f1o modernos que ahorran espacio.<\/p>\n<table border=\"0\" width=\"478\" cellspacing=\"0\" cellpadding=\"0\">\n<tbody>\n<tr>\n<td width=\"166\" height=\"23\">Fabricante<\/td>\n<td width=\"312\">HanYu<\/td>\n<\/tr>\n<tr>\n<td height=\"23\">N\u00ba de modelo<\/td>\n<td>HY-3134<\/td>\n<\/tr>\n<tr>\n<td height=\"23\">Tipo<\/td>\n<td width=\"312\">Fregaderos murales<\/td>\n<\/tr>\n<tr>\n<td height=\"24\">Forma<\/td>\n<td>Forma rectangular<\/td>\n<\/tr>\n<tr>\n<td height=\"46\">Color<\/td>\n<td width=\"312\">negro\/blanco\/azul\/gris\/rosa\/verde\/marr\u00f3n\/caqui<\/td>\n<\/tr>\n<tr>\n<td height=\"24\">Dimensi\u00f3n<\/td>\n<td width=\"312\">46.5*39.5*11.5<\/td>\n<\/tr>\n<tr>\n<td height=\"23\">N.W \/SET<\/td>\n<td>8 KGS\/PCS<\/td>\n<\/tr>\n<tr>\n<td height=\"23\">MOQ<\/td>\n<td>20 unidades<\/td>\n<\/tr>\n<tr>\n<td height=\"23\">Opci\u00f3n personalizada<\/td>\n<td>Color\/Patr\u00f3n\/Tama\u00f1o\/Logotipo\/Embalaje<\/td>\n<\/tr>\n<\/tbody>\n<\/table>","protected":false},"featured_media":8668,"comment_status":"closed","ping_status":"closed","template":"","meta":{"_acf_changed":false},"product_brand":[],"product_cat":[57,56],"product_tag":[],"class_list":{"0":"post-8634","1":"product","2":"type-product","3":"status-publish","4":"has-post-thumbnail","6":"product_cat-wholesale-wall-mounted-sinks","7":"product_cat-wholesale-small-bathroom-sinks","9":"first","10":"instock","11":"shipping-taxable","12":"product-type-simple"},"acf":[],"_links":{"self":[{"href":"https:\/\/www.ceramicbasin.com\/es\/wp-json\/wp\/v2\/product\/8634","targetHints":{"allow":["GET"]}}],"collection":[{"href":"https:\/\/www.ceramicbasin.com\/es\/wp-json\/wp\/v2\/product"}],"about":[{"href":"https:\/\/www.ceramicbasin.com\/es\/wp-json\/wp\/v2\/types\/product"}],"replies":[{"embeddable":true,"href":"https:\/\/www.ceramicbasin.com\/es\/wp-json\/wp\/v2\/comments?post=8634"}],"wp:featuredmedia":[{"embeddable":true,"href":"https:\/\/www.ceramicbasin.com\/es\/wp-json\/wp\/v2\/media\/8668"}],"wp:attachment":[{"href":"https:\/\/www.ceramicbasin.com\/es\/wp-json\/wp\/v2\/media?parent=8634"}],"wp:term":[{"taxonomy":"product_brand","embeddable":true,"href":"https:\/\/www.ceramicbasin.com\/es\/wp-json\/wp\/v2\/product_brand?post=8634"},{"taxonomy":"product_cat","embeddable":true,"href":"https:\/\/www.ceramicbasin.com\/es\/wp-json\/wp\/v2\/product_cat?post=8634"},{"taxonomy":"product_tag","embeddable":true,"href":"https:\/\/www.ceramicbasin.com\/es\/wp-json\/wp\/v2\/product_tag?post=8634"}],"curies":[{"name":"wp","href":"https:\/\/api.w.org\/{rel}","templated":true}]}}