{"id":8644,"date":"2025-12-04T02:38:38","date_gmt":"2025-12-04T02:38:38","guid":{"rendered":"https:\/\/www.ceramicbasin.com\/?post_type=product&#038;p=8644"},"modified":"2025-12-11T06:07:12","modified_gmt":"2025-12-11T06:07:12","slug":"small-wall-mounted-wash-basin-in-bulk","status":"publish","type":"product","link":"https:\/\/www.ceramicbasin.com\/es\/producto\/small-wall-mounted-wash-basin-in-bulk\/","title":{"rendered":"Lavabo mural peque\u00f1o a granel, fregadero de cer\u00e1mica a medida"},"content":{"rendered":"<div class=\"wp-block-columns is-layout-flex wp-container-core-columns-is-layout-9d6595d7 wp-block-columns-is-layout-flex\">\n<div class=\"wp-block-column is-layout-flow wp-block-column-is-layout-flow\">\n<h2 class=\"wp-block-heading\">Premium Lavabo Peque\u00f1o De Pared A Granel Caracter\u00edsticas:<\/h2>\n\n\n\n<ul class=\"wp-block-list\">\n<li><strong>Dise\u00f1o minimalista europeo: <\/strong>Este peque\u00f1o lavabo de pared a granel presenta un lavabo de cer\u00e1mica ovalado\/cuadrado de color blanco puro emparejado con un grifo monomando negro de arco alto. Las l\u00edneas limpias y sencillas resaltan un estilo europeo moderno, adecuado para diversas reformas de ba\u00f1os.<\/li>\n\n\n\n<li><strong>Estructura mural compacta:<\/strong> Nuestros lavabos murales peque\u00f1os al por mayor est\u00e1n especialmente dise\u00f1ados para lavabos o cuartos de ba\u00f1o peque\u00f1os, con una instalaci\u00f3n compacta montada en la pared para aprovechar el espacio limitado.<\/li>\n\n\n\n<li><strong>De cer\u00e1mica de alta calidad:<\/strong> Este peque\u00f1o lavabo de pared a granel es resistente a los ara\u00f1azos y a las manchas y presenta una superficie lisa y f\u00e1cil de limpiar con una larga vida \u00fatil.<\/li>\n\n\n\n<li><strong>Adaptabilidad multifuncional: <\/strong>Este fregadero de cer\u00e1mica a medida es compatible con las conexiones de desag\u00fce y grifer\u00eda est\u00e1ndar internacionales para facilitar la instalaci\u00f3n. Los orificios de rebosadero y desag\u00fce est\u00e1ndar est\u00e1n preinstalados, admiten desag\u00fces emergentes y son compatibles con varias instalaciones de tuber\u00edas de agua, lo que facilita las configuraciones de proyectos a gran escala.<\/li>\n\n\n\n<li><strong>Opciones personalizables: <\/strong>Con una gran variedad de colores, acabados superficiales y envases personalizados, este granel de fregaderos cer\u00e1micos puede satisfacer f\u00e1cilmente las necesidades espec\u00edficas de su marca y mercado.<\/li>\n<\/ul>\n<\/div>\n\n\n\n<div class=\"wp-block-column is-layout-flow wp-block-column-is-layout-flow\">\n<figure class=\"wp-block-image size-full\"><img fetchpriority=\"high\" decoding=\"async\" width=\"621\" height=\"905\" src=\"https:\/\/www.ceramicbasin.com\/wp-content\/uploads\/2025\/12\/small-wall-mounted-wash-basin-in-bulk-european-style-custom-ceramic-sink-6.webp\" alt=\"lavabo-en-balsa-estilo-europeo-fregadero-ceramico-personalizado-6\" class=\"wp-image-8680\" srcset=\"https:\/\/www.ceramicbasin.com\/wp-content\/uploads\/2025\/12\/small-wall-mounted-wash-basin-in-bulk-european-style-custom-ceramic-sink-6.webp 621w, https:\/\/www.ceramicbasin.com\/wp-content\/uploads\/2025\/12\/small-wall-mounted-wash-basin-in-bulk-european-style-custom-ceramic-sink-6-206x300.webp 206w, https:\/\/www.ceramicbasin.com\/wp-content\/uploads\/2025\/12\/small-wall-mounted-wash-basin-in-bulk-european-style-custom-ceramic-sink-6-8x12.webp 8w, https:\/\/www.ceramicbasin.com\/wp-content\/uploads\/2025\/12\/small-wall-mounted-wash-basin-in-bulk-european-style-custom-ceramic-sink-6-285x415.webp 285w, https:\/\/www.ceramicbasin.com\/wp-content\/uploads\/2025\/12\/small-wall-mounted-wash-basin-in-bulk-european-style-custom-ceramic-sink-6-453x660.webp 453w, https:\/\/www.ceramicbasin.com\/wp-content\/uploads\/2025\/12\/small-wall-mounted-wash-basin-in-bulk-european-style-custom-ceramic-sink-6-103x150.webp 103w\" sizes=\"(max-width: 621px) 100vw, 621px\" \/><\/figure>\n<\/div>\n<\/div>\n\n\n\n<p><\/p>","protected":false},"excerpt":{"rendered":"<p>Bienvenido a comprar nuestro lavabo peque\u00f1o de pared al por mayor, dise\u00f1ado especialmente para ba\u00f1os peque\u00f1os y espacios comerciales reducidos. Con un dise\u00f1o europeo minimalista, ideal para ba\u00f1os con poco espacio. Con cer\u00e1mica de alta calidad, f\u00e1cil instalaci\u00f3n y personalizaci\u00f3n OEM. Perfecto para proyectos de hotel\/apartamento suministro al por mayor. Precios al por mayor competitivos y soporte para logotipos personalizados.<\/p>\n<table border=\"0\" width=\"478\" cellspacing=\"0\" cellpadding=\"0\">\n<tbody>\n<tr>\n<td width=\"166\" height=\"23\">Fabricante<\/td>\n<td width=\"312\">HanYu<\/td>\n<\/tr>\n<tr>\n<td height=\"23\">N\u00ba de modelo<\/td>\n<td>HY-3134A<\/td>\n<\/tr>\n<tr>\n<td height=\"23\">Tipo<\/td>\n<td width=\"312\">Fregaderos murales<\/td>\n<\/tr>\n<tr>\n<td height=\"24\">Forma<\/td>\n<td>Forma rectangular<\/td>\n<\/tr>\n<tr>\n<td height=\"46\">Color<\/td>\n<td width=\"312\">negro\/blanco\/azul\/gris\/rosa\/verde\/marr\u00f3n\/caqui<\/td>\n<\/tr>\n<tr>\n<td height=\"24\">Dimensi\u00f3n<\/td>\n<td width=\"312\">52*42*14<\/td>\n<\/tr>\n<tr>\n<td height=\"23\">N.W \/SET<\/td>\n<td>10 KGS\/PCS<\/td>\n<\/tr>\n<tr>\n<td height=\"23\">MOQ<\/td>\n<td>20 piezas<\/td>\n<\/tr>\n<tr>\n<td height=\"23\">Opci\u00f3n personalizada<\/td>\n<td>Color\/Patr\u00f3n\/Tama\u00f1o\/Logotipo\/Embalaje<\/td>\n<\/tr>\n<\/tbody>\n<\/table>","protected":false},"featured_media":8675,"comment_status":"closed","ping_status":"closed","template":"","meta":{"_acf_changed":false},"product_brand":[],"product_cat":[57,56],"product_tag":[],"class_list":{"0":"post-8644","1":"product","2":"type-product","3":"status-publish","4":"has-post-thumbnail","6":"product_cat-wholesale-wall-mounted-sinks","7":"product_cat-wholesale-small-bathroom-sinks","9":"first","10":"instock","11":"shipping-taxable","12":"product-type-simple"},"acf":[],"_links":{"self":[{"href":"https:\/\/www.ceramicbasin.com\/es\/wp-json\/wp\/v2\/product\/8644","targetHints":{"allow":["GET"]}}],"collection":[{"href":"https:\/\/www.ceramicbasin.com\/es\/wp-json\/wp\/v2\/product"}],"about":[{"href":"https:\/\/www.ceramicbasin.com\/es\/wp-json\/wp\/v2\/types\/product"}],"replies":[{"embeddable":true,"href":"https:\/\/www.ceramicbasin.com\/es\/wp-json\/wp\/v2\/comments?post=8644"}],"wp:featuredmedia":[{"embeddable":true,"href":"https:\/\/www.ceramicbasin.com\/es\/wp-json\/wp\/v2\/media\/8675"}],"wp:attachment":[{"href":"https:\/\/www.ceramicbasin.com\/es\/wp-json\/wp\/v2\/media?parent=8644"}],"wp:term":[{"taxonomy":"product_brand","embeddable":true,"href":"https:\/\/www.ceramicbasin.com\/es\/wp-json\/wp\/v2\/product_brand?post=8644"},{"taxonomy":"product_cat","embeddable":true,"href":"https:\/\/www.ceramicbasin.com\/es\/wp-json\/wp\/v2\/product_cat?post=8644"},{"taxonomy":"product_tag","embeddable":true,"href":"https:\/\/www.ceramicbasin.com\/es\/wp-json\/wp\/v2\/product_tag?post=8644"}],"curies":[{"name":"wp","href":"https:\/\/api.w.org\/{rel}","templated":true}]}}