{"id":8652,"date":"2025-12-04T03:30:43","date_gmt":"2025-12-04T03:30:43","guid":{"rendered":"https:\/\/www.ceramicbasin.com\/?post_type=product&#038;p=8652"},"modified":"2025-12-05T03:15:57","modified_gmt":"2025-12-05T03:15:57","slug":"bulk-custom-wall-mounted-sink","status":"publish","type":"product","link":"https:\/\/www.ceramicbasin.com\/es\/producto\/bulk-custom-wall-mounted-sink\/","title":{"rendered":"Fregadero de pared a granel a medida, Lavabos de cer\u00e1mica Suministro"},"content":{"rendered":"<div class=\"wp-block-columns is-layout-flex wp-container-core-columns-is-layout-9d6595d7 wp-block-columns-is-layout-flex\">\n<div class=\"wp-block-column is-layout-flow wp-block-column-is-layout-flow\">\n<h2 class=\"wp-block-heading\">Premium Bulk Custom Fregadero Montado en la Pared Caracter\u00edsticas:<\/h2>\n\n\n\n<ul class=\"wp-block-list\">\n<li><strong>Nuevo dise\u00f1o:<\/strong> El dise\u00f1o ovalado equilibra la practicidad y la adaptabilidad al espacio, facilitando la planificaci\u00f3n de proyectos y la compra al por mayor.<\/li>\n\n\n\n<li><strong>Cer\u00e1mica de alta calidad y f\u00e1cil limpieza: <\/strong>Nuestro fregadero a granel a medida montado en la pared cuenta con esmalte cer\u00e1mico cocido a alta temperatura que es suave y denso, resistente a las manchas y al desgaste, f\u00e1cil de limpiar a diario y resistente a las manchas y al agrietamiento con el uso a largo plazo.<\/li>\n\n\n\n<li><strong>Instalaci\u00f3n mural:<\/strong> El dise\u00f1o de nuestro lavabo mural al por mayor no s\u00f3lo ahorra espacio, sino que tambi\u00e9n facilita la limpieza del suelo inferior, manteniendo el cuarto de ba\u00f1o ordenado y creando un ambiente de uso refrescante.<\/li>\n\n\n\n<li><strong>Ahorro en costes de compra a granel:<\/strong> HanYu puede proporcionarle lavabos murales al por mayor con precios de compra competitivos para ayudarle a controlar eficazmente los costes de decoraci\u00f3n sin sacrificar la calidad.<\/li>\n<\/ul>\n<\/div>\n\n\n\n<div class=\"wp-block-column is-layout-flow wp-block-column-is-layout-flow\">\n<figure class=\"wp-block-image size-full\"><img fetchpriority=\"high\" decoding=\"async\" width=\"670\" height=\"905\" src=\"https:\/\/www.ceramicbasin.com\/wp-content\/uploads\/2025\/12\/bulk-custom-wall-mounted-sink-ceramic-wash-basins-supply-6.webp\" alt=\"lavabos de cer\u00e1mica montados en la pared a granel suministro-6\" class=\"wp-image-8687\" srcset=\"https:\/\/www.ceramicbasin.com\/wp-content\/uploads\/2025\/12\/bulk-custom-wall-mounted-sink-ceramic-wash-basins-supply-6.webp 670w, https:\/\/www.ceramicbasin.com\/wp-content\/uploads\/2025\/12\/bulk-custom-wall-mounted-sink-ceramic-wash-basins-supply-6-222x300.webp 222w, https:\/\/www.ceramicbasin.com\/wp-content\/uploads\/2025\/12\/bulk-custom-wall-mounted-sink-ceramic-wash-basins-supply-6-9x12.webp 9w, https:\/\/www.ceramicbasin.com\/wp-content\/uploads\/2025\/12\/bulk-custom-wall-mounted-sink-ceramic-wash-basins-supply-6-285x385.webp 285w, https:\/\/www.ceramicbasin.com\/wp-content\/uploads\/2025\/12\/bulk-custom-wall-mounted-sink-ceramic-wash-basins-supply-6-489x660.webp 489w, https:\/\/www.ceramicbasin.com\/wp-content\/uploads\/2025\/12\/bulk-custom-wall-mounted-sink-ceramic-wash-basins-supply-6-111x150.webp 111w\" sizes=\"(max-width: 670px) 100vw, 670px\" \/><\/figure>\n<\/div>\n<\/div>\n\n\n\n<p><\/p>","protected":false},"excerpt":{"rendered":"<p>Bienvenido a comprar nuestra costumbre a granel lavabo montado en la pared de cer\u00e1mica de alta calidad, f\u00e1cil de limpiar, ideal para cuartos de ba\u00f1o de ahorro de espacio. Nuestros lavabos murales al por mayor de entrega r\u00e1pida pueden satisfacer las necesidades urgentes de los proyectos. Tambi\u00e9n ofrecemos servicios personalizados, para que pueda ajustar los detalles del producto de acuerdo a las necesidades del proyecto para lograr una combinaci\u00f3n perfecta en el dise\u00f1o.<\/p>\n<table style=\"border-collapse: collapse; width: 358.52pt;\" border=\"0\" width=\"478\" cellspacing=\"0\" cellpadding=\"0\">\n<tbody>\n<tr style=\"height: 17.25pt;\">\n<td class=\"et3\" style=\"height: 17.25pt; width: 125.00pt;\" width=\"166\" height=\"23\">Fabricante<\/td>\n<td class=\"et3\" style=\"width: 234.15pt;\" width=\"312\">HanYu<\/td>\n<\/tr>\n<tr style=\"height: 17.25pt;\">\n<td class=\"et3\" style=\"height: 17.25pt;\" height=\"23\">N\u00ba de modelo<\/td>\n<td class=\"et4\">HY-3134B<\/td>\n<\/tr>\n<tr style=\"height: 17.25pt;\">\n<td class=\"et3\" style=\"height: 17.25pt;\" height=\"23\">Tipo<\/td>\n<td class=\"et5\" style=\"width: 234.15pt;\" width=\"312\">Fregaderos murales<\/td>\n<\/tr>\n<tr style=\"height: 18.00pt;\">\n<td class=\"et3\" style=\"height: 18.00pt;\" height=\"24\">Forma<\/td>\n<td class=\"et3\">Forma rectangular<\/td>\n<\/tr>\n<tr style=\"height: 34.50pt;\">\n<td class=\"et4\" style=\"height: 34.50pt;\" height=\"46\">Color<\/td>\n<td class=\"et5\" style=\"width: 234.15pt;\" width=\"312\">negro\/blanco\/azul\/gris\/rosa\/verde\/marr\u00f3n\/caqui<\/td>\n<\/tr>\n<tr style=\"height: 18.00pt;\">\n<td class=\"et3\" style=\"height: 18.00pt;\" height=\"24\">Dimensi\u00f3n<\/td>\n<td class=\"et5\" style=\"width: 234.15pt;\" width=\"312\">60*45.5*14<\/td>\n<\/tr>\n<tr style=\"height: 17.25pt;\">\n<td class=\"et3\" style=\"height: 17.25pt;\" height=\"23\">N.W \/SET<\/td>\n<td class=\"et3\">12 KGS\/PCS<\/td>\n<\/tr>\n<tr style=\"height: 17.25pt;\">\n<td class=\"et3\" style=\"height: 17.25pt;\" height=\"23\">MOQ<\/td>\n<td class=\"et3\">20 piezas<\/td>\n<\/tr>\n<tr style=\"height: 17.25pt;\">\n<td class=\"et3\" style=\"height: 17.25pt;\" height=\"23\">Opci\u00f3n personalizada<\/td>\n<td class=\"et3\">Color\/Patr\u00f3n\/Tama\u00f1o\/Logotipo\/Embalaje<\/td>\n<\/tr>\n<\/tbody>\n<\/table>","protected":false},"featured_media":8682,"comment_status":"closed","ping_status":"closed","template":"","meta":{"_acf_changed":false},"product_brand":[],"product_cat":[57],"product_tag":[],"class_list":{"0":"post-8652","1":"product","2":"type-product","3":"status-publish","4":"has-post-thumbnail","6":"product_cat-wholesale-wall-mounted-sinks","8":"first","9":"instock","10":"shipping-taxable","11":"product-type-simple"},"acf":[],"_links":{"self":[{"href":"https:\/\/www.ceramicbasin.com\/es\/wp-json\/wp\/v2\/product\/8652","targetHints":{"allow":["GET"]}}],"collection":[{"href":"https:\/\/www.ceramicbasin.com\/es\/wp-json\/wp\/v2\/product"}],"about":[{"href":"https:\/\/www.ceramicbasin.com\/es\/wp-json\/wp\/v2\/types\/product"}],"replies":[{"embeddable":true,"href":"https:\/\/www.ceramicbasin.com\/es\/wp-json\/wp\/v2\/comments?post=8652"}],"wp:featuredmedia":[{"embeddable":true,"href":"https:\/\/www.ceramicbasin.com\/es\/wp-json\/wp\/v2\/media\/8682"}],"wp:attachment":[{"href":"https:\/\/www.ceramicbasin.com\/es\/wp-json\/wp\/v2\/media?parent=8652"}],"wp:term":[{"taxonomy":"product_brand","embeddable":true,"href":"https:\/\/www.ceramicbasin.com\/es\/wp-json\/wp\/v2\/product_brand?post=8652"},{"taxonomy":"product_cat","embeddable":true,"href":"https:\/\/www.ceramicbasin.com\/es\/wp-json\/wp\/v2\/product_cat?post=8652"},{"taxonomy":"product_tag","embeddable":true,"href":"https:\/\/www.ceramicbasin.com\/es\/wp-json\/wp\/v2\/product_tag?post=8652"}],"curies":[{"name":"wp","href":"https:\/\/api.w.org\/{rel}","templated":true}]}}