{"id":8660,"date":"2025-12-04T03:38:55","date_gmt":"2025-12-04T03:38:55","guid":{"rendered":"https:\/\/www.ceramicbasin.com\/?post_type=product&#038;p=8660"},"modified":"2025-12-05T04:05:16","modified_gmt":"2025-12-05T04:05:16","slug":"wholesale-small-wall-mounted-sink","status":"publish","type":"product","link":"https:\/\/www.ceramicbasin.com\/es\/producto\/wholesale-small-wall-mounted-sink\/","title":{"rendered":"Mayorista Fregadero Peque\u00f1o Montado en la Pared, Fregadero de Cer\u00e1mica Personalizado para Ba\u00f1o"},"content":{"rendered":"<div class=\"wp-block-columns is-layout-flex wp-container-core-columns-is-layout-9d6595d7 wp-block-columns-is-layout-flex\">\n<div class=\"wp-block-column is-layout-flow wp-block-column-is-layout-flow\">\n<h2 class=\"wp-block-heading\">Premium al por mayor peque\u00f1o fregadero montado en la pared Caracter\u00edsticas:<\/h2>\n\n\n\n<ul class=\"wp-block-list\">\n<li><strong>Dise\u00f1o de optimizaci\u00f3n del espacio:<\/strong> Este lavabo peque\u00f1o al por mayor montado en la pared es especialmente adecuado para espacios de ba\u00f1o peque\u00f1os, mejorando el aprovechamiento del espacio. Adecuado para apartamentos, hoteles y peque\u00f1os espacios comerciales.<\/li>\n\n\n\n<li><strong>Fabricado en porcelana de alta calidad:<\/strong> Nuestro fregadero de pared peque\u00f1o al por mayor est\u00e1 hecho de arcilla de porcelana de alta calidad y se cuece a altas temperaturas para garantizar que los lavabos tengan una textura s\u00f3lida, una superficie lisa, sean f\u00e1ciles de limpiar y tengan un brillo duradero.<\/li>\n\n\n\n<li><strong>Estilo minimalista moderno: <\/strong>Estos lavabos de cer\u00e1mica a medida para ba\u00f1o tienen un lavabo de cer\u00e1mica cuadrado de color blanco puro con esquinas redondeadas, combinado con un grifo monomando alto de color negro, que presenta un contraste cl\u00e1sico de blanco y negro, creando un aspecto sencillo y elegante adecuado para diversos escenarios de decoraci\u00f3n.<\/li>\n\n\n\n<li><strong>Gran compatibilidad de instalaci\u00f3n:<\/strong> Los orificios de rebosadero y desag\u00fce est\u00e1ndar admiten desag\u00fces emergentes universales. La instalaci\u00f3n mural es estable y compatible con la mayor\u00eda de superficies de pared y sistemas de suministro de agua.<\/li>\n\n\n\n<li><strong>Servicios de personalizaci\u00f3n y venta al por mayor:<\/strong> Admitimos la personalizaci\u00f3n OEM\/ODM (como logotipo, ajuste de tama\u00f1o) y ofrecemos precios al por mayor escalonados para satisfacer las necesidades de compra al por mayor de los proyectos de ingenier\u00eda.<\/li>\n<\/ul>\n<\/div>\n\n\n\n<div class=\"wp-block-column is-layout-flow wp-block-column-is-layout-flow\">\n<figure class=\"wp-block-image size-full\"><img fetchpriority=\"high\" decoding=\"async\" width=\"660\" height=\"882\" src=\"https:\/\/www.ceramicbasin.com\/wp-content\/uploads\/2025\/12\/wholesale-small-wall-mounted-sink-custom-ceramic-bath-sink-6.webp\" alt=\"mayorista-peque\u00f1o-fregadero-montado-en-pared-fregadero-ceramico-personalizado-6\" class=\"wp-image-8694\" srcset=\"https:\/\/www.ceramicbasin.com\/wp-content\/uploads\/2025\/12\/wholesale-small-wall-mounted-sink-custom-ceramic-bath-sink-6.webp 660w, https:\/\/www.ceramicbasin.com\/wp-content\/uploads\/2025\/12\/wholesale-small-wall-mounted-sink-custom-ceramic-bath-sink-6-224x300.webp 224w, https:\/\/www.ceramicbasin.com\/wp-content\/uploads\/2025\/12\/wholesale-small-wall-mounted-sink-custom-ceramic-bath-sink-6-9x12.webp 9w, https:\/\/www.ceramicbasin.com\/wp-content\/uploads\/2025\/12\/wholesale-small-wall-mounted-sink-custom-ceramic-bath-sink-6-285x381.webp 285w, https:\/\/www.ceramicbasin.com\/wp-content\/uploads\/2025\/12\/wholesale-small-wall-mounted-sink-custom-ceramic-bath-sink-6-494x660.webp 494w, https:\/\/www.ceramicbasin.com\/wp-content\/uploads\/2025\/12\/wholesale-small-wall-mounted-sink-custom-ceramic-bath-sink-6-112x150.webp 112w\" sizes=\"(max-width: 660px) 100vw, 660px\" \/><\/figure>\n<\/div>\n<\/div>\n\n\n\n<p><\/p>","protected":false},"excerpt":{"rendered":"<p>Bienvenido a comprar al por mayor nuestro lavabo de pared peque\u00f1o, de dise\u00f1o moderno con cer\u00e1mica de alta calidad y f\u00e1cil instalaci\u00f3n. Nuestros lavabos de pared de cer\u00e1mica al por mayor est\u00e1n dise\u00f1ados para ba\u00f1os peque\u00f1os que persiguen la practicidad y la belleza. Precios personalizables y al por mayor para proyectos de hoteles\/apartamentos.<\/p>\n<table style=\"border-collapse: collapse; width: 358.52pt;\" border=\"0\" width=\"478\" cellspacing=\"0\" cellpadding=\"0\">\n<tbody>\n<tr style=\"height: 17.25pt;\">\n<td class=\"et3\" style=\"height: 17.25pt; width: 125.00pt;\" width=\"166\" height=\"23\">Fabricante<\/td>\n<td class=\"et3\" style=\"width: 234.15pt;\" width=\"312\">HanYu<\/td>\n<\/tr>\n<tr style=\"height: 17.25pt;\">\n<td class=\"et3\" style=\"height: 17.25pt;\" height=\"23\">N\u00ba de modelo<\/td>\n<td class=\"et4\">HY-3136<\/td>\n<\/tr>\n<tr style=\"height: 17.25pt;\">\n<td class=\"et3\" style=\"height: 17.25pt;\" height=\"23\">Tipo<\/td>\n<td class=\"et5\" style=\"width: 234.15pt;\" width=\"312\">Fregaderos murales<\/td>\n<\/tr>\n<tr style=\"height: 18.00pt;\">\n<td class=\"et3\" style=\"height: 18.00pt;\" height=\"24\">Forma<\/td>\n<td class=\"et3\">Forma rectangular<\/td>\n<\/tr>\n<tr style=\"height: 34.50pt;\">\n<td class=\"et4\" style=\"height: 34.50pt;\" height=\"46\">Color<\/td>\n<td class=\"et5\" style=\"width: 234.15pt;\" width=\"312\">negro\/blanco\/azul\/gris\/rosa\/verde\/marr\u00f3n\/caqui<\/td>\n<\/tr>\n<tr style=\"height: 18.00pt;\">\n<td class=\"et3\" style=\"height: 18.00pt;\" height=\"24\">Dimensi\u00f3n<\/td>\n<td class=\"et5\" style=\"width: 234.15pt;\" width=\"312\">45.5*36.5*17<\/td>\n<\/tr>\n<tr style=\"height: 17.25pt;\">\n<td class=\"et3\" style=\"height: 17.25pt;\" height=\"23\">N.W \/SET<\/td>\n<td class=\"et3\">8 KGS\/PCS<\/td>\n<\/tr>\n<tr style=\"height: 17.25pt;\">\n<td class=\"et3\" style=\"height: 17.25pt;\" height=\"23\">MOQ<\/td>\n<td class=\"et3\">20 piezas<\/td>\n<\/tr>\n<tr style=\"height: 17.25pt;\">\n<td class=\"et3\" style=\"height: 17.25pt;\" height=\"23\">Opci\u00f3n personalizada<\/td>\n<td class=\"et3\">Color\/Patr\u00f3n\/Tama\u00f1o\/Logotipo\/Embalaje<\/td>\n<\/tr>\n<\/tbody>\n<\/table>","protected":false},"featured_media":8689,"comment_status":"closed","ping_status":"closed","template":"","meta":{"_acf_changed":false},"product_brand":[],"product_cat":[57,56],"product_tag":[],"class_list":{"0":"post-8660","1":"product","2":"type-product","3":"status-publish","4":"has-post-thumbnail","6":"product_cat-wholesale-wall-mounted-sinks","7":"product_cat-wholesale-small-bathroom-sinks","9":"first","10":"instock","11":"shipping-taxable","12":"product-type-simple"},"acf":[],"_links":{"self":[{"href":"https:\/\/www.ceramicbasin.com\/es\/wp-json\/wp\/v2\/product\/8660","targetHints":{"allow":["GET"]}}],"collection":[{"href":"https:\/\/www.ceramicbasin.com\/es\/wp-json\/wp\/v2\/product"}],"about":[{"href":"https:\/\/www.ceramicbasin.com\/es\/wp-json\/wp\/v2\/types\/product"}],"replies":[{"embeddable":true,"href":"https:\/\/www.ceramicbasin.com\/es\/wp-json\/wp\/v2\/comments?post=8660"}],"wp:featuredmedia":[{"embeddable":true,"href":"https:\/\/www.ceramicbasin.com\/es\/wp-json\/wp\/v2\/media\/8689"}],"wp:attachment":[{"href":"https:\/\/www.ceramicbasin.com\/es\/wp-json\/wp\/v2\/media?parent=8660"}],"wp:term":[{"taxonomy":"product_brand","embeddable":true,"href":"https:\/\/www.ceramicbasin.com\/es\/wp-json\/wp\/v2\/product_brand?post=8660"},{"taxonomy":"product_cat","embeddable":true,"href":"https:\/\/www.ceramicbasin.com\/es\/wp-json\/wp\/v2\/product_cat?post=8660"},{"taxonomy":"product_tag","embeddable":true,"href":"https:\/\/www.ceramicbasin.com\/es\/wp-json\/wp\/v2\/product_tag?post=8660"}],"curies":[{"name":"wp","href":"https:\/\/api.w.org\/{rel}","templated":true}]}}