{"id":8722,"date":"2025-12-18T07:17:37","date_gmt":"2025-12-18T07:17:37","guid":{"rendered":"https:\/\/www.ceramicbasin.com\/?post_type=product&#038;p=8722"},"modified":"2025-12-18T07:17:40","modified_gmt":"2025-12-18T07:17:40","slug":"above-counter-basin-wholesale","status":"publish","type":"product","link":"https:\/\/www.ceramicbasin.com\/es\/producto\/above-counter-basin-wholesale\/","title":{"rendered":"Lavabo De Porcelana Sobre Encimera Al Por Mayor, Lavabo De Ba\u00f1o Ovalado Al Por Mayor"},"content":{"rendered":"<div class=\"wp-block-columns is-layout-flex wp-container-core-columns-is-layout-9d6595d7 wp-block-columns-is-layout-flex\">\n<div class=\"wp-block-column is-layout-flow wp-block-column-is-layout-flow\">\n<h2 class=\"wp-block-heading\">Premium Above Counter Lavabo al por mayor Caracter\u00edsticas:<\/h2>\n\n\n\n<ul class=\"wp-block-list\">\n<li><strong>Cer\u00e1mica de alta calidad:<\/strong>\u00a0Esta porcelana sobre encimera de lavabo al por mayor es de alta cocci\u00f3n a trav\u00e9s de un proceso de alta temperatura para una superficie mucho m\u00e1s suave, m\u00e1s densa que tiene resistencia a los ara\u00f1azos, resistencia a las manchas, y la facilidad de limpieza.<\/li>\n\n\n\n<li><strong>Stock a granel:<\/strong>\u00a0Nuestra venta al por mayor de lavabos de porcelana sobre encimera admite tanto la venta al por mayor como la adquisici\u00f3n de proyectos, satisfaciendo las necesidades de entrega r\u00e1pida de minoristas, distribuidores y clientes de proyectos.<\/li>\n\n\n\n<li><strong>Tratamiento de esmalte f\u00e1cil de limpiar:<\/strong>\u00a0La superficie del lavabo ovalado a medida de estos modelos de lavabo a medida adopta una tecnolog\u00eda especial de esmalte f\u00e1cil de limpiar, que es suave y delicada, lo que hace que las manchas se adhieran menos y sea m\u00e1s f\u00e1cil de limpiar.<\/li>\n\n\n\n<li><strong>Lavabo de encimera estructural: <\/strong>El lavabo de porcelana sobre encimera de dise\u00f1o al por mayor es f\u00e1cil de instalar y puede mejorar r\u00e1pidamente el atractivo visual del espacio general del cuarto de ba\u00f1o.<\/li>\n\n\n\n<li><strong>Precio ventajoso:\u00a0<\/strong>Ofrecemos servicios de pedidos al por mayor de lavabos ovalados a medida para cuartos de ba\u00f1o, que no s\u00f3lo son asequibles, sino que tambi\u00e9n se entregan r\u00e1pidamente, adecuados para proyectos comerciales y decoraci\u00f3n residencial a gran escala, satisfaciendo las necesidades de alta eficiencia y bajo coste.<\/li>\n<\/ul>\n<\/div>\n\n\n\n<div class=\"wp-block-column is-layout-flow wp-block-column-is-layout-flow\">\n<figure class=\"wp-block-image size-full\"><img fetchpriority=\"high\" decoding=\"async\" width=\"726\" height=\"929\" src=\"https:\/\/www.ceramicbasin.com\/wp-content\/uploads\/2025\/12\/porcelain-above-counter-basin-wholesale-oval-bathroom-sink-bulk-5.webp\" alt=\"lavabo-sobre-encimera-de-porcelana-mayorista-ovalado-fregadero-de-ba\u00f1o-granel-5\" class=\"wp-image-8742\" srcset=\"https:\/\/www.ceramicbasin.com\/wp-content\/uploads\/2025\/12\/porcelain-above-counter-basin-wholesale-oval-bathroom-sink-bulk-5.webp 726w, https:\/\/www.ceramicbasin.com\/wp-content\/uploads\/2025\/12\/porcelain-above-counter-basin-wholesale-oval-bathroom-sink-bulk-5-234x300.webp 234w, https:\/\/www.ceramicbasin.com\/wp-content\/uploads\/2025\/12\/porcelain-above-counter-basin-wholesale-oval-bathroom-sink-bulk-5-9x12.webp 9w, https:\/\/www.ceramicbasin.com\/wp-content\/uploads\/2025\/12\/porcelain-above-counter-basin-wholesale-oval-bathroom-sink-bulk-5-285x365.webp 285w, https:\/\/www.ceramicbasin.com\/wp-content\/uploads\/2025\/12\/porcelain-above-counter-basin-wholesale-oval-bathroom-sink-bulk-5-516x660.webp 516w, https:\/\/www.ceramicbasin.com\/wp-content\/uploads\/2025\/12\/porcelain-above-counter-basin-wholesale-oval-bathroom-sink-bulk-5-117x150.webp 117w\" sizes=\"(max-width: 726px) 100vw, 726px\" \/><\/figure>\n<\/div>\n<\/div>","protected":false},"excerpt":{"rendered":"<p>Bienvenido a comprar este lavabo de porcelana sobre encimera al por mayor cuenta con un elegante dise\u00f1o ovalado con un suave acabado esmaltado, ofreciendo durabilidad, f\u00e1cil mantenimiento y est\u00e9tica atemporal. Ideal para pedidos al por mayor, hoteles y proyectos residenciales, este lavabo de ba\u00f1o ovalado soporta entrega asequible y r\u00e1pida.<\/p>\n<table style=\"border-collapse: collapse; width: 358.52pt;\" border=\"0\" width=\"478\" cellspacing=\"0\" cellpadding=\"0\">\n<tbody>\n<tr style=\"height: 17.25pt;\">\n<td class=\"et3\" style=\"height: 17.25pt; width: 125.00pt;\" width=\"166\" height=\"23\">Fabricante<\/td>\n<td class=\"et3\" style=\"width: 234.15pt;\" width=\"312\">HanYu<\/td>\n<\/tr>\n<tr style=\"height: 17.25pt;\">\n<td class=\"et3\" style=\"height: 17.25pt;\" height=\"23\">N\u00ba de modelo<\/td>\n<td class=\"et4\">HY-8259A<\/td>\n<\/tr>\n<tr style=\"height: 17.25pt;\">\n<td class=\"et3\" style=\"height: 17.25pt;\" height=\"23\">Tipo<\/td>\n<td class=\"et5\" style=\"width: 234.15pt;\" width=\"312\">Fregadero sobre encimera<\/td>\n<\/tr>\n<tr style=\"height: 18.00pt;\">\n<td class=\"et3\" style=\"height: 18.00pt;\" height=\"24\">Forma<\/td>\n<td class=\"et3\">Forma ovalada<\/td>\n<\/tr>\n<tr style=\"height: 34.50pt;\">\n<td class=\"et4\" style=\"height: 34.50pt;\" height=\"46\">Color<\/td>\n<td class=\"et5\" style=\"width: 234.15pt;\" width=\"312\">negro\/blanco\/azul\/gris\/rosa\/verde\/marr\u00f3n\/caqui<\/td>\n<\/tr>\n<tr style=\"height: 18.00pt;\">\n<td class=\"et3\" style=\"height: 18.00pt;\" height=\"24\">Dimensi\u00f3n<\/td>\n<td class=\"et5\" style=\"width: 234.15pt;\" width=\"312\">56*40.5*-16.5<\/td>\n<\/tr>\n<tr style=\"height: 17.25pt;\">\n<td class=\"et3\" style=\"height: 17.25pt;\" height=\"23\">N.W \/SET<\/td>\n<td class=\"et3\">8KGS\/PCS<\/td>\n<\/tr>\n<tr style=\"height: 17.25pt;\">\n<td class=\"et3\" style=\"height: 17.25pt;\" height=\"23\">MOQ<\/td>\n<td class=\"et3\">20 piezas<\/td>\n<\/tr>\n<tr style=\"height: 17.25pt;\">\n<td class=\"et3\" style=\"height: 17.25pt;\" height=\"23\">Opci\u00f3n personalizada<\/td>\n<td class=\"et3\">Color\/Patr\u00f3n\/Tama\u00f1o\/Logotipo\/Embalaje<\/td>\n<\/tr>\n<\/tbody>\n<\/table>","protected":false},"featured_media":8741,"comment_status":"closed","ping_status":"closed","template":"","meta":{"_acf_changed":false},"product_brand":[],"product_cat":[50],"product_tag":[],"class_list":{"0":"post-8722","1":"product","2":"type-product","3":"status-publish","4":"has-post-thumbnail","6":"product_cat-wholesale-countertop-sinks","8":"first","9":"instock","10":"shipping-taxable","11":"product-type-simple"},"acf":[],"_links":{"self":[{"href":"https:\/\/www.ceramicbasin.com\/es\/wp-json\/wp\/v2\/product\/8722","targetHints":{"allow":["GET"]}}],"collection":[{"href":"https:\/\/www.ceramicbasin.com\/es\/wp-json\/wp\/v2\/product"}],"about":[{"href":"https:\/\/www.ceramicbasin.com\/es\/wp-json\/wp\/v2\/types\/product"}],"replies":[{"embeddable":true,"href":"https:\/\/www.ceramicbasin.com\/es\/wp-json\/wp\/v2\/comments?post=8722"}],"wp:featuredmedia":[{"embeddable":true,"href":"https:\/\/www.ceramicbasin.com\/es\/wp-json\/wp\/v2\/media\/8741"}],"wp:attachment":[{"href":"https:\/\/www.ceramicbasin.com\/es\/wp-json\/wp\/v2\/media?parent=8722"}],"wp:term":[{"taxonomy":"product_brand","embeddable":true,"href":"https:\/\/www.ceramicbasin.com\/es\/wp-json\/wp\/v2\/product_brand?post=8722"},{"taxonomy":"product_cat","embeddable":true,"href":"https:\/\/www.ceramicbasin.com\/es\/wp-json\/wp\/v2\/product_cat?post=8722"},{"taxonomy":"product_tag","embeddable":true,"href":"https:\/\/www.ceramicbasin.com\/es\/wp-json\/wp\/v2\/product_tag?post=8722"}],"curies":[{"name":"wp","href":"https:\/\/api.w.org\/{rel}","templated":true}]}}