{"id":8723,"date":"2025-12-18T08:25:07","date_gmt":"2025-12-18T08:25:07","guid":{"rendered":"https:\/\/www.ceramicbasin.com\/?post_type=product&#038;p=8723"},"modified":"2025-12-18T08:25:10","modified_gmt":"2025-12-18T08:25:10","slug":"wholesale-oval-countertop-sink","status":"publish","type":"product","link":"https:\/\/www.ceramicbasin.com\/es\/producto\/wholesale-oval-countertop-sink\/","title":{"rendered":"Mayorista Fregadero Ovalado de Encimera, Lavabo de Cer\u00e1mica a Medida para Ba\u00f1o"},"content":{"rendered":"<div class=\"wp-block-columns is-layout-flex wp-container-core-columns-is-layout-9d6595d7 wp-block-columns-is-layout-flex\">\n<div class=\"wp-block-column is-layout-flow wp-block-column-is-layout-flow\">\n<h2 class=\"wp-block-heading\">Fregadero de Encimera Ovalado al por mayor de primera calidad Caracter\u00edsticas:<\/h2>\n\n\n\n<ul class=\"wp-block-list\">\n<li><strong>Forma ovalada cl\u00e1sica:<\/strong> El lavabo de encimera ovalado al por mayor tiene l\u00edneas ovaladas suaves y lisas que complementan los estilos de ba\u00f1o moderno, minimalista, de hotel y de lujo ligero. El m\u00e9todo de instalaci\u00f3n del lavabo de encimera es f\u00e1cil de instalar y puede mejorar r\u00e1pidamente el nivel visual del espacio de ba\u00f1o en general.<\/li>\n\n\n\n<li><strong>Acabado esmaltado liso: <\/strong>El esmalte de la superficie de este fregadero de encimera oval al por mayor es delicado y suave, resistente a las manchas y no propenso a acumular cal, lo que facilita la limpieza diaria. Mantiene la estabilidad del color incluso con el contacto prolongado con productos de limpieza y no es propenso a amarillear o decolorarse.<\/li>\n\n\n\n<li><strong>Conforme a las normas internacionales:<\/strong> Las dimensiones del lavabo de cer\u00e1mica a medida y la posici\u00f3n del orificio de desag\u00fce se ajustan a las normas habituales de instalaci\u00f3n de cuartos de ba\u00f1o, y son adecuadas para proyectos de exportaci\u00f3n e ingenier\u00eda. Ampliamente utilizado en hoteles, apartamentos, proyectos residenciales, espacios comerciales y canales minoristas de ba\u00f1o.<\/li>\n\n\n\n<li><strong>Personalizaci\u00f3n profesional:<\/strong>\u00a0Hanyu ofrece diversas opciones de personalizaci\u00f3n para los lavabos de encimera al por mayor. Ya sea color, forma o textura, puede satisfacer sus necesidades y proporcionarle productos de lavabo de cer\u00e1mica al por mayor m\u00e1s competitivos.<\/li>\n<\/ul>\n<\/div>\n\n\n\n<div class=\"wp-block-column is-layout-flow wp-block-column-is-layout-flow\">\n<figure class=\"wp-block-image size-full\"><img fetchpriority=\"high\" decoding=\"async\" width=\"660\" height=\"929\" src=\"https:\/\/www.ceramicbasin.com\/wp-content\/uploads\/2025\/12\/Oval-shape-countertop-sink-with-wholesale-price-5.webp\" alt=\"venta al por mayor-fregadero-ovalado-encimera-fregadero-ceramica-personalizado-5\" class=\"wp-image-8710\" srcset=\"https:\/\/www.ceramicbasin.com\/wp-content\/uploads\/2025\/12\/Oval-shape-countertop-sink-with-wholesale-price-5.webp 660w, https:\/\/www.ceramicbasin.com\/wp-content\/uploads\/2025\/12\/Oval-shape-countertop-sink-with-wholesale-price-5-213x300.webp 213w, https:\/\/www.ceramicbasin.com\/wp-content\/uploads\/2025\/12\/Oval-shape-countertop-sink-with-wholesale-price-5-9x12.webp 9w, https:\/\/www.ceramicbasin.com\/wp-content\/uploads\/2025\/12\/Oval-shape-countertop-sink-with-wholesale-price-5-285x401.webp 285w, https:\/\/www.ceramicbasin.com\/wp-content\/uploads\/2025\/12\/Oval-shape-countertop-sink-with-wholesale-price-5-469x660.webp 469w, https:\/\/www.ceramicbasin.com\/wp-content\/uploads\/2025\/12\/Oval-shape-countertop-sink-with-wholesale-price-5-107x150.webp 107w\" sizes=\"(max-width: 660px) 100vw, 660px\" \/><\/figure>\n<\/div>\n<\/div>","protected":false},"excerpt":{"rendered":"<p>Bienvenido a comprar nuestro fregadero de encimera oval al por mayor con un suave acabado esmaltado para una mayor durabilidad y f\u00e1cil mantenimiento, con una belleza atemporal. Adecuado para pedidos al por mayor, hoteles y uso dom\u00e9stico. Hanyu ha desarrollado una serie de productos cer\u00e1micos para lavabo, con formas, colores o texturas que satisfacen sus necesidades y le permiten ser m\u00e1s competitivo en el mercado.<\/p>\n<table style=\"border-collapse: collapse; width: 358.52pt;\" border=\"0\" width=\"478\" cellspacing=\"0\" cellpadding=\"0\">\n<tbody>\n<tr style=\"height: 17.25pt;\">\n<td class=\"et3\" style=\"height: 17.25pt; width: 125.00pt;\" width=\"166\" height=\"23\">Fabricante<\/td>\n<td class=\"et3\" style=\"width: 234.15pt;\" width=\"312\">HanYu<\/td>\n<\/tr>\n<tr style=\"height: 17.25pt;\">\n<td class=\"et3\" style=\"height: 17.25pt;\" height=\"23\">N\u00ba de modelo<\/td>\n<td class=\"et4\">HY-8259<\/td>\n<\/tr>\n<tr style=\"height: 17.25pt;\">\n<td class=\"et3\" style=\"height: 17.25pt;\" height=\"23\">Tipo<\/td>\n<td class=\"et5\" style=\"width: 234.15pt;\" width=\"312\">Fregaderos sobre encimera<\/td>\n<\/tr>\n<tr style=\"height: 18.00pt;\">\n<td class=\"et3\" style=\"height: 18.00pt;\" height=\"24\">Forma<\/td>\n<td class=\"et3\">Forma ovalada<\/td>\n<\/tr>\n<tr style=\"height: 34.50pt;\">\n<td class=\"et4\" style=\"height: 34.50pt;\" height=\"46\">Color<\/td>\n<td class=\"et5\" style=\"width: 234.15pt;\" width=\"312\">negro\/blanco\/azul\/gris\/rosa\/verde\/marr\u00f3n\/caqui<\/td>\n<\/tr>\n<tr style=\"height: 18.00pt;\">\n<td class=\"et3\" style=\"height: 18.00pt;\" height=\"24\">Dimensi\u00f3n<\/td>\n<td class=\"et5\" style=\"width: 234.15pt;\" width=\"312\">50*40*16.5<\/td>\n<\/tr>\n<tr style=\"height: 17.25pt;\">\n<td class=\"et3\" style=\"height: 17.25pt;\" height=\"23\">N.W \/SET<\/td>\n<td class=\"et3\">7KGS\/PCS<\/td>\n<\/tr>\n<tr style=\"height: 17.25pt;\">\n<td class=\"et3\" style=\"height: 17.25pt;\" height=\"23\">MOQ<\/td>\n<td class=\"et3\">20 piezas<\/td>\n<\/tr>\n<tr style=\"height: 17.25pt;\">\n<td class=\"et3\" style=\"height: 17.25pt;\" height=\"23\">Opci\u00f3n personalizada<\/td>\n<td class=\"et3\">Color\/Patr\u00f3n\/Tama\u00f1o\/Logotipo\/Embalaje<\/td>\n<\/tr>\n<\/tbody>\n<\/table>","protected":false},"featured_media":8709,"comment_status":"closed","ping_status":"closed","template":"","meta":{"_acf_changed":false},"product_brand":[],"product_cat":[50],"product_tag":[],"class_list":{"0":"post-8723","1":"product","2":"type-product","3":"status-publish","4":"has-post-thumbnail","6":"product_cat-wholesale-countertop-sinks","8":"first","9":"instock","10":"shipping-taxable","11":"product-type-simple"},"acf":[],"_links":{"self":[{"href":"https:\/\/www.ceramicbasin.com\/es\/wp-json\/wp\/v2\/product\/8723","targetHints":{"allow":["GET"]}}],"collection":[{"href":"https:\/\/www.ceramicbasin.com\/es\/wp-json\/wp\/v2\/product"}],"about":[{"href":"https:\/\/www.ceramicbasin.com\/es\/wp-json\/wp\/v2\/types\/product"}],"replies":[{"embeddable":true,"href":"https:\/\/www.ceramicbasin.com\/es\/wp-json\/wp\/v2\/comments?post=8723"}],"wp:featuredmedia":[{"embeddable":true,"href":"https:\/\/www.ceramicbasin.com\/es\/wp-json\/wp\/v2\/media\/8709"}],"wp:attachment":[{"href":"https:\/\/www.ceramicbasin.com\/es\/wp-json\/wp\/v2\/media?parent=8723"}],"wp:term":[{"taxonomy":"product_brand","embeddable":true,"href":"https:\/\/www.ceramicbasin.com\/es\/wp-json\/wp\/v2\/product_brand?post=8723"},{"taxonomy":"product_cat","embeddable":true,"href":"https:\/\/www.ceramicbasin.com\/es\/wp-json\/wp\/v2\/product_cat?post=8723"},{"taxonomy":"product_tag","embeddable":true,"href":"https:\/\/www.ceramicbasin.com\/es\/wp-json\/wp\/v2\/product_tag?post=8723"}],"curies":[{"name":"wp","href":"https:\/\/api.w.org\/{rel}","templated":true}]}}