{"id":8724,"date":"2025-12-18T08:06:44","date_gmt":"2025-12-18T08:06:44","guid":{"rendered":"https:\/\/www.ceramicbasin.com\/?post_type=product&#038;p=8724"},"modified":"2025-12-18T08:06:48","modified_gmt":"2025-12-18T08:06:48","slug":"ceramic-wash-basin-wholesale","status":"publish","type":"product","link":"https:\/\/www.ceramicbasin.com\/es\/producto\/ceramic-wash-basin-wholesale\/","title":{"rendered":"Lavabo De Cer\u00e1mica Al Por Mayor, Lavabo De Encimera Personalizado"},"content":{"rendered":"<div class=\"wp-block-columns is-layout-flex wp-container-core-columns-is-layout-9d6595d7 wp-block-columns-is-layout-flex\">\n<div class=\"wp-block-column is-layout-flow wp-block-column-is-layout-flow\">\n<h2 class=\"wp-block-heading\">Premium lavabo de cer\u00e1mica al por mayor Caracter\u00edsticas:<\/h2>\n\n\n\n<ul class=\"wp-block-list\">\n<li><strong>Dise\u00f1o de moda:\u00a0<\/strong>Nuestro lavabo de cer\u00e1mica al por mayor, que tiene un dise\u00f1o moderno y de moda con l\u00edneas suaves, es adecuado para varios dise\u00f1os de ba\u00f1o y realza la belleza general y el grado del espacio.<\/li>\n\n\n\n<li><strong>Estructura del lavabo sobre encimera:<\/strong> Este lavabo de cer\u00e1mica al por mayor se instala sobre una encimera, lo que ofrece una c\u00f3moda instalaci\u00f3n y mantenimiento, un gran atractivo visual e idoneidad para proyectos residenciales y comerciales.<\/li>\n\n\n\n<li><strong>Cocci\u00f3n cer\u00e1mica a alta temperatura:<\/strong> Fabricado con materias primas cer\u00e1micas de alta calidad y cocido a altas temperaturas, este lavabo de cer\u00e1mica al por mayor presume de una estructura densa, durabilidad y resistencia al agrietamiento.<\/li>\n\n\n\n<li><strong>Gran capacidad de producci\u00f3n:\u00a0<\/strong>Un gran almac\u00e9n para contener estos fregaderos de cer\u00e1mica al por mayor de productos. Elija los art\u00edculos que le interesan y pregunte con nosotros; la mayor\u00eda de los fregaderos de cer\u00e1mica blanca al por mayor est\u00e1n en stock, por lo que el tiempo de env\u00edo ser\u00eda m\u00e1s corto mucho.<\/li>\n\n\n\n<li><strong>Entrega r\u00e1pida:<\/strong>\u00a0Nuestro fregadero de encimera a medida cuenta con un eficaz sistema de producci\u00f3n y log\u00edstica para garantizar una respuesta r\u00e1pida y una entrega puntual de los pedidos. Tanto si necesita comprar en grandes cantidades como personalizar en peque\u00f1as cantidades, podemos completar la producci\u00f3n y la entrega en el plazo acordado para garantizar que pueda recibir los productos requeridos a tiempo.<\/li>\n<\/ul>\n<\/div>\n\n\n\n<div class=\"wp-block-column is-layout-flow wp-block-column-is-layout-flow\">\n<figure class=\"wp-block-image size-full\"><img fetchpriority=\"high\" decoding=\"async\" width=\"663\" height=\"936\" src=\"https:\/\/www.ceramicbasin.com\/wp-content\/uploads\/2025\/12\/Newest-design-ceramic-cabinet-top-mounting-hand-washing-basin-supplier-5.webp\" alt=\"lavabo-ceramico-mayorista-encimera-fregadero-5\" class=\"wp-image-8705\" srcset=\"https:\/\/www.ceramicbasin.com\/wp-content\/uploads\/2025\/12\/Newest-design-ceramic-cabinet-top-mounting-hand-washing-basin-supplier-5.webp 663w, https:\/\/www.ceramicbasin.com\/wp-content\/uploads\/2025\/12\/Newest-design-ceramic-cabinet-top-mounting-hand-washing-basin-supplier-5-213x300.webp 213w, https:\/\/www.ceramicbasin.com\/wp-content\/uploads\/2025\/12\/Newest-design-ceramic-cabinet-top-mounting-hand-washing-basin-supplier-5-9x12.webp 9w, https:\/\/www.ceramicbasin.com\/wp-content\/uploads\/2025\/12\/Newest-design-ceramic-cabinet-top-mounting-hand-washing-basin-supplier-5-285x402.webp 285w, https:\/\/www.ceramicbasin.com\/wp-content\/uploads\/2025\/12\/Newest-design-ceramic-cabinet-top-mounting-hand-washing-basin-supplier-5-468x660.webp 468w, https:\/\/www.ceramicbasin.com\/wp-content\/uploads\/2025\/12\/Newest-design-ceramic-cabinet-top-mounting-hand-washing-basin-supplier-5-106x150.webp 106w\" sizes=\"(max-width: 663px) 100vw, 663px\" \/><\/figure>\n<\/div>\n<\/div>\n\n\n\n<p><\/p>","protected":false},"excerpt":{"rendered":"<p>Bienvenido a comprar nuestro lavabo de cer\u00e1mica al por mayor, elaborado a partir de cer\u00e1mica cocida a alta temperatura para una mayor durabilidad y f\u00e1cil mantenimiento. Con una superficie lisa vidriada y drenaje est\u00e1ndar, estos fregaderos de encimera personalizados son ideales para proyectos residenciales, hoteleros y comerciales. Tenemos un gran almac\u00e9n para contener estos fregaderos de cer\u00e1mica al por mayor de productos, la mayor\u00eda de los fregaderos de cer\u00e1mica blanca al por mayor est\u00e1n en stock.<\/p>\n<table style=\"border-collapse: collapse; width: 358.52pt;\" border=\"0\" width=\"478\" cellspacing=\"0\" cellpadding=\"0\">\n<tbody>\n<tr style=\"height: 17.25pt;\">\n<td class=\"et3\" style=\"height: 17.25pt; width: 125.00pt;\" width=\"166\" height=\"23\">Fabricante<\/td>\n<td class=\"et3\" style=\"width: 234.15pt;\" width=\"312\">HanYu<\/td>\n<\/tr>\n<tr style=\"height: 17.25pt;\">\n<td class=\"et3\" style=\"height: 17.25pt;\" height=\"23\">N\u00ba de modelo<\/td>\n<td class=\"et4\">HY-8256A<\/td>\n<\/tr>\n<tr style=\"height: 17.25pt;\">\n<td class=\"et3\" style=\"height: 17.25pt;\" height=\"23\">Tipo<\/td>\n<td class=\"et5\" style=\"width: 234.15pt;\" width=\"312\">Fregaderos sobre encimera<\/td>\n<\/tr>\n<tr style=\"height: 18.00pt;\">\n<td class=\"et3\" style=\"height: 18.00pt;\" height=\"24\">Forma<\/td>\n<td class=\"et3\">Forma rectangular<\/td>\n<\/tr>\n<tr style=\"height: 34.50pt;\">\n<td class=\"et4\" style=\"height: 34.50pt;\" height=\"46\">Color<\/td>\n<td class=\"et5\" style=\"width: 234.15pt;\" width=\"312\">negro\/blanco\/azul\/gris\/rosa\/verde\/marr\u00f3n\/caqui<\/td>\n<\/tr>\n<tr style=\"height: 18.00pt;\">\n<td class=\"et3\" style=\"height: 18.00pt;\" height=\"24\">Dimensi\u00f3n<\/td>\n<td class=\"et5\" style=\"width: 234.15pt;\" width=\"312\">50*37.5*15<\/td>\n<\/tr>\n<tr style=\"height: 17.25pt;\">\n<td class=\"et3\" style=\"height: 17.25pt;\" height=\"23\">N.W \/SET<\/td>\n<td class=\"et3\">8KGS\/PCS<\/td>\n<\/tr>\n<tr style=\"height: 17.25pt;\">\n<td class=\"et3\" style=\"height: 17.25pt;\" height=\"23\">MOQ<\/td>\n<td class=\"et3\">20 piezas<\/td>\n<\/tr>\n<tr style=\"height: 17.25pt;\">\n<td class=\"et3\" style=\"height: 17.25pt;\" height=\"23\">Opci\u00f3n personalizada<\/td>\n<td class=\"et3\">Color\/Patr\u00f3n\/Tama\u00f1o\/Logotipo\/Embalaje<\/td>\n<\/tr>\n<\/tbody>\n<\/table>","protected":false},"featured_media":8701,"comment_status":"closed","ping_status":"closed","template":"","meta":{"_acf_changed":false},"product_brand":[],"product_cat":[50],"product_tag":[],"class_list":{"0":"post-8724","1":"product","2":"type-product","3":"status-publish","4":"has-post-thumbnail","6":"product_cat-wholesale-countertop-sinks","8":"first","9":"instock","10":"shipping-taxable","11":"product-type-simple"},"acf":[],"_links":{"self":[{"href":"https:\/\/www.ceramicbasin.com\/es\/wp-json\/wp\/v2\/product\/8724","targetHints":{"allow":["GET"]}}],"collection":[{"href":"https:\/\/www.ceramicbasin.com\/es\/wp-json\/wp\/v2\/product"}],"about":[{"href":"https:\/\/www.ceramicbasin.com\/es\/wp-json\/wp\/v2\/types\/product"}],"replies":[{"embeddable":true,"href":"https:\/\/www.ceramicbasin.com\/es\/wp-json\/wp\/v2\/comments?post=8724"}],"wp:featuredmedia":[{"embeddable":true,"href":"https:\/\/www.ceramicbasin.com\/es\/wp-json\/wp\/v2\/media\/8701"}],"wp:attachment":[{"href":"https:\/\/www.ceramicbasin.com\/es\/wp-json\/wp\/v2\/media?parent=8724"}],"wp:term":[{"taxonomy":"product_brand","embeddable":true,"href":"https:\/\/www.ceramicbasin.com\/es\/wp-json\/wp\/v2\/product_brand?post=8724"},{"taxonomy":"product_cat","embeddable":true,"href":"https:\/\/www.ceramicbasin.com\/es\/wp-json\/wp\/v2\/product_cat?post=8724"},{"taxonomy":"product_tag","embeddable":true,"href":"https:\/\/www.ceramicbasin.com\/es\/wp-json\/wp\/v2\/product_tag?post=8724"}],"curies":[{"name":"wp","href":"https:\/\/api.w.org\/{rel}","templated":true}]}}