{"id":8725,"date":"2025-12-18T07:37:02","date_gmt":"2025-12-18T07:37:02","guid":{"rendered":"https:\/\/www.ceramicbasin.com\/?post_type=product&#038;p=8725"},"modified":"2025-12-18T07:37:05","modified_gmt":"2025-12-18T07:37:05","slug":"bulk-ceramic-countertop-basin","status":"publish","type":"product","link":"https:\/\/www.ceramicbasin.com\/es\/producto\/bulk-ceramic-countertop-basin\/","title":{"rendered":"Lavabo de cer\u00e1mica a granel de la f\u00e1brica, fregadero rectangular del ba\u00f1o"},"content":{"rendered":"<div class=\"wp-block-columns is-layout-flex wp-container-core-columns-is-layout-9d6595d7 wp-block-columns-is-layout-flex\">\n<div class=\"wp-block-column is-layout-flow wp-block-column-is-layout-flow\">\n<h2 class=\"wp-block-heading\">Cubeta de cer\u00e1mica a granel de primera calidad Caracter\u00edsticas:<\/h2>\n\n\n\n<ul class=\"wp-block-list\">\n<li><strong>Cer\u00e1mica de alta calidad:<\/strong>\u00a0La f\u00e1brica de lavabo de encimera de cer\u00e1mica a granel selecciona materias primas cer\u00e1micas de alta calidad sinterizadas a alta temperatura, lo que hace que nuestro lavabo de cer\u00e1mica tenga una estructura s\u00f3lida, una superficie delicada y suave, f\u00e1cil de limpiar y que dure como nuevo.<\/li>\n\n\n\n<li><strong>Moderno dise\u00f1o rectangular:<\/strong> El lavabo con encimera de cer\u00e1mica a granel de f\u00e1brica tiene una forma rectangular limpia y sencilla con l\u00edneas suaves es adecuado para espacios de ba\u00f1o modernos, minimalistas y comerciales.<\/li>\n\n\n\n<li><strong>Manera de instalaci\u00f3n superior:<\/strong>\u00a0Este lavabo de encimera de cer\u00e1mica a granel de f\u00e1brica se aplica a la manera de instalaci\u00f3n superior, se instala f\u00e1cilmente y funciona de forma estable y fiable. No s\u00f3lo va a ahorrar espacio para el cuarto de ba\u00f1o, sino tambi\u00e9n traer comodidad en el mantenimiento diario y la limpieza y mejorar la experiencia del usuario.<\/li>\n\n\n\n<li><strong>Excelente rendimiento:<\/strong> Nuestro lavabo rectangular al por mayor en materiales cer\u00e1micos de alta calidad, por lo que el lavabo tendr\u00e1 una excelente durabilidad y resistencia a los ara\u00f1azos y puede mantener un buen estado incluso despu\u00e9s de un largo tiempo de uso.<\/li>\n\n\n\n<li><strong>Suministro directo de f\u00e1brica: <\/strong>Vendemos al por mayor lavabos de ba\u00f1o a precios razonables, apoyando el suministro directo de f\u00e1brica y compras al por mayor, con capacidad de producci\u00f3n estable, adecuado para hoteles, apartamentos y canales de proyectos.<\/li>\n<\/ul>\n<\/div>\n\n\n\n<div class=\"wp-block-column is-layout-flow wp-block-column-is-layout-flow\">\n<figure class=\"wp-block-image size-full\"><img fetchpriority=\"high\" decoding=\"async\" width=\"660\" height=\"912\" src=\"https:\/\/www.ceramicbasin.com\/wp-content\/uploads\/2025\/12\/Top-counter-ceramic-washbasin-manufacturer-rectanglue-shape-hand-washing-sink-bowl-5.webp\" alt=\"encimera de cer\u00e1mica a granel lavabo rectangular fregadero-5\" class=\"wp-image-8700\" srcset=\"https:\/\/www.ceramicbasin.com\/wp-content\/uploads\/2025\/12\/Top-counter-ceramic-washbasin-manufacturer-rectanglue-shape-hand-washing-sink-bowl-5.webp 660w, https:\/\/www.ceramicbasin.com\/wp-content\/uploads\/2025\/12\/Top-counter-ceramic-washbasin-manufacturer-rectanglue-shape-hand-washing-sink-bowl-5-217x300.webp 217w, https:\/\/www.ceramicbasin.com\/wp-content\/uploads\/2025\/12\/Top-counter-ceramic-washbasin-manufacturer-rectanglue-shape-hand-washing-sink-bowl-5-9x12.webp 9w, https:\/\/www.ceramicbasin.com\/wp-content\/uploads\/2025\/12\/Top-counter-ceramic-washbasin-manufacturer-rectanglue-shape-hand-washing-sink-bowl-5-285x394.webp 285w, https:\/\/www.ceramicbasin.com\/wp-content\/uploads\/2025\/12\/Top-counter-ceramic-washbasin-manufacturer-rectanglue-shape-hand-washing-sink-bowl-5-478x660.webp 478w, https:\/\/www.ceramicbasin.com\/wp-content\/uploads\/2025\/12\/Top-counter-ceramic-washbasin-manufacturer-rectanglue-shape-hand-washing-sink-bowl-5-109x150.webp 109w\" sizes=\"(max-width: 660px) 100vw, 660px\" \/><\/figure>\n<\/div>\n<\/div>","protected":false},"excerpt":{"rendered":"<p>Bienvenido a comprar nuestra f\u00e1brica a granel lavabos de cer\u00e1mica encimera con un dise\u00f1o rectangular moderno, hecho a mano de cer\u00e1mica cocida a alta temperatura para una mayor durabilidad y f\u00e1cil mantenimiento. Con una superficie lisa vidriada y drenaje est\u00e1ndar, estos lavabos rectangulares son ideales para proyectos residenciales, hoteleros y comerciales, proporcionando comodidad en el mantenimiento diario y la limpieza, y mejorar la experiencia del usuario.<\/p>\n<table style=\"border-collapse: collapse; width: 358.52pt;\" border=\"0\" width=\"478\" cellspacing=\"0\" cellpadding=\"0\">\n<tbody>\n<tr style=\"height: 17.25pt;\">\n<td class=\"et3\" style=\"height: 17.25pt; width: 125.00pt;\" width=\"166\" height=\"23\">Fabricante<\/td>\n<td class=\"et3\" style=\"width: 234.15pt;\" width=\"312\">HanYu<\/td>\n<\/tr>\n<tr style=\"height: 17.25pt;\">\n<td class=\"et3\" style=\"height: 17.25pt;\" height=\"23\">N\u00ba de modelo<\/td>\n<td class=\"et4\">HY-8256<\/td>\n<\/tr>\n<tr style=\"height: 17.25pt;\">\n<td class=\"et3\" style=\"height: 17.25pt;\" height=\"23\">Tipo<\/td>\n<td class=\"et5\" style=\"width: 234.15pt;\" width=\"312\">Fregaderos sobre encimera<\/td>\n<\/tr>\n<tr style=\"height: 18.00pt;\">\n<td class=\"et3\" style=\"height: 18.00pt;\" height=\"24\">Forma<\/td>\n<td class=\"et3\">Forma cuadrada<\/td>\n<\/tr>\n<tr style=\"height: 34.50pt;\">\n<td class=\"et4\" style=\"height: 34.50pt;\" height=\"46\">Color<\/td>\n<td class=\"et5\" style=\"width: 234.15pt;\" width=\"312\">negro\/blanco\/azul\/gris\/rosa\/verde\/marr\u00f3n\/caqui<\/td>\n<\/tr>\n<tr style=\"height: 18.00pt;\">\n<td class=\"et3\" style=\"height: 18.00pt;\" height=\"24\">Dimensi\u00f3n<\/td>\n<td class=\"et5\" style=\"width: 234.15pt;\" width=\"312\">40*40*15<\/td>\n<\/tr>\n<tr style=\"height: 17.25pt;\">\n<td class=\"et3\" style=\"height: 17.25pt;\" height=\"23\">N.W \/SET<\/td>\n<td class=\"et3\">6KGS\/PCS<\/td>\n<\/tr>\n<tr style=\"height: 17.25pt;\">\n<td class=\"et3\" style=\"height: 17.25pt;\" height=\"23\">MOQ<\/td>\n<td class=\"et3\">20 piezas<\/td>\n<\/tr>\n<tr style=\"height: 17.25pt;\">\n<td class=\"et3\" style=\"height: 17.25pt;\" height=\"23\">Opci\u00f3n personalizada<\/td>\n<td class=\"et3\">Color\/Patr\u00f3n\/Tama\u00f1o\/Logotipo\/Embalaje<\/td>\n<\/tr>\n<\/tbody>\n<\/table>","protected":false},"featured_media":8699,"comment_status":"closed","ping_status":"closed","template":"","meta":{"_acf_changed":false},"product_brand":[],"product_cat":[50],"product_tag":[],"class_list":{"0":"post-8725","1":"product","2":"type-product","3":"status-publish","4":"has-post-thumbnail","6":"product_cat-wholesale-countertop-sinks","8":"first","9":"instock","10":"shipping-taxable","11":"product-type-simple"},"acf":[],"_links":{"self":[{"href":"https:\/\/www.ceramicbasin.com\/es\/wp-json\/wp\/v2\/product\/8725","targetHints":{"allow":["GET"]}}],"collection":[{"href":"https:\/\/www.ceramicbasin.com\/es\/wp-json\/wp\/v2\/product"}],"about":[{"href":"https:\/\/www.ceramicbasin.com\/es\/wp-json\/wp\/v2\/types\/product"}],"replies":[{"embeddable":true,"href":"https:\/\/www.ceramicbasin.com\/es\/wp-json\/wp\/v2\/comments?post=8725"}],"wp:featuredmedia":[{"embeddable":true,"href":"https:\/\/www.ceramicbasin.com\/es\/wp-json\/wp\/v2\/media\/8699"}],"wp:attachment":[{"href":"https:\/\/www.ceramicbasin.com\/es\/wp-json\/wp\/v2\/media?parent=8725"}],"wp:term":[{"taxonomy":"product_brand","embeddable":true,"href":"https:\/\/www.ceramicbasin.com\/es\/wp-json\/wp\/v2\/product_brand?post=8725"},{"taxonomy":"product_cat","embeddable":true,"href":"https:\/\/www.ceramicbasin.com\/es\/wp-json\/wp\/v2\/product_cat?post=8725"},{"taxonomy":"product_tag","embeddable":true,"href":"https:\/\/www.ceramicbasin.com\/es\/wp-json\/wp\/v2\/product_tag?post=8725"}],"curies":[{"name":"wp","href":"https:\/\/api.w.org\/{rel}","templated":true}]}}