{"id":8745,"date":"2025-12-18T08:19:30","date_gmt":"2025-12-18T08:19:30","guid":{"rendered":"https:\/\/www.ceramicbasin.com\/?post_type=product&#038;p=8745"},"modified":"2025-12-18T09:05:04","modified_gmt":"2025-12-18T09:05:04","slug":"wall-mounted-wash-basin-wholesale","status":"publish","type":"product","link":"https:\/\/www.ceramicbasin.com\/es\/producto\/wall-mounted-wash-basin-wholesale\/","title":{"rendered":"Lavabo de pared al por mayor, fregadero de esquina de ba\u00f1o a medida"},"content":{"rendered":"<div class=\"wp-block-columns is-layout-flex wp-container-core-columns-is-layout-9d6595d7 wp-block-columns-is-layout-flex\">\n<div class=\"wp-block-column is-layout-flow wp-block-column-is-layout-flow\">\n<h2 class=\"wp-block-heading\">Premium Lavabo montado en la pared al por mayor Caracter\u00edsticas:<\/h2>\n\n\n\n<ul class=\"wp-block-list\">\n<li><strong>Opciones personalizables: <\/strong>Este lavabo de pared al por mayor est\u00e1 disponible en varios colores, acabados de superficie y envases personalizables, lo que le permite adaptar el producto a las necesidades espec\u00edficas de su marca y mercado.<\/li>\n\n\n\n<li><strong>Dise\u00f1o moderno de estilo industrial: <\/strong>Este lavabo de pared al por mayor de l\u00edneas limpias y formas afiladas es adecuado para dise\u00f1os de cuartos de ba\u00f1o industriales, modernos minimalistas y de espacios comerciales.<\/li>\n\n\n\n<li><strong>Tratamiento de esmalte f\u00e1cil de limpiar:<\/strong>\u00a0La superficie de este lavabo de pared al por mayor adopta una tecnolog\u00eda especial de esmaltado f\u00e1cil de limpiar, que es suave y delicada, las manchas no se adhieren f\u00e1cilmente y es f\u00e1cil de limpiar.<\/li>\n\n\n\n<li><strong>Dise\u00f1o montado en la pared: <\/strong>Estos dise\u00f1os de lavabos de cer\u00e1mica a medida para cuartos de ba\u00f1o conservan el espacio del suelo, mantienen los cuartos de ba\u00f1o peque\u00f1os ordenados y limpios y hacen que la limpieza del suelo sea una tarea f\u00e1cil. Est\u00e1n pensados para apartamentos peque\u00f1os, habitaciones de hotel, ba\u00f1os p\u00fablicos y cualquier lugar en el que disponga de un espacio reducido y desee aprovechar el espacio de sus paredes.<\/li>\n\n\n\n<li><strong>M\u00faltiples tama\u00f1os est\u00e1ndar disponibles:<\/strong> Estos lavabos de ba\u00f1o de cer\u00e1mica personalizados tienen una capacidad de producci\u00f3n estable, lo que permite la venta al por mayor, apoyando el suministro de gran volumen con plazos de entrega estables, adecuados para la cooperaci\u00f3n a largo plazo con proyectos de ingenier\u00eda, distribuidores y propietarios de marcas.<\/li>\n<\/ul>\n<\/div>\n\n\n\n<div class=\"wp-block-column is-layout-flow wp-block-column-is-layout-flow\">\n<figure class=\"wp-block-image size-full\"><img fetchpriority=\"high\" decoding=\"async\" width=\"800\" height=\"800\" src=\"https:\/\/www.ceramicbasin.com\/wp-content\/uploads\/2025\/12\/wall-mount-sink\uff0cwall-hung-basin\uff0cbathroom-sinks-vanity6.webp\" alt=\"lavabo de pared mayorista fregadero de esquina 6\" class=\"wp-image-8751\" srcset=\"https:\/\/www.ceramicbasin.com\/wp-content\/uploads\/2025\/12\/wall-mount-sink\uff0cwall-hung-basin\uff0cbathroom-sinks-vanity6.webp 800w, https:\/\/www.ceramicbasin.com\/wp-content\/uploads\/2025\/12\/wall-mount-sink\uff0cwall-hung-basin\uff0cbathroom-sinks-vanity6-300x300.webp 300w, https:\/\/www.ceramicbasin.com\/wp-content\/uploads\/2025\/12\/wall-mount-sink\uff0cwall-hung-basin\uff0cbathroom-sinks-vanity6-150x150.webp 150w, https:\/\/www.ceramicbasin.com\/wp-content\/uploads\/2025\/12\/wall-mount-sink\uff0cwall-hung-basin\uff0cbathroom-sinks-vanity6-768x768.webp 768w, https:\/\/www.ceramicbasin.com\/wp-content\/uploads\/2025\/12\/wall-mount-sink\uff0cwall-hung-basin\uff0cbathroom-sinks-vanity6-12x12.webp 12w, https:\/\/www.ceramicbasin.com\/wp-content\/uploads\/2025\/12\/wall-mount-sink\uff0cwall-hung-basin\uff0cbathroom-sinks-vanity6-285x285.webp 285w, https:\/\/www.ceramicbasin.com\/wp-content\/uploads\/2025\/12\/wall-mount-sink\uff0cwall-hung-basin\uff0cbathroom-sinks-vanity6-270x270.webp 270w, https:\/\/www.ceramicbasin.com\/wp-content\/uploads\/2025\/12\/wall-mount-sink\uff0cwall-hung-basin\uff0cbathroom-sinks-vanity6-540x540.webp 540w, https:\/\/www.ceramicbasin.com\/wp-content\/uploads\/2025\/12\/wall-mount-sink\uff0cwall-hung-basin\uff0cbathroom-sinks-vanity6-660x660.webp 660w\" sizes=\"(max-width: 800px) 100vw, 800px\" \/><\/figure>\n<\/div>\n<\/div>\n\n\n\n<p><\/p>","protected":false},"excerpt":{"rendered":"<p>Bienvenido a comprar este lavabo de estilo industrial montado en la pared al por mayor cuenta con un dise\u00f1o de esquina que ahorra espacio, construcci\u00f3n duradera de cer\u00e1mica de alta cocci\u00f3n, y la tecnolog\u00eda de esmalte f\u00e1cil de limpiar. Ideal para ba\u00f1os comerciales y residenciales, admite la personalizaci\u00f3n en opciones de tama\u00f1o, acabado y color, por lo que es una soluci\u00f3n pr\u00e1ctica para aplicaciones al por mayor y basadas en proyectos.<\/p>\n<table border=\"0\" width=\"478\" cellspacing=\"0\" cellpadding=\"0\">\n<tbody>\n<tr>\n<td width=\"166\" height=\"23\">Fabricante<\/td>\n<td width=\"312\">HanYu<\/td>\n<\/tr>\n<tr>\n<td height=\"23\">N\u00ba de modelo<\/td>\n<td>HY-3133L<\/td>\n<\/tr>\n<tr>\n<td height=\"23\">Tipo<\/td>\n<td width=\"312\">Fregaderos murales<\/td>\n<\/tr>\n<tr>\n<td height=\"24\">Forma<\/td>\n<td>Forma rectangular<\/td>\n<\/tr>\n<tr>\n<td height=\"46\">Color<\/td>\n<td width=\"312\">negro\/blanco\/azul\/gris\/rosa\/verde\/marr\u00f3n\/caqui<\/td>\n<\/tr>\n<tr>\n<td height=\"24\">Dimensi\u00f3n<\/td>\n<td width=\"312\">50*21.5*11<\/td>\n<\/tr>\n<tr>\n<td height=\"23\">N.W \/SET<\/td>\n<td>10KGS\/PCS<\/td>\n<\/tr>\n<tr>\n<td height=\"23\">MOQ<\/td>\n<td>20 piezas<\/td>\n<\/tr>\n<tr>\n<td height=\"23\">Opci\u00f3n personalizada<\/td>\n<td>Color\/Patr\u00f3n\/Tama\u00f1o\/Logotipo\/Embalaje<\/td>\n<\/tr>\n<\/tbody>\n<\/table>","protected":false},"featured_media":8749,"comment_status":"closed","ping_status":"closed","template":"","meta":{"_acf_changed":false},"product_brand":[],"product_cat":[57,56],"product_tag":[],"class_list":{"0":"post-8745","1":"product","2":"type-product","3":"status-publish","4":"has-post-thumbnail","6":"product_cat-wholesale-wall-mounted-sinks","7":"product_cat-wholesale-small-bathroom-sinks","9":"first","10":"instock","11":"shipping-taxable","12":"product-type-simple"},"acf":[],"_links":{"self":[{"href":"https:\/\/www.ceramicbasin.com\/es\/wp-json\/wp\/v2\/product\/8745","targetHints":{"allow":["GET"]}}],"collection":[{"href":"https:\/\/www.ceramicbasin.com\/es\/wp-json\/wp\/v2\/product"}],"about":[{"href":"https:\/\/www.ceramicbasin.com\/es\/wp-json\/wp\/v2\/types\/product"}],"replies":[{"embeddable":true,"href":"https:\/\/www.ceramicbasin.com\/es\/wp-json\/wp\/v2\/comments?post=8745"}],"wp:featuredmedia":[{"embeddable":true,"href":"https:\/\/www.ceramicbasin.com\/es\/wp-json\/wp\/v2\/media\/8749"}],"wp:attachment":[{"href":"https:\/\/www.ceramicbasin.com\/es\/wp-json\/wp\/v2\/media?parent=8745"}],"wp:term":[{"taxonomy":"product_brand","embeddable":true,"href":"https:\/\/www.ceramicbasin.com\/es\/wp-json\/wp\/v2\/product_brand?post=8745"},{"taxonomy":"product_cat","embeddable":true,"href":"https:\/\/www.ceramicbasin.com\/es\/wp-json\/wp\/v2\/product_cat?post=8745"},{"taxonomy":"product_tag","embeddable":true,"href":"https:\/\/www.ceramicbasin.com\/es\/wp-json\/wp\/v2\/product_tag?post=8745"}],"curies":[{"name":"wp","href":"https:\/\/api.w.org\/{rel}","templated":true}]}}