{"id":8795,"date":"2025-12-31T03:05:11","date_gmt":"2025-12-31T03:05:11","guid":{"rendered":"https:\/\/www.ceramicbasin.com\/?post_type=product&#038;p=8795"},"modified":"2025-12-31T03:05:14","modified_gmt":"2025-12-31T03:05:14","slug":"wholesale-counter-top-wash-basin","status":"publish","type":"product","link":"https:\/\/www.ceramicbasin.com\/es\/producto\/wholesale-counter-top-wash-basin\/","title":{"rendered":"Lavabo de Encimera Moderno al por mayor, dise\u00f1o sin agujero para grifo"},"content":{"rendered":"<div class=\"wp-block-columns is-layout-flex wp-container-core-columns-is-layout-9d6595d7 wp-block-columns-is-layout-flex\">\n<div class=\"wp-block-column is-layout-flow wp-block-column-is-layout-flow\">\n<h2 class=\"wp-block-heading\">Lavabo de encimera al por mayor de primera calidad Caracter\u00edsticas:<\/h2>\n\n\n\n<ul class=\"wp-block-list\">\n<li><strong>Dise\u00f1o sin orificios de grifer\u00eda: <\/strong>Nuestro lavabo de encimera al por mayor ofrece una mayor flexibilidad de dise\u00f1o, compatible con grifos de encimera o de pared, satisfaciendo diversas necesidades de dise\u00f1o espacial.<\/li>\n\n\n\n<li><strong>Esmalte blanco con textura de m\u00e1rmol: <\/strong>Este lavabo de encimera al por mayor presenta una textura natural y sofisticada, que realza la sensaci\u00f3n de modernidad y calidad de todo el espacio de ba\u00f1o.<\/li>\n\n\n\n<li><strong>Material cer\u00e1mico de alta calidad: <\/strong>Nuestro lavabo de encimera al por mayor se cuece a altas temperaturas, lo que da como resultado una estructura densa, resistente al desgaste y a las manchas, y resistente a la decoloraci\u00f3n, permaneciendo como nuevo incluso despu\u00e9s de un uso prolongado.<\/li>\n\n\n\n<li><strong>Amplio inventario y env\u00edo r\u00e1pido: <\/strong>Nuestros lavabos de encimera al por mayor est\u00e1n disponibles en stock, por lo que son ideales para proyectos de ingenier\u00eda y compras al por mayor.<\/li>\n<\/ul>\n<\/div>\n\n\n\n<div class=\"wp-block-column is-layout-flow wp-block-column-is-layout-flow\">\n<figure class=\"wp-block-image size-full\"><img fetchpriority=\"high\" decoding=\"async\" width=\"1024\" height=\"1024\" src=\"https:\/\/www.ceramicbasin.com\/wp-content\/uploads\/2025\/12\/Modern-No-Hole-Faucet-Mount-Bathroom-Vessel-Sink-Ceramic-Porcelain-Basin-Washing-Bowl-5.webp\" alt=\"Fregadero moderno sin orificio para montaje en grifo, lavabo de porcelana cer\u00e1mica\" class=\"wp-image-8800\" srcset=\"https:\/\/www.ceramicbasin.com\/wp-content\/uploads\/2025\/12\/Modern-No-Hole-Faucet-Mount-Bathroom-Vessel-Sink-Ceramic-Porcelain-Basin-Washing-Bowl-5.webp 1024w, https:\/\/www.ceramicbasin.com\/wp-content\/uploads\/2025\/12\/Modern-No-Hole-Faucet-Mount-Bathroom-Vessel-Sink-Ceramic-Porcelain-Basin-Washing-Bowl-5-300x300.webp 300w, https:\/\/www.ceramicbasin.com\/wp-content\/uploads\/2025\/12\/Modern-No-Hole-Faucet-Mount-Bathroom-Vessel-Sink-Ceramic-Porcelain-Basin-Washing-Bowl-5-150x150.webp 150w, https:\/\/www.ceramicbasin.com\/wp-content\/uploads\/2025\/12\/Modern-No-Hole-Faucet-Mount-Bathroom-Vessel-Sink-Ceramic-Porcelain-Basin-Washing-Bowl-5-768x768.webp 768w, https:\/\/www.ceramicbasin.com\/wp-content\/uploads\/2025\/12\/Modern-No-Hole-Faucet-Mount-Bathroom-Vessel-Sink-Ceramic-Porcelain-Basin-Washing-Bowl-5-12x12.webp 12w, https:\/\/www.ceramicbasin.com\/wp-content\/uploads\/2025\/12\/Modern-No-Hole-Faucet-Mount-Bathroom-Vessel-Sink-Ceramic-Porcelain-Basin-Washing-Bowl-5-285x285.webp 285w, https:\/\/www.ceramicbasin.com\/wp-content\/uploads\/2025\/12\/Modern-No-Hole-Faucet-Mount-Bathroom-Vessel-Sink-Ceramic-Porcelain-Basin-Washing-Bowl-5-270x270.webp 270w, https:\/\/www.ceramicbasin.com\/wp-content\/uploads\/2025\/12\/Modern-No-Hole-Faucet-Mount-Bathroom-Vessel-Sink-Ceramic-Porcelain-Basin-Washing-Bowl-5-540x540.webp 540w, https:\/\/www.ceramicbasin.com\/wp-content\/uploads\/2025\/12\/Modern-No-Hole-Faucet-Mount-Bathroom-Vessel-Sink-Ceramic-Porcelain-Basin-Washing-Bowl-5-660x660.webp 660w\" sizes=\"(max-width: 1024px) 100vw, 1024px\" \/><\/figure>\n<\/div>\n<\/div>","protected":false},"excerpt":{"rendered":"<p>Bienvenido a comprar lavabos de encimera al por mayor. Este lavabo de ba\u00f1o de encimera de estilo moderno cuenta con un dise\u00f1o sin grifo, con l\u00edneas simples y limpias y un esmalte con textura de m\u00e1rmol blanco, que ofrece un aspecto de gama alta y vers\u00e1til.<\/p>\n<table style=\"border-collapse: collapse; width: 311.02pt;\" border=\"0\" width=\"311\" cellspacing=\"0\" cellpadding=\"0\">\n<tbody>\n<tr style=\"height: 17.60pt;\">\n<td class=\"et3\" style=\"height: 17.60pt; width: 108.35pt;\" width=\"108\" height=\"17\">Fabricante<\/td>\n<td class=\"et3\" style=\"width: 202.95pt;\" width=\"202\">HanYu<\/td>\n<\/tr>\n<tr style=\"height: 17.60pt;\">\n<td class=\"et3\" style=\"height: 17.60pt;\" height=\"17\">N\u00ba de modelo<\/td>\n<td class=\"et4\">HY-8064-65D89<\/td>\n<\/tr>\n<tr style=\"height: 36.00pt;\">\n<td class=\"et3\" style=\"height: 36.00pt;\" height=\"36\">Tipo<\/td>\n<td class=\"et5\" style=\"width: 202.95pt;\" width=\"202\">Lavabo Color M\u00e1rmol, Lavabo Encimera<\/td>\n<\/tr>\n<tr style=\"height: 17.60pt;\">\n<td class=\"et3\" style=\"height: 17.60pt;\" height=\"17\">Forma<\/td>\n<td class=\"et3\">Forma rectangular<\/td>\n<\/tr>\n<tr style=\"height: 18.00pt;\">\n<td class=\"et4\" style=\"height: 18.00pt;\" height=\"18\">Color<\/td>\n<td class=\"et5\" style=\"width: 202.95pt;\" width=\"202\">Negro<\/td>\n<\/tr>\n<tr style=\"height: 18.00pt;\">\n<td class=\"et3\" style=\"height: 18.00pt;\" height=\"18\">Dimensi\u00f3n<\/td>\n<td class=\"et5\" style=\"width: 202.95pt;\" width=\"202\">65*38*11<\/td>\n<\/tr>\n<tr style=\"height: 17.60pt;\">\n<td class=\"et3\" style=\"height: 17.60pt;\" height=\"17\">N.W \/SET<\/td>\n<td class=\"et3\">15KGS\/PCS<\/td>\n<\/tr>\n<tr style=\"height: 17.60pt;\">\n<td class=\"et3\" style=\"height: 17.60pt;\" height=\"17\">MOQ<\/td>\n<td class=\"et3\">20 piezas<\/td>\n<\/tr>\n<tr style=\"height: 17.60pt;\">\n<td class=\"et3\" style=\"height: 17.60pt;\" height=\"17\">Opci\u00f3n personalizada<\/td>\n<td class=\"et3\">Color\/Patr\u00f3n\/Tama\u00f1o\/Logotipo\/Embalaje<\/td>\n<\/tr>\n<\/tbody>\n<\/table>","protected":false},"featured_media":8796,"comment_status":"closed","ping_status":"closed","template":"","meta":{"_acf_changed":false},"product_brand":[],"product_cat":[50,54],"product_tag":[],"class_list":{"0":"post-8795","1":"product","2":"type-product","3":"status-publish","4":"has-post-thumbnail","6":"product_cat-wholesale-countertop-sinks","7":"product_cat-wholesale-marble-sinks","9":"first","10":"instock","11":"shipping-taxable","12":"product-type-simple"},"acf":[],"_links":{"self":[{"href":"https:\/\/www.ceramicbasin.com\/es\/wp-json\/wp\/v2\/product\/8795","targetHints":{"allow":["GET"]}}],"collection":[{"href":"https:\/\/www.ceramicbasin.com\/es\/wp-json\/wp\/v2\/product"}],"about":[{"href":"https:\/\/www.ceramicbasin.com\/es\/wp-json\/wp\/v2\/types\/product"}],"replies":[{"embeddable":true,"href":"https:\/\/www.ceramicbasin.com\/es\/wp-json\/wp\/v2\/comments?post=8795"}],"wp:featuredmedia":[{"embeddable":true,"href":"https:\/\/www.ceramicbasin.com\/es\/wp-json\/wp\/v2\/media\/8796"}],"wp:attachment":[{"href":"https:\/\/www.ceramicbasin.com\/es\/wp-json\/wp\/v2\/media?parent=8795"}],"wp:term":[{"taxonomy":"product_brand","embeddable":true,"href":"https:\/\/www.ceramicbasin.com\/es\/wp-json\/wp\/v2\/product_brand?post=8795"},{"taxonomy":"product_cat","embeddable":true,"href":"https:\/\/www.ceramicbasin.com\/es\/wp-json\/wp\/v2\/product_cat?post=8795"},{"taxonomy":"product_tag","embeddable":true,"href":"https:\/\/www.ceramicbasin.com\/es\/wp-json\/wp\/v2\/product_tag?post=8795"}],"curies":[{"name":"wp","href":"https:\/\/api.w.org\/{rel}","templated":true}]}}