{"id":8801,"date":"2025-12-31T07:23:15","date_gmt":"2025-12-31T07:23:15","guid":{"rendered":"https:\/\/www.ceramicbasin.com\/?post_type=product&#038;p=8801"},"modified":"2025-12-31T07:23:17","modified_gmt":"2025-12-31T07:23:17","slug":"wholesale-art-wash-basin","status":"publish","type":"product","link":"https:\/\/www.ceramicbasin.com\/es\/producto\/wholesale-art-wash-basin\/","title":{"rendered":"Lavabo de m\u00e1rmol al por mayor, MOQ bajo, entrega r\u00e1pida"},"content":{"rendered":"<div class=\"wp-block-columns is-layout-flex wp-container-core-columns-is-layout-9d6595d7 wp-block-columns-is-layout-flex\">\n<div class=\"wp-block-column is-layout-flow wp-block-column-is-layout-flow\">\n<h2 class=\"wp-block-heading\">Premium al por mayor Arte Lavabo Caracter\u00edsticas:<\/h2>\n\n\n\n<ul class=\"wp-block-list\">\n<li><strong>Textura de m\u00e1rmol art\u00edstico: <\/strong>Este lavabo art\u00edstico al por mayor presenta distintas capas de profundos tonos azul-negro y texturas naturales y fluidas. Conserva la sensaci\u00f3n de lujo de la piedra natural, evitando los problemas de peso y mantenimiento del m\u00e1rmol natural, lo que resulta en un efecto visual m\u00e1s estable y consistente.<\/li>\n\n\n\n<li><strong>Proceso de fabricaci\u00f3n maduro y profesional, calidad estable y reproducible: <\/strong>Nuestros lavabos de encimera al por mayor se fabrican utilizando un sistema de proceso maduro, que garantiza una gran consistencia en la distribuci\u00f3n de la textura y el efecto del esmalte. Esto es especialmente adecuado para proyectos de cadenas, proyectos de hoteles y compras al por mayor de marcas, reduciendo el riesgo de diferencias de color y fluctuaciones de calidad.<\/li>\n\n\n\n<li><strong>Estructura cer\u00e1mica de alta densidad, que combina est\u00e9tica y durabilidad: <\/strong>Nuestro lavabo art\u00edstico al por mayor tiene un cuerpo de cer\u00e1mica denso y grueso con una excelente resistencia al impacto y capacidad de carga. Es resistente al agrietamiento, las fugas y la decoloraci\u00f3n durante el uso a largo plazo, satisfaciendo las necesidades de diversas aplicaciones comerciales y residenciales.<\/li>\n\n\n\n<li><strong>Baja cantidad m\u00ednima de pedido + existencias listas, plazo de entrega m\u00e1s controlable: <\/strong>Nuestros lavabos de encimera al por mayor tienen una cantidad m\u00ednima de pedido de 5 piezas, lo que reduce el umbral de adquisici\u00f3n. Combinados con un inventario estable y una capacidad de env\u00edo r\u00e1pida, ayudamos a los clientes a acortar los ciclos de preparaci\u00f3n y a acelerar la ejecuci\u00f3n de los proyectos y la velocidad de respuesta del mercado.<\/li>\n<\/ul>\n<\/div>\n\n\n\n<div class=\"wp-block-column is-layout-flow wp-block-column-is-layout-flow\">\n<figure class=\"wp-block-image size-full\"><img fetchpriority=\"high\" decoding=\"async\" width=\"1024\" height=\"1024\" src=\"https:\/\/www.ceramicbasin.com\/wp-content\/uploads\/2025\/12\/Factory-Price-Marble-Style-Black-Ceramic-Table-Top-Rectangular-Art-Sink-Bathroom-Solid-Surface-Fancy-Washbasin-5.webp\" alt=\"Precio de f\u00e1brica de m\u00e1rmol de estilo negro de cer\u00e1mica de mesa rectangular Arte Fregadero, Cuarto de ba\u00f1o de superficie s\u00f3lida de lujo Lavabo\" class=\"wp-image-8806\" srcset=\"https:\/\/www.ceramicbasin.com\/wp-content\/uploads\/2025\/12\/Factory-Price-Marble-Style-Black-Ceramic-Table-Top-Rectangular-Art-Sink-Bathroom-Solid-Surface-Fancy-Washbasin-5.webp 1024w, https:\/\/www.ceramicbasin.com\/wp-content\/uploads\/2025\/12\/Factory-Price-Marble-Style-Black-Ceramic-Table-Top-Rectangular-Art-Sink-Bathroom-Solid-Surface-Fancy-Washbasin-5-300x300.webp 300w, https:\/\/www.ceramicbasin.com\/wp-content\/uploads\/2025\/12\/Factory-Price-Marble-Style-Black-Ceramic-Table-Top-Rectangular-Art-Sink-Bathroom-Solid-Surface-Fancy-Washbasin-5-150x150.webp 150w, https:\/\/www.ceramicbasin.com\/wp-content\/uploads\/2025\/12\/Factory-Price-Marble-Style-Black-Ceramic-Table-Top-Rectangular-Art-Sink-Bathroom-Solid-Surface-Fancy-Washbasin-5-768x768.webp 768w, https:\/\/www.ceramicbasin.com\/wp-content\/uploads\/2025\/12\/Factory-Price-Marble-Style-Black-Ceramic-Table-Top-Rectangular-Art-Sink-Bathroom-Solid-Surface-Fancy-Washbasin-5-12x12.webp 12w, https:\/\/www.ceramicbasin.com\/wp-content\/uploads\/2025\/12\/Factory-Price-Marble-Style-Black-Ceramic-Table-Top-Rectangular-Art-Sink-Bathroom-Solid-Surface-Fancy-Washbasin-5-285x285.webp 285w, https:\/\/www.ceramicbasin.com\/wp-content\/uploads\/2025\/12\/Factory-Price-Marble-Style-Black-Ceramic-Table-Top-Rectangular-Art-Sink-Bathroom-Solid-Surface-Fancy-Washbasin-5-270x270.webp 270w, https:\/\/www.ceramicbasin.com\/wp-content\/uploads\/2025\/12\/Factory-Price-Marble-Style-Black-Ceramic-Table-Top-Rectangular-Art-Sink-Bathroom-Solid-Surface-Fancy-Washbasin-5-540x540.webp 540w, https:\/\/www.ceramicbasin.com\/wp-content\/uploads\/2025\/12\/Factory-Price-Marble-Style-Black-Ceramic-Table-Top-Rectangular-Art-Sink-Bathroom-Solid-Surface-Fancy-Washbasin-5-660x660.webp 660w\" sizes=\"(max-width: 1024px) 100vw, 1024px\" \/><\/figure>\n<\/div>\n<\/div>","protected":false},"excerpt":{"rendered":"<p>Bienvenido a comprar lavabos de arte al por mayor. Este lavabo de m\u00e1rmol de imitaci\u00f3n cuenta con un tono principal azul-negro profundo, mezclando texturas de m\u00e1rmol naturales y fluidas. El efecto visual general es sofisticado y art\u00edstico, perfecto para crear espacios de ba\u00f1o personalizados de alta gama.<\/p>\n<table style=\"border-collapse: collapse; width: 311.02pt;\" border=\"0\" width=\"311\" cellspacing=\"0\" cellpadding=\"0\">\n<tbody>\n<tr style=\"height: 17.60pt;\">\n<td class=\"et3\" style=\"height: 17.60pt; width: 108.35pt;\" width=\"108\" height=\"17\">Fabricante<\/td>\n<td class=\"et3\" style=\"width: 202.95pt;\" width=\"202\">HanYu<\/td>\n<\/tr>\n<tr style=\"height: 17.60pt;\">\n<td class=\"et3\" style=\"height: 17.60pt;\" height=\"17\">N\u00ba de modelo<\/td>\n<td class=\"et4\">HY-8064-65D88<\/td>\n<\/tr>\n<tr style=\"height: 36.00pt;\">\n<td class=\"et3\" style=\"height: 36.00pt;\" height=\"36\">Tipo<\/td>\n<td class=\"et5\" style=\"width: 202.95pt;\" width=\"202\">Lavabo Color M\u00e1rmol, Lavabo Encimera<\/td>\n<\/tr>\n<tr style=\"height: 17.60pt;\">\n<td class=\"et3\" style=\"height: 17.60pt;\" height=\"17\">Forma<\/td>\n<td class=\"et3\">Forma rectangular<\/td>\n<\/tr>\n<tr style=\"height: 18.00pt;\">\n<td class=\"et4\" style=\"height: 18.00pt;\" height=\"18\">Color<\/td>\n<td class=\"et5\" style=\"width: 202.95pt;\" width=\"202\">Negro<\/td>\n<\/tr>\n<tr style=\"height: 18.00pt;\">\n<td class=\"et3\" style=\"height: 18.00pt;\" height=\"18\">Dimensi\u00f3n<\/td>\n<td class=\"et5\" style=\"width: 202.95pt;\" width=\"202\">65*38*11<\/td>\n<\/tr>\n<tr style=\"height: 17.60pt;\">\n<td class=\"et3\" style=\"height: 17.60pt;\" height=\"17\">N.W \/SET<\/td>\n<td class=\"et3\">15KGS\/PCS<\/td>\n<\/tr>\n<tr style=\"height: 17.60pt;\">\n<td class=\"et3\" style=\"height: 17.60pt;\" height=\"17\">MOQ<\/td>\n<td class=\"et3\">20 piezas<\/td>\n<\/tr>\n<tr style=\"height: 17.60pt;\">\n<td class=\"et3\" style=\"height: 17.60pt;\" height=\"17\">Opci\u00f3n personalizada<\/td>\n<td class=\"et3\">Color\/Patr\u00f3n\/Tama\u00f1o\/Logotipo\/Embalaje<\/td>\n<\/tr>\n<\/tbody>\n<\/table>","protected":false},"featured_media":8802,"comment_status":"closed","ping_status":"closed","template":"","meta":{"_acf_changed":false},"product_brand":[],"product_cat":[50,54],"product_tag":[],"class_list":{"0":"post-8801","1":"product","2":"type-product","3":"status-publish","4":"has-post-thumbnail","6":"product_cat-wholesale-countertop-sinks","7":"product_cat-wholesale-marble-sinks","9":"first","10":"instock","11":"shipping-taxable","12":"product-type-simple"},"acf":[],"_links":{"self":[{"href":"https:\/\/www.ceramicbasin.com\/es\/wp-json\/wp\/v2\/product\/8801","targetHints":{"allow":["GET"]}}],"collection":[{"href":"https:\/\/www.ceramicbasin.com\/es\/wp-json\/wp\/v2\/product"}],"about":[{"href":"https:\/\/www.ceramicbasin.com\/es\/wp-json\/wp\/v2\/types\/product"}],"replies":[{"embeddable":true,"href":"https:\/\/www.ceramicbasin.com\/es\/wp-json\/wp\/v2\/comments?post=8801"}],"wp:featuredmedia":[{"embeddable":true,"href":"https:\/\/www.ceramicbasin.com\/es\/wp-json\/wp\/v2\/media\/8802"}],"wp:attachment":[{"href":"https:\/\/www.ceramicbasin.com\/es\/wp-json\/wp\/v2\/media?parent=8801"}],"wp:term":[{"taxonomy":"product_brand","embeddable":true,"href":"https:\/\/www.ceramicbasin.com\/es\/wp-json\/wp\/v2\/product_brand?post=8801"},{"taxonomy":"product_cat","embeddable":true,"href":"https:\/\/www.ceramicbasin.com\/es\/wp-json\/wp\/v2\/product_cat?post=8801"},{"taxonomy":"product_tag","embeddable":true,"href":"https:\/\/www.ceramicbasin.com\/es\/wp-json\/wp\/v2\/product_tag?post=8801"}],"curies":[{"name":"wp","href":"https:\/\/api.w.org\/{rel}","templated":true}]}}