{"id":8834,"date":"2025-12-31T08:03:50","date_gmt":"2025-12-31T08:03:50","guid":{"rendered":"https:\/\/www.ceramicbasin.com\/?post_type=product&#038;p=8834"},"modified":"2026-01-07T07:25:38","modified_gmt":"2026-01-07T07:25:38","slug":"wholesale-rectangle-basins-2","status":"publish","type":"product","link":"https:\/\/www.ceramicbasin.com\/es\/producto\/wholesale-rectangle-basins-2\/","title":{"rendered":"Mayorista Lavabos Rectangulares, Fregaderos de Cer\u00e1mica a Medida para Encimera"},"content":{"rendered":"<div class=\"wp-block-columns is-layout-flex wp-container-core-columns-is-layout-9d6595d7 wp-block-columns-is-layout-flex\">\n<div class=\"wp-block-column is-layout-flow wp-block-column-is-layout-flow\">\n<h2 class=\"wp-block-heading\">Lavabos rectangulares al por mayor de primera calidad Caracter\u00edsticas:<\/h2>\n\n\n\n<ul class=\"wp-block-list\">\n<li><strong>Cer\u00e1mica de alta calidad:<\/strong> Estos lavabos rectangulares al por mayor se someten a un proceso de cocci\u00f3n a alta temperatura para obtener una superficie mucho m\u00e1s lisa y densa, resistente a los ara\u00f1azos, las manchas y f\u00e1cil de limpiar.<\/li>\n\n\n\n<li><strong>Dise\u00f1o rectangular sencillo:<\/strong> Estos fregaderos de cer\u00e1mica a medida para encimera son elegantes fregaderos rectangulares blancos que ofrecen versatilidad para hogares modernos y usos comerciales.<\/li>\n\n\n\n<li><strong>Stock a granel:<\/strong> Estos lavabos rectangulares al por mayor se pueden adquirir tanto al por mayor como para proyectos, y satisfacen las necesidades de entrega r\u00e1pida de minoristas, distribuidores y clientes de proyectos.<\/li>\n\n\n\n<li><strong>Vers\u00e1til: <\/strong>Estos lavabos de cer\u00e1mica a medida para encimera son id\u00f3neos para tocadores de ba\u00f1o, hoteles, cuartos de ba\u00f1o comerciales y reformas residenciales, ya que ofrecen est\u00e9tica y funcionalidad.<\/li>\n\n\n\n<li><strong>Certificado y listo para la exportaci\u00f3n: <\/strong>Nuestros lavabos rectangulares al por mayor se fabrican para cumplir las normas de calidad internacionales y permiten la inspecci\u00f3n por terceros en beneficio de importadores, distribuidores y compradores de proyectos.<\/li>\n<\/ul>\n<\/div>\n\n\n\n<div class=\"wp-block-column is-layout-flow wp-block-column-is-layout-flow\">\n<figure class=\"wp-block-image size-full\"><img fetchpriority=\"high\" decoding=\"async\" width=\"645\" height=\"938\" src=\"https:\/\/www.ceramicbasin.com\/wp-content\/uploads\/2025\/12\/Bathroom-Sink-Modern-Rectangular-Countertop-Basin-6.webp\" alt=\"mayorista lavabos rectangulares - fregaderos sobre encimera de cer\u00e1mica personalizados - 6\" class=\"wp-image-8835\" srcset=\"https:\/\/www.ceramicbasin.com\/wp-content\/uploads\/2025\/12\/Bathroom-Sink-Modern-Rectangular-Countertop-Basin-6.webp 645w, https:\/\/www.ceramicbasin.com\/wp-content\/uploads\/2025\/12\/Bathroom-Sink-Modern-Rectangular-Countertop-Basin-6-206x300.webp 206w, https:\/\/www.ceramicbasin.com\/wp-content\/uploads\/2025\/12\/Bathroom-Sink-Modern-Rectangular-Countertop-Basin-6-8x12.webp 8w, https:\/\/www.ceramicbasin.com\/wp-content\/uploads\/2025\/12\/Bathroom-Sink-Modern-Rectangular-Countertop-Basin-6-285x414.webp 285w, https:\/\/www.ceramicbasin.com\/wp-content\/uploads\/2025\/12\/Bathroom-Sink-Modern-Rectangular-Countertop-Basin-6-454x660.webp 454w, https:\/\/www.ceramicbasin.com\/wp-content\/uploads\/2025\/12\/Bathroom-Sink-Modern-Rectangular-Countertop-Basin-6-103x150.webp 103w\" sizes=\"(max-width: 645px) 100vw, 645px\" \/><\/figure>\n<\/div>\n<\/div>\n\n\n\n<p><\/p>","protected":false},"excerpt":{"rendered":"<p>Bienvenido a comprar nuestros modernos lavabos rectangulares al por mayor dise\u00f1ados para hoteles, proyectos inmobiliarios y marcas de ba\u00f1o. Fabricados en cer\u00e1mica duradera de alta densidad con acabados esmaltados lisos, estos lavabos de cer\u00e1mica personalizados admiten opciones personalizadas de tama\u00f1o, color y acabado, lo que garantiza un suministro fiable a granel y una calidad constante para los mercados mayoristas globales.<\/p>\n<table style=\"border-collapse: collapse; width: 311.02pt;\" border=\"0\" width=\"311\" cellspacing=\"0\" cellpadding=\"0\">\n<tbody>\n<tr style=\"height: 17.60pt;\">\n<td class=\"et3\" style=\"height: 17.60pt; width: 108.35pt;\" width=\"108\" height=\"17\">Fabricante<\/td>\n<td class=\"et3\" style=\"width: 202.95pt;\" width=\"202\">HanYu<\/td>\n<\/tr>\n<tr style=\"height: 17.60pt;\">\n<td class=\"et3\" style=\"height: 17.60pt;\" height=\"17\">N\u00ba de modelo<\/td>\n<td class=\"et4\">HY-8136A<\/td>\n<\/tr>\n<tr style=\"height: 17.60pt;\">\n<td class=\"et3\" style=\"height: 17.60pt;\" height=\"17\">Tipo<\/td>\n<td class=\"et3\">Lavabo de Encimera<\/td>\n<\/tr>\n<tr style=\"height: 17.60pt;\">\n<td class=\"et3\" style=\"height: 17.60pt;\" height=\"17\">Forma<\/td>\n<td class=\"et3\">Forma rectangular<\/td>\n<\/tr>\n<tr style=\"height: 17.60pt;\">\n<td class=\"et4\" style=\"height: 17.60pt;\" height=\"17\">Color<\/td>\n<td class=\"et3\">Blanco<\/td>\n<\/tr>\n<tr style=\"height: 18.00pt;\">\n<td class=\"et3\" style=\"height: 18.00pt;\" height=\"18\">Dimensi\u00f3n<\/td>\n<td class=\"et5\" style=\"width: 202.95pt;\" width=\"202\">70.5*35.5*13<\/td>\n<\/tr>\n<tr style=\"height: 17.60pt;\">\n<td class=\"et3\" style=\"height: 17.60pt;\" height=\"17\">N.W \/SET<\/td>\n<td class=\"et3\">16 KGS\/PCS<\/td>\n<\/tr>\n<tr style=\"height: 17.60pt;\">\n<td class=\"et3\" style=\"height: 17.60pt;\" height=\"17\">MOQ<\/td>\n<td class=\"et3\">20 piezas<\/td>\n<\/tr>\n<tr style=\"height: 17.60pt;\">\n<td class=\"et3\" style=\"height: 17.60pt;\" height=\"17\">Opci\u00f3n personalizada<\/td>\n<td class=\"et3\">Color\/Patr\u00f3n\/Tama\u00f1o\/Logotipo\/Embalaje<\/td>\n<\/tr>\n<\/tbody>\n<\/table>","protected":false},"featured_media":8836,"comment_status":"closed","ping_status":"closed","template":"","meta":{"_acf_changed":false},"product_brand":[],"product_cat":[50],"product_tag":[],"class_list":{"0":"post-8834","1":"product","2":"type-product","3":"status-publish","4":"has-post-thumbnail","6":"product_cat-wholesale-countertop-sinks","8":"first","9":"instock","10":"shipping-taxable","11":"product-type-simple"},"acf":[],"_links":{"self":[{"href":"https:\/\/www.ceramicbasin.com\/es\/wp-json\/wp\/v2\/product\/8834","targetHints":{"allow":["GET"]}}],"collection":[{"href":"https:\/\/www.ceramicbasin.com\/es\/wp-json\/wp\/v2\/product"}],"about":[{"href":"https:\/\/www.ceramicbasin.com\/es\/wp-json\/wp\/v2\/types\/product"}],"replies":[{"embeddable":true,"href":"https:\/\/www.ceramicbasin.com\/es\/wp-json\/wp\/v2\/comments?post=8834"}],"wp:featuredmedia":[{"embeddable":true,"href":"https:\/\/www.ceramicbasin.com\/es\/wp-json\/wp\/v2\/media\/8836"}],"wp:attachment":[{"href":"https:\/\/www.ceramicbasin.com\/es\/wp-json\/wp\/v2\/media?parent=8834"}],"wp:term":[{"taxonomy":"product_brand","embeddable":true,"href":"https:\/\/www.ceramicbasin.com\/es\/wp-json\/wp\/v2\/product_brand?post=8834"},{"taxonomy":"product_cat","embeddable":true,"href":"https:\/\/www.ceramicbasin.com\/es\/wp-json\/wp\/v2\/product_cat?post=8834"},{"taxonomy":"product_tag","embeddable":true,"href":"https:\/\/www.ceramicbasin.com\/es\/wp-json\/wp\/v2\/product_tag?post=8834"}],"curies":[{"name":"wp","href":"https:\/\/api.w.org\/{rel}","templated":true}]}}