{"id":8841,"date":"2026-01-01T06:14:27","date_gmt":"2026-01-01T06:14:27","guid":{"rendered":"https:\/\/www.ceramicbasin.com\/?post_type=product&#038;p=8841"},"modified":"2026-01-07T08:42:43","modified_gmt":"2026-01-07T08:42:43","slug":"custom-ceramic-countertop-sink","status":"publish","type":"product","link":"https:\/\/www.ceramicbasin.com\/es\/producto\/custom-ceramic-countertop-sink\/","title":{"rendered":"Fregadero de Cer\u00e1mica para Encimera, Lavabo de Ba\u00f1o al por mayor"},"content":{"rendered":"<div class=\"wp-block-columns is-layout-flex wp-container-core-columns-is-layout-9d6595d7 wp-block-columns-is-layout-flex\">\n<div class=\"wp-block-column is-layout-flow wp-block-column-is-layout-flow\">\n<h2 class=\"wp-block-heading\">Premium Custom Cer\u00e1mica Encimera Fregadero Caracter\u00edsticas:<\/h2>\n\n\n\n<ul class=\"wp-block-list\">\n<li><strong>Dise\u00f1o rectangular contempor\u00e1neo:<\/strong>\u00a0Nuestro lavabo de cer\u00e1mica a medida para encimera presenta un dise\u00f1o rectangular elegante y f\u00e1cil de usar, con l\u00edneas suaves y un estilo moderno. Puede integrarse perfectamente en cualquier estilo de decoraci\u00f3n de ba\u00f1o, aportando elegancia y modernidad a la zona de ba\u00f1o.<\/li>\n\n\n\n<li><strong>Dise\u00f1o de tama\u00f1o generoso:\u00a0<\/strong>El lavabo sobre encimera de cer\u00e1mica a medida de f\u00e1brica presenta un generoso tama\u00f1o de cubeta, que responde a la necesidad de espacio en un lavabo. No s\u00f3lo es pr\u00e1ctico, sino que tambi\u00e9n puede mejorar el grado general y la comodidad del cuarto de ba\u00f1o. Es adecuado para viviendas y hoteles de lujo.<\/li>\n\n\n\n<li><strong>Instalaci\u00f3n de encimeras:<\/strong> \u00a0Nuestro fregadero de cer\u00e1mica a medida para encimera es un dise\u00f1o sobre encimera que permite una instalaci\u00f3n flexible, realza la profundidad visual y simplifica la sustituci\u00f3n en proyectos de renovaci\u00f3n.<\/li>\n\n\n\n<li><strong>Existencias a granel:<\/strong>\u00a0Estos lavabos de ba\u00f1o al por mayor se pueden adquirir tanto al por mayor como para proyectos, y satisfacen las necesidades de entrega r\u00e1pida de minoristas, distribuidores y clientes de proyectos.<\/li>\n\n\n\n<li><strong>Vers\u00e1til:\u00a0<\/strong>El lavabo de ba\u00f1o al por mayor directo de f\u00e1brica es adecuado para tocadores de ba\u00f1o, hoteles, ba\u00f1os comerciales y renovaciones residenciales, ofreciendo tanto est\u00e9tica como practicidad.<\/li>\n<\/ul>\n<\/div>\n\n\n\n<div class=\"wp-block-column is-layout-flow wp-block-column-is-layout-flow\">\n<figure class=\"wp-block-image size-full\"><img fetchpriority=\"high\" decoding=\"async\" width=\"660\" height=\"938\" src=\"https:\/\/www.ceramicbasin.com\/wp-content\/uploads\/2026\/01\/White-Ceramic-Vessel-Sink-Durable-Washbasin-6.webp\" alt=\"fregadero con encimera de cer\u00e1mica a medida mayorista-ba\u00f1o-lavabo-6\" class=\"wp-image-8842\" srcset=\"https:\/\/www.ceramicbasin.com\/wp-content\/uploads\/2026\/01\/White-Ceramic-Vessel-Sink-Durable-Washbasin-6.webp 660w, https:\/\/www.ceramicbasin.com\/wp-content\/uploads\/2026\/01\/White-Ceramic-Vessel-Sink-Durable-Washbasin-6-211x300.webp 211w, https:\/\/www.ceramicbasin.com\/wp-content\/uploads\/2026\/01\/White-Ceramic-Vessel-Sink-Durable-Washbasin-6-8x12.webp 8w, https:\/\/www.ceramicbasin.com\/wp-content\/uploads\/2026\/01\/White-Ceramic-Vessel-Sink-Durable-Washbasin-6-285x405.webp 285w, https:\/\/www.ceramicbasin.com\/wp-content\/uploads\/2026\/01\/White-Ceramic-Vessel-Sink-Durable-Washbasin-6-464x660.webp 464w, https:\/\/www.ceramicbasin.com\/wp-content\/uploads\/2026\/01\/White-Ceramic-Vessel-Sink-Durable-Washbasin-6-106x150.webp 106w\" sizes=\"(max-width: 660px) 100vw, 660px\" \/><\/figure>\n<\/div>\n<\/div>","protected":false},"excerpt":{"rendered":"<p>Bienvenido a pedir nuestra costumbre lavabo de cer\u00e1mica encimera dise\u00f1ada para la distribuci\u00f3n al por mayor con control de calidad constante, tiempo de entrega estable, y el embalaje adecuado para los mercados de exportaci\u00f3n. Nuestra f\u00e1brica directa encimera lavabo del ba\u00f1o cuenta con un dise\u00f1o rectangular simple y elegante con l\u00edneas suaves y car\u00e1cter moderno.<\/p>\n<table style=\"border-collapse: collapse; width: 358.52pt;\" border=\"0\" width=\"478\" cellspacing=\"0\" cellpadding=\"0\">\n<tbody>\n<tr style=\"height: 17.25pt;\">\n<td class=\"et3\" style=\"height: 17.25pt; width: 125.00pt;\" width=\"166\" height=\"23\">Fabricante<\/td>\n<td class=\"et3\" style=\"width: 234.15pt;\" width=\"312\">HanYu<\/td>\n<\/tr>\n<tr style=\"height: 17.25pt;\">\n<td class=\"et3\" style=\"height: 17.25pt;\" height=\"23\">N\u00ba de modelo<\/td>\n<td class=\"et4\">HY-8141<\/td>\n<\/tr>\n<tr style=\"height: 17.25pt;\">\n<td class=\"et3\" style=\"height: 17.25pt;\" height=\"23\">Tipo<\/td>\n<td class=\"et5\" style=\"width: 234.15pt;\" width=\"312\">Fregaderos de encimera<\/td>\n<\/tr>\n<tr style=\"height: 18.00pt;\">\n<td class=\"et3\" style=\"height: 18.00pt;\" height=\"24\">Forma<\/td>\n<td class=\"et3\">Forma rectangular<\/td>\n<\/tr>\n<tr style=\"height: 34.50pt;\">\n<td class=\"et4\" style=\"height: 34.50pt;\" height=\"46\">Color<\/td>\n<td class=\"et5\" style=\"width: 234.15pt;\" width=\"312\">negro\/blanco\/azul\/gris\/rosa\/verde\/marr\u00f3n\/caqui<\/td>\n<\/tr>\n<tr style=\"height: 18.00pt;\">\n<td class=\"et3\" style=\"height: 18.00pt;\" height=\"24\">Dimensi\u00f3n<\/td>\n<td class=\"et5\" style=\"width: 234.15pt;\" width=\"312\">43*39*13<\/td>\n<\/tr>\n<tr style=\"height: 17.25pt;\">\n<td class=\"et3\" style=\"height: 17.25pt;\" height=\"23\">N.W \/SET<\/td>\n<td class=\"et3\">12 KGS\/PCS<\/td>\n<\/tr>\n<tr style=\"height: 17.25pt;\">\n<td class=\"et3\" style=\"height: 17.25pt;\" height=\"23\">MOQ<\/td>\n<td class=\"et3\">20 piezas<\/td>\n<\/tr>\n<tr style=\"height: 17.25pt;\">\n<td class=\"et3\" style=\"height: 17.25pt;\" height=\"23\">Opci\u00f3n personalizada<\/td>\n<td class=\"et3\">Color\/Patr\u00f3n\/Tama\u00f1o\/Logotipo\/Embalaje<\/td>\n<\/tr>\n<\/tbody>\n<\/table>","protected":false},"featured_media":8844,"comment_status":"closed","ping_status":"closed","template":"","meta":{"_acf_changed":false},"product_brand":[],"product_cat":[50],"product_tag":[],"class_list":{"0":"post-8841","1":"product","2":"type-product","3":"status-publish","4":"has-post-thumbnail","6":"product_cat-wholesale-countertop-sinks","8":"first","9":"instock","10":"shipping-taxable","11":"product-type-simple"},"acf":[],"_links":{"self":[{"href":"https:\/\/www.ceramicbasin.com\/es\/wp-json\/wp\/v2\/product\/8841","targetHints":{"allow":["GET"]}}],"collection":[{"href":"https:\/\/www.ceramicbasin.com\/es\/wp-json\/wp\/v2\/product"}],"about":[{"href":"https:\/\/www.ceramicbasin.com\/es\/wp-json\/wp\/v2\/types\/product"}],"replies":[{"embeddable":true,"href":"https:\/\/www.ceramicbasin.com\/es\/wp-json\/wp\/v2\/comments?post=8841"}],"wp:featuredmedia":[{"embeddable":true,"href":"https:\/\/www.ceramicbasin.com\/es\/wp-json\/wp\/v2\/media\/8844"}],"wp:attachment":[{"href":"https:\/\/www.ceramicbasin.com\/es\/wp-json\/wp\/v2\/media?parent=8841"}],"wp:term":[{"taxonomy":"product_brand","embeddable":true,"href":"https:\/\/www.ceramicbasin.com\/es\/wp-json\/wp\/v2\/product_brand?post=8841"},{"taxonomy":"product_cat","embeddable":true,"href":"https:\/\/www.ceramicbasin.com\/es\/wp-json\/wp\/v2\/product_cat?post=8841"},{"taxonomy":"product_tag","embeddable":true,"href":"https:\/\/www.ceramicbasin.com\/es\/wp-json\/wp\/v2\/product_tag?post=8841"}],"curies":[{"name":"wp","href":"https:\/\/api.w.org\/{rel}","templated":true}]}}