{"id":8851,"date":"2026-01-01T06:32:52","date_gmt":"2026-01-01T06:32:52","guid":{"rendered":"https:\/\/www.ceramicbasin.com\/?post_type=product&#038;p=8851"},"modified":"2026-01-07T09:19:25","modified_gmt":"2026-01-07T09:19:25","slug":"wholesale-bath-lavatory-sink","status":"publish","type":"product","link":"https:\/\/www.ceramicbasin.com\/es\/producto\/wholesale-bath-lavatory-sink\/","title":{"rendered":"Mayorista Lavabo de Ba\u00f1o, Lavabos de Ba\u00f1o Peque\u00f1os a Medida"},"content":{"rendered":"<div class=\"wp-block-columns is-layout-flex wp-container-core-columns-is-layout-9d6595d7 wp-block-columns-is-layout-flex\">\n<div class=\"wp-block-column is-layout-flow wp-block-column-is-layout-flow\">\n<h2 class=\"wp-block-heading\">Premium al por mayor de ba\u00f1o lavabo Caracter\u00edsticas:<\/h2>\n\n\n\n<ul class=\"wp-block-list\">\n<li><strong>Material de alta calidad:<\/strong> Este lavabo de ba\u00f1o al por mayor est\u00e1 fabricado con materiales cer\u00e1micos de primera calidad, cocidos a alta temperatura, resistentes, a prueba de manchas y ara\u00f1azos. La superficie clara es f\u00e1cil de limpiar.<\/li>\n\n\n\n<li><strong>Dise\u00f1o moderno y minimalista: <\/strong>Este lavabo al por mayor para ba\u00f1era tiene bordes rectos, limpios y cuadrados que crean una imagen clara y n\u00edtida, adecuada para ba\u00f1os modernos, n\u00f3rdicos, minimalistas y de otros estilos.<\/li>\n\n\n\n<li><strong>Dise\u00f1o de lavabo individual sobre encimera: <\/strong>Este lavabo de ba\u00f1o al por mayor presenta una estructura de encimera de un solo recipiente f\u00e1cil de instalar y apta para diversos materiales de encimera, lo que reduce la dificultad de construcci\u00f3n y los costes de instalaci\u00f3n.<\/li>\n\n\n\n<li><strong>Dise\u00f1o de tama\u00f1o peque\u00f1o: <\/strong>Nuestros lavabos de ba\u00f1o a medida est\u00e1n dise\u00f1ados espec\u00edficamente para ba\u00f1os peque\u00f1os, ba\u00f1os de invitados, habitaciones de hotel y proyectos de apartamentos, equilibrando la funcionalidad y el aprovechamiento del espacio.<\/li>\n\n\n\n<li><strong>Adecuado para una gran variedad de escenarios:<\/strong> Los lavabos de ba\u00f1o a medida se utilizan ampliamente en aseos de hoteles, apartamentos comerciales, oficinas y edificios residenciales de alta gama; satisfacen tanto las necesidades de compra al por mayor como las de los proyectos.<\/li>\n<\/ul>\n<\/div>\n\n\n\n<div class=\"wp-block-column is-layout-flow wp-block-column-is-layout-flow\">\n<figure class=\"wp-block-image size-full\"><img fetchpriority=\"high\" decoding=\"async\" width=\"660\" height=\"936\" src=\"https:\/\/www.ceramicbasin.com\/wp-content\/uploads\/2026\/01\/wholesale-bath-lavatory-sink-small-custom-bathroom-basins-6.webp\" alt=\"venta al por mayor lavabos-lavabos-peque\u00f1os-lavabos-personalizados-6\" class=\"wp-image-8871\" srcset=\"https:\/\/www.ceramicbasin.com\/wp-content\/uploads\/2026\/01\/wholesale-bath-lavatory-sink-small-custom-bathroom-basins-6.webp 660w, https:\/\/www.ceramicbasin.com\/wp-content\/uploads\/2026\/01\/wholesale-bath-lavatory-sink-small-custom-bathroom-basins-6-212x300.webp 212w, https:\/\/www.ceramicbasin.com\/wp-content\/uploads\/2026\/01\/wholesale-bath-lavatory-sink-small-custom-bathroom-basins-6-8x12.webp 8w, https:\/\/www.ceramicbasin.com\/wp-content\/uploads\/2026\/01\/wholesale-bath-lavatory-sink-small-custom-bathroom-basins-6-285x404.webp 285w, https:\/\/www.ceramicbasin.com\/wp-content\/uploads\/2026\/01\/wholesale-bath-lavatory-sink-small-custom-bathroom-basins-6-465x660.webp 465w, https:\/\/www.ceramicbasin.com\/wp-content\/uploads\/2026\/01\/wholesale-bath-lavatory-sink-small-custom-bathroom-basins-6-106x150.webp 106w\" sizes=\"(max-width: 660px) 100vw, 660px\" \/><\/figure>\n<\/div>\n<\/div>","protected":false},"excerpt":{"rendered":"<div class=\"highlights-border-container\" data-v-944c06bb=\"\">Bienvenido a comprar al por mayor lavabo de ba\u00f1o de cer\u00e1mica de alta cocci\u00f3n, con un suave esmalte, adecuado para hoteles, proyectos de ingenier\u00eda y propietarios de marcas. Este lavabo de cer\u00e1mica blanca cuadrada con una superficie lisa y delicada esmalte que ofrece una excelente resistencia a las manchas y ara\u00f1azos, por lo que es f\u00e1cil de limpiar y mantenerlo como nuevo durante mucho tiempo. Ofrecemos precios muy competitivos para satisfacer sus necesidades de compra de lavabos de ba\u00f1o.<\/div>\n<div class=\"text-stats\" data-v-944c06bb=\"\">\n<div class=\"stats\" data-v-944c06bb=\"\"><span class=\"highlights-note\" data-v-944c06bb=\"\">\u00a0<\/span><\/div>\n<\/div>\n<table style=\"border-collapse: collapse; width: 311.02pt;\" border=\"0\" width=\"311\" cellspacing=\"0\" cellpadding=\"0\">\n<tbody>\n<tr style=\"height: 17.60pt;\">\n<td class=\"et3\" style=\"height: 17.60pt; width: 108.35pt;\" width=\"108\" height=\"17\">Fabricante<\/td>\n<td class=\"et3\" style=\"width: 202.95pt;\" width=\"202\">HanYu<\/td>\n<\/tr>\n<tr style=\"height: 17.60pt;\">\n<td class=\"et3\" style=\"height: 17.60pt;\" height=\"17\">N\u00ba de modelo<\/td>\n<td class=\"et4\">HY-8264<\/td>\n<\/tr>\n<tr style=\"height: 17.60pt;\">\n<td class=\"et3\" style=\"height: 17.60pt;\" height=\"17\">Tipo<\/td>\n<td class=\"et3\">Lavabo de Encimera<\/td>\n<\/tr>\n<tr style=\"height: 17.60pt;\">\n<td class=\"et3\" style=\"height: 17.60pt;\" height=\"17\">Forma<\/td>\n<td class=\"et3\">Forma rectangular<\/td>\n<\/tr>\n<tr style=\"height: 17.60pt;\">\n<td class=\"et4\" style=\"height: 17.60pt;\" height=\"17\">Color<\/td>\n<td class=\"et3\">Blanco<\/td>\n<\/tr>\n<tr style=\"height: 18.00pt;\">\n<td class=\"et3\" style=\"height: 18.00pt;\" height=\"18\">Dimensi\u00f3n<\/td>\n<td class=\"et5\" style=\"width: 202.95pt;\" width=\"202\">44*27*12<\/td>\n<\/tr>\n<tr style=\"height: 17.60pt;\">\n<td class=\"et3\" style=\"height: 17.60pt;\" height=\"17\">N.W \/SET<\/td>\n<td class=\"et3\">12 KGS\/PCS<\/td>\n<\/tr>\n<tr style=\"height: 17.60pt;\">\n<td class=\"et3\" style=\"height: 17.60pt;\" height=\"17\">MOQ<\/td>\n<td class=\"et3\">20 piezas<\/td>\n<\/tr>\n<tr style=\"height: 17.60pt;\">\n<td class=\"et3\" style=\"height: 17.60pt;\" height=\"17\">Opci\u00f3n personalizada<\/td>\n<td class=\"et3\">Color\/Patr\u00f3n\/Tama\u00f1o\/Logotipo\/Embalaje<\/td>\n<\/tr>\n<\/tbody>\n<\/table>","protected":false},"featured_media":8870,"comment_status":"closed","ping_status":"closed","template":"","meta":{"_acf_changed":false},"product_brand":[],"product_cat":[50],"product_tag":[],"class_list":{"0":"post-8851","1":"product","2":"type-product","3":"status-publish","4":"has-post-thumbnail","6":"product_cat-wholesale-countertop-sinks","8":"first","9":"instock","10":"shipping-taxable","11":"product-type-simple"},"acf":[],"_links":{"self":[{"href":"https:\/\/www.ceramicbasin.com\/es\/wp-json\/wp\/v2\/product\/8851","targetHints":{"allow":["GET"]}}],"collection":[{"href":"https:\/\/www.ceramicbasin.com\/es\/wp-json\/wp\/v2\/product"}],"about":[{"href":"https:\/\/www.ceramicbasin.com\/es\/wp-json\/wp\/v2\/types\/product"}],"replies":[{"embeddable":true,"href":"https:\/\/www.ceramicbasin.com\/es\/wp-json\/wp\/v2\/comments?post=8851"}],"wp:featuredmedia":[{"embeddable":true,"href":"https:\/\/www.ceramicbasin.com\/es\/wp-json\/wp\/v2\/media\/8870"}],"wp:attachment":[{"href":"https:\/\/www.ceramicbasin.com\/es\/wp-json\/wp\/v2\/media?parent=8851"}],"wp:term":[{"taxonomy":"product_brand","embeddable":true,"href":"https:\/\/www.ceramicbasin.com\/es\/wp-json\/wp\/v2\/product_brand?post=8851"},{"taxonomy":"product_cat","embeddable":true,"href":"https:\/\/www.ceramicbasin.com\/es\/wp-json\/wp\/v2\/product_cat?post=8851"},{"taxonomy":"product_tag","embeddable":true,"href":"https:\/\/www.ceramicbasin.com\/es\/wp-json\/wp\/v2\/product_tag?post=8851"}],"curies":[{"name":"wp","href":"https:\/\/api.w.org\/{rel}","templated":true}]}}