{"id":8858,"date":"2026-01-01T06:36:16","date_gmt":"2026-01-01T06:36:16","guid":{"rendered":"https:\/\/www.ceramicbasin.com\/?post_type=product&#038;p=8858"},"modified":"2026-01-07T10:01:58","modified_gmt":"2026-01-07T10:01:58","slug":"factory-bulk-bathroom-sinks","status":"publish","type":"product","link":"https:\/\/www.ceramicbasin.com\/es\/producto\/factory-bulk-bathroom-sinks\/","title":{"rendered":"F\u00e1brica de lavabos de ba\u00f1o a granel, lavabos de cer\u00e1mica para hoteles al por mayor"},"content":{"rendered":"<div class=\"wp-block-columns is-layout-flex wp-container-core-columns-is-layout-9d6595d7 wp-block-columns-is-layout-flex\">\n<div class=\"wp-block-column is-layout-flow wp-block-column-is-layout-flow\">\n<h2 class=\"wp-block-heading\">Premium Fregaderos de ba\u00f1o a granel de f\u00e1brica Caracter\u00edsticas:<\/h2>\n\n\n\n<ul class=\"wp-block-list\">\n<li><strong>Dise\u00f1o exquisito: <\/strong>Estos lavabos a granel de f\u00e1brica han adoptado un dise\u00f1o aerodin\u00e1mico con borde redondeado y l\u00ednea suave, que garantiza un alto valor est\u00e9tico, a\u00f1adiendo refinamiento y elegancia al espacio del cuarto de ba\u00f1o.<\/li>\n\n\n\n<li><strong>Cer\u00e1mica de alta calidad:<\/strong> Estos lavabos de ba\u00f1o al por mayor de f\u00e1brica se seleccionan a partir de materia prima cer\u00e1mica de alta calidad, sinterizada a alta temperatura, haciendo que nuestro lavabo de cer\u00e1mica al por mayor sea s\u00f3lido en estructura, delicado y suave en superficie, f\u00e1cil de limpiar y duradero como nuevo.<\/li>\n\n\n\n<li><strong>Manera de instalaci\u00f3n superior:<\/strong> Este lavabo de cer\u00e1mica de hotel al por mayor se aplica a la forma de instalaci\u00f3n superior, se instala f\u00e1cilmente, y funciona de forma estable y fiable. Es f\u00e1cil de mantener y puede ahorrar espacio para el cuarto de ba\u00f1o, y mejorar la experiencia del usuario.<\/li>\n\n\n\n<li><strong>Entrega estable a granel:<\/strong> Estos lavabos de ba\u00f1o a granel de la f\u00e1brica de cer\u00e1mica de origen admiten compras de gran volumen con ciclos de entrega estables, adecuados para la cooperaci\u00f3n a largo plazo con proyectos hoteleros, proyectos inmobiliarios y mayoristas.<\/li>\n\n\n\n<li><strong>Precio al por mayor con competitividad: <\/strong>Como fabricante de lavabos al por mayor, HanYu ofrece un precio muy competitivo para los lavabos de cer\u00e1mica al por mayor, lo que permite disfrutar de un lavabo de cer\u00e1mica de alta calidad manteniendo los costes bajo control.<\/li>\n<\/ul>\n<\/div>\n\n\n\n<div class=\"wp-block-column is-layout-flow wp-block-column-is-layout-flow\">\n<figure class=\"wp-block-image size-full\"><img fetchpriority=\"high\" decoding=\"async\" width=\"657\" height=\"936\" src=\"https:\/\/www.ceramicbasin.com\/wp-content\/uploads\/2026\/01\/Rectangle-Art-Basin-Hotel-Integrated-Sink-6.webp\" alt=\"lavabos ceramicos a granel para hoteles - mayorista-6\" class=\"wp-image-8859\" srcset=\"https:\/\/www.ceramicbasin.com\/wp-content\/uploads\/2026\/01\/Rectangle-Art-Basin-Hotel-Integrated-Sink-6.webp 657w, https:\/\/www.ceramicbasin.com\/wp-content\/uploads\/2026\/01\/Rectangle-Art-Basin-Hotel-Integrated-Sink-6-211x300.webp 211w, https:\/\/www.ceramicbasin.com\/wp-content\/uploads\/2026\/01\/Rectangle-Art-Basin-Hotel-Integrated-Sink-6-8x12.webp 8w, https:\/\/www.ceramicbasin.com\/wp-content\/uploads\/2026\/01\/Rectangle-Art-Basin-Hotel-Integrated-Sink-6-285x406.webp 285w, https:\/\/www.ceramicbasin.com\/wp-content\/uploads\/2026\/01\/Rectangle-Art-Basin-Hotel-Integrated-Sink-6-463x660.webp 463w, https:\/\/www.ceramicbasin.com\/wp-content\/uploads\/2026\/01\/Rectangle-Art-Basin-Hotel-Integrated-Sink-6-105x150.webp 105w\" sizes=\"(max-width: 657px) 100vw, 657px\" \/><\/figure>\n<\/div>\n<\/div>\n\n\n\n<p><\/p>","protected":false},"excerpt":{"rendered":"<p>Bienvenido a comprar lavabos de ba\u00f1o a granel de f\u00e1brica para proyectos hoteleros. Venta al por mayor lavabos de cer\u00e1mica con encimera de cocci\u00f3n a alta temperatura duradera, suave acabado esmaltado, varios tama\u00f1os, y la personalizaci\u00f3n OEM \/ ODM. Ideal para hotel, comercial, y la compra a granel de ingenier\u00eda.compra a granel disfrutar\u00e1 de una mejor relaci\u00f3n coste-eficacia.<\/p>\n<table style=\"border-collapse: collapse; width: 311.02pt;\" border=\"0\" width=\"311\" cellspacing=\"0\" cellpadding=\"0\">\n<tbody>\n<tr style=\"height: 17.60pt;\">\n<td class=\"et3\" style=\"height: 17.60pt; width: 108.35pt;\" width=\"108\" height=\"17\">Fabricante<\/td>\n<td class=\"et3\" style=\"width: 202.95pt;\" width=\"202\">HanYu<\/td>\n<\/tr>\n<tr style=\"height: 17.60pt;\">\n<td class=\"et3\" style=\"height: 17.60pt;\" height=\"17\">N\u00ba de modelo<\/td>\n<td class=\"et4\">HY-8267<\/td>\n<\/tr>\n<tr style=\"height: 17.60pt;\">\n<td class=\"et3\" style=\"height: 17.60pt;\" height=\"17\">Tipo<\/td>\n<td class=\"et3\">Lavabo de Encimera<\/td>\n<\/tr>\n<tr style=\"height: 17.60pt;\">\n<td class=\"et3\" style=\"height: 17.60pt;\" height=\"17\">Forma<\/td>\n<td class=\"et3\">Forma rectangular<\/td>\n<\/tr>\n<tr style=\"height: 17.60pt;\">\n<td class=\"et4\" style=\"height: 17.60pt;\" height=\"17\">Color<\/td>\n<td class=\"et3\">Blanco<\/td>\n<\/tr>\n<tr style=\"height: 18.00pt;\">\n<td class=\"et3\" style=\"height: 18.00pt;\" height=\"18\">Dimensi\u00f3n<\/td>\n<td class=\"et5\" style=\"width: 202.95pt;\" width=\"202\">31*31*14<\/td>\n<\/tr>\n<tr style=\"height: 17.60pt;\">\n<td class=\"et3\" style=\"height: 17.60pt;\" height=\"17\">N.W \/SET<\/td>\n<td class=\"et3\">11 KGS\/PCS<\/td>\n<\/tr>\n<tr style=\"height: 17.60pt;\">\n<td class=\"et3\" style=\"height: 17.60pt;\" height=\"17\">MOQ<\/td>\n<td class=\"et3\">20 piezas<\/td>\n<\/tr>\n<tr style=\"height: 17.60pt;\">\n<td class=\"et3\" style=\"height: 17.60pt;\" height=\"17\">Opci\u00f3n personalizada<\/td>\n<td class=\"et3\">Color\/Patr\u00f3n\/Tama\u00f1o\/Logotipo\/Embalaje<\/td>\n<\/tr>\n<\/tbody>\n<\/table>","protected":false},"featured_media":8860,"comment_status":"closed","ping_status":"closed","template":"","meta":{"_acf_changed":false},"product_brand":[],"product_cat":[50],"product_tag":[],"class_list":{"0":"post-8858","1":"product","2":"type-product","3":"status-publish","4":"has-post-thumbnail","6":"product_cat-wholesale-countertop-sinks","8":"first","9":"instock","10":"shipping-taxable","11":"product-type-simple"},"acf":[],"_links":{"self":[{"href":"https:\/\/www.ceramicbasin.com\/es\/wp-json\/wp\/v2\/product\/8858","targetHints":{"allow":["GET"]}}],"collection":[{"href":"https:\/\/www.ceramicbasin.com\/es\/wp-json\/wp\/v2\/product"}],"about":[{"href":"https:\/\/www.ceramicbasin.com\/es\/wp-json\/wp\/v2\/types\/product"}],"replies":[{"embeddable":true,"href":"https:\/\/www.ceramicbasin.com\/es\/wp-json\/wp\/v2\/comments?post=8858"}],"wp:featuredmedia":[{"embeddable":true,"href":"https:\/\/www.ceramicbasin.com\/es\/wp-json\/wp\/v2\/media\/8860"}],"wp:attachment":[{"href":"https:\/\/www.ceramicbasin.com\/es\/wp-json\/wp\/v2\/media?parent=8858"}],"wp:term":[{"taxonomy":"product_brand","embeddable":true,"href":"https:\/\/www.ceramicbasin.com\/es\/wp-json\/wp\/v2\/product_brand?post=8858"},{"taxonomy":"product_cat","embeddable":true,"href":"https:\/\/www.ceramicbasin.com\/es\/wp-json\/wp\/v2\/product_cat?post=8858"},{"taxonomy":"product_tag","embeddable":true,"href":"https:\/\/www.ceramicbasin.com\/es\/wp-json\/wp\/v2\/product_tag?post=8858"}],"curies":[{"name":"wp","href":"https:\/\/api.w.org\/{rel}","templated":true}]}}