{"id":8894,"date":"2026-01-14T03:24:44","date_gmt":"2026-01-14T03:24:44","guid":{"rendered":"https:\/\/www.ceramicbasin.com\/?post_type=product&#038;p=8894"},"modified":"2026-01-14T03:24:47","modified_gmt":"2026-01-14T03:24:47","slug":"wholesale-large-bathroom-sinks","status":"publish","type":"product","link":"https:\/\/www.ceramicbasin.com\/es\/producto\/wholesale-large-bathroom-sinks\/","title":{"rendered":"Mayorista Fregaderos de Ba\u00f1o Grandes, Fregaderos de Cer\u00e1mica a Granel para Encimera"},"content":{"rendered":"<div class=\"wp-block-columns is-layout-flex wp-container-core-columns-is-layout-9d6595d7 wp-block-columns-is-layout-flex\">\n<div class=\"wp-block-column is-layout-flow wp-block-column-is-layout-flow\">\n<h2 class=\"wp-block-heading\">Premium al por mayor grandes lavabos de ba\u00f1o Caracter\u00edsticas:<\/h2>\n\n\n\n<ul class=\"wp-block-list\">\n<li><strong>Dise\u00f1o de cuenco elegante y \u00fanico:<\/strong>\u00a0Estos lavabos de ba\u00f1o grandes al por mayor utilizan una delicada forma de cuenco y un ambiente art\u00edstico \u00fanico para romper el mon\u00f3tono dise\u00f1o del lavabo de ba\u00f1o tradicional. Sus l\u00edneas redondeadas y suaves aportan elegancia y estilo al cuarto de ba\u00f1o.<\/li>\n\n\n\n<li><strong>Materiales cer\u00e1micos de alta calidad para una mayor durabilidad:\u00a0<\/strong>Estos lavabos grandes al por mayor utilizan cer\u00e1mica seleccionada de alta calidad cocida a altas temperaturas para garantizar una excelente dureza y durabilidad.<\/li>\n\n\n\n<li><strong>Superficie acristalada lisa:<\/strong> El esmalte liso y uniforme de los fregaderos con encimera de cer\u00e1mica a granel evita eficazmente que se adhieran las manchas de agua y la suciedad, reduciendo los costes de mantenimiento de los espacios comerciales.<\/li>\n\n\n\n<li><strong>F\u00e1cil instalaci\u00f3n:<\/strong>\u00a0Dado que los lavabos grandes al por mayor para cuartos de ba\u00f1o est\u00e1n dise\u00f1ados espec\u00edficamente para su montaje sobre encimera, son f\u00e1ciles de instalar y ofrecen una opci\u00f3n sin complicaciones tanto para obra nueva como para renovaci\u00f3n de cuartos de ba\u00f1o.<\/li>\n\n\n\n<li><strong>Precio al por mayor:\u00a0<\/strong>Nuestros fregaderos de cer\u00e1mica a granel de la encimera se venden a un precio al por mayor directo de f\u00e1brica para ganar m\u00e1s espacio de beneficio para los clientes. Bienvenido compradores B2B a la compra a granel.<\/li>\n<\/ul>\n<\/div>\n\n\n\n<div class=\"wp-block-column is-layout-flow wp-block-column-is-layout-flow\">\n<figure class=\"wp-block-image size-full\"><img fetchpriority=\"high\" decoding=\"async\" width=\"827\" height=\"1169\" src=\"https:\/\/www.ceramicbasin.com\/wp-content\/uploads\/2026\/01\/Newest-design-washbasin-wholesalebig-size-ceramic-sinks-factory-5.webp\" alt=\"mayorista-fregaderos-de-ba\u00f1o-grandes-fregaderos-ceramica-encimera-5\" class=\"wp-image-8892\" srcset=\"https:\/\/www.ceramicbasin.com\/wp-content\/uploads\/2026\/01\/Newest-design-washbasin-wholesalebig-size-ceramic-sinks-factory-5.webp 827w, https:\/\/www.ceramicbasin.com\/wp-content\/uploads\/2026\/01\/Newest-design-washbasin-wholesalebig-size-ceramic-sinks-factory-5-212x300.webp 212w, https:\/\/www.ceramicbasin.com\/wp-content\/uploads\/2026\/01\/Newest-design-washbasin-wholesalebig-size-ceramic-sinks-factory-5-768x1086.webp 768w, https:\/\/www.ceramicbasin.com\/wp-content\/uploads\/2026\/01\/Newest-design-washbasin-wholesalebig-size-ceramic-sinks-factory-5-8x12.webp 8w, https:\/\/www.ceramicbasin.com\/wp-content\/uploads\/2026\/01\/Newest-design-washbasin-wholesalebig-size-ceramic-sinks-factory-5-285x403.webp 285w, https:\/\/www.ceramicbasin.com\/wp-content\/uploads\/2026\/01\/Newest-design-washbasin-wholesalebig-size-ceramic-sinks-factory-5-467x660.webp 467w, https:\/\/www.ceramicbasin.com\/wp-content\/uploads\/2026\/01\/Newest-design-washbasin-wholesalebig-size-ceramic-sinks-factory-5-106x150.webp 106w\" sizes=\"(max-width: 827px) 100vw, 827px\" \/><\/figure>\n<\/div>\n<\/div>","protected":false},"excerpt":{"rendered":"<p>Bienvenido a comprar al por mayor nuestros grandes lavabos de ba\u00f1o de cer\u00e1mica de alta calidad, dise\u00f1ados para uso comercial a granel y para proyectos. Estos lavabos grandes de cer\u00e1mica para encimera ofrecen una construcci\u00f3n duradera, superficies esmaltadas lisas y tama\u00f1os y acabados personalizables. Ideales para proyectos hoteleros, urbanizaciones residenciales y mayoristas de sanitarios, combinan un dise\u00f1o moderno con un suministro al por mayor fiable y opciones de personalizaci\u00f3n OEM.<\/p>\n<table border=\"0\" width=\"478\" cellspacing=\"0\" cellpadding=\"0\">\n<tbody>\n<tr>\n<td width=\"166\" height=\"23\">Fabricante<\/td>\n<td width=\"312\">HanYu<\/td>\n<\/tr>\n<tr>\n<td height=\"23\">N\u00ba de modelo<\/td>\n<td>HY-8247A<\/td>\n<\/tr>\n<tr>\n<td height=\"23\">Tipo<\/td>\n<td width=\"312\">Fregaderos de encimera<\/td>\n<\/tr>\n<tr>\n<td height=\"24\">Forma<\/td>\n<td>Forma ovalada<\/td>\n<\/tr>\n<tr>\n<td height=\"46\">Color<\/td>\n<td width=\"312\">negro\/blanco\/azul\/gris\/rosa\/verde\/marr\u00f3n\/caqui<\/td>\n<\/tr>\n<tr>\n<td height=\"24\">Dimensi\u00f3n<\/td>\n<td width=\"312\">70*38*12<\/td>\n<\/tr>\n<tr>\n<td height=\"23\">N.W \/SET<\/td>\n<td>13KGS\/PCS<\/td>\n<\/tr>\n<tr>\n<td height=\"23\">MOQ<\/td>\n<td>20 piezas<\/td>\n<\/tr>\n<tr>\n<td height=\"23\">Opci\u00f3n personalizada<\/td>\n<td>Color\/Patr\u00f3n\/Tama\u00f1o\/Logotipo\/Embalaje<\/td>\n<\/tr>\n<\/tbody>\n<\/table>","protected":false},"featured_media":8888,"comment_status":"closed","ping_status":"closed","template":"","meta":{"_acf_changed":false},"product_brand":[],"product_cat":[50],"product_tag":[],"class_list":{"0":"post-8894","1":"product","2":"type-product","3":"status-publish","4":"has-post-thumbnail","6":"product_cat-wholesale-countertop-sinks","8":"first","9":"instock","10":"shipping-taxable","11":"product-type-simple"},"acf":[],"_links":{"self":[{"href":"https:\/\/www.ceramicbasin.com\/es\/wp-json\/wp\/v2\/product\/8894","targetHints":{"allow":["GET"]}}],"collection":[{"href":"https:\/\/www.ceramicbasin.com\/es\/wp-json\/wp\/v2\/product"}],"about":[{"href":"https:\/\/www.ceramicbasin.com\/es\/wp-json\/wp\/v2\/types\/product"}],"replies":[{"embeddable":true,"href":"https:\/\/www.ceramicbasin.com\/es\/wp-json\/wp\/v2\/comments?post=8894"}],"wp:featuredmedia":[{"embeddable":true,"href":"https:\/\/www.ceramicbasin.com\/es\/wp-json\/wp\/v2\/media\/8888"}],"wp:attachment":[{"href":"https:\/\/www.ceramicbasin.com\/es\/wp-json\/wp\/v2\/media?parent=8894"}],"wp:term":[{"taxonomy":"product_brand","embeddable":true,"href":"https:\/\/www.ceramicbasin.com\/es\/wp-json\/wp\/v2\/product_brand?post=8894"},{"taxonomy":"product_cat","embeddable":true,"href":"https:\/\/www.ceramicbasin.com\/es\/wp-json\/wp\/v2\/product_cat?post=8894"},{"taxonomy":"product_tag","embeddable":true,"href":"https:\/\/www.ceramicbasin.com\/es\/wp-json\/wp\/v2\/product_tag?post=8894"}],"curies":[{"name":"wp","href":"https:\/\/api.w.org\/{rel}","templated":true}]}}