{"id":8897,"date":"2026-01-14T06:47:53","date_gmt":"2026-01-14T06:47:53","guid":{"rendered":"https:\/\/www.ceramicbasin.com\/?post_type=product&#038;p=8897"},"modified":"2026-01-14T06:47:58","modified_gmt":"2026-01-14T06:47:58","slug":"custom-countertop-washbasin","status":"publish","type":"product","link":"https:\/\/www.ceramicbasin.com\/es\/producto\/custom-countertop-washbasin\/","title":{"rendered":"Nuevo Lavabo de Encimera a Medida, Lavabos de Ba\u00f1o al por mayor"},"content":{"rendered":"<div class=\"wp-block-columns is-layout-flex wp-container-core-columns-is-layout-9d6595d7 wp-block-columns-is-layout-flex\">\n<div class=\"wp-block-column is-layout-flow wp-block-column-is-layout-flow\">\n<h2 class=\"wp-block-heading\">Lavabo de Encimera Premium Custom Caracter\u00edsticas:<\/h2>\n\n\n\n<ul class=\"wp-block-list\">\n<li><strong>Dise\u00f1o de moda:\u00a0<\/strong>Nuestro lavabo de encimera a medida con dise\u00f1o personalizado tiene un aspecto moderno con l\u00edneas suaves, est\u00e1 dise\u00f1ado adecuadamente para varios estilos de ba\u00f1o y aporta belleza y gracia a toda la zona.<\/li>\n\n\n\n<li><strong>Material cer\u00e1mico de primera calidad:\u00a0<\/strong>Nuestros lavabos de encimera a medida est\u00e1n fabricados con cristal de primera calidad de gran transparencia y textura fina, que tiene un excelente rendimiento visual y una sensaci\u00f3n de modernidad, aportando estabilidad y belleza al producto.<\/li>\n\n\n\n<li><strong>Fregadero de cubeta sobre encimera:<\/strong> Este m\u00e9todo de instalaci\u00f3n de la encimera de los lavabos de ba\u00f1o al por mayor ofrece una fuerte sensaci\u00f3n visual de profundidad y es adecuado para mejoras de ba\u00f1os en hoteles, proyectos residenciales y espacios comerciales.<\/li>\n\n\n\n<li><strong>Precio al por mayor:<\/strong>\u00a0Nuestro lavabo de encimera personalizado se vende a precio de f\u00e1brica al por mayor directo para obtener m\u00e1s espacio de beneficio para los clientes. Bienvenido compradores B2B a la compra a granel.<\/li>\n\n\n\n<li><strong>Se admite la venta al por mayor y OEM\/ODM:<\/strong> Proporcionamos un suministro estable de lavabos al por mayor y servicios profesionales de personalizaci\u00f3n a mayoristas, contratistas de ingenier\u00eda y propietarios de marcas de lavabos.<\/li>\n<\/ul>\n<\/div>\n\n\n\n<div class=\"wp-block-column is-layout-flow wp-block-column-is-layout-flow\">\n<figure class=\"wp-block-image size-full\"><img fetchpriority=\"high\" decoding=\"async\" width=\"664\" height=\"938\" src=\"https:\/\/www.ceramicbasin.com\/wp-content\/uploads\/2026\/01\/New-Design-Custom-Basin-sinkscountertop-washbasin-for-cabinet-5.webp\" alt=\"fregadero-lavabo-encimera-mayorista-fregaderos-de-ba\u00f1o-nuevos-a-la-medida-5\" class=\"wp-image-8877\" srcset=\"https:\/\/www.ceramicbasin.com\/wp-content\/uploads\/2026\/01\/New-Design-Custom-Basin-sinkscountertop-washbasin-for-cabinet-5.webp 664w, https:\/\/www.ceramicbasin.com\/wp-content\/uploads\/2026\/01\/New-Design-Custom-Basin-sinkscountertop-washbasin-for-cabinet-5-212x300.webp 212w, https:\/\/www.ceramicbasin.com\/wp-content\/uploads\/2026\/01\/New-Design-Custom-Basin-sinkscountertop-washbasin-for-cabinet-5-8x12.webp 8w, https:\/\/www.ceramicbasin.com\/wp-content\/uploads\/2026\/01\/New-Design-Custom-Basin-sinkscountertop-washbasin-for-cabinet-5-285x403.webp 285w, https:\/\/www.ceramicbasin.com\/wp-content\/uploads\/2026\/01\/New-Design-Custom-Basin-sinkscountertop-washbasin-for-cabinet-5-467x660.webp 467w, https:\/\/www.ceramicbasin.com\/wp-content\/uploads\/2026\/01\/New-Design-Custom-Basin-sinkscountertop-washbasin-for-cabinet-5-106x150.webp 106w\" sizes=\"(max-width: 664px) 100vw, 664px\" \/><\/figure>\n<\/div>\n<\/div>","protected":false},"excerpt":{"rendered":"<p>Bienvenido a comprar nuestro lavabo de encimera personalizado est\u00e1 hecho de cer\u00e1mica de alta calidad con un suave acabado esmaltado, que ofrece durabilidad, f\u00e1cil mantenimiento y un aspecto refinado. Con un dise\u00f1o personalizado tiene un aspecto de moda con l\u00edneas suaves, est\u00e1 dise\u00f1ado adecuadamente para varios estilos de ba\u00f1o, y aporta belleza y gracia a toda la zona.<\/p>\n<table style=\"border-collapse: collapse; width: 358.52pt;\" border=\"0\" width=\"478\" cellspacing=\"0\" cellpadding=\"0\">\n<tbody>\n<tr style=\"height: 17.25pt;\">\n<td class=\"et3\" style=\"height: 17.25pt; width: 125.00pt;\" width=\"166\" height=\"23\">Fabricante<\/td>\n<td class=\"et3\" style=\"width: 234.15pt;\" width=\"312\">HanYu<\/td>\n<\/tr>\n<tr style=\"height: 17.25pt;\">\n<td class=\"et3\" style=\"height: 17.25pt;\" height=\"23\">N\u00ba de modelo<\/td>\n<td class=\"et4\">HY-8254<\/td>\n<\/tr>\n<tr style=\"height: 17.25pt;\">\n<td class=\"et3\" style=\"height: 17.25pt;\" height=\"23\">Tipo<\/td>\n<td class=\"et5\" style=\"width: 234.15pt;\" width=\"312\">Fregaderos sobre encimera<\/td>\n<\/tr>\n<tr style=\"height: 18.00pt;\">\n<td class=\"et3\" style=\"height: 18.00pt;\" height=\"24\">Forma<\/td>\n<td class=\"et3\">Forma cuadrada<\/td>\n<\/tr>\n<tr style=\"height: 34.50pt;\">\n<td class=\"et4\" style=\"height: 34.50pt;\" height=\"46\">Color<\/td>\n<td class=\"et5\" style=\"width: 234.15pt;\" width=\"312\">negro\/blanco\/azul\/gris\/rosa\/verde\/marr\u00f3n\/caqui<\/td>\n<\/tr>\n<tr style=\"height: 18.00pt;\">\n<td class=\"et3\" style=\"height: 18.00pt;\" height=\"24\">Dimensi\u00f3n<\/td>\n<td class=\"et5\" style=\"width: 234.15pt;\" width=\"312\">44*44*13.5<\/td>\n<\/tr>\n<tr style=\"height: 17.25pt;\">\n<td class=\"et3\" style=\"height: 17.25pt;\" height=\"23\">N.W \/SET<\/td>\n<td class=\"et3\">7KGS\/PCS<\/td>\n<\/tr>\n<tr style=\"height: 17.25pt;\">\n<td class=\"et3\" style=\"height: 17.25pt;\" height=\"23\">MOQ<\/td>\n<td class=\"et3\">20 piezas<\/td>\n<\/tr>\n<tr style=\"height: 17.25pt;\">\n<td class=\"et3\" style=\"height: 17.25pt;\" height=\"23\">Opci\u00f3n personalizada<\/td>\n<td class=\"et3\">Color\/Patr\u00f3n\/Tama\u00f1o\/Logotipo\/Embalaje<\/td>\n<\/tr>\n<\/tbody>\n<\/table>","protected":false},"featured_media":8876,"comment_status":"closed","ping_status":"closed","template":"","meta":{"_acf_changed":false},"product_brand":[],"product_cat":[50],"product_tag":[],"class_list":{"0":"post-8897","1":"product","2":"type-product","3":"status-publish","4":"has-post-thumbnail","6":"product_cat-wholesale-countertop-sinks","8":"first","9":"instock","10":"shipping-taxable","11":"product-type-simple"},"acf":[],"_links":{"self":[{"href":"https:\/\/www.ceramicbasin.com\/es\/wp-json\/wp\/v2\/product\/8897","targetHints":{"allow":["GET"]}}],"collection":[{"href":"https:\/\/www.ceramicbasin.com\/es\/wp-json\/wp\/v2\/product"}],"about":[{"href":"https:\/\/www.ceramicbasin.com\/es\/wp-json\/wp\/v2\/types\/product"}],"replies":[{"embeddable":true,"href":"https:\/\/www.ceramicbasin.com\/es\/wp-json\/wp\/v2\/comments?post=8897"}],"wp:featuredmedia":[{"embeddable":true,"href":"https:\/\/www.ceramicbasin.com\/es\/wp-json\/wp\/v2\/media\/8876"}],"wp:attachment":[{"href":"https:\/\/www.ceramicbasin.com\/es\/wp-json\/wp\/v2\/media?parent=8897"}],"wp:term":[{"taxonomy":"product_brand","embeddable":true,"href":"https:\/\/www.ceramicbasin.com\/es\/wp-json\/wp\/v2\/product_brand?post=8897"},{"taxonomy":"product_cat","embeddable":true,"href":"https:\/\/www.ceramicbasin.com\/es\/wp-json\/wp\/v2\/product_cat?post=8897"},{"taxonomy":"product_tag","embeddable":true,"href":"https:\/\/www.ceramicbasin.com\/es\/wp-json\/wp\/v2\/product_tag?post=8897"}],"curies":[{"name":"wp","href":"https:\/\/api.w.org\/{rel}","templated":true}]}}