{"id":8898,"date":"2026-01-14T07:17:20","date_gmt":"2026-01-14T07:17:20","guid":{"rendered":"https:\/\/www.ceramicbasin.com\/?post_type=product&#038;p=8898"},"modified":"2026-01-14T07:17:22","modified_gmt":"2026-01-14T07:17:22","slug":"wholesale-rectangular-countertop-sink","status":"publish","type":"product","link":"https:\/\/www.ceramicbasin.com\/es\/producto\/wholesale-rectangular-countertop-sink\/","title":{"rendered":"Mayorista Fregadero de Encimera Rectangular, Lavabo de Cer\u00e1mica Suministro"},"content":{"rendered":"<div class=\"wp-block-columns is-layout-flex wp-container-core-columns-is-layout-9d6595d7 wp-block-columns-is-layout-flex\">\n<div class=\"wp-block-column is-layout-flow wp-block-column-is-layout-flow\">\n<h2 class=\"wp-block-heading\">Premium al por mayor fregadero de encimera rectangular Caracter\u00edsticas:<\/h2>\n\n\n\n<ul class=\"wp-block-list\">\n<li><strong>Material cer\u00e1mico de alta calidad:<\/strong> Este fregadero rectangular al por mayor para encimera est\u00e1 fabricado en cer\u00e1mica de primera calidad con cocci\u00f3n a alta temperatura, lo que ofrece una excelente durabilidad, dureza y rendimiento a largo plazo.<\/li>\n\n\n\n<li><strong>F\u00e1cil instalaci\u00f3n:<\/strong>\u00a0Este fregadero rectangular al por mayor est\u00e1 dise\u00f1ado para su instalaci\u00f3n sobre encimera. Estos fregaderos de cer\u00e1mica de encargo del recipiente son f\u00e1ciles de instalar, ofreciendo una soluci\u00f3n sin complicaciones para la nueva construcci\u00f3n y remodelaci\u00f3n de ba\u00f1o.<\/li>\n\n\n\n<li><strong>Suave y lisa:\u00a0<\/strong>Nuestro fregadero rectangular al por mayor para encimera ofrece un acabado liso y suave, f\u00e1cil de limpiar y capaz de soportar el roce y las manchas provocados por el desgaste diario para mantenerse en \u00f3ptimas condiciones durante d\u00e9cadas.<\/li>\n\n\n\n<li><strong>Suministros al por mayor y para proyectos Ready:<\/strong> Nuestro lavabo de cer\u00e1mica suministra una capacidad de producci\u00f3n estable y un estricto control de calidad, adecuado para mayoristas, contratistas, promotores y marcas de cuartos de ba\u00f1o.<\/li>\n\n\n\n<li><strong>Servicio de personalizaci\u00f3n a medida:<\/strong>\u00a0Nuestro suministro de lavabos de cer\u00e1mica admite el dise\u00f1o personalizado de varias especificaciones, colores y estilos, satisfaciendo plenamente las necesidades personalizadas de diferentes marcas, proyectos y clientes.<\/li>\n<\/ul>\n<\/div>\n\n\n\n<div class=\"wp-block-column is-layout-flow wp-block-column-is-layout-flow\">\n<figure class=\"wp-block-image size-full\"><img fetchpriority=\"high\" decoding=\"async\" width=\"827\" height=\"1213\" src=\"https:\/\/www.ceramicbasin.com\/wp-content\/uploads\/2026\/01\/Ceramic-wash-basin-manufacturerhigh-quality-rectanglue-shape-countertop-sinks-5.webp\" alt=\"mayorista-rectangular-fregadero-encimera-fregadero-de-cer\u00e1mica-5\" class=\"wp-image-8882\" srcset=\"https:\/\/www.ceramicbasin.com\/wp-content\/uploads\/2026\/01\/Ceramic-wash-basin-manufacturerhigh-quality-rectanglue-shape-countertop-sinks-5.webp 827w, https:\/\/www.ceramicbasin.com\/wp-content\/uploads\/2026\/01\/Ceramic-wash-basin-manufacturerhigh-quality-rectanglue-shape-countertop-sinks-5-205x300.webp 205w, https:\/\/www.ceramicbasin.com\/wp-content\/uploads\/2026\/01\/Ceramic-wash-basin-manufacturerhigh-quality-rectanglue-shape-countertop-sinks-5-768x1126.webp 768w, https:\/\/www.ceramicbasin.com\/wp-content\/uploads\/2026\/01\/Ceramic-wash-basin-manufacturerhigh-quality-rectanglue-shape-countertop-sinks-5-8x12.webp 8w, https:\/\/www.ceramicbasin.com\/wp-content\/uploads\/2026\/01\/Ceramic-wash-basin-manufacturerhigh-quality-rectanglue-shape-countertop-sinks-5-285x418.webp 285w, https:\/\/www.ceramicbasin.com\/wp-content\/uploads\/2026\/01\/Ceramic-wash-basin-manufacturerhigh-quality-rectanglue-shape-countertop-sinks-5-450x660.webp 450w, https:\/\/www.ceramicbasin.com\/wp-content\/uploads\/2026\/01\/Ceramic-wash-basin-manufacturerhigh-quality-rectanglue-shape-countertop-sinks-5-102x150.webp 102w\" sizes=\"(max-width: 827px) 100vw, 827px\" \/><\/figure>\n<\/div>\n<\/div>","protected":false},"excerpt":{"rendered":"<p>Bienvenido a comprar al por mayor nuestro lavabo rectangular para encimera fabricado en cer\u00e1mica de alta calidad, con un moderno dise\u00f1o rectangular que ofrece un acabado liso y suave, y es f\u00e1cil de limpiar. Este lavabo de cer\u00e1mica est\u00e1 dise\u00f1ado para su instalaci\u00f3n sobre encimera. Ideal para suministro a granel, proyectos hoteleros, urbanizaciones y marcas de ba\u00f1o que buscan soluciones fiables de lavabo de cer\u00e1mica al por mayor.<\/p>\n<table border=\"0\" width=\"478\" cellspacing=\"0\" cellpadding=\"0\">\n<tbody>\n<tr>\n<td width=\"166\" height=\"23\">Fabricante<\/td>\n<td width=\"312\">HanYu<\/td>\n<\/tr>\n<tr>\n<td height=\"23\">N\u00ba de modelo<\/td>\n<td>HY-8252<\/td>\n<\/tr>\n<tr>\n<td height=\"23\">Tipo<\/td>\n<td width=\"312\">Fregaderos sobre encimera<\/td>\n<\/tr>\n<tr>\n<td height=\"24\">Forma<\/td>\n<td>Forma rectangular<\/td>\n<\/tr>\n<tr>\n<td height=\"46\">Color<\/td>\n<td width=\"312\">negro\/blanco\/azul\/gris\/rosa\/verde\/marr\u00f3n\/caqui<\/td>\n<\/tr>\n<tr>\n<td height=\"24\">Dimensi\u00f3n<\/td>\n<td width=\"312\">41*34*10<\/td>\n<\/tr>\n<tr>\n<td height=\"23\">N.W \/SET<\/td>\n<td>9KGS\/PCS<\/td>\n<\/tr>\n<tr>\n<td height=\"23\">MOQ<\/td>\n<td>20 piezas<\/td>\n<\/tr>\n<tr>\n<td height=\"23\">Opci\u00f3n personalizada<\/td>\n<td>Color\/Patr\u00f3n\/Tama\u00f1o\/Logotipo\/Embalaje<\/td>\n<\/tr>\n<\/tbody>\n<\/table>","protected":false},"featured_media":8881,"comment_status":"closed","ping_status":"closed","template":"","meta":{"_acf_changed":false},"product_brand":[],"product_cat":[50],"product_tag":[],"class_list":{"0":"post-8898","1":"product","2":"type-product","3":"status-publish","4":"has-post-thumbnail","6":"product_cat-wholesale-countertop-sinks","8":"first","9":"instock","10":"shipping-taxable","11":"product-type-simple"},"acf":[],"_links":{"self":[{"href":"https:\/\/www.ceramicbasin.com\/es\/wp-json\/wp\/v2\/product\/8898","targetHints":{"allow":["GET"]}}],"collection":[{"href":"https:\/\/www.ceramicbasin.com\/es\/wp-json\/wp\/v2\/product"}],"about":[{"href":"https:\/\/www.ceramicbasin.com\/es\/wp-json\/wp\/v2\/types\/product"}],"replies":[{"embeddable":true,"href":"https:\/\/www.ceramicbasin.com\/es\/wp-json\/wp\/v2\/comments?post=8898"}],"wp:featuredmedia":[{"embeddable":true,"href":"https:\/\/www.ceramicbasin.com\/es\/wp-json\/wp\/v2\/media\/8881"}],"wp:attachment":[{"href":"https:\/\/www.ceramicbasin.com\/es\/wp-json\/wp\/v2\/media?parent=8898"}],"wp:term":[{"taxonomy":"product_brand","embeddable":true,"href":"https:\/\/www.ceramicbasin.com\/es\/wp-json\/wp\/v2\/product_brand?post=8898"},{"taxonomy":"product_cat","embeddable":true,"href":"https:\/\/www.ceramicbasin.com\/es\/wp-json\/wp\/v2\/product_cat?post=8898"},{"taxonomy":"product_tag","embeddable":true,"href":"https:\/\/www.ceramicbasin.com\/es\/wp-json\/wp\/v2\/product_tag?post=8898"}],"curies":[{"name":"wp","href":"https:\/\/api.w.org\/{rel}","templated":true}]}}