{"id":8901,"date":"2026-01-13T02:37:16","date_gmt":"2026-01-13T02:37:16","guid":{"rendered":"https:\/\/www.ceramicbasin.com\/?post_type=product&#038;p=8901"},"modified":"2026-01-14T07:46:25","modified_gmt":"2026-01-14T07:46:25","slug":"small-wall-hung-basin-wholesale","status":"publish","type":"product","link":"https:\/\/www.ceramicbasin.com\/es\/producto\/small-wall-hung-basin-wholesale\/","title":{"rendered":"lavabo de pared peque\u00f1o al por mayor, fregadero de cer\u00e1mica de la vanidad a granel"},"content":{"rendered":"<div class=\"wp-block-columns is-layout-flex wp-container-core-columns-is-layout-9d6595d7 wp-block-columns-is-layout-flex\">\n<div class=\"wp-block-column is-layout-flow wp-block-column-is-layout-flow\">\n<h2 class=\"wp-block-heading\">Premium Peque\u00f1o Lavabo Colgado de la Pared al por Mayor Caracter\u00edsticas:<\/h2>\n\n\n\n<ul class=\"wp-block-list\">\n<li><strong>Peque\u00f1o dise\u00f1o rectangular:<\/strong> Este peque\u00f1o lavabo de pared de estructura compacta ahorra espacio y es especialmente adecuado para ba\u00f1os peque\u00f1os, aseos comerciales, habitaciones de hotel y proyectos de apartamentos.<\/li>\n\n\n\n<li><strong>Opciones personalizables:<\/strong> Este peque\u00f1o lavabo de pared al por mayor est\u00e1 disponible en varios colores, acabados de superficie y envases personalizables, lo que le permite adaptar el producto a las necesidades espec\u00edficas de su marca y mercado.<\/li>\n\n\n\n<li><strong>Ventas calientes:<\/strong> Este peque\u00f1o lavabo colgado de la pared al por mayor es bien recibido por el mercado debido a su durabilidad, color uniforme, f\u00e1cil limpieza y mantenimiento, y el rendimiento de alto costo.<\/li>\n\n\n\n<li><strong>Tratamiento de esmalte f\u00e1cil de limpiar:\u00a0<\/strong>La superficie de este peque\u00f1o lavabo de pared al por mayor adopta una tecnolog\u00eda especial de esmaltado f\u00e1cil de limpiar, que es suave y delicada, las manchas no se adhieren f\u00e1cilmente y es f\u00e1cil de limpiar.<\/li>\n\n\n\n<li><strong>Instalaci\u00f3n mural:<\/strong> Este lavabo de cer\u00e1mica comercial ahorra espacio en el suelo, crea un aspecto m\u00e1s limpio y facilita la limpieza del suelo, cumpliendo los requisitos de higiene y eficacia de mantenimiento de los espacios comerciales.<\/li>\n\n\n\n<li><strong>Ventaja del precio al por mayor:<\/strong> Como fabricante de lavabos personalizados, HanYu ofrece precios al por mayor muy competitivos, y las compras al por mayor disfrutan de m\u00e1s descuentos, lo que convierte a los accesorios de ba\u00f1o de alta calidad en su opci\u00f3n ideal bajo control de costes.<\/li>\n<\/ul>\n<\/div>\n\n\n\n<div class=\"wp-block-column is-layout-flow wp-block-column-is-layout-flow\">\n<figure class=\"wp-block-image size-full\"><img fetchpriority=\"high\" decoding=\"async\" width=\"800\" height=\"800\" src=\"https:\/\/www.ceramicbasin.com\/wp-content\/uploads\/2026\/01\/wall-mount-sink\uff0csmall-wall-mounted-basin\uff0cceramic-sink.webp\" alt=\"lavabo suspendido peque\u00f1o - fregadero de cer\u00e1mica al por mayor - lavabo de encimera - bulto 7\" class=\"wp-image-8905\" srcset=\"https:\/\/www.ceramicbasin.com\/wp-content\/uploads\/2026\/01\/wall-mount-sink\uff0csmall-wall-mounted-basin\uff0cceramic-sink.webp 800w, https:\/\/www.ceramicbasin.com\/wp-content\/uploads\/2026\/01\/wall-mount-sink\uff0csmall-wall-mounted-basin\uff0cceramic-sink-300x300.webp 300w, https:\/\/www.ceramicbasin.com\/wp-content\/uploads\/2026\/01\/wall-mount-sink\uff0csmall-wall-mounted-basin\uff0cceramic-sink-150x150.webp 150w, https:\/\/www.ceramicbasin.com\/wp-content\/uploads\/2026\/01\/wall-mount-sink\uff0csmall-wall-mounted-basin\uff0cceramic-sink-768x768.webp 768w, https:\/\/www.ceramicbasin.com\/wp-content\/uploads\/2026\/01\/wall-mount-sink\uff0csmall-wall-mounted-basin\uff0cceramic-sink-12x12.webp 12w, https:\/\/www.ceramicbasin.com\/wp-content\/uploads\/2026\/01\/wall-mount-sink\uff0csmall-wall-mounted-basin\uff0cceramic-sink-285x285.webp 285w, https:\/\/www.ceramicbasin.com\/wp-content\/uploads\/2026\/01\/wall-mount-sink\uff0csmall-wall-mounted-basin\uff0cceramic-sink-270x270.webp 270w, https:\/\/www.ceramicbasin.com\/wp-content\/uploads\/2026\/01\/wall-mount-sink\uff0csmall-wall-mounted-basin\uff0cceramic-sink-540x540.webp 540w, https:\/\/www.ceramicbasin.com\/wp-content\/uploads\/2026\/01\/wall-mount-sink\uff0csmall-wall-mounted-basin\uff0cceramic-sink-660x660.webp 660w\" sizes=\"(max-width: 800px) 100vw, 800px\" \/><\/figure>\n<\/div>\n<\/div>\n\n\n\n<p><\/p>","protected":false},"excerpt":{"rendered":"<p>Bienvenido a comprar nuestro peque\u00f1o lavabo de pared al por mayor para proyectos comerciales y residenciales. Conservan su espacio en el suelo, mantienen los ba\u00f1os peque\u00f1os ordenados y limpios, y hacen que la limpieza de los suelos sea una tarea f\u00e1cil. Est\u00e1n pensados para apartamentos peque\u00f1os, habitaciones de hotel, ba\u00f1os p\u00fablicos y cualquier lugar en el que disponga de un espacio reducido y desee aprovechar el espacio de la pared.<\/p>\n<table border=\"0\" width=\"478\" cellspacing=\"0\" cellpadding=\"0\">\n<tbody>\n<tr>\n<td width=\"166\" height=\"23\">Fabricante<\/td>\n<td width=\"312\">HanYu<\/td>\n<\/tr>\n<tr>\n<td height=\"23\">N\u00ba de modelo<\/td>\n<td>HY-3137L<\/td>\n<\/tr>\n<tr>\n<td height=\"23\">Tipo<\/td>\n<td width=\"312\">Fregaderos murales<\/td>\n<\/tr>\n<tr>\n<td height=\"24\">Forma<\/td>\n<td>Forma rectangular<\/td>\n<\/tr>\n<tr>\n<td height=\"46\">Color<\/td>\n<td width=\"312\">negro\/blanco\/azul\/gris\/rosa\/verde\/marr\u00f3n\/caqui<\/td>\n<\/tr>\n<tr>\n<td height=\"24\">Dimensi\u00f3n<\/td>\n<td width=\"312\">50.5*25.5*14<\/td>\n<\/tr>\n<tr>\n<td height=\"23\">N.W \/SET<\/td>\n<td>12KGS\/PCS<\/td>\n<\/tr>\n<tr>\n<td height=\"23\">MOQ<\/td>\n<td>20 piezas<\/td>\n<\/tr>\n<tr>\n<td height=\"23\">Opci\u00f3n personalizada<\/td>\n<td>Color\/Patr\u00f3n\/Tama\u00f1o\/Logotipo\/Embalaje<\/td>\n<\/tr>\n<\/tbody>\n<\/table>","protected":false},"featured_media":8906,"comment_status":"closed","ping_status":"closed","template":"","meta":{"_acf_changed":false},"product_brand":[],"product_cat":[57],"product_tag":[],"class_list":{"0":"post-8901","1":"product","2":"type-product","3":"status-publish","4":"has-post-thumbnail","6":"product_cat-wholesale-wall-mounted-sinks","8":"first","9":"instock","10":"shipping-taxable","11":"product-type-simple"},"acf":[],"_links":{"self":[{"href":"https:\/\/www.ceramicbasin.com\/es\/wp-json\/wp\/v2\/product\/8901","targetHints":{"allow":["GET"]}}],"collection":[{"href":"https:\/\/www.ceramicbasin.com\/es\/wp-json\/wp\/v2\/product"}],"about":[{"href":"https:\/\/www.ceramicbasin.com\/es\/wp-json\/wp\/v2\/types\/product"}],"replies":[{"embeddable":true,"href":"https:\/\/www.ceramicbasin.com\/es\/wp-json\/wp\/v2\/comments?post=8901"}],"wp:featuredmedia":[{"embeddable":true,"href":"https:\/\/www.ceramicbasin.com\/es\/wp-json\/wp\/v2\/media\/8906"}],"wp:attachment":[{"href":"https:\/\/www.ceramicbasin.com\/es\/wp-json\/wp\/v2\/media?parent=8901"}],"wp:term":[{"taxonomy":"product_brand","embeddable":true,"href":"https:\/\/www.ceramicbasin.com\/es\/wp-json\/wp\/v2\/product_brand?post=8901"},{"taxonomy":"product_cat","embeddable":true,"href":"https:\/\/www.ceramicbasin.com\/es\/wp-json\/wp\/v2\/product_cat?post=8901"},{"taxonomy":"product_tag","embeddable":true,"href":"https:\/\/www.ceramicbasin.com\/es\/wp-json\/wp\/v2\/product_tag?post=8901"}],"curies":[{"name":"wp","href":"https:\/\/api.w.org\/{rel}","templated":true}]}}