{"id":8911,"date":"2026-01-13T07:39:42","date_gmt":"2026-01-13T07:39:42","guid":{"rendered":"https:\/\/www.ceramicbasin.com\/?post_type=product&#038;p=8911"},"modified":"2026-01-14T08:03:41","modified_gmt":"2026-01-14T08:03:41","slug":"ceramic-wall-hung-sink-wholesale","status":"publish","type":"product","link":"https:\/\/www.ceramicbasin.com\/es\/producto\/ceramic-wall-hung-sink-wholesale\/","title":{"rendered":"Lavabo de Cer\u00e1mica al por mayor, lavabo de ba\u00f1o a medida"},"content":{"rendered":"<div class=\"wp-block-columns is-layout-flex wp-container-core-columns-is-layout-9d6595d7 wp-block-columns-is-layout-flex\">\n<div class=\"wp-block-column is-layout-flow wp-block-column-is-layout-flow\">\n<h2 class=\"wp-block-heading\">Premium Cer\u00e1mica Fregadero Colgado de la Pared al por Mayor Caracter\u00edsticas:<\/h2>\n\n\n\n<ul class=\"wp-block-list\">\n<li><strong>Excelente rendimiento:<\/strong> Basamos nuestra venta al por mayor de fregaderos colgantes de cer\u00e1mica en materiales cer\u00e1micos de alta calidad para que el fregadero tenga una excelente durabilidad y resistencia a los ara\u00f1azos y pueda mantener un buen estado incluso despu\u00e9s de un largo tiempo de uso.<\/li>\n\n\n\n<li><strong>Ahorro de costes:<\/strong> Nuestros lavabos murales de cer\u00e1mica al por mayor combinan una est\u00e9tica de dise\u00f1o sencillo con una funcionalidad pr\u00e1ctica, una opci\u00f3n ideal para cuartos de ba\u00f1o con estilo. Lavabos de ba\u00f1o al por mayor a precios razonables, y entrega r\u00e1pida para satisfacer los grandes pedidos, garantizando al mismo tiempo la calidad del producto.<\/li>\n\n\n\n<li><strong>Tratamiento de esmalte f\u00e1cil de limpiar:<\/strong>\u00a0La superficie de este fregadero de cer\u00e1mica colgado de la pared al por mayor adopta una tecnolog\u00eda especial de esmalte f\u00e1cil de limpiar, que es suave y delicada, las manchas no son f\u00e1ciles de adherir y f\u00e1cil de limpiar.<\/li>\n\n\n\n<li><strong>Dise\u00f1o montado en la pared: <\/strong>Estos lavabos cer\u00e1micos a medida ahorran espacio, mantienen limpios y ordenados los cuartos de ba\u00f1o peque\u00f1os y facilitan la limpieza del suelo. Est\u00e1n pensados para apartamentos peque\u00f1os, habitaciones de hotel, ba\u00f1os p\u00fablicos y cualquier lugar en el que disponga de un espacio reducido y desee aprovechar el espacio de la pared.<\/li>\n\n\n\n<li><strong>Resistencia estructural de calidad comercial:<\/strong> Estos lavabos de cer\u00e1mica a medida para cuartos de ba\u00f1o de estructura robusta y excelente capacidad de carga, son adecuados para entornos de aseos p\u00fablicos o comerciales de alta frecuencia.<\/li>\n<\/ul>\n<\/div>\n\n\n\n<div class=\"wp-block-column is-layout-flow wp-block-column-is-layout-flow\">\n<figure class=\"wp-block-image size-full\"><img fetchpriority=\"high\" decoding=\"async\" width=\"800\" height=\"800\" src=\"https:\/\/www.ceramicbasin.com\/wp-content\/uploads\/2026\/01\/vessel-sinks-bathroom\uff0crectangle-sink\uff0cbasin-wall-mount5.webp\" alt=\"lavabo suspendido cer\u00e1mico al por mayor lavabo de ba\u00f1o personalizado-5\" class=\"wp-image-8917\" srcset=\"https:\/\/www.ceramicbasin.com\/wp-content\/uploads\/2026\/01\/vessel-sinks-bathroom\uff0crectangle-sink\uff0cbasin-wall-mount5.webp 800w, https:\/\/www.ceramicbasin.com\/wp-content\/uploads\/2026\/01\/vessel-sinks-bathroom\uff0crectangle-sink\uff0cbasin-wall-mount5-300x300.webp 300w, https:\/\/www.ceramicbasin.com\/wp-content\/uploads\/2026\/01\/vessel-sinks-bathroom\uff0crectangle-sink\uff0cbasin-wall-mount5-150x150.webp 150w, https:\/\/www.ceramicbasin.com\/wp-content\/uploads\/2026\/01\/vessel-sinks-bathroom\uff0crectangle-sink\uff0cbasin-wall-mount5-768x768.webp 768w, https:\/\/www.ceramicbasin.com\/wp-content\/uploads\/2026\/01\/vessel-sinks-bathroom\uff0crectangle-sink\uff0cbasin-wall-mount5-12x12.webp 12w, https:\/\/www.ceramicbasin.com\/wp-content\/uploads\/2026\/01\/vessel-sinks-bathroom\uff0crectangle-sink\uff0cbasin-wall-mount5-285x285.webp 285w, https:\/\/www.ceramicbasin.com\/wp-content\/uploads\/2026\/01\/vessel-sinks-bathroom\uff0crectangle-sink\uff0cbasin-wall-mount5-270x270.webp 270w, https:\/\/www.ceramicbasin.com\/wp-content\/uploads\/2026\/01\/vessel-sinks-bathroom\uff0crectangle-sink\uff0cbasin-wall-mount5-540x540.webp 540w, https:\/\/www.ceramicbasin.com\/wp-content\/uploads\/2026\/01\/vessel-sinks-bathroom\uff0crectangle-sink\uff0cbasin-wall-mount5-660x660.webp 660w\" sizes=\"(max-width: 800px) 100vw, 800px\" \/><\/figure>\n<\/div>\n<\/div>\n\n\n\n<p><\/p>","protected":false},"excerpt":{"rendered":"<p>Bienvenido a comprar nuestro fregadero de cer\u00e1mica colgado de la pared al por mayor cuenta con un dise\u00f1o compacto que ahorra espacio, duradera cer\u00e1mica cocida a alta temperatura, y una superficie esmaltada f\u00e1cil de limpiar. Ideal para pedidos al por mayor, es ampliamente utilizado en hoteles, apartamentos, oficinas y ba\u00f1os p\u00fablicos, ofreciendo una calidad fiable y una instalaci\u00f3n eficiente para proyectos a gran escala.<\/p>\n<table border=\"0\" width=\"478\" cellspacing=\"0\" cellpadding=\"0\">\n<tbody>\n<tr>\n<td width=\"166\" height=\"23\">Fabricante<\/td>\n<td width=\"312\">HanYu<\/td>\n<\/tr>\n<tr>\n<td height=\"23\">N\u00ba de modelo<\/td>\n<td>HY-3137R<\/td>\n<\/tr>\n<tr>\n<td height=\"23\">Tipo<\/td>\n<td width=\"312\">Fregaderos murales<\/td>\n<\/tr>\n<tr>\n<td height=\"24\">Forma<\/td>\n<td>Forma rectangular<\/td>\n<\/tr>\n<tr>\n<td height=\"46\">Color<\/td>\n<td width=\"312\">negro\/blanco\/azul\/gris\/rosa\/verde\/marr\u00f3n\/caqui<\/td>\n<\/tr>\n<tr>\n<td height=\"24\">Dimensi\u00f3n<\/td>\n<td width=\"312\">50.5*25.5*14<\/td>\n<\/tr>\n<tr>\n<td height=\"23\">N.W \/SET<\/td>\n<td>12KGS\/PCS<\/td>\n<\/tr>\n<tr>\n<td height=\"23\">MOQ<\/td>\n<td>20 piezas<\/td>\n<\/tr>\n<tr>\n<td height=\"23\">Opci\u00f3n personalizada<\/td>\n<td>Color\/Patr\u00f3n\/Tama\u00f1o\/Logotipo\/Embalaje<\/td>\n<\/tr>\n<\/tbody>\n<\/table>","protected":false},"featured_media":8915,"comment_status":"closed","ping_status":"closed","template":"","meta":{"_acf_changed":false},"product_brand":[],"product_cat":[57],"product_tag":[],"class_list":{"0":"post-8911","1":"product","2":"type-product","3":"status-publish","4":"has-post-thumbnail","6":"product_cat-wholesale-wall-mounted-sinks","8":"first","9":"instock","10":"shipping-taxable","11":"product-type-simple"},"acf":[],"_links":{"self":[{"href":"https:\/\/www.ceramicbasin.com\/es\/wp-json\/wp\/v2\/product\/8911","targetHints":{"allow":["GET"]}}],"collection":[{"href":"https:\/\/www.ceramicbasin.com\/es\/wp-json\/wp\/v2\/product"}],"about":[{"href":"https:\/\/www.ceramicbasin.com\/es\/wp-json\/wp\/v2\/types\/product"}],"replies":[{"embeddable":true,"href":"https:\/\/www.ceramicbasin.com\/es\/wp-json\/wp\/v2\/comments?post=8911"}],"wp:featuredmedia":[{"embeddable":true,"href":"https:\/\/www.ceramicbasin.com\/es\/wp-json\/wp\/v2\/media\/8915"}],"wp:attachment":[{"href":"https:\/\/www.ceramicbasin.com\/es\/wp-json\/wp\/v2\/media?parent=8911"}],"wp:term":[{"taxonomy":"product_brand","embeddable":true,"href":"https:\/\/www.ceramicbasin.com\/es\/wp-json\/wp\/v2\/product_brand?post=8911"},{"taxonomy":"product_cat","embeddable":true,"href":"https:\/\/www.ceramicbasin.com\/es\/wp-json\/wp\/v2\/product_cat?post=8911"},{"taxonomy":"product_tag","embeddable":true,"href":"https:\/\/www.ceramicbasin.com\/es\/wp-json\/wp\/v2\/product_tag?post=8911"}],"curies":[{"name":"wp","href":"https:\/\/api.w.org\/{rel}","templated":true}]}}