{"id":8925,"date":"2026-01-13T08:04:23","date_gmt":"2026-01-13T08:04:23","guid":{"rendered":"https:\/\/www.ceramicbasin.com\/?post_type=product&#038;p=8925"},"modified":"2026-01-14T08:39:57","modified_gmt":"2026-01-14T08:39:57","slug":"wholesale-wash-basin-wall-mounted","status":"publish","type":"product","link":"https:\/\/www.ceramicbasin.com\/es\/producto\/wholesale-wash-basin-wall-mounted\/","title":{"rendered":"Mayorista Lavabo de Pared, Fregadero de Cer\u00e1mica con Escurridor"},"content":{"rendered":"<div class=\"wp-block-columns is-layout-flex wp-container-core-columns-is-layout-9d6595d7 wp-block-columns-is-layout-flex\">\n<div class=\"wp-block-column is-layout-flow wp-block-column-is-layout-flow\">\n<h2 class=\"wp-block-heading\">Lavabo al por mayor de primera calidad montado en la pared Caracter\u00edsticas:<\/h2>\n\n\n\n<ul class=\"wp-block-list\">\n<li><strong>Dise\u00f1o de optimizaci\u00f3n del espacio: <\/strong>Este lavabo al por mayor montado en la pared es especialmente adecuado para espacios de ba\u00f1o peque\u00f1os, mejorando el aprovechamiento del espacio. Adecuado para apartamentos, hoteles y peque\u00f1os espacios comerciales.<\/li>\n\n\n\n<li><strong>Escurridor incorporado:<\/strong> La estructura del escurridor integrado del lavabo mayorista montado en la pared permite colocar c\u00f3modamente los art\u00edculos de aseo o limpieza, mejorando la practicidad y eficacia del uso diario.<\/li>\n\n\n\n<li><strong>Material cer\u00e1mico de alta calidad:<\/strong>\u00a0Los lavabos al por mayor de HanYu montados en la pared est\u00e1n fabricados con materias primas cer\u00e1micas de alta calidad, cocidas a altas temperaturas, con una textura s\u00f3lida y una superficie lisa, que evitan eficazmente que se adhiera la suciedad.<\/li>\n\n\n\n<li><strong>Gran compatibilidad de instalaci\u00f3n:<\/strong> Este fregadero de cer\u00e1mica a medida tiene un rebosadero est\u00e1ndar y orificios de desag\u00fce, que admiten desag\u00fces emergentes universales. La instalaci\u00f3n mural es estable y compatible con la mayor\u00eda de superficies de pared y sistemas de suministro de agua.<\/li>\n\n\n\n<li><strong>Instalaci\u00f3n mural:<\/strong> La estructura de este fregadero de cer\u00e1mica a medida est\u00e1 razonablemente dise\u00f1ada, la instalaci\u00f3n es firme, reduce el espacio ocupado en el suelo, y es conveniente limpiar el espacio del suelo, lo que satisface las necesidades del dise\u00f1o de edificios modernos.<\/li>\n\n\n\n<li><strong>Adecuado para proyectos y mercados listos para la exportaci\u00f3n:<\/strong> Cumple las normas internacionales sobre cuartos de ba\u00f1o y es adecuado para compras al por mayor, cooperaci\u00f3n OEM\/ODM y ventas al extranjero.<\/li>\n<\/ul>\n<\/div>\n\n\n\n<div class=\"wp-block-column is-layout-flow wp-block-column-is-layout-flow\">\n<figure class=\"wp-block-image size-full\"><img fetchpriority=\"high\" decoding=\"async\" width=\"800\" height=\"800\" src=\"https:\/\/www.ceramicbasin.com\/wp-content\/uploads\/2026\/01\/white-ceramic-sink\uff0cwashroom-sink\uff0cwall-hung-basin-sink5.webp\" alt=\"mayorista-fregadero-ceramico-montado-en-pared-con-escurridor-5\" class=\"wp-image-8931\" srcset=\"https:\/\/www.ceramicbasin.com\/wp-content\/uploads\/2026\/01\/white-ceramic-sink\uff0cwashroom-sink\uff0cwall-hung-basin-sink5.webp 800w, https:\/\/www.ceramicbasin.com\/wp-content\/uploads\/2026\/01\/white-ceramic-sink\uff0cwashroom-sink\uff0cwall-hung-basin-sink5-300x300.webp 300w, https:\/\/www.ceramicbasin.com\/wp-content\/uploads\/2026\/01\/white-ceramic-sink\uff0cwashroom-sink\uff0cwall-hung-basin-sink5-150x150.webp 150w, https:\/\/www.ceramicbasin.com\/wp-content\/uploads\/2026\/01\/white-ceramic-sink\uff0cwashroom-sink\uff0cwall-hung-basin-sink5-768x768.webp 768w, https:\/\/www.ceramicbasin.com\/wp-content\/uploads\/2026\/01\/white-ceramic-sink\uff0cwashroom-sink\uff0cwall-hung-basin-sink5-12x12.webp 12w, https:\/\/www.ceramicbasin.com\/wp-content\/uploads\/2026\/01\/white-ceramic-sink\uff0cwashroom-sink\uff0cwall-hung-basin-sink5-285x285.webp 285w, https:\/\/www.ceramicbasin.com\/wp-content\/uploads\/2026\/01\/white-ceramic-sink\uff0cwashroom-sink\uff0cwall-hung-basin-sink5-270x270.webp 270w, https:\/\/www.ceramicbasin.com\/wp-content\/uploads\/2026\/01\/white-ceramic-sink\uff0cwashroom-sink\uff0cwall-hung-basin-sink5-540x540.webp 540w, https:\/\/www.ceramicbasin.com\/wp-content\/uploads\/2026\/01\/white-ceramic-sink\uff0cwashroom-sink\uff0cwall-hung-basin-sink5-660x660.webp 660w\" sizes=\"(max-width: 800px) 100vw, 800px\" \/><\/figure>\n<\/div>\n<\/div>\n\n\n\n<p><\/p>","protected":false},"excerpt":{"rendered":"<p>Bienvenido a comprar el lavabo al por mayor de HanYu montado en la pared est\u00e1 hecho de materiales cer\u00e1micos de alta calidad, que se cuecen a altas temperaturas, con una textura s\u00f3lida y una superficie lisa, evitando eficazmente que la suciedad se adhiera. Ideal para la venta al por mayor, el suministro de proyectos y la personalizaci\u00f3n, se utiliza ampliamente en proyectos de ba\u00f1os residenciales, hoteleros y comerciales.<\/p>\n<table border=\"0\" width=\"478\" cellspacing=\"0\" cellpadding=\"0\">\n<tbody>\n<tr>\n<td width=\"166\" height=\"23\">Fabricante<\/td>\n<td width=\"312\">HanYu<\/td>\n<\/tr>\n<tr>\n<td height=\"23\">N\u00ba de modelo<\/td>\n<td>HY-3139R<\/td>\n<\/tr>\n<tr>\n<td height=\"23\">Tipo<\/td>\n<td width=\"312\">Fregaderos murales<\/td>\n<\/tr>\n<tr>\n<td height=\"24\">Forma<\/td>\n<td>Forma rectangular<\/td>\n<\/tr>\n<tr>\n<td height=\"46\">Color<\/td>\n<td width=\"312\">negro\/blanco\/azul\/gris\/rosa\/verde\/marr\u00f3n\/caqui<\/td>\n<\/tr>\n<tr>\n<td height=\"24\">Dimensi\u00f3n<\/td>\n<td width=\"312\">75*48*20<\/td>\n<\/tr>\n<tr>\n<td height=\"23\">N.W \/SET<\/td>\n<td>18KGS\/PCS<\/td>\n<\/tr>\n<tr>\n<td height=\"23\">MOQ<\/td>\n<td>20 piezas<\/td>\n<\/tr>\n<tr>\n<td height=\"23\">Opci\u00f3n personalizada<\/td>\n<td>Color\/Patr\u00f3n\/Tama\u00f1o\/Logotipo\/Embalaje<\/td>\n<\/tr>\n<\/tbody>\n<\/table>","protected":false},"featured_media":8929,"comment_status":"closed","ping_status":"closed","template":"","meta":{"_acf_changed":false},"product_brand":[],"product_cat":[57],"product_tag":[],"class_list":{"0":"post-8925","1":"product","2":"type-product","3":"status-publish","4":"has-post-thumbnail","6":"product_cat-wholesale-wall-mounted-sinks","8":"first","9":"instock","10":"shipping-taxable","11":"product-type-simple"},"acf":[],"_links":{"self":[{"href":"https:\/\/www.ceramicbasin.com\/es\/wp-json\/wp\/v2\/product\/8925","targetHints":{"allow":["GET"]}}],"collection":[{"href":"https:\/\/www.ceramicbasin.com\/es\/wp-json\/wp\/v2\/product"}],"about":[{"href":"https:\/\/www.ceramicbasin.com\/es\/wp-json\/wp\/v2\/types\/product"}],"replies":[{"embeddable":true,"href":"https:\/\/www.ceramicbasin.com\/es\/wp-json\/wp\/v2\/comments?post=8925"}],"wp:featuredmedia":[{"embeddable":true,"href":"https:\/\/www.ceramicbasin.com\/es\/wp-json\/wp\/v2\/media\/8929"}],"wp:attachment":[{"href":"https:\/\/www.ceramicbasin.com\/es\/wp-json\/wp\/v2\/media?parent=8925"}],"wp:term":[{"taxonomy":"product_brand","embeddable":true,"href":"https:\/\/www.ceramicbasin.com\/es\/wp-json\/wp\/v2\/product_brand?post=8925"},{"taxonomy":"product_cat","embeddable":true,"href":"https:\/\/www.ceramicbasin.com\/es\/wp-json\/wp\/v2\/product_cat?post=8925"},{"taxonomy":"product_tag","embeddable":true,"href":"https:\/\/www.ceramicbasin.com\/es\/wp-json\/wp\/v2\/product_tag?post=8925"}],"curies":[{"name":"wp","href":"https:\/\/api.w.org\/{rel}","templated":true}]}}