{"id":8946,"date":"2026-01-26T02:50:20","date_gmt":"2026-01-26T02:50:20","guid":{"rendered":"https:\/\/www.ceramicbasin.com\/?post_type=product&#038;p=8946"},"modified":"2026-01-26T02:50:23","modified_gmt":"2026-01-26T02:50:23","slug":"modern-bathroom-sink-wholesale","status":"publish","type":"product","link":"https:\/\/www.ceramicbasin.com\/es\/producto\/modern-bathroom-sink-wholesale\/","title":{"rendered":"Fregadero De Ba\u00f1o Moderno Al Por Mayor, Blanco Brillante Con Borde Negro"},"content":{"rendered":"<div class=\"wp-block-columns is-layout-flex wp-container-core-columns-is-layout-9d6595d7 wp-block-columns-is-layout-flex\">\n<div class=\"wp-block-column is-layout-flow wp-block-column-is-layout-flow\">\n<h2 class=\"wp-block-heading\">Premium Moderno Lavabo de Ba\u00f1o al por mayor Caracter\u00edsticas:<\/h2>\n\n\n\n<ul class=\"wp-block-list\">\n<li><strong>Dise\u00f1o id\u00e9ntico de bloques de color blanco y negro: <\/strong>Este moderno lavabo de ba\u00f1o al por mayor presenta un lavabo de cer\u00e1mica blanca de alto brillo con un ribete negro mate ultrafino de 1,5 mm. Las l\u00edneas limpias y llamativas lo convierten en un punto focal visual sin necesidad de decoraciones complejas, realzando el estilo general del cuarto de ba\u00f1o.<\/li>\n\n\n\n<li><strong>Dimensiones ergon\u00f3micas:<\/strong> Este lavabo de cer\u00e1mica al por mayor ofrece un amplio espacio de lavado con una longitud de 500 mm, una anchura de 385 mm para adaptarse a la mayor\u00eda de los lavabos est\u00e1ndar y una profundidad de 130 mm para evitar salpicaduras de forma eficaz, equilibrando la comodidad y el aprovechamiento del espacio.<\/li>\n\n\n\n<li><strong>Adaptabilidad a m\u00faltiples escenarios: <\/strong>Nuestro lavabo de ba\u00f1o moderno al por mayor se puede combinar de forma flexible con espejos redondos inteligentes, grifos negros minimalistas y encimeras de piedra gris, creando f\u00e1cilmente escenas de ba\u00f1o de lujo minimalistas modernas para hoteles, salas de exposiciones y residencias de alta gama.<\/li>\n\n\n\n<li><strong>Material duradero y f\u00e1cil de limpiar: <\/strong>Nuestros fregaderos de cer\u00e1mica al por mayor est\u00e1n hechos de esmalte cer\u00e1mico de alta temperatura cocido en una sola pieza, con una superficie densa y brillante que es altamente resistente a las manchas. El borde negro se hace con un proceso de color underglaze resistente al desgaste, que no es f\u00e1cil de desvanecerse o desgastarse con el uso a largo plazo. La limpieza diaria es tan sencilla como pasarle un pa\u00f1o.<\/li>\n<\/ul>\n<\/div>\n\n\n\n<div class=\"wp-block-column is-layout-flow wp-block-column-is-layout-flow\">\n<figure class=\"wp-block-image size-full\"><img fetchpriority=\"high\" decoding=\"async\" width=\"1024\" height=\"1024\" src=\"https:\/\/www.ceramicbasin.com\/wp-content\/uploads\/2026\/01\/Modern-Style-Bathroom-Sink-Glossy-White-Black-Edge-Art-White-Table-Top-Rectangular-Wash-Basin-5.webp\" alt=\"Lavabo de Ba\u00f1o Estilo Moderno, Blanco Brillante Borde Negro Lavabo Rectangular de Sobremesa Art\u00edstico\" class=\"wp-image-8951\" srcset=\"https:\/\/www.ceramicbasin.com\/wp-content\/uploads\/2026\/01\/Modern-Style-Bathroom-Sink-Glossy-White-Black-Edge-Art-White-Table-Top-Rectangular-Wash-Basin-5.webp 1024w, https:\/\/www.ceramicbasin.com\/wp-content\/uploads\/2026\/01\/Modern-Style-Bathroom-Sink-Glossy-White-Black-Edge-Art-White-Table-Top-Rectangular-Wash-Basin-5-300x300.webp 300w, https:\/\/www.ceramicbasin.com\/wp-content\/uploads\/2026\/01\/Modern-Style-Bathroom-Sink-Glossy-White-Black-Edge-Art-White-Table-Top-Rectangular-Wash-Basin-5-150x150.webp 150w, https:\/\/www.ceramicbasin.com\/wp-content\/uploads\/2026\/01\/Modern-Style-Bathroom-Sink-Glossy-White-Black-Edge-Art-White-Table-Top-Rectangular-Wash-Basin-5-768x768.webp 768w, https:\/\/www.ceramicbasin.com\/wp-content\/uploads\/2026\/01\/Modern-Style-Bathroom-Sink-Glossy-White-Black-Edge-Art-White-Table-Top-Rectangular-Wash-Basin-5-12x12.webp 12w, https:\/\/www.ceramicbasin.com\/wp-content\/uploads\/2026\/01\/Modern-Style-Bathroom-Sink-Glossy-White-Black-Edge-Art-White-Table-Top-Rectangular-Wash-Basin-5-285x285.webp 285w, https:\/\/www.ceramicbasin.com\/wp-content\/uploads\/2026\/01\/Modern-Style-Bathroom-Sink-Glossy-White-Black-Edge-Art-White-Table-Top-Rectangular-Wash-Basin-5-270x270.webp 270w, https:\/\/www.ceramicbasin.com\/wp-content\/uploads\/2026\/01\/Modern-Style-Bathroom-Sink-Glossy-White-Black-Edge-Art-White-Table-Top-Rectangular-Wash-Basin-5-540x540.webp 540w, https:\/\/www.ceramicbasin.com\/wp-content\/uploads\/2026\/01\/Modern-Style-Bathroom-Sink-Glossy-White-Black-Edge-Art-White-Table-Top-Rectangular-Wash-Basin-5-660x660.webp 660w\" sizes=\"(max-width: 1024px) 100vw, 1024px\" \/><\/figure>\n<\/div>\n<\/div>","protected":false},"excerpt":{"rendered":"<p>Bienvenido a comprar lavabos de cer\u00e1mica. Este lavabo de ba\u00f1o moderno al por mayor cuenta con un esquema de color blanco y negro cl\u00e1sico, creando un fuerte sentido visual de profundidad y perfectamente complementar estilos de ba\u00f1o de lujo moderno y minimalista.<\/p>\n<table style=\"border-collapse: collapse; width: 311.02pt;\" border=\"0\" width=\"311\" cellspacing=\"0\" cellpadding=\"0\">\n<tbody>\n<tr style=\"height: 17.60pt;\">\n<td class=\"et3\" style=\"height: 17.60pt; width: 108.35pt;\" width=\"108\" height=\"17\">Fabricante<\/td>\n<td class=\"et3\" style=\"width: 202.95pt;\" width=\"202\">HanYu<\/td>\n<\/tr>\n<tr style=\"height: 17.60pt;\">\n<td class=\"et3\" style=\"height: 17.60pt;\" height=\"17\">N\u00ba de modelo<\/td>\n<td class=\"et4\">HY-8024BC<\/td>\n<\/tr>\n<tr style=\"height: 17.60pt;\">\n<td class=\"et3\" style=\"height: 17.60pt;\" height=\"17\">Tipo<\/td>\n<td class=\"et3\">Lavabo de Encimera<\/td>\n<\/tr>\n<tr style=\"height: 17.60pt;\">\n<td class=\"et3\" style=\"height: 17.60pt;\" height=\"17\">Forma<\/td>\n<td class=\"et3\">Forma Retangular<\/td>\n<\/tr>\n<tr style=\"height: 17.60pt;\">\n<td class=\"et4\" style=\"height: 17.60pt;\" height=\"17\">Color<\/td>\n<td class=\"et3\">blanco con l\u00ednea negra mate<\/td>\n<\/tr>\n<tr style=\"height: 18.00pt;\">\n<td class=\"et3\" style=\"height: 18.00pt;\" height=\"18\">Dimensi\u00f3n<\/td>\n<td class=\"et5\" style=\"width: 202.95pt;\" width=\"202\">50*38.5*13<\/td>\n<\/tr>\n<tr style=\"height: 17.60pt;\">\n<td class=\"et3\" style=\"height: 17.60pt;\" height=\"17\">N.W \/SET<\/td>\n<td class=\"et3\">10.5KGS\/PCS<\/td>\n<\/tr>\n<tr style=\"height: 17.60pt;\">\n<td class=\"et3\" style=\"height: 17.60pt;\" height=\"17\">MOQ<\/td>\n<td class=\"et3\">20 piezas<\/td>\n<\/tr>\n<tr style=\"height: 17.60pt;\">\n<td class=\"et3\" style=\"height: 17.60pt;\" height=\"17\">Opci\u00f3n personalizada<\/td>\n<td class=\"et3\">Color\/Patr\u00f3n\/Tama\u00f1o\/Logotipo\/Embalaje<\/td>\n<\/tr>\n<\/tbody>\n<\/table>","protected":false},"featured_media":8947,"comment_status":"closed","ping_status":"closed","template":"","meta":{"_acf_changed":false},"product_brand":[],"product_cat":[50,55],"product_tag":[],"class_list":{"0":"post-8946","1":"product","2":"type-product","3":"status-publish","4":"has-post-thumbnail","6":"product_cat-wholesale-countertop-sinks","7":"product_cat-wholesale-matte-sinks","9":"first","10":"instock","11":"shipping-taxable","12":"product-type-simple"},"acf":[],"_links":{"self":[{"href":"https:\/\/www.ceramicbasin.com\/es\/wp-json\/wp\/v2\/product\/8946","targetHints":{"allow":["GET"]}}],"collection":[{"href":"https:\/\/www.ceramicbasin.com\/es\/wp-json\/wp\/v2\/product"}],"about":[{"href":"https:\/\/www.ceramicbasin.com\/es\/wp-json\/wp\/v2\/types\/product"}],"replies":[{"embeddable":true,"href":"https:\/\/www.ceramicbasin.com\/es\/wp-json\/wp\/v2\/comments?post=8946"}],"wp:featuredmedia":[{"embeddable":true,"href":"https:\/\/www.ceramicbasin.com\/es\/wp-json\/wp\/v2\/media\/8947"}],"wp:attachment":[{"href":"https:\/\/www.ceramicbasin.com\/es\/wp-json\/wp\/v2\/media?parent=8946"}],"wp:term":[{"taxonomy":"product_brand","embeddable":true,"href":"https:\/\/www.ceramicbasin.com\/es\/wp-json\/wp\/v2\/product_brand?post=8946"},{"taxonomy":"product_cat","embeddable":true,"href":"https:\/\/www.ceramicbasin.com\/es\/wp-json\/wp\/v2\/product_cat?post=8946"},{"taxonomy":"product_tag","embeddable":true,"href":"https:\/\/www.ceramicbasin.com\/es\/wp-json\/wp\/v2\/product_tag?post=8946"}],"curies":[{"name":"wp","href":"https:\/\/api.w.org\/{rel}","templated":true}]}}