{"id":8953,"date":"2026-01-26T02:28:57","date_gmt":"2026-01-26T02:28:57","guid":{"rendered":"https:\/\/www.ceramicbasin.com\/?post_type=product&#038;p=8953"},"modified":"2026-01-26T02:29:00","modified_gmt":"2026-01-26T02:29:00","slug":"wholesale-rectangle-basin","status":"publish","type":"product","link":"https:\/\/www.ceramicbasin.com\/es\/producto\/wholesale-rectangle-basin\/","title":{"rendered":"Mayorista Lavabo Rectangular, Fregaderos de Tocador Negro Mate"},"content":{"rendered":"<div class=\"wp-block-columns is-layout-flex wp-container-core-columns-is-layout-9d6595d7 wp-block-columns-is-layout-flex\">\n<div class=\"wp-block-column is-layout-flow wp-block-column-is-layout-flow\">\n<div class=\"wp-block-columns is-layout-flex wp-container-core-columns-is-layout-9d6595d7 wp-block-columns-is-layout-flex\">\n<div class=\"wp-block-column is-layout-flow wp-block-column-is-layout-flow\">\n<h2 class=\"wp-block-heading\">Lavabo rectangular al por mayor de primera calidad Caracter\u00edsticas:<\/h2>\n\n\n\n<ul class=\"wp-block-list\">\n<li><strong>Dise\u00f1o cuadrado cl\u00e1sico: <\/strong>Este lavabo rectangular al por mayor utiliza un tama\u00f1o cuadrado est\u00e1ndar de 385 mm con esquinas redondeadas para mayor seguridad y para evitar golpes. La forma cuadrada combina bien con los principales dise\u00f1os modernos como dise\u00f1os minimalistas y dise\u00f1os industriales y complementar\u00e1 la est\u00e9tica de un espacio.<\/li>\n\n\n\n<li><strong>Acabado mate duradero: <\/strong>Nuestros lavabos de ba\u00f1o de cer\u00e1mica al por mayor est\u00e1n fabricados con cer\u00e1mica de alta temperatura, por lo que son un producto resistente que durar\u00e1 mucho tiempo. El acabado esmaltado negro mate no mostrar\u00e1 manchas o suciedad y tambi\u00e9n es f\u00e1cil de limpiar. No ver\u00e1 marcas de agua ni huellas dactilares, y el mantenimiento regular es facil\u00edsimo, por lo que seguir\u00e1n siendo un producto de alta gama incluso despu\u00e9s de a\u00f1os de uso.<\/li>\n\n\n\n<li><strong>Detalles f\u00e1ciles de usar:<\/strong> La profundidad de 135 mm cient\u00edficamente dise\u00f1ada de este lavabo rectangular al por mayor garantiza salpicaduras m\u00ednimas de agua durante el lavado, y el orificio de desag\u00fce circular central asegura un drenaje sin problemas. Es compatible con la mayor\u00eda de las distancias entre orificios de grifos est\u00e1ndar, lo que hace que la instalaci\u00f3n sea flexible y sencilla.<\/li>\n\n\n\n<li><strong>Aplicaciones vers\u00e1tiles:<\/strong> Nuestros lavabos de cer\u00e1mica al por mayor pueden utilizarse en proyectos que abarcan desde cuartos de ba\u00f1o principales y de invitados en viviendas hasta hoteles boutique y salas de exposiciones comerciales. Ofrecemos calidad al por mayor y un suministro estable, y apoyamos soluciones personalizadas.<\/li>\n<\/ul>\n<\/div>\n\n\n\n<div class=\"wp-block-column is-layout-flow wp-block-column-is-layout-flow\">\n<figure class=\"wp-block-image size-full\"><img fetchpriority=\"high\" decoding=\"async\" width=\"1024\" height=\"1024\" src=\"https:\/\/www.ceramicbasin.com\/wp-content\/uploads\/2026\/01\/Above-Counter-Wash-Hand-Basin-Black-Vanity-Wholesale-Square-Ceramic-Matte-Basins-5.webp\" alt=\"Lavamanos Sobre Encimera, Lavamanos Cuadrado de Cer\u00e1mica al por Mayor Negro\" class=\"wp-image-8958\" srcset=\"https:\/\/www.ceramicbasin.com\/wp-content\/uploads\/2026\/01\/Above-Counter-Wash-Hand-Basin-Black-Vanity-Wholesale-Square-Ceramic-Matte-Basins-5.webp 1024w, https:\/\/www.ceramicbasin.com\/wp-content\/uploads\/2026\/01\/Above-Counter-Wash-Hand-Basin-Black-Vanity-Wholesale-Square-Ceramic-Matte-Basins-5-300x300.webp 300w, https:\/\/www.ceramicbasin.com\/wp-content\/uploads\/2026\/01\/Above-Counter-Wash-Hand-Basin-Black-Vanity-Wholesale-Square-Ceramic-Matte-Basins-5-150x150.webp 150w, https:\/\/www.ceramicbasin.com\/wp-content\/uploads\/2026\/01\/Above-Counter-Wash-Hand-Basin-Black-Vanity-Wholesale-Square-Ceramic-Matte-Basins-5-768x768.webp 768w, https:\/\/www.ceramicbasin.com\/wp-content\/uploads\/2026\/01\/Above-Counter-Wash-Hand-Basin-Black-Vanity-Wholesale-Square-Ceramic-Matte-Basins-5-12x12.webp 12w, https:\/\/www.ceramicbasin.com\/wp-content\/uploads\/2026\/01\/Above-Counter-Wash-Hand-Basin-Black-Vanity-Wholesale-Square-Ceramic-Matte-Basins-5-285x285.webp 285w, https:\/\/www.ceramicbasin.com\/wp-content\/uploads\/2026\/01\/Above-Counter-Wash-Hand-Basin-Black-Vanity-Wholesale-Square-Ceramic-Matte-Basins-5-270x270.webp 270w, https:\/\/www.ceramicbasin.com\/wp-content\/uploads\/2026\/01\/Above-Counter-Wash-Hand-Basin-Black-Vanity-Wholesale-Square-Ceramic-Matte-Basins-5-540x540.webp 540w, https:\/\/www.ceramicbasin.com\/wp-content\/uploads\/2026\/01\/Above-Counter-Wash-Hand-Basin-Black-Vanity-Wholesale-Square-Ceramic-Matte-Basins-5-660x660.webp 660w\" sizes=\"(max-width: 1024px) 100vw, 1024px\" \/><\/figure>\n<\/div>\n<\/div>\n<\/div>\n<\/div>","protected":false},"excerpt":{"rendered":"<p>Bienvenido a comprar lavabos de cer\u00e1mica para ba\u00f1o. Este lavabo rectangular al por mayor presenta un moderno dise\u00f1o minimalista con un suave esmalte negro mate, que complementa a la perfecci\u00f3n diversas encimeras como el m\u00e1rmol gris.<\/p>\n<table style=\"border-collapse: collapse; width: 311.02pt;\" border=\"0\" width=\"311\" cellspacing=\"0\" cellpadding=\"0\">\n<tbody>\n<tr style=\"height: 17.60pt;\">\n<td class=\"et3\" style=\"height: 17.60pt; width: 108.35pt;\" width=\"108\" height=\"17\">Fabricante<\/td>\n<td class=\"et3\" style=\"width: 202.95pt;\" width=\"202\">HanYu<\/td>\n<\/tr>\n<tr style=\"height: 17.60pt;\">\n<td class=\"et3\" style=\"height: 17.60pt;\" height=\"17\">N\u00ba de modelo<\/td>\n<td class=\"et4\">HY-8025MB<\/td>\n<\/tr>\n<tr style=\"height: 17.60pt;\">\n<td class=\"et3\" style=\"height: 17.60pt;\" height=\"17\">Tipo<\/td>\n<td class=\"et3\">Lavabo de Encimera<\/td>\n<\/tr>\n<tr style=\"height: 17.60pt;\">\n<td class=\"et3\" style=\"height: 17.60pt;\" height=\"17\">Forma<\/td>\n<td class=\"et3\">Forma cuadrada<\/td>\n<\/tr>\n<tr style=\"height: 17.60pt;\">\n<td class=\"et4\" style=\"height: 17.60pt;\" height=\"17\">Color<\/td>\n<td class=\"et3\">Negro mate<\/td>\n<\/tr>\n<tr style=\"height: 18.00pt;\">\n<td class=\"et3\" style=\"height: 18.00pt;\" height=\"18\">Dimensi\u00f3n<\/td>\n<td class=\"et5\" style=\"width: 202.95pt;\" width=\"202\">38.5*38.5*13.5<\/td>\n<\/tr>\n<tr style=\"height: 17.60pt;\">\n<td class=\"et3\" style=\"height: 17.60pt;\" height=\"17\">N.W \/SET<\/td>\n<td class=\"et3\">7KGS\/PCS<\/td>\n<\/tr>\n<tr style=\"height: 17.60pt;\">\n<td class=\"et3\" style=\"height: 17.60pt;\" height=\"17\">MOQ<\/td>\n<td class=\"et3\">20 piezas<\/td>\n<\/tr>\n<tr style=\"height: 17.60pt;\">\n<td class=\"et3\" style=\"height: 17.60pt;\" height=\"17\">Opci\u00f3n personalizada<\/td>\n<td class=\"et3\">Color\/Patr\u00f3n\/Tama\u00f1o\/Logotipo\/Embalaje<\/td>\n<\/tr>\n<\/tbody>\n<\/table>","protected":false},"featured_media":8955,"comment_status":"closed","ping_status":"closed","template":"","meta":{"_acf_changed":false},"product_brand":[],"product_cat":[50,55],"product_tag":[],"class_list":{"0":"post-8953","1":"product","2":"type-product","3":"status-publish","4":"has-post-thumbnail","6":"product_cat-wholesale-countertop-sinks","7":"product_cat-wholesale-matte-sinks","9":"first","10":"instock","11":"shipping-taxable","12":"product-type-simple"},"acf":[],"_links":{"self":[{"href":"https:\/\/www.ceramicbasin.com\/es\/wp-json\/wp\/v2\/product\/8953","targetHints":{"allow":["GET"]}}],"collection":[{"href":"https:\/\/www.ceramicbasin.com\/es\/wp-json\/wp\/v2\/product"}],"about":[{"href":"https:\/\/www.ceramicbasin.com\/es\/wp-json\/wp\/v2\/types\/product"}],"replies":[{"embeddable":true,"href":"https:\/\/www.ceramicbasin.com\/es\/wp-json\/wp\/v2\/comments?post=8953"}],"wp:featuredmedia":[{"embeddable":true,"href":"https:\/\/www.ceramicbasin.com\/es\/wp-json\/wp\/v2\/media\/8955"}],"wp:attachment":[{"href":"https:\/\/www.ceramicbasin.com\/es\/wp-json\/wp\/v2\/media?parent=8953"}],"wp:term":[{"taxonomy":"product_brand","embeddable":true,"href":"https:\/\/www.ceramicbasin.com\/es\/wp-json\/wp\/v2\/product_brand?post=8953"},{"taxonomy":"product_cat","embeddable":true,"href":"https:\/\/www.ceramicbasin.com\/es\/wp-json\/wp\/v2\/product_cat?post=8953"},{"taxonomy":"product_tag","embeddable":true,"href":"https:\/\/www.ceramicbasin.com\/es\/wp-json\/wp\/v2\/product_tag?post=8953"}],"curies":[{"name":"wp","href":"https:\/\/api.w.org\/{rel}","templated":true}]}}