{"id":8959,"date":"2026-01-26T02:12:18","date_gmt":"2026-01-26T02:12:18","guid":{"rendered":"https:\/\/www.ceramicbasin.com\/?post_type=product&#038;p=8959"},"modified":"2026-01-26T02:12:20","modified_gmt":"2026-01-26T02:12:20","slug":"ceramic-vessel-sinks-wholesale-2","status":"publish","type":"product","link":"https:\/\/www.ceramicbasin.com\/es\/producto\/ceramic-vessel-sinks-wholesale-2\/","title":{"rendered":"Lavabos de cer\u00e1mica al por mayor, Lavabos de ba\u00f1o modernos de color rosa"},"content":{"rendered":"<div class=\"wp-block-columns is-layout-flex wp-container-core-columns-is-layout-9d6595d7 wp-block-columns-is-layout-flex\">\n<div class=\"wp-block-column is-layout-flow wp-block-column-is-layout-flow\">\n<h2 class=\"wp-block-heading\">Premium Vessel Fregaderos de Cer\u00e1mica al por mayor Caracter\u00edsticas:<\/h2>\n\n\n\n<ul class=\"wp-block-list\">\n<li><strong>Est\u00e9tica suave Esquema de colores:<\/strong> Nuestros lavabos de cer\u00e1mica al por mayor utilizan un esmalte rosa mate de formulaci\u00f3n exclusiva, un color suave, sofisticado y no deslumbrante que se complementa f\u00e1cilmente con diversos materiales como el metal y el m\u00e1rmol, creando un ambiente de ba\u00f1o c\u00e1lido y relajante.<\/li>\n\n\n\n<li><strong>Material cer\u00e1mico seleccionado: <\/strong>Nuestros lavabos de cer\u00e1mica al por mayor est\u00e1n fabricados con cer\u00e1mica cocida a alta temperatura, lo que da como resultado un esmalte denso, suave y f\u00e1cil de limpiar. El acabado mate evita la acumulaci\u00f3n de cal y mantiene un brillo c\u00e1lido incluso despu\u00e9s de un uso prolongado.<\/li>\n\n\n\n<li><strong>Adaptabilidad a m\u00faltiples escenarios:<\/strong> Estos lavabos de cer\u00e1mica al por mayor, con su moderado tama\u00f1o de 365 mm, son perfectos para a\u00f1adir un toque de elegancia al tocador de un ba\u00f1o principal, as\u00ed como a ba\u00f1os y vestidores de invitados, satisfaciendo las necesidades personalizadas de hoteles boutique, espacios de tem\u00e1tica femenina y otros proyectos comerciales.<\/li>\n\n\n\n<li><strong>Adquisici\u00f3n flexible al por mayor: <\/strong>Nuestros lavabos de cer\u00e1mica al por mayor ofrecen paquetes completos al por mayor, desde lavabos individuales hasta conjuntos que incluyen un grifo y un desag\u00fce de tem\u00e1tica rosa, lo que reduce los costes generales de adquisici\u00f3n y garantiza la coherencia del estilo.<\/li>\n<\/ul>\n<\/div>\n\n\n\n<div class=\"wp-block-column is-layout-flow wp-block-column-is-layout-flow\">\n<figure class=\"wp-block-image size-full\"><img fetchpriority=\"high\" decoding=\"async\" width=\"1024\" height=\"1024\" src=\"https:\/\/www.ceramicbasin.com\/wp-content\/uploads\/2026\/01\/Hot-Sales-Bathroom-Above-Counter-Sink-Modern-Design-Sanitary-Ware-Round-Sinks-Ceramic-Wash-Hand-Basin-5.webp\" alt=\"Hot Sales Fregadero sobre encimera, Fregaderos redondos de dise\u00f1o moderno, Lavamanos de cer\u00e1mica\" class=\"wp-image-8964\" srcset=\"https:\/\/www.ceramicbasin.com\/wp-content\/uploads\/2026\/01\/Hot-Sales-Bathroom-Above-Counter-Sink-Modern-Design-Sanitary-Ware-Round-Sinks-Ceramic-Wash-Hand-Basin-5.webp 1024w, https:\/\/www.ceramicbasin.com\/wp-content\/uploads\/2026\/01\/Hot-Sales-Bathroom-Above-Counter-Sink-Modern-Design-Sanitary-Ware-Round-Sinks-Ceramic-Wash-Hand-Basin-5-300x300.webp 300w, https:\/\/www.ceramicbasin.com\/wp-content\/uploads\/2026\/01\/Hot-Sales-Bathroom-Above-Counter-Sink-Modern-Design-Sanitary-Ware-Round-Sinks-Ceramic-Wash-Hand-Basin-5-150x150.webp 150w, https:\/\/www.ceramicbasin.com\/wp-content\/uploads\/2026\/01\/Hot-Sales-Bathroom-Above-Counter-Sink-Modern-Design-Sanitary-Ware-Round-Sinks-Ceramic-Wash-Hand-Basin-5-768x768.webp 768w, https:\/\/www.ceramicbasin.com\/wp-content\/uploads\/2026\/01\/Hot-Sales-Bathroom-Above-Counter-Sink-Modern-Design-Sanitary-Ware-Round-Sinks-Ceramic-Wash-Hand-Basin-5-12x12.webp 12w, https:\/\/www.ceramicbasin.com\/wp-content\/uploads\/2026\/01\/Hot-Sales-Bathroom-Above-Counter-Sink-Modern-Design-Sanitary-Ware-Round-Sinks-Ceramic-Wash-Hand-Basin-5-285x285.webp 285w, https:\/\/www.ceramicbasin.com\/wp-content\/uploads\/2026\/01\/Hot-Sales-Bathroom-Above-Counter-Sink-Modern-Design-Sanitary-Ware-Round-Sinks-Ceramic-Wash-Hand-Basin-5-270x270.webp 270w, https:\/\/www.ceramicbasin.com\/wp-content\/uploads\/2026\/01\/Hot-Sales-Bathroom-Above-Counter-Sink-Modern-Design-Sanitary-Ware-Round-Sinks-Ceramic-Wash-Hand-Basin-5-540x540.webp 540w, https:\/\/www.ceramicbasin.com\/wp-content\/uploads\/2026\/01\/Hot-Sales-Bathroom-Above-Counter-Sink-Modern-Design-Sanitary-Ware-Round-Sinks-Ceramic-Wash-Hand-Basin-5-660x660.webp 660w\" sizes=\"(max-width: 1024px) 100vw, 1024px\" \/><\/figure>\n<\/div>\n<\/div>","protected":false},"excerpt":{"rendered":"<p>Bienvenido a comprar lavabos de cer\u00e1mica. Nuestros lavabos de cer\u00e1mica rosa mate al por mayor cuentan con un dise\u00f1o minimalista moderno. El esmalte de color rosa mate suave emparejado con una forma de cuenco liso infunde el cuarto de ba\u00f1o con una sensaci\u00f3n suave y elegante.<\/p>\n<table style=\"border-collapse: collapse; width: 311.02pt;\" border=\"0\" width=\"311\" cellspacing=\"0\" cellpadding=\"0\">\n<tbody>\n<tr style=\"height: 17.60pt;\">\n<td class=\"et3\" style=\"height: 17.60pt; width: 108.35pt;\" width=\"108\" height=\"17\">Fabricante<\/td>\n<td class=\"et3\" style=\"width: 202.95pt;\" width=\"202\">HanYu<\/td>\n<\/tr>\n<tr style=\"height: 17.60pt;\">\n<td class=\"et3\" style=\"height: 17.60pt;\" height=\"17\">N\u00ba de modelo<\/td>\n<td class=\"et4\">HY-8070YF1<\/td>\n<\/tr>\n<tr style=\"height: 17.60pt;\">\n<td class=\"et3\" style=\"height: 17.60pt;\" height=\"17\">Tipo<\/td>\n<td class=\"et3\">Lavabo de Encimera<\/td>\n<\/tr>\n<tr style=\"height: 17.60pt;\">\n<td class=\"et3\" style=\"height: 17.60pt;\" height=\"17\">Forma<\/td>\n<td class=\"et3\">Forma redonda<\/td>\n<\/tr>\n<tr style=\"height: 17.60pt;\">\n<td class=\"et4\" style=\"height: 17.60pt;\" height=\"17\">Color<\/td>\n<td class=\"et3\">Rosa<\/td>\n<\/tr>\n<tr style=\"height: 18.00pt;\">\n<td class=\"et3\" style=\"height: 18.00pt;\" height=\"18\">Dimensi\u00f3n<\/td>\n<td class=\"et5\" style=\"width: 202.95pt;\" width=\"202\">36.5*36.5*12.5<\/td>\n<\/tr>\n<tr style=\"height: 17.60pt;\">\n<td class=\"et3\" style=\"height: 17.60pt;\" height=\"17\">N.W \/SET<\/td>\n<td class=\"et3\">7KGS\/PCS<\/td>\n<\/tr>\n<tr style=\"height: 17.60pt;\">\n<td class=\"et3\" style=\"height: 17.60pt;\" height=\"17\">MOQ<\/td>\n<td class=\"et3\">20 piezas<\/td>\n<\/tr>\n<tr style=\"height: 17.60pt;\">\n<td class=\"et3\" style=\"height: 17.60pt;\" height=\"17\">Opci\u00f3n personalizada<\/td>\n<td class=\"et3\">Color\/Patr\u00f3n\/Tama\u00f1o\/Logotipo\/Embalaje<\/td>\n<\/tr>\n<\/tbody>\n<\/table>","protected":false},"featured_media":8963,"comment_status":"closed","ping_status":"closed","template":"","meta":{"_acf_changed":false},"product_brand":[],"product_cat":[50,55],"product_tag":[],"class_list":{"0":"post-8959","1":"product","2":"type-product","3":"status-publish","4":"has-post-thumbnail","6":"product_cat-wholesale-countertop-sinks","7":"product_cat-wholesale-matte-sinks","9":"first","10":"instock","11":"shipping-taxable","12":"product-type-simple"},"acf":[],"_links":{"self":[{"href":"https:\/\/www.ceramicbasin.com\/es\/wp-json\/wp\/v2\/product\/8959","targetHints":{"allow":["GET"]}}],"collection":[{"href":"https:\/\/www.ceramicbasin.com\/es\/wp-json\/wp\/v2\/product"}],"about":[{"href":"https:\/\/www.ceramicbasin.com\/es\/wp-json\/wp\/v2\/types\/product"}],"replies":[{"embeddable":true,"href":"https:\/\/www.ceramicbasin.com\/es\/wp-json\/wp\/v2\/comments?post=8959"}],"wp:featuredmedia":[{"embeddable":true,"href":"https:\/\/www.ceramicbasin.com\/es\/wp-json\/wp\/v2\/media\/8963"}],"wp:attachment":[{"href":"https:\/\/www.ceramicbasin.com\/es\/wp-json\/wp\/v2\/media?parent=8959"}],"wp:term":[{"taxonomy":"product_brand","embeddable":true,"href":"https:\/\/www.ceramicbasin.com\/es\/wp-json\/wp\/v2\/product_brand?post=8959"},{"taxonomy":"product_cat","embeddable":true,"href":"https:\/\/www.ceramicbasin.com\/es\/wp-json\/wp\/v2\/product_cat?post=8959"},{"taxonomy":"product_tag","embeddable":true,"href":"https:\/\/www.ceramicbasin.com\/es\/wp-json\/wp\/v2\/product_tag?post=8959"}],"curies":[{"name":"wp","href":"https:\/\/api.w.org\/{rel}","templated":true}]}}