{"id":8965,"date":"2026-01-26T02:02:22","date_gmt":"2026-01-26T02:02:22","guid":{"rendered":"https:\/\/www.ceramicbasin.com\/?post_type=product&#038;p=8965"},"modified":"2026-01-26T02:02:24","modified_gmt":"2026-01-26T02:02:24","slug":"wholesale-matte-black-bathroom-basin","status":"publish","type":"product","link":"https:\/\/www.ceramicbasin.com\/es\/producto\/wholesale-matte-black-bathroom-basin\/","title":{"rendered":"Mayorista Lavabo de Ba\u00f1o Negro Mate, OEM Lavabos de Forma Redonda"},"content":{"rendered":"<div class=\"wp-block-columns is-layout-flex wp-container-core-columns-is-layout-9d6595d7 wp-block-columns-is-layout-flex\">\n<div class=\"wp-block-column is-layout-flow wp-block-column-is-layout-flow\">\n<h2 class=\"wp-block-heading\">Premium al por mayor negro mate lavabo de ba\u00f1o Caracter\u00edsticas:<\/h2>\n\n\n\n<ul class=\"wp-block-list\">\n<li><strong>Acabado mate texturizado:<\/strong> Este lavabo de ba\u00f1o negro mate al por mayor tiene una superficie antihuellas que resiste las manchas de agua. El dise\u00f1o de onda vertical mejora tanto el atractivo visual y la experiencia t\u00e1ctil.<\/li>\n\n\n\n<li><strong>Dise\u00f1o comestible:<\/strong> Este lavabo de cer\u00e1mica al por mayor tiene una profundidad razonable de 180 mm y un orificio de desag\u00fce central para un drenaje r\u00e1pido sin salpicaduras. Su tama\u00f1o compacto de 410 mm se adapta a varios espacios de ba\u00f1o.<\/li>\n\n\n\n<li><strong>Ventajas del emparejamiento de conjuntos:<\/strong> Nuestro lavabo negro mate al por mayor puede combinarse con un grifo curvo negro y un dispensador de jab\u00f3n para formar un conjunto de ba\u00f1o unificado, reduciendo as\u00ed los costes totales de adquisici\u00f3n.<\/li>\n\n\n\n<li><strong>Calidad comercial:<\/strong> Este lavabo de cer\u00e1mica al por mayor cuenta con una estructura de cubeta engrosada y materiales resistentes a los ara\u00f1azos, que satisfacen las necesidades de uso frecuente de espacios comerciales como hoteles y apartamentos. El mantenimiento es sencillo.<\/li>\n<\/ul>\n<\/div>\n\n\n\n<div class=\"wp-block-column is-layout-flow wp-block-column-is-layout-flow\">\n<figure class=\"wp-block-image size-full\"><img fetchpriority=\"high\" decoding=\"async\" width=\"1024\" height=\"1024\" src=\"https:\/\/www.ceramicbasin.com\/wp-content\/uploads\/2026\/01\/Sanitary-Ware-Matt-Black-Round-Shape-Basin-Ceramic-Wash-Hand-Lavatory-Counter-Top-basin-5.webp\" alt=\"Sanitarios Negro Mate Forma Redonda Lavabo, Cer\u00e1mica Lavamanos Encimera Lavabo\" class=\"wp-image-8970\" srcset=\"https:\/\/www.ceramicbasin.com\/wp-content\/uploads\/2026\/01\/Sanitary-Ware-Matt-Black-Round-Shape-Basin-Ceramic-Wash-Hand-Lavatory-Counter-Top-basin-5.webp 1024w, https:\/\/www.ceramicbasin.com\/wp-content\/uploads\/2026\/01\/Sanitary-Ware-Matt-Black-Round-Shape-Basin-Ceramic-Wash-Hand-Lavatory-Counter-Top-basin-5-300x300.webp 300w, https:\/\/www.ceramicbasin.com\/wp-content\/uploads\/2026\/01\/Sanitary-Ware-Matt-Black-Round-Shape-Basin-Ceramic-Wash-Hand-Lavatory-Counter-Top-basin-5-150x150.webp 150w, https:\/\/www.ceramicbasin.com\/wp-content\/uploads\/2026\/01\/Sanitary-Ware-Matt-Black-Round-Shape-Basin-Ceramic-Wash-Hand-Lavatory-Counter-Top-basin-5-768x768.webp 768w, https:\/\/www.ceramicbasin.com\/wp-content\/uploads\/2026\/01\/Sanitary-Ware-Matt-Black-Round-Shape-Basin-Ceramic-Wash-Hand-Lavatory-Counter-Top-basin-5-12x12.webp 12w, https:\/\/www.ceramicbasin.com\/wp-content\/uploads\/2026\/01\/Sanitary-Ware-Matt-Black-Round-Shape-Basin-Ceramic-Wash-Hand-Lavatory-Counter-Top-basin-5-285x285.webp 285w, https:\/\/www.ceramicbasin.com\/wp-content\/uploads\/2026\/01\/Sanitary-Ware-Matt-Black-Round-Shape-Basin-Ceramic-Wash-Hand-Lavatory-Counter-Top-basin-5-270x270.webp 270w, https:\/\/www.ceramicbasin.com\/wp-content\/uploads\/2026\/01\/Sanitary-Ware-Matt-Black-Round-Shape-Basin-Ceramic-Wash-Hand-Lavatory-Counter-Top-basin-5-540x540.webp 540w, https:\/\/www.ceramicbasin.com\/wp-content\/uploads\/2026\/01\/Sanitary-Ware-Matt-Black-Round-Shape-Basin-Ceramic-Wash-Hand-Lavatory-Counter-Top-basin-5-660x660.webp 660w\" sizes=\"(max-width: 1024px) 100vw, 1024px\" \/><\/figure>\n<\/div>\n<\/div>","protected":false},"excerpt":{"rendered":"<p>Bienvenido a comprar lavabos de ba\u00f1o de cer\u00e1mica. Nuestro lavabo de ba\u00f1o negro mate al por mayor cuenta con un dise\u00f1o moderno minimalista, con una cuenca redonda y una textura de onda vertical \u00fanica, creando un espacio de ba\u00f1o sofisticado.<\/p>\n<table style=\"border-collapse: collapse; width: 311.02pt;\" border=\"0\" width=\"311\" cellspacing=\"0\" cellpadding=\"0\">\n<tbody>\n<tr style=\"height: 17.60pt;\">\n<td class=\"et3\" style=\"height: 17.60pt; width: 108.35pt;\" width=\"108\" height=\"17\">Fabricante<\/td>\n<td class=\"et3\" style=\"width: 202.95pt;\" width=\"202\">HanYu<\/td>\n<\/tr>\n<tr style=\"height: 17.60pt;\">\n<td class=\"et3\" style=\"height: 17.60pt;\" height=\"17\">N\u00ba de modelo<\/td>\n<td class=\"et4\">HY-8077MB<\/td>\n<\/tr>\n<tr style=\"height: 17.60pt;\">\n<td class=\"et3\" style=\"height: 17.60pt;\" height=\"17\">Tipo<\/td>\n<td class=\"et3\">Lavabo de Encimera<\/td>\n<\/tr>\n<tr style=\"height: 17.60pt;\">\n<td class=\"et3\" style=\"height: 17.60pt;\" height=\"17\">Forma<\/td>\n<td class=\"et3\">Forma redonda<\/td>\n<\/tr>\n<tr style=\"height: 17.60pt;\">\n<td class=\"et4\" style=\"height: 17.60pt;\" height=\"17\">Color<\/td>\n<td class=\"et3\">Negro mate<\/td>\n<\/tr>\n<tr style=\"height: 18.00pt;\">\n<td class=\"et3\" style=\"height: 18.00pt;\" height=\"18\">Dimensi\u00f3n<\/td>\n<td class=\"et5\" style=\"width: 202.95pt;\" width=\"202\">41*41*18<\/td>\n<\/tr>\n<tr style=\"height: 17.60pt;\">\n<td class=\"et3\" style=\"height: 17.60pt;\" height=\"17\">N.W \/SET<\/td>\n<td class=\"et3\">10KGS\/PCS<\/td>\n<\/tr>\n<tr style=\"height: 17.60pt;\">\n<td class=\"et3\" style=\"height: 17.60pt;\" height=\"17\">MOQ<\/td>\n<td class=\"et3\">20 piezas<\/td>\n<\/tr>\n<tr style=\"height: 17.60pt;\">\n<td class=\"et3\" style=\"height: 17.60pt;\" height=\"17\">Opci\u00f3n personalizada<\/td>\n<td class=\"et3\">Color\/Patr\u00f3n\/Tama\u00f1o\/Logotipo\/Embalaje<\/td>\n<\/tr>\n<\/tbody>\n<\/table>","protected":false},"featured_media":8969,"comment_status":"closed","ping_status":"closed","template":"","meta":{"_acf_changed":false},"product_brand":[],"product_cat":[50,55],"product_tag":[],"class_list":{"0":"post-8965","1":"product","2":"type-product","3":"status-publish","4":"has-post-thumbnail","6":"product_cat-wholesale-countertop-sinks","7":"product_cat-wholesale-matte-sinks","9":"first","10":"instock","11":"shipping-taxable","12":"product-type-simple"},"acf":[],"_links":{"self":[{"href":"https:\/\/www.ceramicbasin.com\/es\/wp-json\/wp\/v2\/product\/8965","targetHints":{"allow":["GET"]}}],"collection":[{"href":"https:\/\/www.ceramicbasin.com\/es\/wp-json\/wp\/v2\/product"}],"about":[{"href":"https:\/\/www.ceramicbasin.com\/es\/wp-json\/wp\/v2\/types\/product"}],"replies":[{"embeddable":true,"href":"https:\/\/www.ceramicbasin.com\/es\/wp-json\/wp\/v2\/comments?post=8965"}],"wp:featuredmedia":[{"embeddable":true,"href":"https:\/\/www.ceramicbasin.com\/es\/wp-json\/wp\/v2\/media\/8969"}],"wp:attachment":[{"href":"https:\/\/www.ceramicbasin.com\/es\/wp-json\/wp\/v2\/media?parent=8965"}],"wp:term":[{"taxonomy":"product_brand","embeddable":true,"href":"https:\/\/www.ceramicbasin.com\/es\/wp-json\/wp\/v2\/product_brand?post=8965"},{"taxonomy":"product_cat","embeddable":true,"href":"https:\/\/www.ceramicbasin.com\/es\/wp-json\/wp\/v2\/product_cat?post=8965"},{"taxonomy":"product_tag","embeddable":true,"href":"https:\/\/www.ceramicbasin.com\/es\/wp-json\/wp\/v2\/product_tag?post=8965"}],"curies":[{"name":"wp","href":"https:\/\/api.w.org\/{rel}","templated":true}]}}