{"id":8978,"date":"2026-01-30T05:45:47","date_gmt":"2026-01-30T05:45:47","guid":{"rendered":"https:\/\/www.ceramicbasin.com\/?post_type=product&#038;p=8978"},"modified":"2026-02-10T09:40:54","modified_gmt":"2026-02-10T09:40:54","slug":"wholesale-bath-sink-countertop","status":"publish","type":"product","link":"https:\/\/www.ceramicbasin.com\/es\/producto\/wholesale-bath-sink-countertop\/","title":{"rendered":"Mayorista Encimera de Lavabo de Ba\u00f1o, Lavabo de Cer\u00e1mica Clean Glaze"},"content":{"rendered":"<div class=\"wp-block-columns is-layout-flex wp-container-core-columns-is-layout-9d6595d7 wp-block-columns-is-layout-flex\">\n<div class=\"wp-block-column is-layout-flow wp-block-column-is-layout-flow\">\n<h2 class=\"wp-block-heading\">Encimera de fregadero de ba\u00f1o al por mayor de primera calidad Caracter\u00edsticas:<\/h2>\n\n\n\n<ul class=\"wp-block-list\">\n<li><strong>Cer\u00e1mica de alta calidad:<\/strong> Estas encimeras de lavabo de ba\u00f1o al por mayor son de alta cocci\u00f3n a trav\u00e9s de un proceso de alta temperatura para una superficie mucho m\u00e1s suave, m\u00e1s densa que tiene resistencia a los ara\u00f1azos, resistencia a las manchas, y la facilidad de limpieza.<\/li>\n\n\n\n<li><strong>Superficie esmaltada de f\u00e1cil limpieza:<\/strong> Estas encimeras de lavabo para ba\u00f1o al por mayor tienen un suave esmalte nano de f\u00e1cil limpieza que resiste las manchas, las marcas de agua y los residuos de jab\u00f3n. La superficie no porosa simplifica el mantenimiento diario y reduce los costes de limpieza para hoteles y proyectos inmobiliarios.<\/li>\n\n\n\n<li><strong>Stock a granel: <\/strong>Estos lavabos blancos al por mayor pueden adquirirse tanto al por mayor como para proyectos, y satisfacen las necesidades de entrega r\u00e1pida de minoristas, distribuidores y clientes de proyectos.<\/li>\n\n\n\n<li><strong>Vers\u00e1til:<\/strong> Estos lavabos a medida para encimeras de ba\u00f1o son adecuados para tocadores de ba\u00f1o, hoteles, ba\u00f1os comerciales y reformas residenciales, ya que ofrecen est\u00e9tica y funcionalidad.<\/li>\n<\/ul>\n<\/div>\n\n\n\n<div class=\"wp-block-column is-layout-flow wp-block-column-is-layout-flow\">\n<figure class=\"wp-block-image size-full\"><img fetchpriority=\"high\" decoding=\"async\" width=\"633\" height=\"785\" src=\"https:\/\/www.ceramicbasin.com\/wp-content\/uploads\/2026\/01\/Countertop-Ceramic-Counter-Bathroom-Sink-6.jpg\" alt=\"mayorista-fregadero-encimera-limpieza-lavabo-ceramica-6\" class=\"wp-image-8994\" srcset=\"https:\/\/www.ceramicbasin.com\/wp-content\/uploads\/2026\/01\/Countertop-Ceramic-Counter-Bathroom-Sink-6.jpg 633w, https:\/\/www.ceramicbasin.com\/wp-content\/uploads\/2026\/01\/Countertop-Ceramic-Counter-Bathroom-Sink-6-242x300.jpg 242w, https:\/\/www.ceramicbasin.com\/wp-content\/uploads\/2026\/01\/Countertop-Ceramic-Counter-Bathroom-Sink-6-10x12.jpg 10w, https:\/\/www.ceramicbasin.com\/wp-content\/uploads\/2026\/01\/Countertop-Ceramic-Counter-Bathroom-Sink-6-285x353.jpg 285w, https:\/\/www.ceramicbasin.com\/wp-content\/uploads\/2026\/01\/Countertop-Ceramic-Counter-Bathroom-Sink-6-532x660.jpg 532w, https:\/\/www.ceramicbasin.com\/wp-content\/uploads\/2026\/01\/Countertop-Ceramic-Counter-Bathroom-Sink-6-121x150.jpg 121w\" sizes=\"(max-width: 633px) 100vw, 633px\" \/><\/figure>\n<\/div>\n<\/div>\n\n\n\n<p><\/p>","protected":false},"excerpt":{"rendered":"<p>Bienvenido a comprar nuestras encimeras de lavabo de ba\u00f1o al por mayor cuentan con una superficie esmaltada de f\u00e1cil limpieza que resiste las manchas, los ara\u00f1azos y el desgaste diario. Los lavabos sobre encimera son adecuados para hoteles, apartamentos, proyectos comerciales y distribuidores de art\u00edculos sanitarios. P\u00f3ngase en contacto con nosotros si desea llevar su negocio al siguiente nivel de lavabos de ba\u00f1o con precios competitivos de f\u00e1bricas de alta calidad.<\/p>\n<table border=\"0\" width=\"311\" cellspacing=\"0\" cellpadding=\"0\">\n<tbody>\n<tr>\n<td width=\"108\" height=\"17\">Fabricante<\/td>\n<td width=\"202\">HanYu<\/td>\n<\/tr>\n<tr>\n<td height=\"17\">N\u00ba de modelo<\/td>\n<td>HY-5006<\/td>\n<\/tr>\n<tr>\n<td height=\"17\">Tipo<\/td>\n<td>Lavabo de Encimera<\/td>\n<\/tr>\n<tr>\n<td height=\"17\">Forma<\/td>\n<td>Forma ovalada<\/td>\n<\/tr>\n<tr>\n<td height=\"17\">Color<\/td>\n<td>Blanco<\/td>\n<\/tr>\n<tr>\n<td height=\"18\">Dimensi\u00f3n<\/td>\n<td width=\"202\">59*42*14<\/td>\n<\/tr>\n<tr>\n<td height=\"17\">N.W \/SET<\/td>\n<td>12 KGS\/PCS<\/td>\n<\/tr>\n<tr>\n<td height=\"17\">MOQ<\/td>\n<td>20 piezas<\/td>\n<\/tr>\n<tr>\n<td height=\"17\">Opci\u00f3n personalizada<\/td>\n<td>Color\/Patr\u00f3n\/Tama\u00f1o\/Logotipo\/Embalaje<\/td>\n<\/tr>\n<\/tbody>\n<\/table>","protected":false},"featured_media":8995,"comment_status":"closed","ping_status":"closed","template":"","meta":{"_acf_changed":false},"product_brand":[],"product_cat":[50],"product_tag":[],"class_list":{"0":"post-8978","1":"product","2":"type-product","3":"status-publish","4":"has-post-thumbnail","6":"product_cat-wholesale-countertop-sinks","8":"first","9":"instock","10":"shipping-taxable","11":"product-type-simple"},"acf":[],"_links":{"self":[{"href":"https:\/\/www.ceramicbasin.com\/es\/wp-json\/wp\/v2\/product\/8978","targetHints":{"allow":["GET"]}}],"collection":[{"href":"https:\/\/www.ceramicbasin.com\/es\/wp-json\/wp\/v2\/product"}],"about":[{"href":"https:\/\/www.ceramicbasin.com\/es\/wp-json\/wp\/v2\/types\/product"}],"replies":[{"embeddable":true,"href":"https:\/\/www.ceramicbasin.com\/es\/wp-json\/wp\/v2\/comments?post=8978"}],"wp:featuredmedia":[{"embeddable":true,"href":"https:\/\/www.ceramicbasin.com\/es\/wp-json\/wp\/v2\/media\/8995"}],"wp:attachment":[{"href":"https:\/\/www.ceramicbasin.com\/es\/wp-json\/wp\/v2\/media?parent=8978"}],"wp:term":[{"taxonomy":"product_brand","embeddable":true,"href":"https:\/\/www.ceramicbasin.com\/es\/wp-json\/wp\/v2\/product_brand?post=8978"},{"taxonomy":"product_cat","embeddable":true,"href":"https:\/\/www.ceramicbasin.com\/es\/wp-json\/wp\/v2\/product_cat?post=8978"},{"taxonomy":"product_tag","embeddable":true,"href":"https:\/\/www.ceramicbasin.com\/es\/wp-json\/wp\/v2\/product_tag?post=8978"}],"curies":[{"name":"wp","href":"https:\/\/api.w.org\/{rel}","templated":true}]}}