{"id":9001,"date":"2026-01-30T06:16:48","date_gmt":"2026-01-30T06:16:48","guid":{"rendered":"https:\/\/www.ceramicbasin.com\/?post_type=product&#038;p=9001"},"modified":"2026-02-10T10:12:03","modified_gmt":"2026-02-10T10:12:03","slug":"wholesale-ceramic-table-top-basin","status":"publish","type":"product","link":"https:\/\/www.ceramicbasin.com\/es\/producto\/wholesale-ceramic-table-top-basin\/","title":{"rendered":"Mayorista Lavamanos de Cer\u00e1mica de Sobremesa, Lavamanos Cuadrados a Medida"},"content":{"rendered":"<div class=\"wp-block-columns is-layout-flex wp-container-core-columns-is-layout-9d6595d7 wp-block-columns-is-layout-flex\">\n<div class=\"wp-block-column is-layout-flow wp-block-column-is-layout-flow\">\n<h2 class=\"wp-block-heading\">Lavabo de sobremesa de cer\u00e1mica al por mayor de primera calidad Caracter\u00edsticas:<\/h2>\n\n\n\n<ul class=\"wp-block-list\">\n<li><strong>Encimera cuadrada de dise\u00f1o moderno:<\/strong> El lavabo de sobremesa de cer\u00e1mica al por mayor presenta l\u00edneas geom\u00e9tricas limpias y una est\u00e9tica contempor\u00e1nea. Se asienta con elegancia sobre el lavabo, realzando la estratificaci\u00f3n visual y convirti\u00e9ndolo en una elecci\u00f3n popular para hoteles, apartamentos, villas y urbanizaciones de lujo.<\/li>\n\n\n\n<li><strong>Esmalte liso y f\u00e1cil mantenimiento:<\/strong> El lavabo de sobremesa de cer\u00e1mica al por mayor tiene un esmalte f\u00e1cil de limpiar, la superficie es lisa y antiincrustante. Es resistente a los ara\u00f1azos, la cal y la decoloraci\u00f3n, manteniendo un aspecto brillante, incluso bajo uso de alta frecuencia.<\/li>\n\n\n\n<li><strong>Suministro a granel y producci\u00f3n estable:<\/strong> Nuestro lavabo de ba\u00f1o cuadrado personalizado es un producto al por mayor de suministro de f\u00e1brica con capacidad de producci\u00f3n estable, estricta inspecci\u00f3n de control de calidad y embalaje de exportaci\u00f3n seguro para soportar pedidos de gran volumen.<\/li>\n\n\n\n<li><strong>Vers\u00e1til:<\/strong>\u00a0Estos lavabos sobre encimera directos de f\u00e1brica son id\u00f3neos para tocadores de ba\u00f1o, hoteles, ba\u00f1os comerciales y reformas residenciales, ya que ofrecen est\u00e9tica y funcionalidad.<\/li>\n<\/ul>\n<\/div>\n\n\n\n<div class=\"wp-block-column is-layout-flow wp-block-column-is-layout-flow\">\n<figure class=\"wp-block-image size-full\"><img fetchpriority=\"high\" decoding=\"async\" width=\"649\" height=\"897\" src=\"https:\/\/www.ceramicbasin.com\/wp-content\/uploads\/2026\/01\/Vanity-Tops-Table-Tops-Ceramic-Basin-6.webp\" alt=\"mayorista-ceramica-mesa-fregadero-fregaderos-cuadrados-para-ba\u00f1o-6\" class=\"wp-image-9003\" srcset=\"https:\/\/www.ceramicbasin.com\/wp-content\/uploads\/2026\/01\/Vanity-Tops-Table-Tops-Ceramic-Basin-6.webp 649w, https:\/\/www.ceramicbasin.com\/wp-content\/uploads\/2026\/01\/Vanity-Tops-Table-Tops-Ceramic-Basin-6-217x300.webp 217w, https:\/\/www.ceramicbasin.com\/wp-content\/uploads\/2026\/01\/Vanity-Tops-Table-Tops-Ceramic-Basin-6-9x12.webp 9w, https:\/\/www.ceramicbasin.com\/wp-content\/uploads\/2026\/01\/Vanity-Tops-Table-Tops-Ceramic-Basin-6-285x394.webp 285w, https:\/\/www.ceramicbasin.com\/wp-content\/uploads\/2026\/01\/Vanity-Tops-Table-Tops-Ceramic-Basin-6-478x660.webp 478w, https:\/\/www.ceramicbasin.com\/wp-content\/uploads\/2026\/01\/Vanity-Tops-Table-Tops-Ceramic-Basin-6-109x150.webp 109w\" sizes=\"(max-width: 649px) 100vw, 649px\" \/><\/figure>\n<\/div>\n<\/div>","protected":false},"excerpt":{"rendered":"<p>Bienvenido a pedir nuestro lavabo de sobremesa de cer\u00e1mica al por mayor cuentan con un dise\u00f1o cuadrado moderno, construcci\u00f3n de cer\u00e1mica de alta cocci\u00f3n duradera, y un acabado de esmalte suave y f\u00e1cil de limpiar. Nuestro lavabo de ba\u00f1o de sobremesa directo de f\u00e1brica presenta un dise\u00f1o rectangular sencillo y elegante con l\u00edneas suaves y car\u00e1cter moderno. Ideal para hoteles, proyectos residenciales y distribuidores de art\u00edculos sanitarios.<\/p>\n<table style=\"border-collapse: collapse; width: 358.52pt;\" border=\"0\" width=\"478\" cellspacing=\"0\" cellpadding=\"0\">\n<tbody>\n<tr style=\"height: 17.25pt;\">\n<td class=\"et3\" style=\"height: 17.25pt; width: 125.00pt;\" width=\"166\" height=\"23\">Fabricante<\/td>\n<td class=\"et3\" style=\"width: 234.15pt;\" width=\"312\">HanYu<\/td>\n<\/tr>\n<tr style=\"height: 17.25pt;\">\n<td class=\"et3\" style=\"height: 17.25pt;\" height=\"23\">N\u00ba de modelo<\/td>\n<td class=\"et4\">HY-8035<\/td>\n<\/tr>\n<tr style=\"height: 17.25pt;\">\n<td class=\"et3\" style=\"height: 17.25pt;\" height=\"23\">Tipo<\/td>\n<td class=\"et5\" style=\"width: 234.15pt;\" width=\"312\">Fregaderos de encimera<\/td>\n<\/tr>\n<tr style=\"height: 18.00pt;\">\n<td class=\"et3\" style=\"height: 18.00pt;\" height=\"24\">Forma<\/td>\n<td class=\"et3\">Forma rectangular<\/td>\n<\/tr>\n<tr style=\"height: 34.50pt;\">\n<td class=\"et4\" style=\"height: 34.50pt;\" height=\"46\">Color<\/td>\n<td class=\"et5\" style=\"width: 234.15pt;\" width=\"312\">negro\/blanco\/azul\/gris\/rosa\/verde\/marr\u00f3n\/caqui<\/td>\n<\/tr>\n<tr style=\"height: 18.00pt;\">\n<td class=\"et3\" style=\"height: 18.00pt;\" height=\"24\">Dimensi\u00f3n<\/td>\n<td class=\"et5\" style=\"width: 234.15pt;\" width=\"312\">40.3*40.3*12<\/td>\n<\/tr>\n<tr style=\"height: 17.25pt;\">\n<td class=\"et3\" style=\"height: 17.25pt;\" height=\"23\">N.W \/SET<\/td>\n<td class=\"et3\">10KGS\/PCS<\/td>\n<\/tr>\n<tr style=\"height: 17.25pt;\">\n<td class=\"et3\" style=\"height: 17.25pt;\" height=\"23\">MOQ<\/td>\n<td class=\"et3\">20 piezas<\/td>\n<\/tr>\n<tr style=\"height: 17.25pt;\">\n<td class=\"et3\" style=\"height: 17.25pt;\" height=\"23\">Opci\u00f3n personalizada<\/td>\n<td class=\"et3\">Color\/Patr\u00f3n\/Tama\u00f1o\/Logotipo\/Embalaje<\/td>\n<\/tr>\n<\/tbody>\n<\/table>","protected":false},"featured_media":9004,"comment_status":"closed","ping_status":"closed","template":"","meta":{"_acf_changed":false},"product_brand":[],"product_cat":[50],"product_tag":[],"class_list":{"0":"post-9001","1":"product","2":"type-product","3":"status-publish","4":"has-post-thumbnail","6":"product_cat-wholesale-countertop-sinks","8":"first","9":"instock","10":"shipping-taxable","11":"product-type-simple"},"acf":[],"_links":{"self":[{"href":"https:\/\/www.ceramicbasin.com\/es\/wp-json\/wp\/v2\/product\/9001","targetHints":{"allow":["GET"]}}],"collection":[{"href":"https:\/\/www.ceramicbasin.com\/es\/wp-json\/wp\/v2\/product"}],"about":[{"href":"https:\/\/www.ceramicbasin.com\/es\/wp-json\/wp\/v2\/types\/product"}],"replies":[{"embeddable":true,"href":"https:\/\/www.ceramicbasin.com\/es\/wp-json\/wp\/v2\/comments?post=9001"}],"wp:featuredmedia":[{"embeddable":true,"href":"https:\/\/www.ceramicbasin.com\/es\/wp-json\/wp\/v2\/media\/9004"}],"wp:attachment":[{"href":"https:\/\/www.ceramicbasin.com\/es\/wp-json\/wp\/v2\/media?parent=9001"}],"wp:term":[{"taxonomy":"product_brand","embeddable":true,"href":"https:\/\/www.ceramicbasin.com\/es\/wp-json\/wp\/v2\/product_brand?post=9001"},{"taxonomy":"product_cat","embeddable":true,"href":"https:\/\/www.ceramicbasin.com\/es\/wp-json\/wp\/v2\/product_cat?post=9001"},{"taxonomy":"product_tag","embeddable":true,"href":"https:\/\/www.ceramicbasin.com\/es\/wp-json\/wp\/v2\/product_tag?post=9001"}],"curies":[{"name":"wp","href":"https:\/\/api.w.org\/{rel}","templated":true}]}}