{"id":9009,"date":"2026-01-30T06:22:20","date_gmt":"2026-01-30T06:22:20","guid":{"rendered":"https:\/\/www.ceramicbasin.com\/?post_type=product&#038;p=9009"},"modified":"2026-02-10T10:33:39","modified_gmt":"2026-02-10T10:33:39","slug":"wholesale-hotel-bathroom-sink","status":"publish","type":"product","link":"https:\/\/www.ceramicbasin.com\/es\/producto\/wholesale-hotel-bathroom-sink\/","title":{"rendered":"Mayorista Lavabo de Ba\u00f1o de Hotel, ODM Lavabo de Cer\u00e1mica de Encimera"},"content":{"rendered":"<div class=\"wp-block-columns is-layout-flex wp-container-core-columns-is-layout-9d6595d7 wp-block-columns-is-layout-flex\">\n<div class=\"wp-block-column is-layout-flow wp-block-column-is-layout-flow\">\n<h2 class=\"wp-block-heading\">Premium al por mayor hotel lavabo de ba\u00f1o Caracter\u00edsticas:<\/h2>\n\n\n\n<ul class=\"wp-block-list\">\n<li><strong>Est\u00e9tica geom\u00e9trica hexagonal:<\/strong> El lavabo de ba\u00f1o de hotel al por mayor con una silueta geom\u00e9trica octogonal muy moderna y l\u00edneas de pared interior cortadas con diamante, este lavabo art\u00edstico distintivo es ideal para la decoraci\u00f3n de ba\u00f1os en hoteles de gama media-alta, pensiones boutique y espacios de oficina modernos.<\/li>\n\n\n\n<li><strong>Dimensiones eficientes:<\/strong> La profundidad moderada del lavabo de hotel al por mayor evita eficazmente las salpicaduras de agua, mientras que su dise\u00f1o compacto se adapta a varios tama\u00f1os de encimera.<\/li>\n\n\n\n<li><strong>Cer\u00e1mica premium de alta densidad:<\/strong> El lavabo de hotel al por mayor est\u00e1 fabricado con cer\u00e1mica de alta calidad cuidadosamente seleccionada y de estructura densa. Presume de una excelente resistencia a los impactos, a los \u00e1cidos y a los \u00e1lcalis, as\u00ed como de una extraordinaria resistencia al calor y al fr\u00edo, lo que garantiza una vida \u00fatil excepcionalmente larga en entornos comerciales de alta frecuencia.<\/li>\n\n\n\n<li><strong>Esmalte pulido autolimpiante: <\/strong>La superficie del lavabo sobre encimera de cer\u00e1mica presenta un esmalte blanco puro de alto brillo nanom\u00e9trico que es liso, plano y tiene una absorci\u00f3n de agua extremadamente baja. Las manchas y las bacterias no pueden adherirse a ella, y puede mantenerse brillante y nueva con una simple limpieza, lo que reduce enormemente los costes de mantenimiento diario de hoteles y lugares p\u00fablicos.<\/li>\n\n\n\n<li><strong>Descuento por compra al por mayor:\u00a0<\/strong>Ofrecemos descuentos al por mayor para lavabos peque\u00f1os a medida para satisfacer las necesidades de proyectos comerciales o de decoraci\u00f3n residencial a gran escala.<\/li>\n<\/ul>\n<\/div>\n\n\n\n<div class=\"wp-block-column is-layout-flow wp-block-column-is-layout-flow\">\n<figure class=\"wp-block-image size-full\"><img fetchpriority=\"high\" decoding=\"async\" width=\"683\" height=\"875\" src=\"https:\/\/www.ceramicbasin.com\/wp-content\/uploads\/2026\/01\/High-Quality-Bathroom-Sink-6.webp\" alt=\"mayorista-hotel-ba\u00f1o-fregadero-odm-ceramica-encimera-fregadero-6\" class=\"wp-image-9010\" srcset=\"https:\/\/www.ceramicbasin.com\/wp-content\/uploads\/2026\/01\/High-Quality-Bathroom-Sink-6.webp 683w, https:\/\/www.ceramicbasin.com\/wp-content\/uploads\/2026\/01\/High-Quality-Bathroom-Sink-6-234x300.webp 234w, https:\/\/www.ceramicbasin.com\/wp-content\/uploads\/2026\/01\/High-Quality-Bathroom-Sink-6-9x12.webp 9w, https:\/\/www.ceramicbasin.com\/wp-content\/uploads\/2026\/01\/High-Quality-Bathroom-Sink-6-285x365.webp 285w, https:\/\/www.ceramicbasin.com\/wp-content\/uploads\/2026\/01\/High-Quality-Bathroom-Sink-6-515x660.webp 515w, https:\/\/www.ceramicbasin.com\/wp-content\/uploads\/2026\/01\/High-Quality-Bathroom-Sink-6-117x150.webp 117w\" sizes=\"(max-width: 683px) 100vw, 683px\" \/><\/figure>\n<\/div>\n<\/div>","protected":false},"excerpt":{"rendered":"<p>Bienvenido a comprar nuestro lavabo de ba\u00f1o de hotel al por mayor para actualizar sus proyectos de ba\u00f1o comercial. Este lavabo al por mayor de encimera de cer\u00e1mica blanca pulida cuenta con un dise\u00f1o geom\u00e9trico hexagonal \u00fanico, perfecto para hoteles de lujo, oficinas modernas y renovaciones residenciales de alta gama. Ofrecemos personalizaci\u00f3n flexible y suministro fiable al por mayor, y servicios de entrega r\u00e1pida para satisfacer las necesidades de distribuidores y proyectos globales.<\/p>\n<table style=\"border-collapse: collapse; width: 311.02pt;\" border=\"0\" width=\"311\" cellspacing=\"0\" cellpadding=\"0\">\n<tbody>\n<tr style=\"height: 17.60pt;\">\n<td class=\"et3\" style=\"height: 17.60pt; width: 108.35pt;\" width=\"108\" height=\"17\">Fabricante<\/td>\n<td class=\"et3\" style=\"width: 202.95pt;\" width=\"202\">HanYu<\/td>\n<\/tr>\n<tr style=\"height: 17.60pt;\">\n<td class=\"et3\" style=\"height: 17.60pt;\" height=\"17\">N\u00ba de modelo<\/td>\n<td class=\"et4\">HY-8055<\/td>\n<\/tr>\n<tr style=\"height: 17.60pt;\">\n<td class=\"et3\" style=\"height: 17.60pt;\" height=\"17\">Tipo<\/td>\n<td class=\"et3\">Lavabo de Encimera<\/td>\n<\/tr>\n<tr style=\"height: 17.60pt;\">\n<td class=\"et3\" style=\"height: 17.60pt;\" height=\"17\">Forma<\/td>\n<td class=\"et3\">Forma irregular<\/td>\n<\/tr>\n<tr style=\"height: 17.60pt;\">\n<td class=\"et4\" style=\"height: 17.60pt;\" height=\"17\">Color<\/td>\n<td class=\"et3\">Blanco<\/td>\n<\/tr>\n<tr style=\"height: 18.00pt;\">\n<td class=\"et3\" style=\"height: 18.00pt;\" height=\"18\">Dimensi\u00f3n<\/td>\n<td class=\"et5\" style=\"width: 202.95pt;\" width=\"202\">49*40*13.5<\/td>\n<\/tr>\n<tr style=\"height: 17.60pt;\">\n<td class=\"et3\" style=\"height: 17.60pt;\" height=\"17\">N.W \/SET<\/td>\n<td class=\"et3\">10 KGS\/PCS<\/td>\n<\/tr>\n<tr style=\"height: 17.60pt;\">\n<td class=\"et3\" style=\"height: 17.60pt;\" height=\"17\">MOQ<\/td>\n<td class=\"et3\">20 piezas<\/td>\n<\/tr>\n<tr style=\"height: 17.60pt;\">\n<td class=\"et3\" style=\"height: 17.60pt;\" height=\"17\">Opci\u00f3n personalizada<\/td>\n<td class=\"et3\">Color\/Patr\u00f3n\/Tama\u00f1o\/Logotipo\/Embalaje<\/td>\n<\/tr>\n<\/tbody>\n<\/table>","protected":false},"featured_media":9011,"comment_status":"closed","ping_status":"closed","template":"","meta":{"_acf_changed":false},"product_brand":[],"product_cat":[50],"product_tag":[],"class_list":{"0":"post-9009","1":"product","2":"type-product","3":"status-publish","4":"has-post-thumbnail","6":"product_cat-wholesale-countertop-sinks","8":"first","9":"instock","10":"shipping-taxable","11":"product-type-simple"},"acf":[],"_links":{"self":[{"href":"https:\/\/www.ceramicbasin.com\/es\/wp-json\/wp\/v2\/product\/9009","targetHints":{"allow":["GET"]}}],"collection":[{"href":"https:\/\/www.ceramicbasin.com\/es\/wp-json\/wp\/v2\/product"}],"about":[{"href":"https:\/\/www.ceramicbasin.com\/es\/wp-json\/wp\/v2\/types\/product"}],"replies":[{"embeddable":true,"href":"https:\/\/www.ceramicbasin.com\/es\/wp-json\/wp\/v2\/comments?post=9009"}],"wp:featuredmedia":[{"embeddable":true,"href":"https:\/\/www.ceramicbasin.com\/es\/wp-json\/wp\/v2\/media\/9011"}],"wp:attachment":[{"href":"https:\/\/www.ceramicbasin.com\/es\/wp-json\/wp\/v2\/media?parent=9009"}],"wp:term":[{"taxonomy":"product_brand","embeddable":true,"href":"https:\/\/www.ceramicbasin.com\/es\/wp-json\/wp\/v2\/product_brand?post=9009"},{"taxonomy":"product_cat","embeddable":true,"href":"https:\/\/www.ceramicbasin.com\/es\/wp-json\/wp\/v2\/product_cat?post=9009"},{"taxonomy":"product_tag","embeddable":true,"href":"https:\/\/www.ceramicbasin.com\/es\/wp-json\/wp\/v2\/product_tag?post=9009"}],"curies":[{"name":"wp","href":"https:\/\/api.w.org\/{rel}","templated":true}]}}